{"id":954,"date":"2026-02-22T15:10:21","date_gmt":"2026-02-22T15:10:21","guid":{"rendered":"https:\/\/shatranj.art\/?page_id=954"},"modified":"2026-02-24T09:18:28","modified_gmt":"2026-02-24T09:18:28","slug":"poster-16","status":"publish","type":"page","link":"https:\/\/shatranj.art\/de\/exhibit\/poster-16\/","title":{"rendered":"Poster 16"},"content":{"rendered":"<div data-elementor-type=\"wp-page\" data-elementor-id=\"954\" class=\"elementor elementor-954\" data-elementor-post-type=\"page\">\n\t\t\t\t<div class=\"elementor-element elementor-element-05751de e-flex e-con-boxed e-con e-parent\" data-id=\"05751de\" data-element_type=\"container\" data-e-type=\"container\" data-settings=\"{&quot;background_background&quot;:&quot;classic&quot;}\">\n\t\t\t\t\t<div class=\"e-con-inner\">\n\t\t<div class=\"elementor-element elementor-element-415f3f4 e-con-full e-flex e-con e-child\" data-id=\"415f3f4\" data-element_type=\"container\" data-e-type=\"container\">\n\t\t\t\t<div class=\"elementor-element elementor-element-ee52ef0 elementor-widget__width-initial elementor-widget elementor-widget-image\" data-id=\"ee52ef0\" data-element_type=\"widget\" data-e-type=\"widget\" data-widget_type=\"image.default\">\n\t\t\t\t<div class=\"elementor-widget-container\">\n\t\t\t\t\t\t\t\t\t\t\t\t\t\t\t<img fetchpriority=\"high\" decoding=\"async\" width=\"723\" height=\"1024\" src=\"https:\/\/shatranj.art\/wp-content\/uploads\/2026\/02\/16-723x1024.jpg\" class=\"attachment-large size-large wp-image-959\" alt=\"\" srcset=\"https:\/\/shatranj.art\/wp-content\/uploads\/2026\/02\/16-723x1024.jpg 723w, https:\/\/shatranj.art\/wp-content\/uploads\/2026\/02\/16-212x300.jpg 212w, https:\/\/shatranj.art\/wp-content\/uploads\/2026\/02\/16-768x1087.jpg 768w, https:\/\/shatranj.art\/wp-content\/uploads\/2026\/02\/16-1085x1536.jpg 1085w, https:\/\/shatranj.art\/wp-content\/uploads\/2026\/02\/16-1447x2048.jpg 1447w, https:\/\/shatranj.art\/wp-content\/uploads\/2026\/02\/16.jpg 1557w\" sizes=\"(max-width: 723px) 100vw, 723px\" \/>\t\t\t\t\t\t\t\t\t\t\t\t\t\t\t<\/div>\n\t\t\t\t<\/div>\n\t\t\t\t<div class=\"elementor-element elementor-element-bc51b4f elementor-widget__width-initial elementor-widget elementor-widget-text-editor\" data-id=\"bc51b4f\" data-element_type=\"widget\" data-e-type=\"widget\" data-widget_type=\"text-editor.default\">\n\t\t\t\t<div class=\"elementor-widget-container\">\n\t\t\t\t\t\t\t\t\t<h3><b>Bucephalus: Der legend\u00e4re Geist der Steppe und der Eroberungen<\/b><\/h3><p>Im Altgriechischen bedeutet er \u201cOchsenkopf\u201d (Boukephalos), was wahrscheinlich auf seine breite Stirn oder das Brandzeichen auf seiner Schulter zur\u00fcckzuf\u00fchren ist. Bucephalus ist das ber\u00fchmteste Schlachtross der Geschichte. Der Legende nach wurde er K\u00f6nig Philipp II. von Philonicus dem Thessalier f\u00fcr die stolze Summe von 13 Talenten angeboten, doch niemand konnte seinen wilden Geist z\u00e4hmen. Als der junge Alexander bemerkte, dass das Pferd nur vor seinem eigenen Schatten Angst hatte, drehte er es zur Sonne, um es zu beruhigen. Als K\u00f6nig Philipp dies sah, erkl\u00e4rte er bekannterma\u00dfen: \u201cO mein Sohn, suche dir ein Reich, das dir ebenb\u00fcrtig und w\u00fcrdig ist, denn Makedonien ist zu klein f\u00fcr dich!\u201d<\/p><p>\u00a0<\/p><p>Von den Schlachtfeldern zur Unsterblichkeit<\/p><p>\u00a0<\/p><p>Bucephalus begleitete Alexander w\u00e4hrend seines gesamten Feldzugs von Griechenland bis ins Herz Indiens. Er trug seinen Herrn durch die blutigsten Gefechte, von Granicus und Issus bis Gaugamela und der Schlacht am Hydaspes. Im Jahr 326 v. Chr., w\u00e4hrend des Indienfeldzuges, starb er entweder an seinen Kampfwunden oder an Altersschw\u00e4che (mit fast 30 Jahren). Ihm zu Ehren gr\u00fcndete Alexander die Stadt Alexandria Bucephala am Ufer des Flusses Jhelum im heutigen Pakistan.<\/p><p>\u00a0<\/p><p>Kulturelles Erbe<\/p><p>\u00a0<\/p><p>In der Kunst- und Literaturgeschichte steht Bucephalus als Symbol f\u00fcr Macht, Loyalit\u00e4t und einen ausgepr\u00e4gten Instinkt. In den \u00f6stlichen Traditionen, wo Alexander oft als \u201cIskandar\u201d bezeichnet wird, wird Bucephalus als treuer Gef\u00e4hrte mit \u00fcbernat\u00fcrlichen Eigenschaften dargestellt. Er bleibt der wahre \u201cGeist\u201d hinter dem gr\u00f6\u00dften Eroberer der Geschichte und steht f\u00fcr eine Bindung, die \u00fcber das Schlachtfeld hinausgeht.<\/p>\t\t\t\t\t\t\t\t<\/div>\n\t\t\t\t<\/div>\n\t\t\t\t<\/div>\n\t\t\t\t\t<\/div>\n\t\t\t\t<\/div>\n\t\t\t\t<\/div>","protected":false},"excerpt":{"rendered":"<p>Bucephalus: The Legendary Spirit of the Steppes and Conquests Meaning &#8220;Ox-headed&#8221; (Boukephalos) in Ancient Greek likely due to his broad brow or a branding on his shoulder Bucephalus is the most iconic warhorse in history. Legend tells that he was offered to King Philip II by Philonicus the Thessalian for the staggering sum of 13 [&hellip;]<\/p>\n","protected":false},"author":1,"featured_media":0,"parent":743,"menu_order":0,"comment_status":"closed","ping_status":"closed","template":"","meta":{"footnotes":""},"class_list":["post-954","page","type-page","status-publish","hentry"],"_links":{"self":[{"href":"https:\/\/shatranj.art\/de\/wp-json\/wp\/v2\/pages\/954","targetHints":{"allow":["GET"]}}],"collection":[{"href":"https:\/\/shatranj.art\/de\/wp-json\/wp\/v2\/pages"}],"about":[{"href":"https:\/\/shatranj.art\/de\/wp-json\/wp\/v2\/types\/page"}],"author":[{"embeddable":true,"href":"https:\/\/shatranj.art\/de\/wp-json\/wp\/v2\/users\/1"}],"replies":[{"embeddable":true,"href":"https:\/\/shatranj.art\/de\/wp-json\/wp\/v2\/comments?post=954"}],"version-history":[{"count":13,"href":"https:\/\/shatranj.art\/de\/wp-json\/wp\/v2\/pages\/954\/revisions"}],"predecessor-version":[{"id":1579,"href":"https:\/\/shatranj.art\/de\/wp-json\/wp\/v2\/pages\/954\/revisions\/1579"}],"up":[{"embeddable":true,"href":"https:\/\/shatranj.art\/de\/wp-json\/wp\/v2\/pages\/743"}],"wp:attachment":[{"href":"https:\/\/shatranj.art\/de\/wp-json\/wp\/v2\/media?parent=954"}],"curies":[{"name":"wp","href":"https:\/\/api.w.org\/{rel}","templated":true}]}}