{"id":963,"date":"2026-02-22T15:16:26","date_gmt":"2026-02-22T15:16:26","guid":{"rendered":"https:\/\/shatranj.art\/?page_id=963"},"modified":"2026-02-23T11:10:10","modified_gmt":"2026-02-23T11:10:10","slug":"poster-17","status":"publish","type":"page","link":"https:\/\/shatranj.art\/de\/exhibit\/poster-17\/","title":{"rendered":"Poster 17"},"content":{"rendered":"<div data-elementor-type=\"wp-page\" data-elementor-id=\"963\" class=\"elementor elementor-963\" data-elementor-post-type=\"page\">\n\t\t\t\t<div class=\"elementor-element elementor-element-73ca0e2 e-flex e-con-boxed e-con e-parent\" data-id=\"73ca0e2\" data-element_type=\"container\" data-e-type=\"container\" data-settings=\"{&quot;background_background&quot;:&quot;classic&quot;}\">\n\t\t\t\t\t<div class=\"e-con-inner\">\n\t\t<div class=\"elementor-element elementor-element-4151d56 e-con-full e-flex e-con e-child\" data-id=\"4151d56\" data-element_type=\"container\" data-e-type=\"container\">\n\t\t\t\t<div class=\"elementor-element elementor-element-3b5a1d2 elementor-widget elementor-widget-image\" data-id=\"3b5a1d2\" data-element_type=\"widget\" data-e-type=\"widget\" data-widget_type=\"image.default\">\n\t\t\t\t<div class=\"elementor-widget-container\">\n\t\t\t\t\t\t\t\t\t\t\t\t\t\t\t<img fetchpriority=\"high\" decoding=\"async\" width=\"800\" height=\"378\" src=\"https:\/\/shatranj.art\/wp-content\/uploads\/2026\/02\/15-1-1024x484.jpg\" class=\"attachment-large size-large wp-image-948\" alt=\"\" srcset=\"https:\/\/shatranj.art\/wp-content\/uploads\/2026\/02\/15-1-1024x484.jpg 1024w, https:\/\/shatranj.art\/wp-content\/uploads\/2026\/02\/15-1-300x142.jpg 300w, https:\/\/shatranj.art\/wp-content\/uploads\/2026\/02\/15-1-768x363.jpg 768w, https:\/\/shatranj.art\/wp-content\/uploads\/2026\/02\/15-1-1536x726.jpg 1536w, https:\/\/shatranj.art\/wp-content\/uploads\/2026\/02\/15-1-2048x968.jpg 2048w\" sizes=\"(max-width: 800px) 100vw, 800px\" \/>\t\t\t\t\t\t\t\t\t\t\t\t\t\t\t<\/div>\n\t\t\t\t<\/div>\n\t\t\t\t<div class=\"elementor-element elementor-element-4e7af25 elementor-widget elementor-widget-text-editor\" data-id=\"4e7af25\" data-element_type=\"widget\" data-e-type=\"widget\" data-widget_type=\"text-editor.default\">\n\t\t\t\t<div class=\"elementor-widget-container\">\n\t\t\t\t\t\t\t\t\t<h2><b>Die Tour des Ritters<\/b><\/h2><p><b>Historischer Tiefgang:<\/b><span style=\"font-weight: 400;\"> Die Rittertour ist eine mathematische Sequenz, bei der ein Springer jedes einzelne Feld auf einem Schachbrett genau einmal besucht. Sie ist sowohl eine strategische Herausforderung als auch ein klassisches Problem der Freizeitmathematik.<\/span><\/p><p>\u00a0<\/p><p><b>Urspr\u00fcnge:<\/b><\/p><p>Dieses Problem ist alles andere als eine moderne Entdeckung. Die fr\u00fchesten bekannten L\u00f6sungen stammen aus dem 9. Jahrhundert und wurden von Meistern aus Bagdad wie Al-Adli und As-Suli geliefert. In der indischen Literatur des 9. Jahrhunderts demonstrierte der kaschmirische Dichter Rudrata diese mathematische \u00c4sthetik in seinem Werk Kavyalankara, in dem er ein Gedicht verfasste, das die Abfolge der Reise eines Ritters darstellt.<\/p><p>\u00a0<\/p><p><b>Westliche Literatur:<\/b><\/p><p>Im 13. Jahrhundert stellte K\u00f6nig Alfonso X. von Kastilien in seinem ber\u00fchmten Libro de los Juegos (Buch der Spiele) komplexe Man\u00f6ver vor, die auf der Bewegung des Ritters basierten. Die moderne mathematische Grundlage des Problems wurde jedoch 1759 von Leonhard Euler gelegt, dessen Analyse heute als einer der Eckpfeiler der Graphentheorie anerkannt ist.<\/p><p>\u00a0<\/p><p><b>Merkmale:<\/b><\/p><p><b>Geschlossene (Re-entrant) Tour:<\/b> Wenn der Springer auf einem Feld endet, das genau einen Springerzug vom Startfeld entfernt ist, kann er die Tour sofort wieder beginnen.<\/p><p>\u00a0<\/p><p><b>Offene Tour:<\/b><\/p><p><span style=\"font-weight: 400;\">Wenn der Springer jedes Feld besucht, aber auf einem Feld endet, von dem aus er den Startpunkt nicht in einem Zug erreichen kann.<\/span><\/p>\t\t\t\t\t\t\t\t<\/div>\n\t\t\t\t<\/div>\n\t\t\t\t<div class=\"elementor-element elementor-element-14fac00 elementor-widget elementor-widget-image\" data-id=\"14fac00\" data-element_type=\"widget\" data-e-type=\"widget\" data-widget_type=\"image.default\">\n\t\t\t\t<div class=\"elementor-widget-container\">\n\t\t\t\t\t\t\t\t\t\t\t\t\t\t\t<img decoding=\"async\" width=\"800\" height=\"342\" src=\"https:\/\/shatranj.art\/wp-content\/uploads\/2026\/02\/15-1024x438.jpg\" class=\"attachment-large size-large wp-image-950\" alt=\"\" srcset=\"https:\/\/shatranj.art\/wp-content\/uploads\/2026\/02\/15-1024x438.jpg 1024w, https:\/\/shatranj.art\/wp-content\/uploads\/2026\/02\/15-300x128.jpg 300w, https:\/\/shatranj.art\/wp-content\/uploads\/2026\/02\/15-768x328.jpg 768w, https:\/\/shatranj.art\/wp-content\/uploads\/2026\/02\/15-1536x657.jpg 1536w, https:\/\/shatranj.art\/wp-content\/uploads\/2026\/02\/15-2048x875.jpg 2048w\" sizes=\"(max-width: 800px) 100vw, 800px\" \/>\t\t\t\t\t\t\t\t\t\t\t\t\t\t\t<\/div>\n\t\t\t\t<\/div>\n\t\t\t\t<div class=\"elementor-element elementor-element-1e25ada elementor-widget elementor-widget-text-editor\" data-id=\"1e25ada\" data-element_type=\"widget\" data-e-type=\"widget\" data-widget_type=\"text-editor.default\">\n\t\t\t\t<div class=\"elementor-widget-container\">\n\t\t\t\t\t\t\t\t\t<h2><b>Das 8-Queens-Problem: Dijkstra und die Geburt der strukturierten Programmierung<\/b><\/h2><p>Dieses Problem, das 1848 von Max Bezzel gestellt wurde und die Aufmerksamkeit von Genies wie Carl Friedrich Gau\u00df auf sich zog, wurde in den 1970er Jahren von einem der V\u00e4ter der modernen Informatik, Edsger W. Dijkstra, in ein \u201cProgrammiermanifest\u201d verwandelt.<\/p><h3><b>Die Verbindung zwischen Dijkstra und DFS<\/b><\/h3><p><span style=\"font-weight: 400;\">In seinem bahnbrechenden Werk, <\/span><i><span style=\"font-weight: 400;\">Hinweise zur strukturierten Programmierung<\/span><\/i><span style=\"font-weight: 400;\"> (1972) nutzte Dijkstra das 8-Queens-Problem, um zu demonstrieren, wie ein Algorithmus durch einen Prozess, den er \u201cschrittweise Verfeinerung\u201d nannte, systematisch aufgebaut werden kann.\u201d<\/span><\/p><ul><li style=\"font-weight: 400;\" aria-level=\"1\">DFS und Backtracking: Dijkstra definierte die Methode, eine Dame in eine Reihe zu stellen und zur n\u00e4chsten hinabzusteigen (Depth-First Search - DFS) und zum vorherigen Schritt zur\u00fcckzukehren, um eine andere M\u00f6glichkeit zu versuchen, wenn man auf eine Sackgasse st\u00f6\u00dft (Backtracking), als das reinste Beispiel f\u00fcr strukturierte Programmierung.<\/li><\/ul><p><b>Die Macht des Zur\u00fcckverfolgens:<\/b><\/p><p>Nach Dijkstra stellt dieser Ansatz den ersten gro\u00dfen Meilenstein in der Verfeinerung des \u201cVersuch-und-Irrtum\u201d-Prozesses in eine fehlerfreie logische Abfolge dar, die ein Co<\/p>\t\t\t\t\t\t\t\t<\/div>\n\t\t\t\t<\/div>\n\t\t\t\t<div class=\"elementor-element elementor-element-3aa137e elementor-widget elementor-widget-image\" data-id=\"3aa137e\" data-element_type=\"widget\" data-e-type=\"widget\" data-widget_type=\"image.default\">\n\t\t\t\t<div class=\"elementor-widget-container\">\n\t\t\t\t\t\t\t\t\t\t\t\t\t\t\t<img decoding=\"async\" width=\"800\" height=\"588\" src=\"https:\/\/shatranj.art\/wp-content\/uploads\/2026\/02\/15-2-1024x752.jpg\" class=\"attachment-large size-large wp-image-949\" alt=\"\" srcset=\"https:\/\/shatranj.art\/wp-content\/uploads\/2026\/02\/15-2-1024x752.jpg 1024w, https:\/\/shatranj.art\/wp-content\/uploads\/2026\/02\/15-2-300x220.jpg 300w, https:\/\/shatranj.art\/wp-content\/uploads\/2026\/02\/15-2-768x564.jpg 768w, https:\/\/shatranj.art\/wp-content\/uploads\/2026\/02\/15-2-1536x1128.jpg 1536w, https:\/\/shatranj.art\/wp-content\/uploads\/2026\/02\/15-2-2048x1504.jpg 2048w\" sizes=\"(max-width: 800px) 100vw, 800px\" \/>\t\t\t\t\t\t\t\t\t\t\t\t\t\t\t<\/div>\n\t\t\t\t<\/div>\n\t\t\t\t<div class=\"elementor-element elementor-element-be7cb02 elementor-widget elementor-widget-text-editor\" data-id=\"be7cb02\" data-element_type=\"widget\" data-e-type=\"widget\" data-widget_type=\"text-editor.default\">\n\t\t\t\t<div class=\"elementor-widget-container\">\n\t\t\t\t\t\t\t\t\t<h3><b>Das Problem des Weizens und des Schachbretts: Exponentielles Wachstum<\/b><\/h3><p><b>Legende und Herkunft:<\/b><\/p><p>Als der Erfinder des Schachspiels, Sissa bin Dahir, dem indischen K\u00f6nig das Spiel vorstellte, fragte ihn der K\u00f6nig, welche Belohnung er sich w\u00fcnsche, so die Geschichte. Sissa \u00e4u\u00dferte eine scheinbar bescheidene Bitte: \u201cIch m\u00f6chte ein Weizenkorn f\u00fcr das erste Feld des Schachbretts, zwei f\u00fcr das zweite, vier f\u00fcr das dritte und f\u00fcr jedes weitere Feld die doppelte Menge des vorherigen.\u201d Der K\u00f6nig lehnte diese Bitte zun\u00e4chst ab, da er dachte, es handele sich nur um \u201ceine Handvoll Weizen\u201d; als jedoch die Berechnungen begannen, wurde klar, dass weder die Schatzkammer noch die gesamten Weizenvorr\u00e4te der Welt ausreichen w\u00fcrden, um diese Forderung zu erf\u00fcllen.<\/p><p><b>Historische Aufzeichnung: Ibn Khallikan (1256)<\/b><\/p><p>Die erste bekannte schriftliche Aufzeichnung dieser ber\u00fchmten Geschichte stammt aus dem Jahr 1256 von dem ber\u00fchmten Biografen und Historiker Ibn Khallikan. Ibn Khallikan nahm diese Begebenheit nicht nur als Erz\u00e4hlung in sein Werk auf, sondern auch als Beweis daf\u00fcr, wie die Mathematik die Grenzen der Vorstellungskraft sprengt.<\/p><p><b>Mathematische Realit\u00e4t:<\/b><\/p><p><span style=\"font-weight: 400;\">Dieser Antrag f\u00fcr die 64 Felder des Schachbretts ist das reinste Beispiel f\u00fcr die geometrische Progression (exponentielles Wachstum). Der Betrag auf jedem Feld wird nach der folgenden Formel berechnet <strong>2<sup>n-1<\/sup><\/strong> . Die Gleichung zur Ermittlung der Gesamtmenge an Weizen lautet wie folgt:<\/span><\/p><p>\u00a0<\/p><div class=\"wheat-formula-box\"><div class=\"wheat-formula\" aria-label=\"S ist die Summe von i gleich 0 bis 63 von 2 bis i, gleich 2 bis 64 minus 1\"><div class=\"formula-wrap\"><span class=\"formula\">S =<\/span><p><span class=\"sigma-block\" aria-label=\"Summe von i ist gleich 0 bis 63\"><br \/><span class=\"sigma-top\">63<\/span><br \/><span class=\"sigma\">\u2211<\/span><br \/><span class=\"sigma-bottom\"><i>i<\/i>=0<\/span><br \/><\/span><\/p><p><span class=\"formula\">2<sup><i>i<\/i><\/sup> = 2<sup>64<\/sup> - 1<\/span><\/p><\/div><p>Die massive Zahl, die sich aus dieser Berechnung ergibt, ist:<\/p><p><b>18,446,744,073,709,551,615<\/b><\/p><p><b>Warum ist sie so wichtig?<\/b><\/p><ul><li style=\"font-weight: 400;\" aria-level=\"1\"><b>Ausma\u00df des Wachstums:<\/b><span style=\"font-weight: 400;\"> Diese Zahl entspricht etwa dem 2.000-fachen der derzeitigen j\u00e4hrlichen Gesamtweizenproduktion der Welt.\u00a0<\/span><\/li><\/ul><p><b>Strategische Lektion:<\/b><span style=\"font-weight: 400;\"> Dieses Problem ist eine uralte Weisheit, die F\u00fchrungspers\u00f6nlichkeiten und Strategen lehrt, wie sich kleine Ver\u00e4nderungen (\u201cVerdoppelung\u201d) im Laufe der Zeit in unkontrollierbare Kr\u00e4fte verwandeln k\u00f6nnen.<\/span><\/p><\/div><\/div>\t\t\t\t\t\t\t\t<\/div>\n\t\t\t\t<\/div>\n\t\t\t\t<\/div>\n\t\t\t\t\t<\/div>\n\t\t\t\t<\/div>\n\t\t\t\t<\/div>","protected":false},"excerpt":{"rendered":"<p>The Knight&#8217;s Tour Historical Depth: The Knight&#8217;s Tour is a mathematical sequence in which a knight visits every single square on a chessboard exactly once. It is both a strategic challenge and a classic problem in recreational mathematics. \u00a0 Origins: This problem is far from a modern discovery. The earliest known solutions date back to [&hellip;]<\/p>\n","protected":false},"author":1,"featured_media":0,"parent":743,"menu_order":0,"comment_status":"closed","ping_status":"closed","template":"","meta":{"footnotes":""},"class_list":["post-963","page","type-page","status-publish","hentry"],"_links":{"self":[{"href":"https:\/\/shatranj.art\/de\/wp-json\/wp\/v2\/pages\/963","targetHints":{"allow":["GET"]}}],"collection":[{"href":"https:\/\/shatranj.art\/de\/wp-json\/wp\/v2\/pages"}],"about":[{"href":"https:\/\/shatranj.art\/de\/wp-json\/wp\/v2\/types\/page"}],"author":[{"embeddable":true,"href":"https:\/\/shatranj.art\/de\/wp-json\/wp\/v2\/users\/1"}],"replies":[{"embeddable":true,"href":"https:\/\/shatranj.art\/de\/wp-json\/wp\/v2\/comments?post=963"}],"version-history":[{"count":22,"href":"https:\/\/shatranj.art\/de\/wp-json\/wp\/v2\/pages\/963\/revisions"}],"predecessor-version":[{"id":1443,"href":"https:\/\/shatranj.art\/de\/wp-json\/wp\/v2\/pages\/963\/revisions\/1443"}],"up":[{"embeddable":true,"href":"https:\/\/shatranj.art\/de\/wp-json\/wp\/v2\/pages\/743"}],"wp:attachment":[{"href":"https:\/\/shatranj.art\/de\/wp-json\/wp\/v2\/media?parent=963"}],"curies":[{"name":"wp","href":"https:\/\/api.w.org\/{rel}","templated":true}]}}