{"id":976,"date":"2026-02-22T15:26:41","date_gmt":"2026-02-22T15:26:41","guid":{"rendered":"https:\/\/shatranj.art\/?page_id=976"},"modified":"2026-02-23T04:57:59","modified_gmt":"2026-02-23T04:57:59","slug":"poster-19","status":"publish","type":"page","link":"https:\/\/shatranj.art\/de\/exhibit\/poster-19\/","title":{"rendered":"Poster 19"},"content":{"rendered":"<div data-elementor-type=\"wp-page\" data-elementor-id=\"976\" class=\"elementor elementor-976\" data-elementor-post-type=\"page\">\n\t\t\t\t<div class=\"elementor-element elementor-element-bd53a03 e-flex e-con-boxed e-con e-parent\" data-id=\"bd53a03\" data-element_type=\"container\" data-e-type=\"container\" data-settings=\"{&quot;background_background&quot;:&quot;classic&quot;}\">\n\t\t\t\t\t<div class=\"e-con-inner\">\n\t\t<div class=\"elementor-element elementor-element-258a2d8 e-con-full e-flex e-con e-child\" data-id=\"258a2d8\" data-element_type=\"container\" data-e-type=\"container\">\n\t\t\t\t<div class=\"elementor-element elementor-element-54379e5 elementor-widget__width-initial elementor-widget elementor-widget-image\" data-id=\"54379e5\" data-element_type=\"widget\" data-e-type=\"widget\" data-widget_type=\"image.default\">\n\t\t\t\t<div class=\"elementor-widget-container\">\n\t\t\t\t\t\t\t\t\t\t\t\t\t\t\t<img fetchpriority=\"high\" decoding=\"async\" width=\"800\" height=\"842\" src=\"https:\/\/shatranj.art\/wp-content\/uploads\/2026\/02\/19-973x1024.jpg\" class=\"attachment-large size-large wp-image-979\" alt=\"\" srcset=\"https:\/\/shatranj.art\/wp-content\/uploads\/2026\/02\/19-973x1024.jpg 973w, https:\/\/shatranj.art\/wp-content\/uploads\/2026\/02\/19-285x300.jpg 285w, https:\/\/shatranj.art\/wp-content\/uploads\/2026\/02\/19-768x808.jpg 768w, https:\/\/shatranj.art\/wp-content\/uploads\/2026\/02\/19.jpg 1121w\" sizes=\"(max-width: 800px) 100vw, 800px\" \/>\t\t\t\t\t\t\t\t\t\t\t\t\t\t\t<\/div>\n\t\t\t\t<\/div>\n\t\t\t\t<div class=\"elementor-element elementor-element-38b79a5 elementor-widget__width-initial elementor-widget elementor-widget-text-editor\" data-id=\"38b79a5\" data-element_type=\"widget\" data-e-type=\"widget\" data-widget_type=\"text-editor.default\">\n\t\t\t\t<div class=\"elementor-widget-container\">\n\t\t\t\t\t\t\t\t\t<p><strong>Deep Blue vs. Kasparov: Die Morgend\u00e4mmerung der Maschinenherrschaft<\/strong><\/p><p>\u00a0<\/p><p><span style=\"font-weight: 400;\">1997 wurde die Welt Zeuge eines historischen Wendepunkts in der Beziehung zwischen Mensch und Maschine. Der von IBM entwickelte Supercomputer <\/span>Tiefblau<span style=\"font-weight: 400;\"> besiegte den amtierenden Weltmeister, <\/span>Garri Kasparow<span style=\"font-weight: 400;\">, in einer sechs Spiele umfassenden Serie. Dies war das erste Mal, dass ein Computer einen Weltmeister in einem turnier\u00e4hnlichen Spiel unter Standardzeitkontrolle besiegt hat.<\/span><\/p><p>\u00a0<\/p><p><b>Brute Force Power:<\/b><span style=\"font-weight: 400;\"> Deep Blue war ein Meisterwerk an Spezialhardware, das 200 Millionen Positionen pro Sekunde berechnen konnte.<\/span><\/p><p>\u00a0<\/p><p><b>Ein symbolischer Sieg:<\/b><span style=\"font-weight: 400;\"> Dieses Spiel ver\u00e4nderte die weltweite Wahrnehmung von k\u00fcnstlicher Intelligenz. Es bewies, dass die menschliche Intuition zwar tiefgreifend ist, die schiere Rechengeschwindigkeit einer Maschine jedoch den gr\u00f6\u00dften strategischen Verstand der Zeit \u00fcberwinden kann.<\/span><\/p>\t\t\t\t\t\t\t\t<\/div>\n\t\t\t\t<\/div>\n\t\t\t\t<div class=\"elementor-element elementor-element-d1ad4e6 elementor-widget__width-initial elementor-widget elementor-widget-image\" data-id=\"d1ad4e6\" data-element_type=\"widget\" data-e-type=\"widget\" data-widget_type=\"image.default\">\n\t\t\t\t<div class=\"elementor-widget-container\">\n\t\t\t\t\t\t\t\t\t\t\t\t\t\t\t<img decoding=\"async\" width=\"800\" height=\"600\" src=\"https:\/\/shatranj.art\/wp-content\/uploads\/2026\/02\/19-1-1024x768.jpg\" class=\"attachment-large size-large wp-image-980\" alt=\"\" srcset=\"https:\/\/shatranj.art\/wp-content\/uploads\/2026\/02\/19-1-1024x768.jpg 1024w, https:\/\/shatranj.art\/wp-content\/uploads\/2026\/02\/19-1-300x225.jpg 300w, https:\/\/shatranj.art\/wp-content\/uploads\/2026\/02\/19-1-768x576.jpg 768w, https:\/\/shatranj.art\/wp-content\/uploads\/2026\/02\/19-1.jpg 1250w\" sizes=\"(max-width: 800px) 100vw, 800px\" \/>\t\t\t\t\t\t\t\t\t\t\t\t\t\t\t<\/div>\n\t\t\t\t<\/div>\n\t\t\t\t<div class=\"elementor-element elementor-element-e238e58 elementor-widget__width-initial elementor-widget elementor-widget-image\" data-id=\"e238e58\" data-element_type=\"widget\" data-e-type=\"widget\" data-widget_type=\"image.default\">\n\t\t\t\t<div class=\"elementor-widget-container\">\n\t\t\t\t\t\t\t\t\t\t\t\t\t\t\t<img decoding=\"async\" width=\"682\" height=\"1024\" src=\"https:\/\/shatranj.art\/wp-content\/uploads\/2026\/02\/19-2-682x1024.jpg\" class=\"attachment-large size-large wp-image-981\" alt=\"\" srcset=\"https:\/\/shatranj.art\/wp-content\/uploads\/2026\/02\/19-2-682x1024.jpg 682w, https:\/\/shatranj.art\/wp-content\/uploads\/2026\/02\/19-2-200x300.jpg 200w, https:\/\/shatranj.art\/wp-content\/uploads\/2026\/02\/19-2-768x1154.jpg 768w, https:\/\/shatranj.art\/wp-content\/uploads\/2026\/02\/19-2-1023x1536.jpg 1023w, https:\/\/shatranj.art\/wp-content\/uploads\/2026\/02\/19-2-1363x2048.jpg 1363w, https:\/\/shatranj.art\/wp-content\/uploads\/2026\/02\/19-2.jpg 1667w\" sizes=\"(max-width: 682px) 100vw, 682px\" \/>\t\t\t\t\t\t\t\t\t\t\t\t\t\t\t<\/div>\n\t\t\t\t<\/div>\n\t\t\t\t<div class=\"elementor-element elementor-element-a12f1b5 elementor-widget__width-inherit elementor-widget elementor-widget-text-editor\" data-id=\"a12f1b5\" data-element_type=\"widget\" data-e-type=\"widget\" data-widget_type=\"text-editor.default\">\n\t\t\t\t<div class=\"elementor-widget-container\">\n\t\t\t\t\t\t\t\t\t<h3><b>Stockfish: Die Demokratisierung der Gro\u00dfmeister-Analyse<\/b><\/h3><p>Stockfisch<span style=\"font-weight: 400;\"> ist die leistungsst\u00e4rkste Open-Source-Schachengine der Welt. Im Gegensatz zu den exklusiven Supercomputern der Vergangenheit ist Stockfish kostenlos und f\u00fcr jeden zug\u00e4nglich, vom Hobbyspieler bis zum Weltklasse-Gro\u00dfmeister.<\/span><\/p><ul><li style=\"font-weight: 400;\" aria-level=\"1\"><b>Der globale Standard:<\/b><span style=\"font-weight: 400;\"> Stockfish ist das ultimative Werkzeug f\u00fcr die Analyse von Spielen und die Entwicklung von Strategien und steht regelm\u00e4\u00dfig an der Spitze der Ranglisten.<\/span><\/li><li style=\"font-weight: 400;\" aria-level=\"1\"><b>Neuronale Evolution:<\/b><span style=\"font-weight: 400;\"> Urspr\u00fcnglich auf klassischen \u201cSuch- und Bewertungsalgorithmen\u201d basierend, verwenden moderne Versionen von Stockfish nun <\/span>NNUE (Effizient aktualisierbare neuronale Netze)<span style=\"font-weight: 400;\">. Diese Fusion erm\u00f6glicht es, enorme Berechnungsgeschwindigkeiten mit einem tieferen, fast menschen\u00e4hnlichen \u201cVerst\u00e4ndnis\u201d komplexer Positionen zu kombinieren und eine ELO-Bewertung weit \u00fcber <\/span>3500<span style=\"font-weight: 400;\">.<\/span><\/li><\/ul>\t\t\t\t\t\t\t\t<\/div>\n\t\t\t\t<\/div>\n\t\t\t\t<div class=\"elementor-element elementor-element-5ec8752 elementor-widget__width-initial elementor-widget elementor-widget-image\" data-id=\"5ec8752\" data-element_type=\"widget\" data-e-type=\"widget\" data-widget_type=\"image.default\">\n\t\t\t\t<div class=\"elementor-widget-container\">\n\t\t\t\t\t\t\t\t\t\t\t\t\t\t\t<img loading=\"lazy\" decoding=\"async\" width=\"800\" height=\"800\" src=\"https:\/\/shatranj.art\/wp-content\/uploads\/2026\/02\/19-1024x1024.png\" class=\"attachment-large size-large wp-image-982\" alt=\"\" srcset=\"https:\/\/shatranj.art\/wp-content\/uploads\/2026\/02\/19-1024x1024.png 1024w, https:\/\/shatranj.art\/wp-content\/uploads\/2026\/02\/19-300x300.png 300w, https:\/\/shatranj.art\/wp-content\/uploads\/2026\/02\/19-150x150.png 150w, https:\/\/shatranj.art\/wp-content\/uploads\/2026\/02\/19-768x768.png 768w, https:\/\/shatranj.art\/wp-content\/uploads\/2026\/02\/19.png 1056w\" sizes=\"(max-width: 800px) 100vw, 800px\" \/>\t\t\t\t\t\t\t\t\t\t\t\t\t\t\t<\/div>\n\t\t\t\t<\/div>\n\t\t\t\t<div class=\"elementor-element elementor-element-f657508 elementor-widget__width-initial elementor-widget-tablet__width-inherit elementor-widget elementor-widget-text-editor\" data-id=\"f657508\" data-element_type=\"widget\" data-e-type=\"widget\" data-widget_type=\"text-editor.default\">\n\t\t\t\t<div class=\"elementor-widget-container\">\n\t\t\t\t\t\t\t\t\t<h3><b>AlphaZero: Das Zeitalter der maschinellen Intuition und Kreativit\u00e4t<\/b><\/h3><p>AlphaZero wurde von Googles DeepMind entwickelt und revolutionierte die Art und Weise, wie wir \u00fcber k\u00fcnstliche Intelligenz denken. W\u00e4hrend fr\u00fchere Maschinen von Menschen anhand programmierter Regeln \u201cgelehrt\u201d wurden, war AlphaZero ein selbstlernendes System.<\/p><ul><li style=\"font-weight: 400;\" aria-level=\"1\"><b>Tabula Rasa (Von Grund auf):<\/b><span style=\"font-weight: 400;\"> AlphaZero erhielt nur die Grundregeln des Schachspiels. Durch das Spielen von Millionen von Partien gegen sich selbst mittels Reinforcement Learning erreichte es in nur vier Stunden ein \u00fcbermenschliches Ma\u00df an Beherrschung.<\/span><\/li><li style=\"font-weight: 400;\" aria-level=\"1\"><b>Eine kreative Revolution:<\/b><span style=\"font-weight: 400;\"> AlphaZero spielte nicht wie ein typischer \u201cTaschenrechner\u201d. Es f\u00fchrte einen \u00e4u\u00dferst aggressiven, kreativen und intuitiven Stil ein, der oft Material f\u00fcr langfristigen positionellen Druck opferte. Es bewies, dass Maschinen nicht nur schneller rechnen k\u00f6nnen als Menschen, sondern auch die Kunst und Kreativit\u00e4t des Spiels selbst \u201cneu erfinden\u201d k\u00f6nnen.<\/span><\/li><\/ul>\t\t\t\t\t\t\t\t<\/div>\n\t\t\t\t<\/div>\n\t\t\t\t<\/div>\n\t\t\t\t\t<\/div>\n\t\t\t\t<\/div>\n\t\t\t\t<\/div>","protected":false},"excerpt":{"rendered":"<p>Deep Blue vs. Kasparov: The Dawn of Machine Dominance \u00a0 In 1997, the world witnessed a historic turning point in the relationship between man and machine. Developed by IBM, the supercomputer Deep Blue defeated the reigning World Champion, Garry Kasparov, in a six-match series. This was the first time a computer had beaten a world [&hellip;]<\/p>\n","protected":false},"author":1,"featured_media":0,"parent":743,"menu_order":0,"comment_status":"closed","ping_status":"closed","template":"","meta":{"footnotes":""},"class_list":["post-976","page","type-page","status-publish","hentry"],"_links":{"self":[{"href":"https:\/\/shatranj.art\/de\/wp-json\/wp\/v2\/pages\/976","targetHints":{"allow":["GET"]}}],"collection":[{"href":"https:\/\/shatranj.art\/de\/wp-json\/wp\/v2\/pages"}],"about":[{"href":"https:\/\/shatranj.art\/de\/wp-json\/wp\/v2\/types\/page"}],"author":[{"embeddable":true,"href":"https:\/\/shatranj.art\/de\/wp-json\/wp\/v2\/users\/1"}],"replies":[{"embeddable":true,"href":"https:\/\/shatranj.art\/de\/wp-json\/wp\/v2\/comments?post=976"}],"version-history":[{"count":7,"href":"https:\/\/shatranj.art\/de\/wp-json\/wp\/v2\/pages\/976\/revisions"}],"predecessor-version":[{"id":1228,"href":"https:\/\/shatranj.art\/de\/wp-json\/wp\/v2\/pages\/976\/revisions\/1228"}],"up":[{"embeddable":true,"href":"https:\/\/shatranj.art\/de\/wp-json\/wp\/v2\/pages\/743"}],"wp:attachment":[{"href":"https:\/\/shatranj.art\/de\/wp-json\/wp\/v2\/media?parent=976"}],"curies":[{"name":"wp","href":"https:\/\/api.w.org\/{rel}","templated":true}]}}