{"id":1053,"date":"2026-02-22T18:09:29","date_gmt":"2026-02-22T18:09:29","guid":{"rendered":"https:\/\/shatranj.art\/?page_id=1053"},"modified":"2026-02-23T05:20:05","modified_gmt":"2026-02-23T05:20:05","slug":"poster-28","status":"publish","type":"page","link":"https:\/\/shatranj.art\/el\/exhibit\/poster-28\/","title":{"rendered":"\u03b1\u03c6\u03af\u03c3\u03b1 28"},"content":{"rendered":"<div data-elementor-type=\"wp-page\" data-elementor-id=\"1053\" class=\"elementor elementor-1053\" data-elementor-post-type=\"page\">\n\t\t\t\t<div class=\"elementor-element elementor-element-0bbd3b8 e-flex e-con-boxed e-con e-parent\" data-id=\"0bbd3b8\" data-element_type=\"container\" data-e-type=\"container\" data-settings=\"{&quot;background_background&quot;:&quot;classic&quot;}\">\n\t\t\t\t\t<div class=\"e-con-inner\">\n\t\t<div class=\"elementor-element elementor-element-c1f4b02 e-con-full e-flex e-con e-child\" data-id=\"c1f4b02\" data-element_type=\"container\" data-e-type=\"container\">\n\t\t\t\t<div class=\"elementor-element elementor-element-be9a805 elementor-widget__width-initial elementor-widget elementor-widget-image\" data-id=\"be9a805\" data-element_type=\"widget\" data-e-type=\"widget\" data-widget_type=\"image.default\">\n\t\t\t\t<div class=\"elementor-widget-container\">\n\t\t\t\t\t\t\t\t\t\t\t\t\t\t\t<img fetchpriority=\"high\" decoding=\"async\" width=\"683\" height=\"1024\" src=\"https:\/\/shatranj.art\/wp-content\/uploads\/2026\/02\/28-683x1024.jpg\" class=\"attachment-large size-large wp-image-1059\" alt=\"\" srcset=\"https:\/\/shatranj.art\/wp-content\/uploads\/2026\/02\/28-683x1024.jpg 683w, https:\/\/shatranj.art\/wp-content\/uploads\/2026\/02\/28-200x300.jpg 200w, https:\/\/shatranj.art\/wp-content\/uploads\/2026\/02\/28-768x1152.jpg 768w, https:\/\/shatranj.art\/wp-content\/uploads\/2026\/02\/28-1024x1536.jpg 1024w, https:\/\/shatranj.art\/wp-content\/uploads\/2026\/02\/28.jpg 1249w\" sizes=\"(max-width: 683px) 100vw, 683px\" \/>\t\t\t\t\t\t\t\t\t\t\t\t\t\t\t<\/div>\n\t\t\t\t<\/div>\n\t\t\t\t<div class=\"elementor-element elementor-element-b42301a elementor-widget__width-initial elementor-widget-tablet__width-inherit elementor-widget elementor-widget-text-editor\" data-id=\"b42301a\" data-element_type=\"widget\" data-e-type=\"widget\" data-widget_type=\"text-editor.default\">\n\t\t\t\t<div class=\"elementor-widget-container\">\n\t\t\t\t\t\t\t\t\t<p><b>\u03a4\u03bf \u03c3\u03b5\u03c4 \u015eah\u00ee: Philidor Regency Pawn<\/b><\/p><p>\u00a0<\/p><p>\u0397 \u03b5\u03be\u03ac\u03c0\u03bb\u03c9\u03c3\u03b7 \u03c4\u03bf\u03c5 \u03ba\u03b1\u03c6\u03ad \u03ba\u03b1\u03b9 \u03c4\u03c9\u03bd \u03ba\u03b1\u03c6\u03b5\u03c4\u03b5\u03c1\u03b9\u03ce\u03bd \u03b4\u03b9\u03b1\u03c0\u03bb\u03ad\u03ba\u03b5\u03c4\u03b1\u03b9 \u03bc\u03b5 \u03c4\u03b7\u03bd \u03b5\u03be\u03ad\u03bb\u03b9\u03be\u03b7 \u03c4\u03bf\u03c5 \u03c3\u03ba\u03b1\u03ba\u03b9\u03bf\u03cd. \u03a4\u03bf \u03c0\u03b9\u03cc\u03bd\u03b9 R\u00e9gence Philidor \u03b5\u03af\u03bd\u03b1\u03b9 \u03b5\u03bc\u03c0\u03bd\u03b5\u03c5\u03c3\u03bc\u03ad\u03bd\u03bf \u03b1\u03c0\u03cc \u03c4\u03bf \u03b1\u03c5\u03b8\u03b5\u03bd\u03c4\u03b9\u03ba\u03cc \u03c3\u03b5\u03c4 \u03c3\u03ba\u03b1\u03ba\u03b9\u03bf\u03cd \u03b1\u03c0\u03cc \u03c4\u03bf \u03ba\u03b1\u03c6\u03ad Paris-R\u00e9gence \u03ba\u03b1\u03c4\u03ac \u03c4\u03b7\u03bd \u03b5\u03c0\u03bf\u03c7\u03ae \u03c4\u03bf\u03c5 \u0394\u03b9\u03b1\u03c6\u03c9\u03c4\u03b9\u03c3\u03bc\u03bf\u03cd \u03ba\u03b1\u03b9 \u03c4\u03b7 \u03b4\u03b9\u03ac\u03c3\u03b7\u03bc\u03b7 \u03c6\u03c1\u03ac\u03c3\u03b7 \u03c4\u03bf\u03c5 \u03b9\u03c3\u03c7\u03c5\u03c1\u03cc\u03c4\u03b5\u03c1\u03bf\u03c5 \u03c0\u03b1\u03af\u03ba\u03c4\u03b7 \u03c4\u03b7\u03c2 \u03b5\u03c0\u03bf\u03c7\u03ae\u03c2, \u03c4\u03bf\u03c5 Philidor: \u201c\u03a4\u03b1 \u03c0\u03b9\u03cc\u03bd\u03b9\u03b1 \u03b5\u03af\u03bd\u03b1\u03b9 \u03b7 \u03c8\u03c5\u03c7\u03ae \u03c4\u03bf\u03c5 \u03c3\u03ba\u03b1\u03ba\u03b9\u03bf\u03cd.<\/p><p>\u00a0<\/p><p>\u0397 \u03b4\u03bf\u03bc\u03ae \u03c4\u03c9\u03bd \u03c0\u03b9\u03bd\u03b1\u03ba\u03af\u03c9\u03bd \u03b5\u03af\u03bd\u03b1\u03b9 \u03ad\u03bd\u03b1 \u03b1\u03c0\u03cc \u03c4\u03b1 \u03c0\u03b9\u03bf \u03ba\u03c1\u03af\u03c3\u03b9\u03bc\u03b1 \u03ba\u03c1\u03b9\u03c4\u03ae\u03c1\u03b9\u03b1 \u03c0\u03bf\u03c5 \u03ba\u03b1\u03b8\u03bf\u03c1\u03af\u03b6\u03bf\u03c5\u03bd \u03c4\u03b7 \u03c1\u03bf\u03ae \u03bc\u03b9\u03b1\u03c2 \u03c3\u03ba\u03b1\u03ba\u03b9\u03c3\u03c4\u03b9\u03ba\u03ae\u03c2 \u03c0\u03b1\u03c1\u03c4\u03af\u03b4\u03b1\u03c2 \u03ba\u03b1\u03b9 \u03c0\u03bf\u03bb\u03bb\u03ad\u03c2 \u03b8\u03ad\u03c3\u03b5\u03b9\u03c2 \u03c4\u03b1\u03be\u03b9\u03bd\u03bf\u03bc\u03bf\u03cd\u03bd\u03c4\u03b1\u03b9 \u03bc\u03b5 \u03b2\u03ac\u03c3\u03b7 \u03c4\u03b7 \u03b4\u03bf\u03bc\u03ae \u03c4\u03c9\u03bd \u03c0\u03b9\u03bd\u03b1\u03ba\u03af\u03c9\u03bd. \u039f \u03a6\u03b9\u03bb\u03af\u03bd\u03c4\u03bf\u03c1, \u03c3\u03c5\u03bd\u03b8\u03ad\u03c4\u03b7\u03c2 \u03cc\u03c0\u03b5\u03c1\u03b1\u03c2 \u03ba\u03b1\u03b9 \u03ad\u03bd\u03b1\u03c2 \u03b1\u03c0\u03cc \u03c4\u03bf\u03c5\u03c2 \u03bb\u03af\u03b3\u03bf\u03c5\u03c2 \u03c0\u03b1\u03af\u03ba\u03c4\u03b5\u03c2 \u03c0\u03bf\u03c5 \u03bd\u03af\u03ba\u03b7\u03c3\u03b5 \u03c4\u03bf\u03bd \u03a4\u03bf\u03cd\u03c1\u03ba\u03bf, \u03ad\u03bd\u03b1 \u03b4\u03b9\u03ac\u03c3\u03b7\u03bc\u03bf \u03c3\u03ba\u03b1\u03ba\u03b9\u03c3\u03c4\u03b9\u03ba\u03cc \u03b1\u03c5\u03c4\u03cc\u03bc\u03b1\u03c4\u03bf, \u03ad\u03b4\u03c9\u03c3\u03b5 \u03ad\u03bc\u03c6\u03b1\u03c3\u03b7 \u03c3\u03c4\u03bf\u03c5\u03c2 \u03b1\u03c0\u03bb\u03bf\u03cd\u03c2 \u03c0\u03bf\u03bb\u03af\u03c4\u03b5\u03c2 \u03c9\u03c2 \u03b8\u03b5\u03bc\u03ad\u03bb\u03b9\u03bf \u03ba\u03b1\u03b9 \u03c8\u03c5\u03c7\u03ae \u03c4\u03b7\u03c2 \u03ba\u03bf\u03b9\u03bd\u03c9\u03bd\u03af\u03b1\u03c2.<\/p>\t\t\t\t\t\t\t\t<\/div>\n\t\t\t\t<\/div>\n\t\t\t\t<div class=\"elementor-element elementor-element-080136b elementor-widget__width-initial elementor-widget elementor-widget-image\" data-id=\"080136b\" data-element_type=\"widget\" data-e-type=\"widget\" data-widget_type=\"image.default\">\n\t\t\t\t<div class=\"elementor-widget-container\">\n\t\t\t\t\t\t\t\t\t\t\t\t\t\t\t<img decoding=\"async\" width=\"683\" height=\"1024\" src=\"https:\/\/shatranj.art\/wp-content\/uploads\/2026\/02\/28-1-683x1024.jpg\" class=\"attachment-large size-large wp-image-1060\" alt=\"\" srcset=\"https:\/\/shatranj.art\/wp-content\/uploads\/2026\/02\/28-1-683x1024.jpg 683w, https:\/\/shatranj.art\/wp-content\/uploads\/2026\/02\/28-1-200x300.jpg 200w, https:\/\/shatranj.art\/wp-content\/uploads\/2026\/02\/28-1-768x1152.jpg 768w, https:\/\/shatranj.art\/wp-content\/uploads\/2026\/02\/28-1-1024x1536.jpg 1024w, https:\/\/shatranj.art\/wp-content\/uploads\/2026\/02\/28-1.jpg 1262w\" sizes=\"(max-width: 683px) 100vw, 683px\" \/>\t\t\t\t\t\t\t\t\t\t\t\t\t\t\t<\/div>\n\t\t\t\t<\/div>\n\t\t\t\t<\/div>\n\t\t<div class=\"elementor-element elementor-element-94f3877 e-con-full e-flex e-con e-child\" data-id=\"94f3877\" data-element_type=\"container\" data-e-type=\"container\">\n\t\t<div class=\"elementor-element elementor-element-da14b56 e-con-full e-flex e-con e-child\" data-id=\"da14b56\" data-element_type=\"container\" data-e-type=\"container\">\n\t\t\t\t<div class=\"elementor-element elementor-element-3478291 elementor-widget elementor-widget-image\" data-id=\"3478291\" data-element_type=\"widget\" data-e-type=\"widget\" data-widget_type=\"image.default\">\n\t\t\t\t<div class=\"elementor-widget-container\">\n\t\t\t\t\t\t\t\t\t\t\t\t\t\t\t<img decoding=\"async\" width=\"800\" height=\"648\" src=\"https:\/\/shatranj.art\/wp-content\/uploads\/2026\/02\/28-2-1024x829.jpg\" class=\"attachment-large size-large wp-image-1064\" alt=\"\" srcset=\"https:\/\/shatranj.art\/wp-content\/uploads\/2026\/02\/28-2-1024x829.jpg 1024w, https:\/\/shatranj.art\/wp-content\/uploads\/2026\/02\/28-2-300x243.jpg 300w, https:\/\/shatranj.art\/wp-content\/uploads\/2026\/02\/28-2-768x622.jpg 768w, https:\/\/shatranj.art\/wp-content\/uploads\/2026\/02\/28-2-1536x1244.jpg 1536w, https:\/\/shatranj.art\/wp-content\/uploads\/2026\/02\/28-2.jpg 1973w\" sizes=\"(max-width: 800px) 100vw, 800px\" \/>\t\t\t\t\t\t\t\t\t\t\t\t\t\t\t<\/div>\n\t\t\t\t<\/div>\n\t\t\t\t<div class=\"elementor-element elementor-element-3621f13 elementor-widget-tablet__width-inherit elementor-widget elementor-widget-text-editor\" data-id=\"3621f13\" data-element_type=\"widget\" data-e-type=\"widget\" data-widget_type=\"text-editor.default\">\n\t\t\t\t<div class=\"elementor-widget-container\">\n\t\t\t\t\t\t\t\t\t<p><span style=\"font-weight: 400;\">\u03a3\u03ba\u03b1\u03ba\u03b9\u03c3\u03c4\u03b9\u03ba\u03cc \u03c0\u03b9\u03cc\u03bd\u03b9 \u03c4\u03b7\u03c2 \u03b5\u03c0\u03bf\u03c7\u03ae\u03c2 \u03c4\u03c9\u03bd \u0391\u03b2\u03b2\u03b1\u03c3\u03b9\u03b4\u03ce\u03bd \u03b1\u03c0\u03cc \u03c4\u03b7 \u0392\u03b1\u03b3\u03b4\u03ac\u03c4\u03b7, \u03bc\u03b5 \u03c7\u03b1\u03c1\u03b1\u03ba\u03c4\u03b7\u03c1\u03b9\u03c3\u03c4\u03b9\u03ba\u03cc \u03b3\u03b5\u03c9\u03bc\u03b5\u03c4\u03c1\u03b9\u03ba\u03cc \u03c3\u03c7\u03ae\u03bc\u03b1 \u03ba\u03b1\u03b9 \u03c9\u03c1\u03b1\u03af\u03b1 \u03b5\u03c0\u03b9\u03c6\u03b1\u03bd\u03b5\u03b9\u03b1\u03ba\u03ae \u03c7\u03ac\u03c1\u03b1\u03be\u03b7. \u0391\u03c5\u03c4\u03cc \u03c4\u03bf \u03ba\u03bf\u03bc\u03bc\u03ac\u03c4\u03b9 \u03b1\u03bd\u03c4\u03b1\u03bd\u03b1\u03ba\u03bb\u03ac \u03c4\u03b7\u03bd \u03b5\u03ba\u03bb\u03b5\u03c0\u03c4\u03c5\u03c3\u03bc\u03ad\u03bd\u03b7 \u03b4\u03b5\u03be\u03b9\u03bf\u03c4\u03b5\u03c7\u03bd\u03af\u03b1 \u03c4\u03b7\u03c2 \u03c0\u03b5\u03c1\u03b9\u03cc\u03b4\u03bf\u03c5, \u03b1\u03bd\u03b1\u03b4\u03b5\u03b9\u03ba\u03bd\u03cd\u03bf\u03bd\u03c4\u03b1\u03c2 \u03c4\u03b7 \u03c3\u03c4\u03c1\u03b1\u03c4\u03b7\u03b3\u03b9\u03ba\u03ae \u03c3\u03b7\u03bc\u03b1\u03c3\u03af\u03b1 \u03c4\u03bf\u03c5 \u03c0\u03b9\u03cc\u03bd\u03b9\u03bf\u03c5 \u03bc\u03ad\u03c3\u03c9 \u03c4\u03bf\u03c5 \u03bc\u03bf\u03bd\u03b1\u03b4\u03b9\u03ba\u03bf\u03cd \u03ba\u03b1\u03b9 \u03bb\u03b5\u03c0\u03c4\u03bf\u03bc\u03b5\u03c1\u03bf\u03cd\u03c2 \u03c3\u03c7\u03b5\u03b4\u03b9\u03b1\u03c3\u03bc\u03bf\u03cd \u03c4\u03bf\u03c5.<\/span><\/p>\t\t\t\t\t\t\t\t<\/div>\n\t\t\t\t<\/div>\n\t\t\t\t<\/div>\n\t\t<div class=\"elementor-element elementor-element-3a10b69 e-con-full e-flex e-con e-child\" data-id=\"3a10b69\" data-element_type=\"container\" data-e-type=\"container\">\n\t\t\t\t<div class=\"elementor-element elementor-element-9fad6d9 elementor-widget elementor-widget-image\" data-id=\"9fad6d9\" data-element_type=\"widget\" data-e-type=\"widget\" data-widget_type=\"image.default\">\n\t\t\t\t<div class=\"elementor-widget-container\">\n\t\t\t\t\t\t\t\t\t\t\t\t\t\t\t<img loading=\"lazy\" decoding=\"async\" width=\"768\" height=\"1024\" src=\"https:\/\/shatranj.art\/wp-content\/uploads\/2026\/02\/28-3-768x1024.jpg\" class=\"attachment-large size-large wp-image-1061\" alt=\"\" srcset=\"https:\/\/shatranj.art\/wp-content\/uploads\/2026\/02\/28-3-768x1024.jpg 768w, https:\/\/shatranj.art\/wp-content\/uploads\/2026\/02\/28-3-225x300.jpg 225w, https:\/\/shatranj.art\/wp-content\/uploads\/2026\/02\/28-3-1152x1536.jpg 1152w, https:\/\/shatranj.art\/wp-content\/uploads\/2026\/02\/28-3.jpg 1195w\" sizes=\"(max-width: 768px) 100vw, 768px\" \/>\t\t\t\t\t\t\t\t\t\t\t\t\t\t\t<\/div>\n\t\t\t\t<\/div>\n\t\t\t\t<div class=\"elementor-element elementor-element-7ad603d elementor-widget-tablet__width-inherit elementor-widget elementor-widget-text-editor\" data-id=\"7ad603d\" data-element_type=\"widget\" data-e-type=\"widget\" data-widget_type=\"text-editor.default\">\n\t\t\t\t<div class=\"elementor-widget-container\">\n\t\t\t\t\t\t\t\t\t<p><b>1820 \u0399\u03bd\u03b4\u03b9\u03c3\u03c4\u03ac\u03bd Piyon Ta\u015f\u0131<\/b> <span style=\"font-weight: 400;\"><br \/><\/span><span style=\"font-weight: 400;\"><br \/><\/span><span style=\"font-weight: 400;\">Geleneksel Hint k\u0131yafetleri ve aksesuarlar\u0131yla betimlenmi\u015f, 1820 y\u0131l\u0131na ait fig\u00fcratif satran\u00e7 piyonu. Bu par\u00e7a, 19. y\u00fczy\u0131l Hindistan'\u0131ndaki k\u00fclt\u00fcrel unsurlar\u0131 ve o d\u00f6nem satran\u00e7 tak\u0131mlar\u0131nda yayg\u0131n olan ger\u00e7ek\u00e7i tasar\u0131m anlay\u0131\u015f\u0131n\u0131 yans\u0131t\u0131r.<\/span><\/p>\t\t\t\t\t\t\t\t<\/div>\n\t\t\t\t<\/div>\n\t\t\t\t<\/div>\n\t\t<div class=\"elementor-element elementor-element-926e3bd e-con-full e-flex e-con e-child\" data-id=\"926e3bd\" data-element_type=\"container\" data-e-type=\"container\">\n\t\t\t\t<div class=\"elementor-element elementor-element-8fc6637 elementor-widget elementor-widget-image\" data-id=\"8fc6637\" data-element_type=\"widget\" data-e-type=\"widget\" data-widget_type=\"image.default\">\n\t\t\t\t<div class=\"elementor-widget-container\">\n\t\t\t\t\t\t\t\t\t\t\t\t\t\t\t<img loading=\"lazy\" decoding=\"async\" width=\"800\" height=\"498\" src=\"https:\/\/shatranj.art\/wp-content\/uploads\/2026\/02\/28-5-1024x637.jpg\" class=\"attachment-large size-large wp-image-1062\" alt=\"\" srcset=\"https:\/\/shatranj.art\/wp-content\/uploads\/2026\/02\/28-5-1024x637.jpg 1024w, https:\/\/shatranj.art\/wp-content\/uploads\/2026\/02\/28-5-300x187.jpg 300w, https:\/\/shatranj.art\/wp-content\/uploads\/2026\/02\/28-5-768x478.jpg 768w, https:\/\/shatranj.art\/wp-content\/uploads\/2026\/02\/28-5-1536x955.jpg 1536w, https:\/\/shatranj.art\/wp-content\/uploads\/2026\/02\/28-5.jpg 1835w\" sizes=\"(max-width: 800px) 100vw, 800px\" \/>\t\t\t\t\t\t\t\t\t\t\t\t\t\t\t<\/div>\n\t\t\t\t<\/div>\n\t\t\t\t<div class=\"elementor-element elementor-element-ea860c4 elementor-widget-tablet__width-inherit elementor-widget elementor-widget-text-editor\" data-id=\"ea860c4\" data-element_type=\"widget\" data-e-type=\"widget\" data-widget_type=\"text-editor.default\">\n\t\t\t\t<div class=\"elementor-widget-container\">\n\t\t\t\t\t\t\t\t\t<p><b>\u0393\u03b1\u03bb\u03bb\u03b9\u03ba\u03cc \u03b5\u03bd\u03b5\u03c7\u03c5\u03c1\u03bf\u03b4\u03b1\u03bd\u03b5\u03b9\u03c3\u03c4\u03ae\u03c1\u03b9\u03bf Regency<\/b> <span style=\"font-weight: 400;\"><br \/><\/span><span style=\"font-weight: 400;\"><br \/><\/span><span style=\"font-weight: 400;\">\u0391\u03bd\u03c4\u03b1\u03bd\u03b1\u03ba\u03bb\u03ce\u03bd\u03c4\u03b1\u03c2 \u03c4\u03b7\u03bd \u03ba\u03bf\u03bc\u03c8\u03ae \u03b1\u03b9\u03c3\u03b8\u03b7\u03c4\u03b9\u03ba\u03ae \u03c4\u03bf\u03c5 18\u03bf\u03c5 \u03b1\u03b9\u03ce\u03bd\u03b1, \u03c4\u03bf \u03b3\u03b1\u03bb\u03bb\u03b9\u03ba\u03cc \u03c0\u03b9\u03cc\u03bd\u03b9 Regency \u03b5\u03bd\u03c3\u03c9\u03bc\u03b1\u03c4\u03ce\u03bd\u03b5\u03b9 \u03c4\u03b7 \u03b4\u03b9\u03ac\u03c3\u03b7\u03bc\u03b7 \u03b1\u03c1\u03c7\u03ae \u03c4\u03bf\u03c5 Philidor \u03cc\u03c4\u03b9 \u201c\u03c4\u03b1 \u03c0\u03b9\u03cc\u03bd\u03b9\u03b1 \u03b5\u03af\u03bd\u03b1\u03b9 \u03b7 \u03c8\u03c5\u03c7\u03ae \u03c4\u03bf\u03c5 \u03c3\u03ba\u03b1\u03ba\u03b9\u03bf\u03cd\u201d. \u039f Philidor, \u03bf \u03bf\u03c0\u03bf\u03af\u03bf\u03c2 \u03c3\u03c5\u03bd\u03ad\u03b2\u03b1\u03bb\u03b5 \u03c3\u03c4\u03b7\u03bd \u03b5\u03ba\u03bb\u03b1\u0390\u03ba\u03b5\u03c5\u03c3\u03b7 \u03b1\u03c5\u03c4\u03bf\u03cd \u03c4\u03bf\u03c5 \u03c3\u03c4\u03c5\u03bb, \u03bc\u03bd\u03b7\u03bc\u03bf\u03bd\u03b5\u03cd\u03b5\u03c4\u03b1\u03b9 \u03b5\u03c0\u03af\u03c3\u03b7\u03c2 \u03b3\u03b9\u03b1 \u03c4\u03b7 \u03bd\u03af\u03ba\u03b7 \u03c4\u03bf\u03c5 \u03b5\u03c0\u03af \u03c4\u03bf\u03c5 \u03c3\u03ba\u03b1\u03ba\u03b9\u03c3\u03c4\u03b9\u03ba\u03bf\u03cd \u03b1\u03c5\u03c4\u03bf\u03bc\u03b1\u03c4\u03b9\u03c3\u03bc\u03bf\u03cd \u201cMechanical Turk\u201d, \u03b1\u03c0\u03bf\u03b4\u03b5\u03b9\u03ba\u03bd\u03cd\u03bf\u03bd\u03c4\u03b1\u03c2 \u03c4\u03b7 \u03bc\u03b1\u03b5\u03c3\u03c4\u03c1\u03af\u03b1 \u03c4\u03bf\u03c5 \u03c4\u03cc\u03c3\u03bf \u03b5\u03c0\u03af \u03c4\u03bf\u03c5 \u03c0\u03b1\u03b9\u03c7\u03bd\u03b9\u03b4\u03b9\u03bf\u03cd \u03cc\u03c3\u03bf \u03ba\u03b1\u03b9 \u03b5\u03c0\u03af \u03c4\u03c9\u03bd \u03c0\u03b5\u03c1\u03af\u03c6\u03b7\u03bc\u03c9\u03bd \u03c8\u03b5\u03c5\u03b4\u03b1\u03b9\u03c3\u03b8\u03ae\u03c3\u03b5\u03c9\u03bd \u03c4\u03b7\u03c2 \u03b5\u03c0\u03bf\u03c7\u03ae\u03c2.<\/span><\/p>\t\t\t\t\t\t\t\t<\/div>\n\t\t\t\t<\/div>\n\t\t\t\t<\/div>\n\t\t\t\t<\/div>\n\t\t\t\t\t<\/div>\n\t\t\t\t<\/div>\n\t\t\t\t<\/div>","protected":false},"excerpt":{"rendered":"<p>The \u015eah\u00ee Set: Regency Philidor Pawn \u00a0 The spread of coffee and caf\u00e9s intertwines with the evolution of chess. The R\u00e9gence Philidor pawn is inspired by the authentic chess set from Paris-R\u00e9gence caf\u00e9 during the Age of Enlightenment and the famous phrase by the era&#8217;s strongest player, Philidor: &#8220;Pawns are the soul of chess. \u00a0 [&hellip;]<\/p>\n","protected":false},"author":1,"featured_media":0,"parent":743,"menu_order":0,"comment_status":"closed","ping_status":"closed","template":"","meta":{"footnotes":""},"class_list":["post-1053","page","type-page","status-publish","hentry"],"_links":{"self":[{"href":"https:\/\/shatranj.art\/el\/wp-json\/wp\/v2\/pages\/1053","targetHints":{"allow":["GET"]}}],"collection":[{"href":"https:\/\/shatranj.art\/el\/wp-json\/wp\/v2\/pages"}],"about":[{"href":"https:\/\/shatranj.art\/el\/wp-json\/wp\/v2\/types\/page"}],"author":[{"embeddable":true,"href":"https:\/\/shatranj.art\/el\/wp-json\/wp\/v2\/users\/1"}],"replies":[{"embeddable":true,"href":"https:\/\/shatranj.art\/el\/wp-json\/wp\/v2\/comments?post=1053"}],"version-history":[{"count":10,"href":"https:\/\/shatranj.art\/el\/wp-json\/wp\/v2\/pages\/1053\/revisions"}],"predecessor-version":[{"id":1252,"href":"https:\/\/shatranj.art\/el\/wp-json\/wp\/v2\/pages\/1053\/revisions\/1252"}],"up":[{"embeddable":true,"href":"https:\/\/shatranj.art\/el\/wp-json\/wp\/v2\/pages\/743"}],"wp:attachment":[{"href":"https:\/\/shatranj.art\/el\/wp-json\/wp\/v2\/media?parent=1053"}],"curies":[{"name":"wp","href":"https:\/\/api.w.org\/{rel}","templated":true}]}}