{"id":1068,"date":"2026-02-22T18:39:42","date_gmt":"2026-02-22T18:39:42","guid":{"rendered":"https:\/\/shatranj.art\/?page_id=1068"},"modified":"2026-02-24T09:00:42","modified_gmt":"2026-02-24T09:00:42","slug":"poster-29","status":"publish","type":"page","link":"https:\/\/shatranj.art\/el\/exhibit\/poster-29\/","title":{"rendered":"\u03b1\u03c6\u03af\u03c3\u03b1 29"},"content":{"rendered":"<div data-elementor-type=\"wp-page\" data-elementor-id=\"1068\" class=\"elementor elementor-1068\" data-elementor-post-type=\"page\">\n\t\t\t\t<div class=\"elementor-element elementor-element-cfd54a0 e-flex e-con-boxed e-con e-parent\" data-id=\"cfd54a0\" data-element_type=\"container\" data-e-type=\"container\" data-settings=\"{&quot;background_background&quot;:&quot;classic&quot;}\">\n\t\t\t\t\t<div class=\"e-con-inner\">\n\t\t<div class=\"elementor-element elementor-element-00cae2a e-con-full e-flex e-con e-child\" data-id=\"00cae2a\" data-element_type=\"container\" data-e-type=\"container\">\n\t\t<div class=\"elementor-element elementor-element-edcf7ea e-con-full e-flex e-con e-child\" data-id=\"edcf7ea\" data-element_type=\"container\" data-e-type=\"container\">\n\t\t\t\t<div class=\"elementor-element elementor-element-411efec elementor-widget elementor-widget-image\" data-id=\"411efec\" data-element_type=\"widget\" data-e-type=\"widget\" data-widget_type=\"image.default\">\n\t\t\t\t<div class=\"elementor-widget-container\">\n\t\t\t\t\t\t\t\t\t\t\t\t\t\t\t<img fetchpriority=\"high\" decoding=\"async\" width=\"800\" height=\"384\" src=\"https:\/\/shatranj.art\/wp-content\/uploads\/2026\/02\/regence-cafe-chess-set-1780-1820-1-1024x491.png\" class=\"attachment-large size-large wp-image-1073\" alt=\"\" srcset=\"https:\/\/shatranj.art\/wp-content\/uploads\/2026\/02\/regence-cafe-chess-set-1780-1820-1-1024x491.png 1024w, https:\/\/shatranj.art\/wp-content\/uploads\/2026\/02\/regence-cafe-chess-set-1780-1820-1-300x144.png 300w, https:\/\/shatranj.art\/wp-content\/uploads\/2026\/02\/regence-cafe-chess-set-1780-1820-1-768x369.png 768w, https:\/\/shatranj.art\/wp-content\/uploads\/2026\/02\/regence-cafe-chess-set-1780-1820-1-1536x737.png 1536w, https:\/\/shatranj.art\/wp-content\/uploads\/2026\/02\/regence-cafe-chess-set-1780-1820-1.png 1886w\" sizes=\"(max-width: 800px) 100vw, 800px\" \/>\t\t\t\t\t\t\t\t\t\t\t\t\t\t\t<\/div>\n\t\t\t\t<\/div>\n\t\t\t\t<div class=\"elementor-element elementor-element-6e231da elementor-widget-tablet__width-inherit elementor-widget elementor-widget-text-editor\" data-id=\"6e231da\" data-element_type=\"widget\" data-e-type=\"widget\" data-widget_type=\"text-editor.default\">\n\t\t\t\t<div class=\"elementor-widget-container\">\n\t\t\t\t\t\t\t\t\t<p><strong>\u015eAH\u00ce set monarch\/king\/shah piece: G\u00fcl\u015fah<\/strong><\/p><p>\u03a4\u03bf G\u00fcl\u015fah \u03b1\u03bd\u03c4\u03b9\u03c0\u03c1\u03bf\u03c3\u03c9\u03c0\u03b5\u03cd\u03b5\u03b9 \u03c4\u03b7 \u03c3\u03bf\u03c6\u03af\u03b1 \u03c4\u03bf\u03c5 \u03ba\u03b5\u03c6\u03b1\u03bb\u03cc\u03b4\u03b5\u03c3\u03bc\u03bf\u03c5, \u03c4\u03b7\u03bd \u03b9\u03b5\u03c1\u03cc\u03c4\u03b7\u03c4\u03b1 \u03ba\u03b1\u03b9 \u03c4\u03b7\u03bd \u03b5\u03be\u03bf\u03c5\u03c3\u03af\u03b1 \u03c4\u03bf\u03c5 \u03b8\u03cc\u03bb\u03bf\u03c5 \u03ba\u03b1\u03b9 \u03c4\u03bf \u03c4\u03c1\u03b9\u03b1\u03bd\u03c4\u03ac\u03c6\u03c5\u03bb\u03bb\u03bf \u03c9\u03c2 \u03c3\u03cd\u03bc\u03b2\u03bf\u03bb\u03bf \u03c4\u03b7\u03c2 \u03b6\u03c9\u03ae\u03c2 \u03ba\u03b1\u03b9 \u03c4\u03b7\u03c2 \u03bf\u03bc\u03bf\u03c1\u03c6\u03b9\u03ac\u03c2, \u03c4\u03bf \u03bf\u03c0\u03bf\u03af\u03bf \u03c0\u03c1\u03ad\u03c0\u03b5\u03b9 \u03bd\u03b1 \u03c0\u03c1\u03bf\u03c3\u03c4\u03b1\u03c4\u03b5\u03cd\u03b5\u03c4\u03b1\u03b9 \u03b1\u03c0\u03cc \u03c4\u03bf \u03bc\u03b1\u03c4. \u039f \u03b8\u03cc\u03bb\u03bf\u03c2 \u03b1\u03bd\u03c4\u03bb\u03b5\u03af \u03ad\u03bc\u03c0\u03bd\u03b5\u03c5\u03c3\u03b7 \u03b1\u03c0\u03cc \u03b5\u03bc\u03b2\u03bb\u03b7\u03bc\u03b1\u03c4\u03b9\u03ba\u03ad\u03c2 \u03ba\u03b1\u03c4\u03b1\u03c3\u03ba\u03b5\u03c5\u03ad\u03c2 \u03cc\u03c0\u03c9\u03c2 \u03b7 \u0391\u03b3\u03af\u03b1 \u03a3\u03bf\u03c6\u03af\u03b1, \u03c4\u03bf \u03a0\u03ac\u03bd\u03b8\u03b5\u03bf\u03bd \u03ba\u03b1\u03b9 \u03c4\u03bf MIT. \u03a4\u03bf \u03ba\u03ac\u03bb\u03c5\u03bc\u03bc\u03b1 \u03c4\u03b7\u03c2 \u03ba\u03b5\u03c6\u03b1\u03bb\u03ae\u03c2 \u03b1\u03bd\u03c4\u03b9\u03ba\u03b1\u03c4\u03bf\u03c0\u03c4\u03c1\u03af\u03b6\u03b5\u03b9 \u03c4\u03b7\u03bd \u03c0\u03bd\u03b5\u03c5\u03bc\u03b1\u03c4\u03b9\u03ba\u03ae \u03ba\u03bb\u03b7\u03c1\u03bf\u03bd\u03bf\u03bc\u03b9\u03ac \u03c4\u03c9\u03bd \u03c0\u03c1\u03ce\u03c4\u03c9\u03bd \u03c3\u03ba\u03b1\u03ba\u03b9\u03c3\u03c4\u03ce\u03bd \u03c3\u03c5\u03b3\u03b3\u03c1\u03b1\u03c6\u03ad\u03c9\u03bd, \u03cc\u03c0\u03c9\u03c2 \u03bf As-Suli \u03ba\u03b1\u03b9 \u03bf Stamma, \u03b5\u03bd\u03ce \u03c4\u03bf \u03c3\u03c4\u03ad\u03bc\u03bc\u03b1 \u03bc\u03bf\u03b9\u03ac\u03b6\u03b5\u03b9 \u03bc\u03b5 \u03c4\u03b1 \u03c3\u03c4\u03b5\u03c6\u03ac\u03bd\u03b9\u03b1 \u03b5\u03bb\u03b9\u03ac\u03c2 \u03c4\u03c9\u03bd \u03b1\u03c1\u03c7\u03b1\u03af\u03c9\u03bd \u039f\u03bb\u03c5\u03bc\u03c0\u03b9\u03b1\u03ba\u03ce\u03bd \u0391\u03b3\u03ce\u03bd\u03c9\u03bd. \u0399\u03c3\u03c4\u03bf\u03c1\u03b9\u03ba\u03ac, \u03c4\u03bf \u03ba\u03bf\u03bc\u03bc\u03ac\u03c4\u03b9 \u03b1\u03c5\u03c4\u03cc \u03ad\u03c7\u03b5\u03b9 \u03bf\u03bd\u03bf\u03bc\u03b1\u03c3\u03c4\u03b5\u03af \u03c1\u03b1\u03b3\u03b9\u03ac, \u03c3\u03ac\u03c7\u03b7\u03c2, \u03b2\u03b1\u03c3\u03b9\u03bb\u03b9\u03ac\u03c2 \u03ae \u03b4\u03b9\u03bf\u03b9\u03ba\u03b7\u03c4\u03ae\u03c2. \u201cG\u00fcl\u201d \u03c3\u03b7\u03bc\u03b1\u03af\u03bd\u03b5\u03b9 \u03c4\u03c1\u03b9\u03b1\u03bd\u03c4\u03ac\u03c6\u03c5\u03bb\u03bb\u03bf \u03c3\u03c4\u03b9\u03c2 \u03b3\u03bb\u03ce\u03c3\u03c3\u03b5\u03c2 \u03c4\u03b7\u03c2 \u039a\u03b5\u03bd\u03c4\u03c1\u03b9\u03ba\u03ae\u03c2 \u0391\u03c3\u03af\u03b1\u03c2. \u03a4\u03bf \u201c\u015eah\u201d, \u03c0\u03bf\u03c5 \u03c0\u03c1\u03bf\u03c6\u03ad\u03c1\u03b5\u03c4\u03b1\u03b9 \u03c9\u03c2 \u2018Shah\u2019, \u03b5\u03af\u03bd\u03b1\u03b9 \u03b7 \u03bf\u03bd\u03bf\u03bc\u03b1\u03c3\u03af\u03b1 \u03c4\u03bf\u03c5 \u03c3\u03ba\u03b1\u03ba\u03b9\u03bf\u03cd \u03c3\u03b5 \u03c0\u03bf\u03bb\u03bb\u03ad\u03c2 \u03b3\u03bb\u03ce\u03c3\u03c3\u03b5\u03c2. \u0395\u03bd\u03ce \u03c4\u03bf shah \u03b1\u03bd\u03b1\u03c6\u03b5\u03c1\u03cc\u03c4\u03b1\u03bd \u03b1\u03c1\u03c7\u03b9\u03ba\u03ac \u03c3\u03b5 \u03b1\u03c1\u03c3\u03b5\u03bd\u03b9\u03ba\u03bf\u03cd\u03c2 \u03ba\u03b1\u03bd\u03cc\u03bd\u03b5\u03c2, \u03b7 \u03bc\u03b5\u03c4\u03b1\u03c6\u03bf\u03c1\u03b9\u03ba\u03ae \u03ae \u03c3\u03cd\u03b3\u03c7\u03c1\u03bf\u03bd\u03b7 \u03c7\u03c1\u03ae\u03c3\u03b7 \u03c4\u03bf\u03c5 \u03ad\u03c7\u03b5\u03b9 \u03b3\u03af\u03bd\u03b5\u03b9 \u03bf\u03c5\u03b4\u03ad\u03c4\u03b5\u03c1\u03b7 \u03c9\u03c2 \u03c0\u03c1\u03bf\u03c2 \u03c4\u03bf \u03c6\u03cd\u03bb\u03bf.<\/p>\t\t\t\t\t\t\t\t<\/div>\n\t\t\t\t<\/div>\n\t\t\t\t<div class=\"elementor-element elementor-element-10b021d elementor-widget elementor-widget-image\" data-id=\"10b021d\" data-element_type=\"widget\" data-e-type=\"widget\" data-widget_type=\"image.default\">\n\t\t\t\t<div class=\"elementor-widget-container\">\n\t\t\t\t\t\t\t\t\t\t\t\t\t\t\t<img decoding=\"async\" width=\"188\" height=\"237\" src=\"https:\/\/shatranj.art\/wp-content\/uploads\/2026\/02\/Philipp-Stamma-Public-Domain.jpg\" class=\"attachment-large size-large wp-image-1071\" alt=\"\" \/>\t\t\t\t\t\t\t\t\t\t\t\t\t\t\t<\/div>\n\t\t\t\t<\/div>\n\t\t\t\t<\/div>\n\t\t<div class=\"elementor-element elementor-element-538608d e-con-full e-flex e-con e-child\" data-id=\"538608d\" data-element_type=\"container\" data-e-type=\"container\">\n\t\t\t\t<div class=\"elementor-element elementor-element-60ca9fa elementor-widget elementor-widget-image\" data-id=\"60ca9fa\" data-element_type=\"widget\" data-e-type=\"widget\" data-widget_type=\"image.default\">\n\t\t\t\t<div class=\"elementor-widget-container\">\n\t\t\t\t\t\t\t\t\t\t\t\t\t\t\t<img decoding=\"async\" width=\"800\" height=\"800\" src=\"https:\/\/shatranj.art\/wp-content\/uploads\/2026\/02\/shahi-gulsah-king-piece-1-1024x1024.png\" class=\"attachment-large size-large wp-image-1074\" alt=\"\" srcset=\"https:\/\/shatranj.art\/wp-content\/uploads\/2026\/02\/shahi-gulsah-king-piece-1-1024x1024.png 1024w, https:\/\/shatranj.art\/wp-content\/uploads\/2026\/02\/shahi-gulsah-king-piece-1-300x300.png 300w, https:\/\/shatranj.art\/wp-content\/uploads\/2026\/02\/shahi-gulsah-king-piece-1-150x150.png 150w, https:\/\/shatranj.art\/wp-content\/uploads\/2026\/02\/shahi-gulsah-king-piece-1-768x768.png 768w, https:\/\/shatranj.art\/wp-content\/uploads\/2026\/02\/shahi-gulsah-king-piece-1-1536x1536.png 1536w, https:\/\/shatranj.art\/wp-content\/uploads\/2026\/02\/shahi-gulsah-king-piece-1-2048x2048.png 2048w\" sizes=\"(max-width: 800px) 100vw, 800px\" \/>\t\t\t\t\t\t\t\t\t\t\t\t\t\t\t<\/div>\n\t\t\t\t<\/div>\n\t\t\t\t<div class=\"elementor-element elementor-element-aa06c95 elementor-widget-tablet__width-inherit elementor-widget elementor-widget-text-editor\" data-id=\"aa06c95\" data-element_type=\"widget\" data-e-type=\"widget\" data-widget_type=\"text-editor.default\">\n\t\t\t\t<div class=\"elementor-widget-container\">\n\t\t\t\t\t\t\t\t\t<p><strong>\u03a0\u03b5\u03c1\u03b9\u03b3\u03c1\u03b1\u03c6\u03ae \u03ba\u03b1\u03b9 \u03ba\u03bb\u03b7\u03c1\u03bf\u03bd\u03bf\u03bc\u03b9\u03ac<\/strong><\/p><p>\u03a4\u03bf \u03ba\u03bf\u03bc\u03bc\u03ac\u03c4\u03b9 G\u00fcl\u015fah \u03b4\u03b9\u03b1\u03b8\u03ad\u03c4\u03b5\u03b9 \u03ad\u03bd\u03b1 \u03b4\u03b9\u03b1\u03ba\u03c1\u03b9\u03c4\u03b9\u03ba\u03cc \u03c3\u03c7\u03ad\u03b4\u03b9\u03bf \u03c0\u03bf\u03c5 \u03c4\u03b9\u03bc\u03ac \u03c4\u03bf\u03c5\u03c2 \u03c0\u03bd\u03b5\u03c5\u03bc\u03b1\u03c4\u03b9\u03ba\u03bf\u03cd\u03c2 \u03b3\u03af\u03b3\u03b1\u03bd\u03c4\u03b5\u03c2 \u03c4\u03b7\u03c2 \u03b9\u03c3\u03c4\u03bf\u03c1\u03af\u03b1\u03c2 \u03c4\u03bf\u03c5 \u03c3\u03ba\u03b1\u03ba\u03b9\u03bf\u03cd. \u03a4\u03bf \u03ba\u03ac\u03bb\u03c5\u03bc\u03bc\u03b1 \u03c4\u03b7\u03c2 \u03ba\u03b5\u03c6\u03b1\u03bb\u03ae\u03c2 \u03ad\u03c7\u03b5\u03b9 \u03c9\u03c2 \u03c0\u03c1\u03cc\u03c4\u03c5\u03c0\u03bf \u03c4\u03b1 \u03c0\u03b1\u03c1\u03b1\u03b4\u03bf\u03c3\u03b9\u03b1\u03ba\u03ac \u03c4\u03bf\u03c5\u03c1\u03bc\u03c0\u03ac\u03bd\u03b9\u03b1 \u03c0\u03bf\u03c5 \u03c6\u03bf\u03c1\u03bf\u03cd\u03c3\u03b1\u03bd \u03bc\u03bf\u03c1\u03c6\u03ad\u03c2 \u03cc\u03c0\u03c9\u03c2 \u03bf \u03bc\u03b5\u03c3\u03b1\u03b9\u03c9\u03bd\u03b9\u03ba\u03cc\u03c2 \u03b4\u03ac\u03c3\u03ba\u03b1\u03bb\u03bf\u03c2 as-Suli \u03ba\u03b1\u03b9 \u03bf Philipp Stamma, \u03bf \u03b4\u03ac\u03c3\u03ba\u03b1\u03bb\u03bf\u03c2 \u03ba\u03b1\u03b9 \u03b2\u03b1\u03c3\u03b9\u03bb\u03b9\u03ba\u03cc\u03c2 \u03bc\u03b5\u03c4\u03b1\u03c6\u03c1\u03b1\u03c3\u03c4\u03ae\u03c2 \u03c4\u03bf\u03c5 18\u03bf\u03c5 \u03b1\u03b9\u03ce\u03bd\u03b1. \u0393\u03b5\u03bd\u03bd\u03b7\u03bc\u03ad\u03bd\u03bf\u03c2 \u03c3\u03c4\u03bf \u03a7\u03b1\u03bb\u03ad\u03c0\u03b9 \u03ba\u03b1\u03b9 \u03b5\u03bd\u03b5\u03c1\u03b3\u03cc\u03c2 \u03c3\u03c4\u03b1 \u03bc\u03b5\u03b3\u03ac\u03bb\u03b1 \u03c0\u03bd\u03b5\u03c5\u03bc\u03b1\u03c4\u03b9\u03ba\u03ac \u03ba\u03ad\u03bd\u03c4\u03c1\u03b1 \u03c4\u03bf\u03c5 \u039b\u03bf\u03bd\u03b4\u03af\u03bd\u03bf\u03c5 \u03ba\u03b1\u03b9 \u03c4\u03bf\u03c5 \u03a0\u03b1\u03c1\u03b9\u03c3\u03b9\u03bf\u03cd, \u03bf Stamma \u03ae\u03c4\u03b1\u03bd \u03bc\u03b9\u03b1 \u03c0\u03c1\u03b1\u03b3\u03bc\u03b1\u03c4\u03b9\u03ba\u03ac \u03c0\u03bf\u03bb\u03c5\u03c0\u03bf\u03bb\u03b9\u03c4\u03b9\u03c3\u03bc\u03b9\u03ba\u03ae \u03c0\u03c1\u03bf\u03c3\u03c9\u03c0\u03b9\u03ba\u03cc\u03c4\u03b7\u03c4\u03b1, \u03c4\u03bf\u03c5 \u03bf\u03c0\u03bf\u03af\u03bf\u03c5 \u03c4\u03bf \u03ad\u03c1\u03b3\u03bf \u03c9\u03c2 \u03b4\u03b9\u03b5\u03c1\u03bc\u03b7\u03bd\u03ad\u03b1 \u03b3\u03b9\u03b1 \u03c4\u03bf \u03b2\u03c1\u03b5\u03c4\u03b1\u03bd\u03b9\u03ba\u03cc \u03ba\u03c1\u03ac\u03c4\u03bf\u03c2 \u03ba\u03b1\u03b9 \u03c4\u03b1 \u03c0\u03c1\u03c9\u03c4\u03bf\u03c0\u03bf\u03c1\u03b9\u03b1\u03ba\u03ac \u03c3\u03c5\u03c3\u03c4\u03ae\u03bc\u03b1\u03c4\u03b1 \u03c3\u03b7\u03bc\u03b5\u03b9\u03ce\u03c3\u03b5\u03c9\u03bd \u03c3\u03ba\u03b1\u03ba\u03b9\u03bf\u03cd \u03c0\u03bf\u03c5 \u03b4\u03b7\u03bc\u03b9\u03bf\u03cd\u03c1\u03b3\u03b7\u03c3\u03b5 \u03b3\u03b5\u03c6\u03cd\u03c1\u03c9\u03c3\u03b1\u03bd \u03c4\u03b9\u03c2 \u03b1\u03bd\u03b1\u03c4\u03bf\u03bb\u03b9\u03ba\u03ad\u03c2 \u03ba\u03b1\u03b9 \u03b4\u03c5\u03c4\u03b9\u03ba\u03ad\u03c2 \u03c0\u03b1\u03c1\u03b1\u03b4\u03cc\u03c3\u03b5\u03b9\u03c2. \u0391\u03c5\u03c4\u03cc \u03c4\u03bf \u03c3\u03c7\u03ad\u03b4\u03b9\u03bf \u03c0\u03c1\u03bf\u03c3\u03b4\u03af\u03b4\u03b5\u03b9 \u03c3\u03c4\u03bf \u03ba\u03bf\u03bc\u03bc\u03ac\u03c4\u03b9 \u03bc\u03b9\u03b1 \u03b1\u03af\u03c3\u03b8\u03b7\u03c3\u03b7 \u03b2\u03b1\u03b8\u03b9\u03ac\u03c2 \u03c3\u03bf\u03c6\u03af\u03b1\u03c2 \u03ba\u03b1\u03b9 \u03b5\u03c0\u03b9\u03c3\u03c4\u03b7\u03bc\u03bf\u03bd\u03b9\u03ba\u03bf\u03cd \u03ba\u03cd\u03c1\u03bf\u03c5\u03c2.<\/p>\t\t\t\t\t\t\t\t<\/div>\n\t\t\t\t<\/div>\n\t\t\t\t<div class=\"elementor-element elementor-element-117e242 elementor-widget elementor-widget-image\" data-id=\"117e242\" data-element_type=\"widget\" data-e-type=\"widget\" data-widget_type=\"image.default\">\n\t\t\t\t<div class=\"elementor-widget-container\">\n\t\t\t\t\t\t\t\t\t\t\t\t\t\t\t<img loading=\"lazy\" decoding=\"async\" width=\"800\" height=\"592\" src=\"https:\/\/shatranj.art\/wp-content\/uploads\/2026\/02\/olive-crown-olympos-1024x758.jpg\" class=\"attachment-large size-large wp-image-1558\" alt=\"\" srcset=\"https:\/\/shatranj.art\/wp-content\/uploads\/2026\/02\/olive-crown-olympos-1024x758.jpg 1024w, https:\/\/shatranj.art\/wp-content\/uploads\/2026\/02\/olive-crown-olympos-300x222.jpg 300w, https:\/\/shatranj.art\/wp-content\/uploads\/2026\/02\/olive-crown-olympos-768x568.jpg 768w, https:\/\/shatranj.art\/wp-content\/uploads\/2026\/02\/olive-crown-olympos-16x12.jpg 16w, https:\/\/shatranj.art\/wp-content\/uploads\/2026\/02\/olive-crown-olympos.jpg 1280w\" sizes=\"(max-width: 800px) 100vw, 800px\" \/>\t\t\t\t\t\t\t\t\t\t\t\t\t\t\t<\/div>\n\t\t\t\t<\/div>\n\t\t\t\t<div class=\"elementor-element elementor-element-07417e4 elementor-widget-tablet__width-inherit elementor-widget elementor-widget-text-editor\" data-id=\"07417e4\" data-element_type=\"widget\" data-e-type=\"widget\" data-widget_type=\"text-editor.default\">\n\t\t\t\t<div class=\"elementor-widget-container\">\n\t\t\t\t\t\t\t\t\t<p><strong>\u03a1\u03bf\u03b4\u03bf\u03c0\u03ad\u03c4\u03b1\u03bb\u03b1 \u03ba\u03b1\u03b9 \u03c4\u03bf \u03c3\u03c4\u03b5\u03c6\u03ac\u03bd\u03b9 \u03c4\u03b7\u03c2 \u03b5\u03bb\u03b9\u03ac\u03c2 \u03c4\u03bf\u03c5 \u039f\u03bb\u03cd\u03bc\u03c0\u03bf\u03c5<\/strong><\/p><p>\u03a4\u03bf \u03c3\u03c4\u03ad\u03bc\u03bc\u03b1 \u03c4\u03bf\u03c5 \u03ba\u03bf\u03bc\u03bc\u03b1\u03c4\u03b9\u03bf\u03cd \u03c4\u03bf\u03c5 \u03bc\u03bf\u03bd\u03ac\u03c1\u03c7\u03b7 \u015eAH\u00ce \u03b4\u03b9\u03b1\u03b8\u03ad\u03c4\u03b5\u03b9 \u03c1\u03bf\u03b4\u03bf\u03c0\u03ad\u03c4\u03b1\u03bb\u03b1 \u03c0\u03bf\u03c5 \u03c3\u03c5\u03bc\u03b2\u03bf\u03bb\u03af\u03b6\u03bf\u03c5\u03bd \u03c4\u03b7\u03bd \u03bf\u03bc\u03bf\u03c1\u03c6\u03b9\u03ac \u03ba\u03b1\u03b9 \u03c4\u03b7\u03bd \u03b5\u03c5\u03b8\u03c1\u03b1\u03c5\u03c3\u03c4\u03cc\u03c4\u03b7\u03c4\u03b1 \u03c4\u03b7\u03c2 \u03b6\u03c9\u03ae\u03c2 - \u03bc\u03b9\u03b1 \u03c0\u03bf\u03bb\u03cd\u03c4\u03b9\u03bc\u03b7 \u03ba\u03b1\u03c4\u03ac\u03c3\u03c4\u03b1\u03c3\u03b7 \u03c0\u03bf\u03c5 \u03c0\u03c1\u03ad\u03c0\u03b5\u03b9 \u03bd\u03b1 \u03c0\u03c1\u03bf\u03c3\u03c4\u03b1\u03c4\u03b5\u03cd\u03b5\u03c4\u03b1\u03b9 \u03bc\u03b5 \u03c3\u03c6\u03bf\u03b4\u03c1\u03cc\u03c4\u03b7\u03c4\u03b1, \u03b1\u03ba\u03c1\u03b9\u03b2\u03ce\u03c2 \u03cc\u03c0\u03c9\u03c2 \u03bf \u03b2\u03b1\u03c3\u03b9\u03bb\u03b9\u03ac\u03c2 \u03c6\u03c5\u03bb\u03ac\u03c3\u03c3\u03b5\u03c4\u03b1\u03b9 \u03c3\u03c4\u03b7 \u03c3\u03ba\u03b1\u03ba\u03b9\u03ad\u03c1\u03b1 \u03b3\u03b9\u03b1 \u03bd\u03b1 \u03b1\u03c0\u03bf\u03c4\u03c1\u03ad\u03c8\u03b5\u03b9 \u03c4\u03bf \u03bc\u03b1\u03c4. \u0391\u03c5\u03c4\u03cc \u03c4\u03bf \u03c3\u03c7\u03ad\u03b4\u03b9\u03bf \u03b5\u03af\u03bd\u03b1\u03b9 \u03c0\u03b5\u03c1\u03b1\u03b9\u03c4\u03ad\u03c1\u03c9 \u03b5\u03bc\u03c0\u03bd\u03b5\u03c5\u03c3\u03bc\u03ad\u03bd\u03bf \u03b1\u03c0\u03cc \u03c4\u03bf \u03c3\u03c4\u03ad\u03bc\u03bc\u03b1 \u03c4\u03b7\u03c2 \u03b5\u03bb\u03b9\u03ac\u03c2 \u03c4\u03bf\u03c5 \u039f\u03bb\u03cd\u03bc\u03c0\u03bf\u03c5, \u03b3\u03b5\u03c6\u03c5\u03c1\u03ce\u03bd\u03bf\u03bd\u03c4\u03b1\u03c2 \u03c4\u03b7\u03bd \u03b9\u03c3\u03c4\u03bf\u03c1\u03b9\u03ba\u03ae \u03b5\u03c0\u03b9\u03b4\u03af\u03c9\u03be\u03b7 \u03c4\u03b7\u03c2 \u03bd\u03af\u03ba\u03b7\u03c2 \u03bc\u03b5 \u03c4\u03b7 \u03b4\u03b9\u03b1\u03c4\u03ae\u03c1\u03b7\u03c3\u03b7 \u03c4\u03b7\u03c2 \u03b5\u03c5\u03b1\u03af\u03c3\u03b8\u03b7\u03c4\u03b7\u03c2 \u03c6\u03cd\u03c3\u03b7\u03c2 \u03c4\u03b7\u03c2 \u03b6\u03c9\u03ae\u03c2.<\/p>\t\t\t\t\t\t\t\t<\/div>\n\t\t\t\t<\/div>\n\t\t\t\t<\/div>\n\t\t<div class=\"elementor-element elementor-element-2d81034 e-con-full e-flex e-con e-child\" data-id=\"2d81034\" data-element_type=\"container\" data-e-type=\"container\">\n\t\t\t\t<div class=\"elementor-element elementor-element-71345be elementor-widget elementor-widget-image\" data-id=\"71345be\" data-element_type=\"widget\" data-e-type=\"widget\" data-widget_type=\"image.default\">\n\t\t\t\t<div class=\"elementor-widget-container\">\n\t\t\t\t\t\t\t\t\t\t\t\t\t\t\t<img loading=\"lazy\" decoding=\"async\" width=\"600\" height=\"800\" src=\"https:\/\/shatranj.art\/wp-content\/uploads\/2026\/02\/suli-statue.jpg\" class=\"attachment-large size-large wp-image-1075\" alt=\"\" srcset=\"https:\/\/shatranj.art\/wp-content\/uploads\/2026\/02\/suli-statue.jpg 600w, https:\/\/shatranj.art\/wp-content\/uploads\/2026\/02\/suli-statue-225x300.jpg 225w\" sizes=\"(max-width: 600px) 100vw, 600px\" \/>\t\t\t\t\t\t\t\t\t\t\t\t\t\t\t<\/div>\n\t\t\t\t<\/div>\n\t\t\t\t<div class=\"elementor-element elementor-element-1f7e824 elementor-widget-tablet__width-inherit elementor-widget elementor-widget-text-editor\" data-id=\"1f7e824\" data-element_type=\"widget\" data-e-type=\"widget\" data-widget_type=\"text-editor.default\">\n\t\t\t\t<div class=\"elementor-widget-container\">\n\t\t\t\t\t\t\t\t\t<p><strong>\u039a\u03bb\u03b7\u03c1\u03bf\u03bd\u03bf\u03bc\u03b9\u03ac \u03c4\u03bf\u03c5 \u0394\u03b9\u03b1\u03c6\u03c9\u03c4\u03b9\u03c3\u03bc\u03bf\u03cd<\/strong><br \/><strong>\u0397 \u03ba\u03bb\u03b7\u03c1\u03bf\u03bd\u03bf\u03bc\u03b9\u03ac \u03c4\u03b7\u03c2 R\u00e9gence \u03c3\u03c4\u03bf \u03c3\u03cd\u03bd\u03bf\u03bb\u03bf \u015eah\u00ee<\/strong><\/p><p>\u00a0<\/p><p>\u03a4\u03bf \u03b3\u03b1\u03bb\u03bb\u03b9\u03ba\u03cc \u03c3\u03b5\u03c4 R\u00e9gence \u03c3\u03c5\u03bc\u03b2\u03bf\u03bb\u03af\u03b6\u03b5\u03b9 \u03c4\u03bf\u03bd \u0394\u03b9\u03b1\u03c6\u03c9\u03c4\u03b9\u03c3\u03bc\u03cc, \u03bc\u03b9\u03b1 \u03b5\u03c0\u03bf\u03c7\u03ae \u03c0\u03bf\u03c5 \u03bf\u03c1\u03af\u03b6\u03b5\u03c4\u03b1\u03b9 \u03b1\u03c0\u03cc \u03c4\u03b7 \u03bb\u03bf\u03b3\u03b9\u03ba\u03ae \u03ba\u03b1\u03b9 \u03c4\u03b7\u03bd \u03b1\u03bd\u03b1\u03b6\u03ae\u03c4\u03b7\u03c3\u03b7 \u03c4\u03b7\u03c2 \u03b3\u03bd\u03ce\u03c3\u03b7\u03c2. \u03a0\u03b1\u03af\u03b6\u03b5\u03c4\u03b1\u03b9 \u03b1\u03c0\u03cc \u03b9\u03c3\u03c4\u03bf\u03c1\u03b9\u03ba\u03bf\u03cd\u03c2 \u03b3\u03af\u03b3\u03b1\u03bd\u03c4\u03b5\u03c2 \u03cc\u03c0\u03c9\u03c2 \u03bf \u0392\u03b5\u03bd\u03b9\u03b1\u03bc\u03af\u03bd \u03a6\u03c1\u03b1\u03b3\u03ba\u03bb\u03af\u03bd\u03bf\u03c2, \u03bf \u039d\u03b1\u03c0\u03bf\u03bb\u03ad\u03c9\u03bd \u0392\u03bf\u03bd\u03b1\u03c0\u03ac\u03c1\u03c4\u03b7\u03c2 \u03ba\u03b1\u03b9 \u03bf \u03b4\u03ac\u03c3\u03ba\u03b1\u03bb\u03bf\u03c2 Philidor \u03c3\u03c4\u03bf \u03c6\u03b7\u03bc\u03b9\u03c3\u03bc\u03ad\u03bd\u03bf Caf\u00e9 de la R\u00e9gence, \u03ba\u03b1\u03b9 \u03b1\u03c5\u03c4\u03cc \u03c4\u03bf \u03c3\u03b5\u03c4 \u03ad\u03b3\u03b9\u03bd\u03b5 \u03c4\u03bf \u03c0\u03c1\u03cc\u03c4\u03c5\u03c0\u03bf \u03b3\u03b9\u03b1 \u03c4\u03bf\u03bd \u03c0\u03bd\u03b5\u03c5\u03bc\u03b1\u03c4\u03b9\u03ba\u03cc \u03b1\u03bd\u03c4\u03b1\u03b3\u03c9\u03bd\u03b9\u03c3\u03bc\u03cc. \u0397 \u03c3\u03ba\u03b1\u03ba\u03b9\u03ad\u03c1\u03b1 \u015eah\u00ee \u03b4\u03b9\u03b1\u03c4\u03b7\u03c1\u03b5\u03af \u03c3\u03ba\u03cc\u03c0\u03b9\u03bc\u03b1 \u03b1\u03c5\u03c4\u03ae \u03c4\u03b7\u03bd \u03ba\u03bb\u03b7\u03c1\u03bf\u03bd\u03bf\u03bc\u03b9\u03ac. \u0391\u03bd\u03c4\u03bb\u03ce\u03bd\u03c4\u03b1\u03c2 \u03ad\u03bc\u03c0\u03bd\u03b5\u03c5\u03c3\u03b7 \u03b1\u03c0\u03cc \u03c4\u03b1 \u03c6\u03c5\u03c4\u03b9\u03ba\u03ac \u03bc\u03bf\u03c4\u03af\u03b2\u03b1 \u03c4\u03bf\u03c5 \u03b2\u03b1\u03c3\u03b9\u03bb\u03b9\u03ac R\u00e9gence \u03b3\u03b9\u03b1 \u03c4\u03bf \u03ba\u03bf\u03bc\u03bc\u03ac\u03c4\u03b9 G\u00fcl\u015fah, \u03c4\u03bf \u03c3\u03b5\u03c4 \u015eah\u00ee \u03b3\u03b5\u03c6\u03c5\u03c1\u03ce\u03bd\u03b5\u03b9 \u03c4\u03b7\u03bd \u03b5\u03c5\u03c1\u03c9\u03c0\u03b1\u03ca\u03ba\u03ae \u03ba\u03bf\u03bc\u03c8\u03cc\u03c4\u03b7\u03c4\u03b1 \u03c4\u03bf\u03c5 18\u03bf\u03c5 \u03b1\u03b9\u03ce\u03bd\u03b1 \u03bc\u03b5 \u03c4\u03b9\u03c2 \u03b2\u03b1\u03b8\u03b9\u03ad\u03c2 \u03b1\u03ba\u03b1\u03b4\u03b7\u03bc\u03b1\u03ca\u03ba\u03ad\u03c2 \u03c0\u03b1\u03c1\u03b1\u03b4\u03cc\u03c3\u03b5\u03b9\u03c2 \u03c4\u03b7\u03c2 \u0391\u03bd\u03b1\u03c4\u03bf\u03bb\u03ae\u03c2, \u03c4\u03b9\u03bc\u03ce\u03bd\u03c4\u03b1\u03c2 \u03c4\u03bf\u03c5\u03c2 \u03b4\u03b1\u03c3\u03ba\u03ac\u03bb\u03bf\u03c5\u03c2 \u03c0\u03bf\u03c5 \u03ba\u03b1\u03b8\u03cc\u03c1\u03b9\u03c3\u03b1\u03bd \u03c4\u03b7 \u03c7\u03c1\u03c5\u03c3\u03ae \u03b5\u03c0\u03bf\u03c7\u03ae \u03c4\u03bf\u03c5 \u03c0\u03b1\u03b9\u03c7\u03bd\u03b9\u03b4\u03b9\u03bf\u03cd.<\/p>\t\t\t\t\t\t\t\t<\/div>\n\t\t\t\t<\/div>\n\t\t\t\t<\/div>\n\t\t\t\t<\/div>\n\t\t\t\t\t<\/div>\n\t\t\t\t<\/div>\n\t\t\t\t<\/div>","protected":false},"excerpt":{"rendered":"<p>\u015eAH\u00ce set monarch\/king\/shah piece: G\u00fcl\u015fah G\u00fcl\u015fah represents the wisdom of the headwrap, the sanctity and authority of the dome, and rose as a symbol of life and beauty, which must be protected from checkmate. The dome draws inspiration from iconic structures like the Hagia Sophia, the Pantheon, and MIT. The headwrap reflects the intellectual legacy [&hellip;]<\/p>\n","protected":false},"author":1,"featured_media":0,"parent":743,"menu_order":0,"comment_status":"closed","ping_status":"closed","template":"","meta":{"footnotes":""},"class_list":["post-1068","page","type-page","status-publish","hentry"],"_links":{"self":[{"href":"https:\/\/shatranj.art\/el\/wp-json\/wp\/v2\/pages\/1068","targetHints":{"allow":["GET"]}}],"collection":[{"href":"https:\/\/shatranj.art\/el\/wp-json\/wp\/v2\/pages"}],"about":[{"href":"https:\/\/shatranj.art\/el\/wp-json\/wp\/v2\/types\/page"}],"author":[{"embeddable":true,"href":"https:\/\/shatranj.art\/el\/wp-json\/wp\/v2\/users\/1"}],"replies":[{"embeddable":true,"href":"https:\/\/shatranj.art\/el\/wp-json\/wp\/v2\/comments?post=1068"}],"version-history":[{"count":10,"href":"https:\/\/shatranj.art\/el\/wp-json\/wp\/v2\/pages\/1068\/revisions"}],"predecessor-version":[{"id":1561,"href":"https:\/\/shatranj.art\/el\/wp-json\/wp\/v2\/pages\/1068\/revisions\/1561"}],"up":[{"embeddable":true,"href":"https:\/\/shatranj.art\/el\/wp-json\/wp\/v2\/pages\/743"}],"wp:attachment":[{"href":"https:\/\/shatranj.art\/el\/wp-json\/wp\/v2\/media?parent=1068"}],"curies":[{"name":"wp","href":"https:\/\/api.w.org\/{rel}","templated":true}]}}