{"id":1355,"date":"2026-02-23T08:47:26","date_gmt":"2026-02-23T08:47:26","guid":{"rendered":"https:\/\/shatranj.art\/?page_id=1355"},"modified":"2026-02-24T06:17:29","modified_gmt":"2026-02-24T06:17:29","slug":"poster-33","status":"publish","type":"page","link":"https:\/\/shatranj.art\/el\/exhibit\/poster-33\/","title":{"rendered":"\u03b1\u03c6\u03af\u03c3\u03b1 33"},"content":{"rendered":"<div data-elementor-type=\"wp-page\" data-elementor-id=\"1355\" class=\"elementor elementor-1355\" data-elementor-post-type=\"page\">\n\t\t\t\t<div class=\"elementor-element elementor-element-2851794 e-flex e-con-boxed e-con e-parent\" data-id=\"2851794\" data-element_type=\"container\" data-e-type=\"container\" data-settings=\"{&quot;background_background&quot;:&quot;classic&quot;}\">\n\t\t\t\t\t<div class=\"e-con-inner\">\n\t\t<div class=\"elementor-element elementor-element-ed4d108 e-con-full e-flex e-con e-child\" data-id=\"ed4d108\" data-element_type=\"container\" data-e-type=\"container\">\n\t\t\t\t<div class=\"elementor-element elementor-element-2753e94 elementor-widget elementor-widget-image\" data-id=\"2753e94\" data-element_type=\"widget\" data-e-type=\"widget\" data-widget_type=\"image.default\">\n\t\t\t\t<div class=\"elementor-widget-container\">\n\t\t\t\t\t\t\t\t\t\t\t\t\t\t\t<img fetchpriority=\"high\" decoding=\"async\" width=\"800\" height=\"534\" src=\"https:\/\/shatranj.art\/wp-content\/uploads\/2026\/02\/ulku-ve-dalkiran-kultur-un-1024x683.jpeg\" class=\"attachment-large size-large wp-image-1359\" alt=\"\" srcset=\"https:\/\/shatranj.art\/wp-content\/uploads\/2026\/02\/ulku-ve-dalkiran-kultur-un-1024x683.jpeg 1024w, https:\/\/shatranj.art\/wp-content\/uploads\/2026\/02\/ulku-ve-dalkiran-kultur-un-300x200.jpeg 300w, https:\/\/shatranj.art\/wp-content\/uploads\/2026\/02\/ulku-ve-dalkiran-kultur-un-768x512.jpeg 768w, https:\/\/shatranj.art\/wp-content\/uploads\/2026\/02\/ulku-ve-dalkiran-kultur-un-1536x1024.jpeg 1536w, https:\/\/shatranj.art\/wp-content\/uploads\/2026\/02\/ulku-ve-dalkiran-kultur-un-2048x1365.jpeg 2048w, https:\/\/shatranj.art\/wp-content\/uploads\/2026\/02\/ulku-ve-dalkiran-kultur-un-18x12.jpeg 18w\" sizes=\"(max-width: 800px) 100vw, 800px\" \/>\t\t\t\t\t\t\t\t\t\t\t\t\t\t\t<\/div>\n\t\t\t\t<\/div>\n\t\t\t\t<div class=\"elementor-element elementor-element-1b1dadb elementor-widget-tablet__width-inherit elementor-widget elementor-widget-text-editor\" data-id=\"1b1dadb\" data-element_type=\"widget\" data-e-type=\"widget\" data-widget_type=\"text-editor.default\">\n\t\t\t\t<div class=\"elementor-widget-container\">\n\t\t\t\t\t\t\t\t\t<h3><strong>\u0397 \u03c3\u03ba\u03b1\u03ba\u03b9\u03ad\u03c1\u03b1 \u03c4\u03bf\u03c5 \u039c\u03bf\u03c5\u03c3\u03c4\u03b1\u03c6\u03ac \u039a\u03b5\u03bc\u03ac\u03bb \u0391\u03c4\u03b1\u03c4\u03bf\u03cd\u03c1\u03ba<\/strong><span style=\"font-weight: 400;\"><br \/><\/span><span style=\"font-weight: 400;\"><br \/><\/span><\/h3><p><span style=\"font-weight: 400;\">\u0391\u03c5\u03c4\u03cc \u03c4\u03bf \u03c4\u03bc\u03ae\u03bc\u03b1 \u03c4\u03bf\u03c5 exhibit \u03b1\u03bd\u03b1\u03b4\u03b5\u03b9\u03ba\u03bd\u03cd\u03b5\u03b9 \u03ad\u03bd\u03b1 \u03bc\u03bf\u03bd\u03b1\u03b4\u03b9\u03ba\u03cc \u03ba\u03bf\u03bc\u03bc\u03ac\u03c4\u03b9 \u03c4\u03b7\u03c2 \u03c4\u03bf\u03c5\u03c1\u03ba\u03b9\u03ba\u03ae\u03c2 \u03b9\u03c3\u03c4\u03bf\u03c1\u03af\u03b1\u03c2: \u03c4\u03b7\u03bd \u03c0\u03c1\u03bf\u03c3\u03c9\u03c0\u03b9\u03ba\u03ae \u03c3\u03ba\u03b1\u03ba\u03b9\u03ad\u03c1\u03b1 \u03c4\u03bf\u03c5 \u039c\u03bf\u03c5\u03c3\u03c4\u03b1\u03c6\u03ac \u039a\u03b5\u03bc\u03ac\u03bb \u0391\u03c4\u03b1\u03c4\u03bf\u03cd\u03c1\u03ba, \u03c4\u03bf\u03c5 \u03b9\u03b4\u03c1\u03c5\u03c4\u03ae \u03c4\u03b7\u03c2 \u03a4\u03bf\u03c5\u03c1\u03ba\u03b9\u03ba\u03ae\u03c2 \u0394\u03b7\u03bc\u03bf\u03ba\u03c1\u03b1\u03c4\u03af\u03b1\u03c2. \u0397 \u03c6\u03c9\u03c4\u03bf\u03b3\u03c1\u03b1\u03c6\u03af\u03b1 \u03c4\u03b7\u03c2 \u03b3\u03ba\u03b1\u03bb\u03b5\u03c1\u03af \u03b4\u03b5\u03af\u03c7\u03bd\u03b5\u03b9 \u03c4\u03bf\u03bd H. Serta\u00e7 Dalk\u0131ran \u03b4\u03af\u03c0\u03bb\u03b1 \u03c3\u03c4\u03b7\u03bd \u03c5\u03b9\u03bf\u03b8\u03b5\u03c4\u03b7\u03bc\u03ad\u03bd\u03b7 \u03ba\u03cc\u03c1\u03b7 \u03c4\u03bf\u03c5 \u0391\u03c4\u03b1\u03c4\u03bf\u03cd\u03c1\u03ba, \u00dclk\u00fc Adatepe, \u03bd\u03b1 \u03c0\u03b1\u03c1\u03bf\u03c5\u03c3\u03b9\u03ac\u03b6\u03b5\u03b9 \u03bc\u03b5 \u03c5\u03c0\u03b5\u03c1\u03b7\u03c6\u03ac\u03bd\u03b5\u03b9\u03b1 \u03c4\u03bf \u03c3\u03b5\u03c4.<\/span><span style=\"font-weight: 400;\"><br \/><\/span><span style=\"font-weight: 400;\"><br \/><\/span><span style=\"font-weight: 400;\">\u0391\u03c5\u03c4\u03ae \u03b7 \u03c3\u03ba\u03b1\u03ba\u03b9\u03ad\u03c1\u03b1 \u03b5\u03af\u03bd\u03b1\u03b9 \u03bc\u03bf\u03bd\u03b1\u03b4\u03b9\u03ba\u03ac \u03c3\u03ba\u03b1\u03bb\u03b9\u03c3\u03bc\u03ad\u03bd\u03b7 \u03b1\u03c0\u03cc \u03c0\u03c5\u03be\u03ac\u03c1\u03b9 \u03c9\u03c2 \u03ad\u03bd\u03b1 \u03bc\u03bf\u03bd\u03b1\u03b4\u03b9\u03ba\u03cc \u03c3\u03c7\u03ad\u03b4\u03b9\u03bf. \u0395\u03af\u03bd\u03b1\u03b9 \u03b5\u03bc\u03c0\u03bd\u03b5\u03c5\u03c3\u03bc\u03ad\u03bd\u03bf \u03b1\u03c0\u03cc \u03c4\u03b7 \u03bc\u03ac\u03c7\u03b7 \u03c4\u03b7\u03c2 \u039a\u03b1\u03bb\u03bb\u03af\u03c0\u03bf\u03bb\u03b7\u03c2 \u03ba\u03b1\u03b9 \u03c6\u03b9\u03bb\u03bf\u03c4\u03b5\u03c7\u03bd\u03ae\u03b8\u03b7\u03ba\u03b5 \u03b1\u03c0\u03cc \u03c4\u03bf\u03bd Tahsin \u00c7ukurluo\u011flu, \u03c4\u03bf\u03bd \u03c5\u03c0\u03b5\u03cd\u03b8\u03c5\u03bd\u03bf \u03c4\u03bf\u03c5 \u03c3\u03c4\u03b1\u03b8\u03bc\u03bf\u03cd \u03c4\u03b7\u03c2 \u03b4\u03b1\u03c3\u03b9\u03ba\u03ae\u03c2 \u03c6\u03ac\u03c1\u03bc\u03b1\u03c2 Atat\u00fcrk, \u03c3\u03cd\u03b6\u03c5\u03b3\u03bf \u03c4\u03b7\u03c2 \u03c5\u03b9\u03bf\u03b8\u03b5\u03c4\u03b7\u03bc\u03ad\u03bd\u03b7\u03c2 \u03ba\u03cc\u03c1\u03b7\u03c2 \u03c4\u03b7\u03c2 Z\u00fcbeyde Han\u0131m, Vasfiye Han\u0131m, \u03ba\u03b1\u03b9 \u03c0\u03b1\u03c4\u03ad\u03c1\u03b1 \u03c4\u03b7\u03c2 \u03c5\u03b9\u03bf\u03b8\u03b5\u03c4\u03b7\u03bc\u03ad\u03bd\u03b7\u03c2 \u03ba\u03cc\u03c1\u03b7\u03c2 \u03c4\u03bf\u03c5 Atat\u00fcrk, \u00dclk\u00fc Adatepe. \u03a0\u03b1\u03c1\u03bf\u03c5\u03c3\u03b9\u03ac\u03c3\u03c4\u03b7\u03ba\u03b5 \u03c9\u03c2 \u03b4\u03ce\u03c1\u03bf \u03c3\u03c4\u03bf\u03bd \u0391\u03c4\u03b1\u03c4\u03bf\u03cd\u03c1\u03ba. \u039f\u03b9 \u03c0\u03cd\u03c1\u03b3\u03bf\u03b9 \u03b1\u03c0\u03b5\u03b9\u03ba\u03bf\u03bd\u03af\u03b6\u03bf\u03bd\u03c4\u03b1\u03b9 \u03c9\u03c2 \u03ba\u03b1\u03bd\u03cc\u03bd\u03b9\u03b1, \u03c3\u03cd\u03bc\u03c6\u03c9\u03bd\u03b1 \u03bc\u03b5 \u03c4\u03b7\u03bd \u03bf\u03c1\u03bf\u03bb\u03bf\u03b3\u03af\u03b1 \u03b1\u03c5\u03c4\u03bf\u03cd \u03c4\u03bf\u03c5 \u03ba\u03bf\u03bc\u03bc\u03b1\u03c4\u03b9\u03bf\u03cd \u03c9\u03c2 cannon, \u201c\u03ba\u03bf\u03c1\u03c5\u03c6\u03ae\u201d, \u03c3\u03b5 \u03c0\u03bf\u03bb\u03bb\u03ad\u03c2 \u03bd\u03bf\u03c4\u03b9\u03bf\u03c3\u03bb\u03b1\u03b2\u03b9\u03ba\u03ad\u03c2 \u03ba\u03b1\u03b9 \u03b2\u03b1\u03bb\u03ba\u03b1\u03bd\u03b9\u03ba\u03ad\u03c2 \u03b3\u03bb\u03ce\u03c3\u03c3\u03b5\u03c2.\u00a0<\/span><\/p><p><span style=\"font-weight: 400;\">\u039c\u03b5\u03c4\u03ac \u03c4\u03bf \u03b8\u03ac\u03bd\u03b1\u03c4\u03bf \u03c4\u03bf\u03c5 \u0391\u03c4\u03b1\u03c4\u03bf\u03cd\u03c1\u03ba, \u03c4\u03bf \u03c3\u03cd\u03bd\u03bf\u03bb\u03bf \u03b4\u03b9\u03b1\u03c4\u03b7\u03c1\u03ae\u03b8\u03b7\u03ba\u03b5 \u03b1\u03c0\u03cc \u03c4\u03b7\u03bd \u03bf\u03b9\u03ba\u03bf\u03b3\u03ad\u03bd\u03b5\u03b9\u03b1 \u03b1\u03c5\u03c4\u03ae. \u039c\u03b5\u03c4\u03ac \u03c4\u03bf \u03b8\u03ac\u03bd\u03b1\u03c4\u03bf \u03c4\u03bf\u03c5 Tahsin \u00c7ukurluo\u011flu, \u03c4\u03bf \u03c3\u03b5\u03c4 \u03b4\u03cc\u03b8\u03b7\u03ba\u03b5 \u03c9\u03c2 \u03b5\u03bd\u03b8\u03cd\u03bc\u03b9\u03bf \u03c3\u03c4\u03bf\u03bd \u03c3\u03c4\u03b5\u03bd\u03cc \u03c4\u03bf\u03c5 \u03c6\u03af\u03bb\u03bf Selahattin A\u015fkan, \u03bc\u03b9\u03b1 \u03b1\u03be\u03b9\u03cc\u03bb\u03bf\u03b3\u03b7 \u03c0\u03c1\u03bf\u03c3\u03c9\u03c0\u03b9\u03ba\u03cc\u03c4\u03b7\u03c4\u03b1 \u03c4\u03b7\u03c2 \u03c3\u03ba\u03b1\u03ba\u03b9\u03c3\u03c4\u03b9\u03ba\u03ae\u03c2 \u03ba\u03bf\u03b9\u03bd\u03cc\u03c4\u03b7\u03c4\u03b1\u03c2, \u03c3\u03c4\u03bf \u03c3\u03c0\u03af\u03c4\u03b9 \u03c4\u03bf\u03c5\u03c2 \u03c3\u03c4\u03bf Cevizli \u03c4\u03b7\u03c2 \u039a\u03c9\u03bd\u03c3\u03c4\u03b1\u03bd\u03c4\u03b9\u03bd\u03bf\u03cd\u03c0\u03bf\u03bb\u03b7\u03c2.<\/span><\/p><p><span style=\"font-weight: 400;\">\u0391\u03c1\u03b3\u03cc\u03c4\u03b5\u03c1\u03b1, \u03c4\u03bf \u03c3\u03b5\u03c4 \u03b1\u03c5\u03c4\u03cc \u03b4\u03c9\u03c1\u03ae\u03b8\u03b7\u03ba\u03b5 \u03c3\u03c4\u03bf\u03bd H. Serta\u00e7 Dalk\u0131ran, \u03bf \u03bf\u03c0\u03bf\u03af\u03bf\u03c2 \u03af\u03b4\u03c1\u03c5\u03c3\u03b5 \u03c4\u03b7\u03bd \u03c0\u03c1\u03ce\u03c4\u03b7 \u03c3\u03ba\u03b1\u03ba\u03b9\u03c3\u03c4\u03b9\u03ba\u03ae \u03c3\u03c7\u03bf\u03bb\u03ae \u03ba\u03b1\u03b9 \u03bc\u03bf\u03c5\u03c3\u03b5\u03af\u03bf \u03c4\u03b7\u03c2 \u03c7\u03ce\u03c1\u03b1\u03c2 \u03bc\u03b1\u03c2 \u03c3\u03b5 \u03b1\u03bd\u03b1\u03b3\u03bd\u03ce\u03c1\u03b9\u03c3\u03b7 \u03c4\u03c9\u03bd \u03b5\u03be\u03b1\u03b9\u03c1\u03b5\u03c4\u03b9\u03ba\u03ce\u03bd \u03c5\u03c0\u03b7\u03c1\u03b5\u03c3\u03b9\u03ce\u03bd \u03c4\u03bf\u03c5 \u03c3\u03c4\u03bf \u03c3\u03ba\u03ac\u03ba\u03b9 \u03c3\u03c4\u03b7\u03bd \u03a4\u03bf\u03c5\u03c1\u03ba\u03af\u03b1. \u0395\u03af\u03bd\u03b1\u03b9 \u03b3\u03bd\u03c9\u03c3\u03c4\u03cc \u03cc\u03c4\u03b9 \u03bf \u0391\u03c4\u03b1\u03c4\u03bf\u03cd\u03c1\u03ba \u03ad\u03c0\u03b1\u03b9\u03be\u03b5 \u03bc\u03b5 \u03b1\u03c5\u03c4\u03cc \u03b1\u03ba\u03c1\u03b9\u03b2\u03ce\u03c2 \u03c4\u03bf \u03c3\u03b5\u03c4 \u03b5\u03bd\u03b1\u03bd\u03c4\u03af\u03bf\u03bd \u03c4\u03c9\u03bd \u0130smet \u0130n\u00f6n\u00fc, Selahattin Adil Pasha \u03ba\u03b1\u03b9 \u03ac\u03bb\u03bb\u03c9\u03bd \u03c3\u03c5\u03bc\u03c0\u03bf\u03bb\u03b5\u03bc\u03b9\u03c3\u03c4\u03ce\u03bd \u03c4\u03bf\u03c5.<\/span><\/p>\t\t\t\t\t\t\t\t<\/div>\n\t\t\t\t<\/div>\n\t\t\t\t<div class=\"elementor-element elementor-element-8077669 elementor-widget elementor-widget-image\" data-id=\"8077669\" data-element_type=\"widget\" data-e-type=\"widget\" data-widget_type=\"image.default\">\n\t\t\t\t<div class=\"elementor-widget-container\">\n\t\t\t\t\t\t\t\t\t\t\t\t\t\t\t<img decoding=\"async\" width=\"800\" height=\"576\" src=\"https:\/\/shatranj.art\/wp-content\/uploads\/2026\/02\/ataturkun-takimi-afis-calismasi-1-1024x737.jpg\" class=\"attachment-large size-large wp-image-1358\" alt=\"\" srcset=\"https:\/\/shatranj.art\/wp-content\/uploads\/2026\/02\/ataturkun-takimi-afis-calismasi-1-1024x737.jpg 1024w, https:\/\/shatranj.art\/wp-content\/uploads\/2026\/02\/ataturkun-takimi-afis-calismasi-1-300x216.jpg 300w, https:\/\/shatranj.art\/wp-content\/uploads\/2026\/02\/ataturkun-takimi-afis-calismasi-1-768x553.jpg 768w, https:\/\/shatranj.art\/wp-content\/uploads\/2026\/02\/ataturkun-takimi-afis-calismasi-1-1536x1106.jpg 1536w, https:\/\/shatranj.art\/wp-content\/uploads\/2026\/02\/ataturkun-takimi-afis-calismasi-1-2048x1475.jpg 2048w, https:\/\/shatranj.art\/wp-content\/uploads\/2026\/02\/ataturkun-takimi-afis-calismasi-1-18x12.jpg 18w\" sizes=\"(max-width: 800px) 100vw, 800px\" \/>\t\t\t\t\t\t\t\t\t\t\t\t\t\t\t<\/div>\n\t\t\t\t<\/div>\n\t\t\t\t<div class=\"elementor-element elementor-element-887b309 elementor-widget elementor-widget-image\" data-id=\"887b309\" data-element_type=\"widget\" data-e-type=\"widget\" data-widget_type=\"image.default\">\n\t\t\t\t<div class=\"elementor-widget-container\">\n\t\t\t\t\t\t\t\t\t\t\t\t\t\t\t<img decoding=\"async\" width=\"800\" height=\"504\" src=\"https:\/\/shatranj.art\/wp-content\/uploads\/2026\/02\/mustafa-kemal-ataturk-chess-set-reduced-size-1024x645.jpg\" class=\"attachment-large size-large wp-image-1446\" alt=\"\" srcset=\"https:\/\/shatranj.art\/wp-content\/uploads\/2026\/02\/mustafa-kemal-ataturk-chess-set-reduced-size-1024x645.jpg 1024w, https:\/\/shatranj.art\/wp-content\/uploads\/2026\/02\/mustafa-kemal-ataturk-chess-set-reduced-size-300x189.jpg 300w, https:\/\/shatranj.art\/wp-content\/uploads\/2026\/02\/mustafa-kemal-ataturk-chess-set-reduced-size-768x484.jpg 768w, https:\/\/shatranj.art\/wp-content\/uploads\/2026\/02\/mustafa-kemal-ataturk-chess-set-reduced-size-1536x968.jpg 1536w, https:\/\/shatranj.art\/wp-content\/uploads\/2026\/02\/mustafa-kemal-ataturk-chess-set-reduced-size-2048x1291.jpg 2048w, https:\/\/shatranj.art\/wp-content\/uploads\/2026\/02\/mustafa-kemal-ataturk-chess-set-reduced-size-18x12.jpg 18w\" sizes=\"(max-width: 800px) 100vw, 800px\" \/>\t\t\t\t\t\t\t\t\t\t\t\t\t\t\t<\/div>\n\t\t\t\t<\/div>\n\t\t\t\t<div class=\"elementor-element elementor-element-67db2a3 elementor-widget elementor-widget-image\" data-id=\"67db2a3\" data-element_type=\"widget\" data-e-type=\"widget\" data-widget_type=\"image.default\">\n\t\t\t\t<div class=\"elementor-widget-container\">\n\t\t\t\t\t\t\t\t\t\t\t\t\t\t\t<img loading=\"lazy\" decoding=\"async\" width=\"768\" height=\"1024\" src=\"https:\/\/shatranj.art\/wp-content\/uploads\/2026\/02\/ulku-adatepe-my-childhood-with-ataturk-768x1024.jpg\" class=\"attachment-large size-large wp-image-1451\" alt=\"\" srcset=\"https:\/\/shatranj.art\/wp-content\/uploads\/2026\/02\/ulku-adatepe-my-childhood-with-ataturk-768x1024.jpg 768w, https:\/\/shatranj.art\/wp-content\/uploads\/2026\/02\/ulku-adatepe-my-childhood-with-ataturk-225x300.jpg 225w, https:\/\/shatranj.art\/wp-content\/uploads\/2026\/02\/ulku-adatepe-my-childhood-with-ataturk-1152x1536.jpg 1152w, https:\/\/shatranj.art\/wp-content\/uploads\/2026\/02\/ulku-adatepe-my-childhood-with-ataturk-1536x2048.jpg 1536w, https:\/\/shatranj.art\/wp-content\/uploads\/2026\/02\/ulku-adatepe-my-childhood-with-ataturk-9x12.jpg 9w, https:\/\/shatranj.art\/wp-content\/uploads\/2026\/02\/ulku-adatepe-my-childhood-with-ataturk-scaled.jpg 1920w\" sizes=\"(max-width: 768px) 100vw, 768px\" \/>\t\t\t\t\t\t\t\t\t\t\t\t\t\t\t<\/div>\n\t\t\t\t<\/div>\n\t\t\t\t<div class=\"elementor-element elementor-element-00467b4 elementor-widget elementor-widget-image\" data-id=\"00467b4\" data-element_type=\"widget\" data-e-type=\"widget\" data-widget_type=\"image.default\">\n\t\t\t\t<div class=\"elementor-widget-container\">\n\t\t\t\t\t\t\t\t\t\t\t\t\t\t\t<img loading=\"lazy\" decoding=\"async\" width=\"768\" height=\"1024\" src=\"https:\/\/shatranj.art\/wp-content\/uploads\/2026\/02\/ulku-adatepe-ataturk-memoirs-768x1024.jpg\" class=\"attachment-large size-large wp-image-1447\" alt=\"\" srcset=\"https:\/\/shatranj.art\/wp-content\/uploads\/2026\/02\/ulku-adatepe-ataturk-memoirs-768x1024.jpg 768w, https:\/\/shatranj.art\/wp-content\/uploads\/2026\/02\/ulku-adatepe-ataturk-memoirs-225x300.jpg 225w, https:\/\/shatranj.art\/wp-content\/uploads\/2026\/02\/ulku-adatepe-ataturk-memoirs-1152x1536.jpg 1152w, https:\/\/shatranj.art\/wp-content\/uploads\/2026\/02\/ulku-adatepe-ataturk-memoirs-1536x2048.jpg 1536w, https:\/\/shatranj.art\/wp-content\/uploads\/2026\/02\/ulku-adatepe-ataturk-memoirs-9x12.jpg 9w, https:\/\/shatranj.art\/wp-content\/uploads\/2026\/02\/ulku-adatepe-ataturk-memoirs-scaled.jpg 1920w\" sizes=\"(max-width: 768px) 100vw, 768px\" \/>\t\t\t\t\t\t\t\t\t\t\t\t\t\t\t<\/div>\n\t\t\t\t<\/div>\n\t\t\t\t<div class=\"elementor-element elementor-element-9bf6bee elementor-widget elementor-widget-image\" data-id=\"9bf6bee\" data-element_type=\"widget\" data-e-type=\"widget\" data-widget_type=\"image.default\">\n\t\t\t\t<div class=\"elementor-widget-container\">\n\t\t\t\t\t\t\t\t\t\t\t\t\t\t\t<img loading=\"lazy\" decoding=\"async\" width=\"530\" height=\"800\" src=\"https:\/\/shatranj.art\/wp-content\/uploads\/2026\/02\/mustafa-kemal-atatur-ulku-adatepe.jpg\" class=\"attachment-large size-large wp-image-1449\" alt=\"\" srcset=\"https:\/\/shatranj.art\/wp-content\/uploads\/2026\/02\/mustafa-kemal-atatur-ulku-adatepe.jpg 530w, https:\/\/shatranj.art\/wp-content\/uploads\/2026\/02\/mustafa-kemal-atatur-ulku-adatepe-199x300.jpg 199w, https:\/\/shatranj.art\/wp-content\/uploads\/2026\/02\/mustafa-kemal-atatur-ulku-adatepe-8x12.jpg 8w\" sizes=\"(max-width: 530px) 100vw, 530px\" \/>\t\t\t\t\t\t\t\t\t\t\t\t\t\t\t<\/div>\n\t\t\t\t<\/div>\n\t\t\t\t<div class=\"elementor-element elementor-element-c32a832 elementor-widget elementor-widget-image\" data-id=\"c32a832\" data-element_type=\"widget\" data-e-type=\"widget\" data-widget_type=\"image.default\">\n\t\t\t\t<div class=\"elementor-widget-container\">\n\t\t\t\t\t\t\t\t\t\t\t\t\t\t\t<img loading=\"lazy\" decoding=\"async\" width=\"640\" height=\"1024\" src=\"https:\/\/shatranj.art\/wp-content\/uploads\/2026\/02\/tahsin-cukurluoglu-ulku-adatepe-chesset-memory-640x1024.jpg\" class=\"attachment-large size-large wp-image-1450\" alt=\"\" srcset=\"https:\/\/shatranj.art\/wp-content\/uploads\/2026\/02\/tahsin-cukurluoglu-ulku-adatepe-chesset-memory-640x1024.jpg 640w, https:\/\/shatranj.art\/wp-content\/uploads\/2026\/02\/tahsin-cukurluoglu-ulku-adatepe-chesset-memory-187x300.jpg 187w, https:\/\/shatranj.art\/wp-content\/uploads\/2026\/02\/tahsin-cukurluoglu-ulku-adatepe-chesset-memory-7x12.jpg 7w, https:\/\/shatranj.art\/wp-content\/uploads\/2026\/02\/tahsin-cukurluoglu-ulku-adatepe-chesset-memory.jpg 652w\" sizes=\"(max-width: 640px) 100vw, 640px\" \/>\t\t\t\t\t\t\t\t\t\t\t\t\t\t\t<\/div>\n\t\t\t\t<\/div>\n\t\t\t\t<div class=\"elementor-element elementor-element-4fc3267 elementor-widget elementor-widget-image\" data-id=\"4fc3267\" data-element_type=\"widget\" data-e-type=\"widget\" data-widget_type=\"image.default\">\n\t\t\t\t<div class=\"elementor-widget-container\">\n\t\t\t\t\t\t\t\t\t\t\t\t\t\t\t<img loading=\"lazy\" decoding=\"async\" width=\"580\" height=\"984\" src=\"https:\/\/shatranj.art\/wp-content\/uploads\/2026\/02\/Tahsin-Cukurluoglu.jpg\" class=\"attachment-large size-large wp-image-1448\" alt=\"\" srcset=\"https:\/\/shatranj.art\/wp-content\/uploads\/2026\/02\/Tahsin-Cukurluoglu.jpg 580w, https:\/\/shatranj.art\/wp-content\/uploads\/2026\/02\/Tahsin-Cukurluoglu-177x300.jpg 177w, https:\/\/shatranj.art\/wp-content\/uploads\/2026\/02\/Tahsin-Cukurluoglu-7x12.jpg 7w\" sizes=\"(max-width: 580px) 100vw, 580px\" \/>\t\t\t\t\t\t\t\t\t\t\t\t\t\t\t<\/div>\n\t\t\t\t<\/div>\n\t\t\t\t<div class=\"elementor-element elementor-element-7c081ec elementor-widget-tablet__width-inherit elementor-widget elementor-widget-text-editor\" data-id=\"7c081ec\" data-element_type=\"widget\" data-e-type=\"widget\" data-widget_type=\"text-editor.default\">\n\t\t\t\t<div class=\"elementor-widget-container\">\n\t\t\t\t\t\t\t\t\t<h3><b>Live Giant Chess Show \u03c3\u03c4\u03bf \u03a3\u03c4\u03ac\u03b4\u03b9\u03bf Fenerbah\u00e7e (1997)<\/b><\/h3><p><b>\u039c\u03b5 \u03b2\u03ac\u03c3\u03b7 \u03c4\u03bf \u03ba\u03bf\u03bb\u03ac\u03b6 \u03c4\u03bf\u03c5 \u03c3\u03c4\u03b1\u03b4\u03af\u03bf\u03c5.<\/b><\/p><p><span style=\"font-weight: 400;\">\u0391\u03c5\u03c4\u03cc \u03c4\u03bf \u03b5\u03bd\u03c4\u03c5\u03c0\u03c9\u03c3\u03b9\u03b1\u03ba\u03cc \u03bf\u03c0\u03c4\u03b9\u03ba\u03cc \u03c5\u03bb\u03b9\u03ba\u03cc \u03c0\u03b1\u03c1\u03bf\u03c5\u03c3\u03b9\u03ac\u03b6\u03b5\u03b9 \u03bc\u03b9\u03b1 \u03c4\u03b5\u03c1\u03ac\u03c3\u03c4\u03b9\u03b1 \u03b5\u03ba\u03b4\u03ae\u03bb\u03c9\u03c3\u03b7 \u201c\u0396\u03c9\u03bd\u03c4\u03b1\u03bd\u03bf\u03cd \u03a3\u03ba\u03b1\u03ba\u03b9\u03bf\u03cd\u201d \u03c0\u03bf\u03c5 \u03c0\u03c1\u03b1\u03b3\u03bc\u03b1\u03c4\u03bf\u03c0\u03bf\u03b9\u03ae\u03b8\u03b7\u03ba\u03b5 \u03c4\u03bf 1997 \u03c3\u03c4\u03bf \u03c3\u03c4\u03ac\u03b4\u03b9\u03bf \u03c4\u03b7\u03c2 Fenerbah\u00e7e, \u03b5\u03bd\u03cc\u03c2 \u03b1\u03c0\u03cc \u03c4\u03bf\u03c5\u03c2 \u03c0\u03b9\u03bf \u03ba\u03b1\u03c4\u03b1\u03be\u03b9\u03c9\u03bc\u03ad\u03bd\u03bf\u03c5\u03c2 \u03b1\u03b8\u03bb\u03b7\u03c4\u03b9\u03ba\u03bf\u03cd\u03c2 \u03c3\u03c5\u03bb\u03bb\u03cc\u03b3\u03bf\u03c5\u03c2 \u03c4\u03b7\u03c2 \u03a4\u03bf\u03c5\u03c1\u03ba\u03af\u03b1\u03c2.<\/span><\/p><p><span style=\"font-weight: 400;\">\u03a3\u03b5 \u03b1\u03c5\u03c4\u03ae \u03c4\u03b7\u03bd \u03b5\u03ba\u03b4\u03ae\u03bb\u03c9\u03c3\u03b7, \u03cc\u03c0\u03bf\u03c5 \u03c4\u03bf \u03b3\u03ae\u03c0\u03b5\u03b4\u03bf \u03c0\u03bf\u03b4\u03bf\u03c3\u03c6\u03b1\u03af\u03c1\u03bf\u03c5 \u03bc\u03b5\u03c4\u03b1\u03c4\u03c1\u03ac\u03c0\u03b7\u03ba\u03b5 \u03c3\u03b5 \u03bc\u03b9\u03b1 \u03b3\u03b9\u03b3\u03b1\u03bd\u03c4\u03b9\u03b1\u03af\u03b1 \u03c3\u03ba\u03b1\u03ba\u03b9\u03ad\u03c1\u03b1, \u03b5\u03b9\u03b4\u03b9\u03ba\u03ac \u03bc\u03b5\u03c4\u03b1\u03bc\u03c6\u03b9\u03b5\u03c3\u03bc\u03ad\u03bd\u03bf\u03b9 \u03ba\u03b1\u03bb\u03bb\u03b9\u03c4\u03ad\u03c7\u03bd\u03b5\u03c2 \u03b6\u03c9\u03bd\u03c4\u03ac\u03bd\u03b5\u03c8\u03b1\u03bd \u03c4\u03bf \u03c3\u03c4\u03c1\u03b1\u03c4\u03b7\u03b3\u03b9\u03ba\u03cc \u03c0\u03b1\u03b9\u03c7\u03bd\u03af\u03b4\u03b9 \u03bc\u03c0\u03c1\u03bf\u03c3\u03c4\u03ac \u03c3\u03c4\u03bf \u03ba\u03bf\u03b9\u03bd\u03cc \u03c4\u03bf\u03c5 \u03c3\u03c4\u03b1\u03b4\u03af\u03bf\u03c5, \u03c5\u03c0\u03bf\u03b4\u03c5\u03cc\u03bc\u03b5\u03bd\u03bf\u03b9 \u03c4\u03b1 \u03c0\u03b9\u03cc\u03bd\u03b9\u03b1 \u03c4\u03bf\u03c5 \u03c3\u03ba\u03b1\u03ba\u03b9\u03bf\u03cd. \u03a4\u03bf \u03bf\u03c0\u03c4\u03b9\u03ba\u03cc \u03c5\u03bb\u03b9\u03ba\u03cc \u03c3\u03c5\u03bd\u03b4\u03c5\u03ac\u03b6\u03b5\u03b9 \u03ac\u03c8\u03bf\u03b3\u03b1 \u03c4\u03bf \u03b4\u03b9\u03b1\u03bd\u03bf\u03b7\u03c4\u03b9\u03ba\u03cc \u03b2\u03ac\u03b8\u03bf\u03c2 \u03c4\u03bf\u03c5 \u03c3\u03ba\u03b1\u03ba\u03b9\u03bf\u03cd \u03bc\u03b5 \u03bc\u03b9\u03b1 \u03c6\u03c5\u03c3\u03b9\u03ba\u03ae \u03bf\u03c0\u03c4\u03b9\u03ba\u03ae \u03c0\u03b1\u03bd\u03b4\u03b1\u03b9\u03c3\u03af\u03b1 \u03ba\u03b1\u03b9 \u03c4\u03b7\u03bd \u03b1\u03b8\u03bb\u03b7\u03c4\u03b9\u03ba\u03ae \u03ba\u03bf\u03c5\u03bb\u03c4\u03bf\u03cd\u03c1\u03b1. \u0397 \u03c6\u03c9\u03c4\u03bf\u03b3\u03c1\u03b1\u03c6\u03af\u03b1 \u03c4\u03bf\u03c5 \u0391\u03c4\u03b1\u03c4\u03bf\u03cd\u03c1\u03ba \u03bc\u03c0\u03bf\u03c1\u03b5\u03af \u03bd\u03b1 \u03b4\u03b5\u03b9 \u03ba\u03b1\u03bd\u03b5\u03af\u03c2 \u03c3\u03b5 \u03bc\u03b9\u03b1 \u03c3\u03b7\u03bc\u03b1\u03af\u03b1 \u03c3\u03c4\u03bf \u03c3\u03c4\u03ac\u03b4\u03b9\u03bf.<\/span><\/p><p><b>\u0391\u03c1\u03c7\u03b5\u03b9\u03b1\u03ba\u03ae \u03c3\u03b7\u03bc\u03b5\u03af\u03c9\u03c3\u03b7:<\/b><span style=\"font-weight: 400;\"> \u038c\u03c0\u03c9\u03c2 \u03b1\u03bd\u03b1\u03c6\u03ad\u03c1\u03b5\u03c4\u03b1\u03b9 \u03c3\u03c4\u03b7\u03bd \u03b1\u03c1\u03c7\u03b9\u03ba\u03ae \u03c6\u03c9\u03c4\u03bf\u03b3\u03c1\u03b1\u03c6\u03af\u03b1, \u03b1\u03c5\u03c4\u03cc \u03c4\u03bf \u03b9\u03b4\u03b9\u03b1\u03af\u03c4\u03b5\u03c1\u03bf \u03ba\u03bf\u03bc\u03bc\u03ac\u03c4\u03b9 \u03c4\u03b7\u03c2 \u03c3\u03ba\u03b1\u03ba\u03b9\u03c3\u03c4\u03b9\u03ba\u03ae\u03c2 \u03b9\u03c3\u03c4\u03bf\u03c1\u03af\u03b1\u03c2 \u03b5\u03af\u03bd\u03b1\u03b9 exhibited \u03b1\u03c0\u03cc \u03c4\u03bf \u03c0\u03c1\u03bf\u03c3\u03c9\u03c0\u03b9\u03ba\u03cc \u03b1\u03c1\u03c7\u03b5\u03af\u03bf \u03ba\u03b1\u03b9 \u03c4\u03b7 \u03c3\u03c5\u03bb\u03bb\u03bf\u03b3\u03ae \u03c4\u03bf\u03c5 \u0394\u03b9\u03b5\u03b8\u03bd\u03bf\u03cd\u03c2 \u03a3\u03ba\u03b1\u03ba\u03b9\u03c3\u03c4\u03b9\u03ba\u03bf\u03cd \u0394\u03b9\u03b1\u03b9\u03c4\u03b7\u03c4\u03ae \u03ba\u03b1\u03b9 \u03a3\u03c5\u03b3\u03b3\u03c1\u03b1\u03c6\u03ad\u03b1 \u03c4\u03b7\u03c2 FIDE, <\/span><b>H. Serta\u00e7 Dalk\u0131ran<\/b><span style=\"font-weight: 400;\">.<\/span><\/p>\t\t\t\t\t\t\t\t<\/div>\n\t\t\t\t<\/div>\n\t\t\t\t<div class=\"elementor-element elementor-element-2284ad2 elementor-widget elementor-widget-image\" data-id=\"2284ad2\" data-element_type=\"widget\" data-e-type=\"widget\" data-widget_type=\"image.default\">\n\t\t\t\t<div class=\"elementor-widget-container\">\n\t\t\t\t\t\t\t\t\t\t\t\t\t\t\t<img loading=\"lazy\" decoding=\"async\" width=\"800\" height=\"557\" src=\"https:\/\/shatranj.art\/wp-content\/uploads\/2026\/02\/Fenerbahce-stadi-bale-1997-1024x713.jpg\" class=\"attachment-large size-large wp-image-1360\" alt=\"\" srcset=\"https:\/\/shatranj.art\/wp-content\/uploads\/2026\/02\/Fenerbahce-stadi-bale-1997-1024x713.jpg 1024w, https:\/\/shatranj.art\/wp-content\/uploads\/2026\/02\/Fenerbahce-stadi-bale-1997-300x209.jpg 300w, https:\/\/shatranj.art\/wp-content\/uploads\/2026\/02\/Fenerbahce-stadi-bale-1997-768x535.jpg 768w, https:\/\/shatranj.art\/wp-content\/uploads\/2026\/02\/Fenerbahce-stadi-bale-1997-1536x1070.jpg 1536w, https:\/\/shatranj.art\/wp-content\/uploads\/2026\/02\/Fenerbahce-stadi-bale-1997-2048x1426.jpg 2048w, https:\/\/shatranj.art\/wp-content\/uploads\/2026\/02\/Fenerbahce-stadi-bale-1997-18x12.jpg 18w\" sizes=\"(max-width: 800px) 100vw, 800px\" \/>\t\t\t\t\t\t\t\t\t\t\t\t\t\t\t<\/div>\n\t\t\t\t<\/div>\n\t\t\t\t<\/div>\n\t\t\t\t\t<\/div>\n\t\t\t\t<\/div>\n\t\t\t\t<\/div>","protected":false},"excerpt":{"rendered":"<p>The chess set of Mustafa Kemal Atat\u00fcrk This section of the exhibit highlights a unique piece of Turkish history: the personal chess set of Mustafa Kemal Atat\u00fcrk, the founder of the Republic of Turkey. The gallery photo shows H. Serta\u00e7 Dalk\u0131ran alongside Atat\u00fcrk&#8217;s adopted daughter, \u00dclk\u00fc Adatepe, proudly presenting the set. This chess set was [&hellip;]<\/p>\n","protected":false},"author":1,"featured_media":0,"parent":743,"menu_order":0,"comment_status":"closed","ping_status":"closed","template":"","meta":{"footnotes":""},"class_list":["post-1355","page","type-page","status-publish","hentry"],"_links":{"self":[{"href":"https:\/\/shatranj.art\/el\/wp-json\/wp\/v2\/pages\/1355","targetHints":{"allow":["GET"]}}],"collection":[{"href":"https:\/\/shatranj.art\/el\/wp-json\/wp\/v2\/pages"}],"about":[{"href":"https:\/\/shatranj.art\/el\/wp-json\/wp\/v2\/types\/page"}],"author":[{"embeddable":true,"href":"https:\/\/shatranj.art\/el\/wp-json\/wp\/v2\/users\/1"}],"replies":[{"embeddable":true,"href":"https:\/\/shatranj.art\/el\/wp-json\/wp\/v2\/comments?post=1355"}],"version-history":[{"count":16,"href":"https:\/\/shatranj.art\/el\/wp-json\/wp\/v2\/pages\/1355\/revisions"}],"predecessor-version":[{"id":1457,"href":"https:\/\/shatranj.art\/el\/wp-json\/wp\/v2\/pages\/1355\/revisions\/1457"}],"up":[{"embeddable":true,"href":"https:\/\/shatranj.art\/el\/wp-json\/wp\/v2\/pages\/743"}],"wp:attachment":[{"href":"https:\/\/shatranj.art\/el\/wp-json\/wp\/v2\/media?parent=1355"}],"curies":[{"name":"wp","href":"https:\/\/api.w.org\/{rel}","templated":true}]}}