{"id":1521,"date":"2026-02-24T07:53:08","date_gmt":"2026-02-24T07:53:08","guid":{"rendered":"https:\/\/shatranj.art\/?page_id=1521"},"modified":"2026-02-24T10:48:54","modified_gmt":"2026-02-24T10:48:54","slug":"%ce%b1%cf%86%ce%af%cf%83%ce%b1-40","status":"publish","type":"page","link":"https:\/\/shatranj.art\/el\/exhibit\/%ce%b1%cf%86%ce%af%cf%83%ce%b1-40\/","title":{"rendered":"poster-40"},"content":{"rendered":"<div data-elementor-type=\"wp-page\" data-elementor-id=\"1521\" class=\"elementor elementor-1521\" data-elementor-post-type=\"page\">\n\t\t\t\t<div class=\"elementor-element elementor-element-e98c0ef e-flex e-con-boxed e-con e-parent\" data-id=\"e98c0ef\" data-element_type=\"container\" data-e-type=\"container\" data-settings=\"{&quot;background_background&quot;:&quot;classic&quot;}\">\n\t\t\t\t\t<div class=\"e-con-inner\">\n\t\t<div class=\"elementor-element elementor-element-1fd6b3d e-con-full e-flex e-con e-child\" data-id=\"1fd6b3d\" data-element_type=\"container\" data-e-type=\"container\">\n\t\t\t\t<div class=\"elementor-element elementor-element-bf9198e elementor-widget elementor-widget-image\" data-id=\"bf9198e\" data-element_type=\"widget\" data-e-type=\"widget\" data-widget_type=\"image.default\">\n\t\t\t\t<div class=\"elementor-widget-container\">\n\t\t\t\t\t\t\t\t\t\t\t\t\t\t\t<img fetchpriority=\"high\" decoding=\"async\" width=\"1225\" height=\"919\" src=\"https:\/\/shatranj.art\/wp-content\/uploads\/2026\/02\/shahi-chess-set-pieces-fsvmu-uskudar-istanbul-2022.jpg\" class=\"attachment-full size-full wp-image-1523\" alt=\"\" srcset=\"https:\/\/shatranj.art\/wp-content\/uploads\/2026\/02\/shahi-chess-set-pieces-fsvmu-uskudar-istanbul-2022.jpg 1225w, https:\/\/shatranj.art\/wp-content\/uploads\/2026\/02\/shahi-chess-set-pieces-fsvmu-uskudar-istanbul-2022-300x225.jpg 300w, https:\/\/shatranj.art\/wp-content\/uploads\/2026\/02\/shahi-chess-set-pieces-fsvmu-uskudar-istanbul-2022-1024x768.jpg 1024w, https:\/\/shatranj.art\/wp-content\/uploads\/2026\/02\/shahi-chess-set-pieces-fsvmu-uskudar-istanbul-2022-768x576.jpg 768w, https:\/\/shatranj.art\/wp-content\/uploads\/2026\/02\/shahi-chess-set-pieces-fsvmu-uskudar-istanbul-2022-16x12.jpg 16w\" sizes=\"(max-width: 1225px) 100vw, 1225px\" \/>\t\t\t\t\t\t\t\t\t\t\t\t\t\t\t<\/div>\n\t\t\t\t<\/div>\n\t\t\t\t<div class=\"elementor-element elementor-element-72424f5 elementor-widget elementor-widget-text-editor\" data-id=\"72424f5\" data-element_type=\"widget\" data-e-type=\"widget\" data-widget_type=\"text-editor.default\">\n\t\t\t\t<div class=\"elementor-widget-container\">\n\t\t\t\t\t\t\t\t\t<h3 data-path-to-node=\"0\"><strong>\u0397 \u03bf\u03bc\u03ac\u03b4\u03b1 \u03ad\u03c1\u03b3\u03bf\u03c5 Shatranj \u03ba\u03b1\u03b9 \u03c4\u03bf \u03c0\u03c1\u03c9\u03c4\u03cc\u03c4\u03c5\u03c0\u03bf \u015eAH\u00ce<\/strong><\/h3><p data-path-to-node=\"1\">\u00a0<\/p><p data-path-to-node=\"1\">\u0397 \u03b1\u03bd\u03ac\u03c0\u03c4\u03c5\u03be\u03b7 \u03c4\u03bf\u03c5 \u03c3\u03b5\u03c4 \u03c3\u03ba\u03b1\u03ba\u03b9\u03bf\u03cd \u015eAH\u00ce \u03b1\u03c0\u03bf\u03c4\u03ad\u03bb\u03b5\u03c3\u03b5 \u03bf\u03c1\u03cc\u03c3\u03b7\u03bc\u03bf \u03c3\u03c5\u03bd\u03b5\u03c1\u03b3\u03b1\u03c3\u03af\u03b1\u03c2 \u03b3\u03b9\u03b1 \u03c4\u03b9\u03c2 \u03bf\u03bc\u03ac\u03b4\u03b5\u03c2 \u03c0\u03bf\u03c5 \u03b2\u03c1\u03af\u03c3\u03ba\u03bf\u03bd\u03c4\u03b1\u03b9 \u03c0\u03af\u03c3\u03c9 \u03b1\u03c0\u03cc \u03c4\u03b1 \u03ad\u03c1\u03b3\u03b1 shatranj.ai \u03ba\u03b1\u03b9 shatranj.art. \u039f\u03b9 \u03c0\u03c1\u03c9\u03c4\u03bf\u03b2\u03bf\u03c5\u03bb\u03af\u03b5\u03c2 \u03b1\u03c5\u03c4\u03ad\u03c2, \u03bf\u03b9 \u03bf\u03c0\u03bf\u03af\u03b5\u03c2 \u03c3\u03c5\u03bd\u03c4\u03bf\u03bd\u03af\u03b6\u03bf\u03bd\u03c4\u03b1\u03b9 \u03bc\u03ad\u03c3\u03c9 \u03c4\u03bf\u03c5 \u03a4\u03bc\u03ae\u03bc\u03b1\u03c4\u03bf\u03c2 \u0399\u03c3\u03c4\u03bf\u03c1\u03af\u03b1\u03c2 \u03c4\u03b7\u03c2 \u0395\u03c0\u03b9\u03c3\u03c4\u03ae\u03bc\u03b7\u03c2 \u03c4\u03bf\u03c5 \u03a0\u03b1\u03bd\u03b5\u03c0\u03b9\u03c3\u03c4\u03b7\u03bc\u03af\u03bf\u03c5 Fatih Sultan Mehmet Vak\u0131f (FSMVU) \u03ba\u03b1\u03b9 \u03c5\u03c0\u03bf\u03c3\u03c4\u03b7\u03c1\u03af\u03b6\u03bf\u03bd\u03c4\u03b1\u03b9 \u03b1\u03c0\u03cc \u03c4\u03bf \u03c0\u03c1\u03cc\u03b3\u03c1\u03b1\u03bc\u03bc\u03b1 Erasmus+ Youth \u03c4\u03b7\u03c2 \u0395\u0395, \u03ad\u03c7\u03bf\u03c5\u03bd \u03c9\u03c2 \u03c3\u03c4\u03cc\u03c7\u03bf \u03bd\u03b1 \u03b3\u03b5\u03c6\u03c5\u03c1\u03ce\u03c3\u03bf\u03c5\u03bd \u03c4\u03b7\u03bd \u03b9\u03c3\u03c4\u03bf\u03c1\u03af\u03b1 \u03c4\u03b7\u03c2 \u03b5\u03c0\u03b9\u03c3\u03c4\u03ae\u03bc\u03b7\u03c2, \u03c4\u03b7\u03c2 \u03c4\u03ad\u03c7\u03bd\u03b7\u03c2, \u03c4\u03c9\u03bd \u03c3\u03c4\u03c1\u03b1\u03c4\u03b7\u03b3\u03b9\u03ba\u03ce\u03bd \u03c0\u03b1\u03b9\u03c7\u03bd\u03b9\u03b4\u03b9\u03ce\u03bd \u03ba\u03b1\u03b9 \u03c4\u03b7\u03c2 \u03c4\u03b5\u03c7\u03bd\u03b7\u03c4\u03ae\u03c2 \u03bd\u03bf\u03b7\u03bc\u03bf\u03c3\u03cd\u03bd\u03b7\u03c2.<\/p><p data-path-to-node=\"2\">\u00a0<\/p><p data-path-to-node=\"2\">\u03a6\u03c9\u03c4\u03bf\u03b3\u03c1\u03b1\u03c6\u03af\u03b1 1: \u0397 \u039f\u03bc\u03ac\u03b4\u03b1 \u0388\u03c1\u03b3\u03bf\u03c5 \u03c3\u03c4\u03b7\u03bd \u03a0\u03b1\u03bd\u03b5\u03c0\u03b9\u03c3\u03c4\u03b7\u03bc\u03b9\u03bf\u03cd\u03c0\u03bf\u03bb\u03b7 FSMVU \u00dcsk\u00fcdar<\/p><p data-path-to-node=\"3\">\u00a0<\/p><p data-path-to-node=\"3\">\u0391\u03c5\u03c4\u03ae \u03b7 \u03b5\u03b9\u03ba\u03cc\u03bd\u03b1 \u03ba\u03b1\u03c4\u03b1\u03b3\u03c1\u03ac\u03c6\u03b5\u03b9 \u03c4\u03b7\u03bd \u03bf\u03bc\u03ac\u03b4\u03b1 \u03ad\u03c1\u03b3\u03bf\u03c5 \u03c0\u03bf\u03c5 \u03b3\u03b9\u03bf\u03c1\u03c4\u03ac\u03b6\u03b5\u03b9 \u03c4\u03b7\u03bd \u03bf\u03bb\u03bf\u03ba\u03bb\u03ae\u03c1\u03c9\u03c3\u03b7 \u03c4\u03bf\u03c5 \u03c0\u03c1\u03ce\u03c4\u03bf\u03c5 \u03c0\u03c1\u03c9\u03c4\u03bf\u03c4\u03cd\u03c0\u03bf\u03c5 \u015eAH\u00ce \u03c3\u03c4\u03b9\u03c2 26 \u039c\u03b1\u0390\u03bf\u03c5 2022. \u0397 \u03ad\u03c1\u03b5\u03c5\u03bd\u03b1 \u03c4\u03bf\u03c5 \u03c4\u03bc\u03ae\u03bc\u03b1\u03c4\u03bf\u03c2 \u03c0\u03b1\u03c1\u03b5\u03af\u03c7\u03b5 \u03c4\u03bf \u03b9\u03c3\u03c4\u03bf\u03c1\u03b9\u03ba\u03cc \u03c5\u03c0\u03cc\u03b2\u03b1\u03b8\u03c1\u03bf \u03b3\u03b9\u03b1 \u03c4\u03b7 \u03bc\u03bf\u03bd\u03b1\u03b4\u03b9\u03ba\u03ae \u03b1\u03b9\u03c3\u03b8\u03b7\u03c4\u03b9\u03ba\u03ae \u03c4\u03bf\u03c5 \u03c3\u03c5\u03bd\u03cc\u03bb\u03bf\u03c5.<\/p><p data-path-to-node=\"4\">\u00a0<\/p><p data-path-to-node=\"4\">\u0391\u03c0\u03cc \u03b1\u03c1\u03b9\u03c3\u03c4\u03b5\u03c1\u03ac \u03c0\u03c1\u03bf\u03c2 \u03c4\u03b1 \u03b4\u03b5\u03be\u03b9\u03ac:<\/p><p data-path-to-node=\"4\">\u00a0<\/p><p data-path-to-node=\"4\">Jahangir Ashurov: \u03c0\u03b1\u03b3\u03ba\u03bf\u03c3\u03bc\u03af\u03bf\u03c5 \u03c6\u03ae\u03bc\u03b7\u03c2 \u03ba\u03b1\u03bb\u03bb\u03b9\u03c4\u03ad\u03c7\u03bd\u03b7\u03c2 \u03ba\u03b1\u03b9 \u03b5\u03ba\u03c0\u03b1\u03b9\u03b4\u03b5\u03c5\u03c4\u03ae\u03c2 \u03bc\u03b9\u03bd\u03b9\u03b1\u03c4\u03bf\u03cd\u03c1\u03c9\u03bd (\u03c3\u03c7\u03bf\u03bb\u03ae \u03c4\u03b7\u03c2 \u039c\u03c0\u03bf\u03c5\u03c7\u03ac\u03c1\u03b1). \u03a3\u03c5\u03bc\u03b2\u03bf\u03cd\u03bb\u03b5\u03c5\u03c3\u03b5 \u03c4\u03b7 \u03b4\u03b9\u03b1\u03b4\u03b9\u03ba\u03b1\u03c3\u03af\u03b1 \u03c3\u03c7\u03b5\u03b4\u03b9\u03b1\u03c3\u03bc\u03bf\u03cd \u03c4\u03bf\u03c5 \u015eAH\u00ce \u03bc\u03ad\u03c3\u03c9 \u03c4\u03c9\u03bd \u03c1\u03b9\u03b6\u03ce\u03bd Afrasiyab \u03c4\u03bf\u03c5 \u03c3\u03ba\u03b1\u03ba\u03b9\u03bf\u03cd.\u00a0<\/p><p data-path-to-node=\"4\">\u00a0<\/p><p data-path-to-node=\"4\">Prof. Dr. G\u00fcner Karatekin: \u039a\u03b1\u03b8\u03b7\u03b3\u03b7\u03c4\u03ae\u03c2 \u03c0\u03b1\u03b9\u03b4\u03b9\u03ba\u03ae\u03c2 \u03c5\u03b3\u03b5\u03af\u03b1\u03c2 \u03ba\u03b1\u03b9 \u03bd\u03b5\u03bf\u03b3\u03bd\u03bf\u03bb\u03bf\u03b3\u03af\u03b1\u03c2.<\/p><p data-path-to-node=\"4\">\u00a0<\/p><p data-path-to-node=\"4\">Tamer Karatekin: art, \u03bf \u03c3\u03c7\u03b5\u03b4\u03b9\u03b1\u03c3\u03c4\u03ae\u03c2 \u03c4\u03bf\u03c5 \u03c3\u03b5\u03c4 \u03c3\u03ba\u03b1\u03ba\u03b9\u03bf\u03cd \u015eAH\u00ce \u03ba\u03b1\u03b9 \u03c4\u03c9\u03bd \u03ba\u03bf\u03bc\u03bc\u03b1\u03c4\u03b9\u03ce\u03bd \u03c4\u03bf\u03c5.<\/p><p data-path-to-node=\"4\">\u00a0<\/p><p data-path-to-node=\"4\">Prof. Dr. Mustafa Ka\u00e7ar: \u039a\u03bf\u03c3\u03bc\u03ae\u03c4\u03bf\u03c1\u03b1\u03c2 \u03c4\u03bf\u03c5 \u03a4\u03bc\u03ae\u03bc\u03b1\u03c4\u03bf\u03c2 \u0399\u03c3\u03c4\u03bf\u03c1\u03af\u03b1\u03c2 \u03c4\u03b7\u03c2 \u0395\u03c0\u03b9\u03c3\u03c4\u03ae\u03bc\u03b7\u03c2 \u03c3\u03c4\u03bf FSMVU. \u03a3\u03c5\u03bd\u03c4\u03bf\u03bd\u03b9\u03c3\u03c4\u03ae\u03c2 \u03c4\u03c9\u03bd \u03ad\u03c1\u03b3\u03c9\u03bd shatranj.ai \u03ba\u03b1\u03b9 shatranj.art.<\/p><p data-path-to-node=\"4\">\u00a0<\/p><p data-path-to-node=\"4\">Prof. Dr. Atilla Bir: \u039a\u03b1\u03b8\u03b7\u03b3\u03b7\u03c4\u03ae\u03c2 \u03ba\u03b1\u03b9 \u03b5\u03be\u03ad\u03c7\u03bf\u03c5\u03c3\u03b1 \u03b1\u03c5\u03b8\u03b5\u03bd\u03c4\u03af\u03b1 \u03c3\u03c4\u03b7\u03bd \u03b9\u03c3\u03c4\u03bf\u03c1\u03af\u03b1 \u03c4\u03b7\u03c2 \u03b5\u03c0\u03b9\u03c3\u03c4\u03ae\u03bc\u03b7\u03c2 \u03ba\u03b1\u03b9 \u03c4\u03c9\u03bd \u03b9\u03c3\u03c4\u03bf\u03c1\u03b9\u03ba\u03ce\u03bd \u03bf\u03c1\u03b3\u03ac\u03bd\u03c9\u03bd. \u03a3\u03c5\u03bc\u03b2\u03bf\u03cd\u03bb\u03b5\u03c5\u03c3\u03b5 \u03c4\u03b7 \u03b4\u03b9\u03b1\u03b4\u03b9\u03ba\u03b1\u03c3\u03af\u03b1 \u03c3\u03c7\u03b5\u03b4\u03b9\u03b1\u03c3\u03bc\u03bf\u03cd \u03c4\u03bf\u03c5 \u03c3\u03b5\u03c4 \u03c3\u03ba\u03b1\u03ba\u03b9\u03bf\u03cd \u015eAH\u00ce \u03bc\u03b5 \u03c0\u03bf\u03bb\u03bb\u03ad\u03c2 \u03b1\u03bd\u03b1\u03c6\u03bf\u03c1\u03ad\u03c2 \u03c3\u03c4\u03b7\u03bd \u03b9\u03c3\u03c4\u03bf\u03c1\u03af\u03b1 \u03c4\u03b7\u03c2 \u03b5\u03c0\u03b9\u03c3\u03c4\u03ae\u03bc\u03b7\u03c2.<\/p>\t\t\t\t\t\t\t\t<\/div>\n\t\t\t\t<\/div>\n\t\t\t\t<div class=\"elementor-element elementor-element-b19a222 elementor-widget elementor-widget-image\" data-id=\"b19a222\" data-element_type=\"widget\" data-e-type=\"widget\" data-widget_type=\"image.default\">\n\t\t\t\t<div class=\"elementor-widget-container\">\n\t\t\t\t\t\t\t\t\t\t\t\t\t\t\t<img decoding=\"async\" width=\"1000\" height=\"667\" src=\"https:\/\/shatranj.art\/wp-content\/uploads\/2026\/02\/sergi-ayasofya-11Ocak2024.jpg\" class=\"attachment-full size-full wp-image-1524\" alt=\"\" srcset=\"https:\/\/shatranj.art\/wp-content\/uploads\/2026\/02\/sergi-ayasofya-11Ocak2024.jpg 1000w, https:\/\/shatranj.art\/wp-content\/uploads\/2026\/02\/sergi-ayasofya-11Ocak2024-300x200.jpg 300w, https:\/\/shatranj.art\/wp-content\/uploads\/2026\/02\/sergi-ayasofya-11Ocak2024-768x512.jpg 768w, https:\/\/shatranj.art\/wp-content\/uploads\/2026\/02\/sergi-ayasofya-11Ocak2024-18x12.jpg 18w\" sizes=\"(max-width: 1000px) 100vw, 1000px\" \/>\t\t\t\t\t\t\t\t\t\t\t\t\t\t\t<\/div>\n\t\t\t\t<\/div>\n\t\t\t\t<div class=\"elementor-element elementor-element-8b672e6 elementor-widget elementor-widget-text-editor\" data-id=\"8b672e6\" data-element_type=\"widget\" data-e-type=\"widget\" data-widget_type=\"text-editor.default\">\n\t\t\t\t<div class=\"elementor-widget-container\">\n\t\t\t\t\t\t\t\t\t<p data-path-to-node=\"5\">\u03a6\u03c9\u03c4\u03bf\u03b3\u03c1\u03b1\u03c6\u03af\u03b1 2: \u0388\u03ba\u03b8\u03b5\u03c3\u03b7 \u03c4\u03ad\u03c7\u03bd\u03b7\u03c2 Shatranj.art \u03c3\u03c4\u03b7\u03bd \u03a0\u03b1\u03bd\u03b5\u03c0\u03b9\u03c3\u03c4\u03b7\u03bc\u03b9\u03bf\u03cd\u03c0\u03bf\u03bb\u03b7 \u0391\u03b3\u03af\u03b1 \u03a3\u03bf\u03c6\u03af\u03b1 \u03c4\u03bf\u03c5 FSVMU<\/p><p data-path-to-node=\"6\">\u00a0<\/p><p data-path-to-node=\"6\">\u0397 \u03c3\u03ba\u03b1\u03ba\u03b9\u03ad\u03c1\u03b1 \u015eAH\u00ce \u03c0\u03b1\u03c1\u03bf\u03c5\u03c3\u03b9\u03ac\u03c3\u03c4\u03b7\u03ba\u03b5 \u03b3\u03b9\u03b1 \u03c0\u03c1\u03ce\u03c4\u03b7 \u03c6\u03bf\u03c1\u03ac \u03c3\u03c4\u03bf \u03ba\u03bf\u03b9\u03bd\u03cc \u03c3\u03c4\u03b9\u03c2 11 \u0399\u03b1\u03bd\u03bf\u03c5\u03b1\u03c1\u03af\u03bf\u03c5 2024 \u03c3\u03c4\u03b7\u03bd \u03a0\u03b1\u03bd\u03b5\u03c0\u03b9\u03c3\u03c4\u03b7\u03bc\u03b9\u03bf\u03cd\u03c0\u03bf\u03bb\u03b7 \u0391\u03b3\u03af\u03b1 \u03a3\u03bf\u03c6\u03af\u03b1 \u03c4\u03bf\u03c5 FSMVU \u03bc\u03ad\u03c3\u03c9 \u03c4\u03b7\u03c2 \u03ad\u03ba\u03b8\u03b5\u03c3\u03b7\u03c2 shatranj.art. \u039f \u03ba\u03b1\u03b8\u03b7\u03b3\u03b7\u03c4\u03ae\u03c2 Dr. Mustafa Ka\u00e7ar \u03ba\u03b1\u03b9 \u03bf Tamer Karatekin \u03c3\u03c5\u03b6\u03ae\u03c4\u03b7\u03c3\u03b1\u03bd \u03b3\u03b9\u03b1 \u03c4\u03b7\u03bd \u03c0\u03bf\u03bb\u03b9\u03c4\u03b9\u03c3\u03c4\u03b9\u03ba\u03ae \u03ba\u03b1\u03b9 \u03b9\u03c3\u03c4\u03bf\u03c1\u03b9\u03ba\u03ae \u03b5\u03be\u03ad\u03bb\u03b9\u03be\u03b7 \u03c4\u03c9\u03bd \u03c3\u03ba\u03b1\u03ba\u03b9\u03c3\u03c4\u03b9\u03ba\u03ce\u03bd \u03ba\u03bf\u03bc\u03bc\u03b1\u03c4\u03b9\u03ce\u03bd. \u0397 \u03bf\u03bc\u03b9\u03bb\u03af\u03b1 \u03c4\u03cc\u03bd\u03b9\u03c3\u03b5 \u03c4\u03b7 \u03b2\u03c5\u03b6\u03b1\u03bd\u03c4\u03b9\u03bd\u03ae\/\u03c1\u03bf\u03c5\u03bc\u03b9\u03bd\u03ae \u03c0\u03b1\u03c1\u03b1\u03bb\u03bb\u03b1\u03b3\u03ae \u03c3\u03ba\u03b1\u03ba\u03b9\u03bf\u03cd \u03c0\u03bf\u03c5 \u03b2\u03c1\u03ad\u03b8\u03b7\u03ba\u03b5 \u03c3\u03c4\u03bf Kitab-ash Shatranj \u03ba\u03b1\u03b9 \u03c4\u03b9\u03c2 \u03c3\u03c5\u03b3\u03ba\u03b5\u03ba\u03c1\u03b9\u03bc\u03ad\u03bd\u03b5\u03c2 \u03b1\u03c1\u03c7\u03b9\u03c4\u03b5\u03ba\u03c4\u03bf\u03bd\u03b9\u03ba\u03ad\u03c2 \u03b5\u03bc\u03c0\u03bd\u03b5\u03cd\u03c3\u03b5\u03b9\u03c2 -\u03cc\u03c0\u03c9\u03c2 \u03bf\u03b9 \u03b5\u03bc\u03b2\u03bb\u03b7\u03bc\u03b1\u03c4\u03b9\u03ba\u03bf\u03af \u03b8\u03cc\u03bb\u03bf\u03b9 \u03c4\u03b7\u03c2 \u0391\u03b3\u03af\u03b1\u03c2 \u03a3\u03bf\u03c6\u03af\u03b1\u03c2, \u03c4\u03bf\u03c5 \u03a0\u03ac\u03bd\u03b8\u03b5\u03bf\u03bd \u03ba\u03b1\u03b9 \u03c4\u03bf\u03c5 \u039c\u0399\u03a4- \u03c0\u03bf\u03c5 \u03b1\u03c0\u03bf\u03c4\u03ad\u03bb\u03b5\u03c3\u03b1\u03bd \u03c0\u03b7\u03b3\u03ae \u03c0\u03bb\u03b7\u03c1\u03bf\u03c6\u03bf\u03c1\u03b9\u03ce\u03bd \u03b3\u03b9\u03b1 \u03c4\u03bf \u03c3\u03c7\u03b5\u03b4\u03b9\u03b1\u03c3\u03bc\u03cc \u03c4\u03bf\u03c5 \u03b2\u03b1\u03c3\u03b9\u03bb\u03b9\u03ba\u03bf\u03cd \u03ba\u03bf\u03bc\u03bc\u03b1\u03c4\u03b9\u03bf\u03cd \u03c4\u03bf\u03c5 \u03c3\u03b5\u03c4 \u015eAH\u00ce.<\/p>\t\t\t\t\t\t\t\t<\/div>\n\t\t\t\t<\/div>\n\t\t\t\t<div class=\"elementor-element elementor-element-c44898c elementor-widget elementor-widget-image\" data-id=\"c44898c\" data-element_type=\"widget\" data-e-type=\"widget\" data-widget_type=\"image.default\">\n\t\t\t\t<div class=\"elementor-widget-container\">\n\t\t\t\t\t\t\t\t\t\t\t\t\t\t\t<img decoding=\"async\" width=\"1225\" height=\"919\" src=\"https:\/\/shatranj.art\/wp-content\/uploads\/2026\/02\/fsmvu-halic-creativity-prof.jpg\" class=\"attachment-full size-full wp-image-1534\" alt=\"\" srcset=\"https:\/\/shatranj.art\/wp-content\/uploads\/2026\/02\/fsmvu-halic-creativity-prof.jpg 1225w, https:\/\/shatranj.art\/wp-content\/uploads\/2026\/02\/fsmvu-halic-creativity-prof-300x225.jpg 300w, https:\/\/shatranj.art\/wp-content\/uploads\/2026\/02\/fsmvu-halic-creativity-prof-1024x768.jpg 1024w, https:\/\/shatranj.art\/wp-content\/uploads\/2026\/02\/fsmvu-halic-creativity-prof-768x576.jpg 768w, https:\/\/shatranj.art\/wp-content\/uploads\/2026\/02\/fsmvu-halic-creativity-prof-16x12.jpg 16w\" sizes=\"(max-width: 1225px) 100vw, 1225px\" \/>\t\t\t\t\t\t\t\t\t\t\t\t\t\t\t<\/div>\n\t\t\t\t<\/div>\n\t\t\t\t<div class=\"elementor-element elementor-element-58d2518 elementor-widget elementor-widget-text-editor\" data-id=\"58d2518\" data-element_type=\"widget\" data-e-type=\"widget\" data-widget_type=\"text-editor.default\">\n\t\t\t\t<div class=\"elementor-widget-container\">\n\t\t\t\t\t\t\t\t\t<p data-path-to-node=\"6\">\u03a6\u03c9\u03c4\u03bf\u03b3\u03c1\u03b1\u03c6\u03af\u03b1 3: \u03a6\u03c9\u03c4\u03bf\u03b3\u03c1\u03b1\u03c6\u03af\u03b1 \u03c0\u03c1\u03c9\u03c4\u03bf\u03c4\u03cd\u03c0\u03bf\u03c5 \u015eAH\u00ce \u03bc\u03b5 \u03c4\u03bf\u03bd \u03ba\u03b1\u03b8\u03b7\u03b3\u03b7\u03c4\u03ae Se\u00e7il \u015eat\u0131r<\/p><p data-path-to-node=\"5\">\u00a0<\/p><p data-path-to-node=\"5\">\u039f \u03ba\u03b1\u03b8\u03b7\u03b3\u03b7\u03c4\u03ae\u03c2 Dr. Se\u00e7il \u015eat\u0131r \u03b5\u03af\u03bd\u03b1\u03b9 \u03bf \u03b9\u03b4\u03c1\u03c5\u03c4\u03b9\u03ba\u03cc\u03c2 \u03ba\u03bf\u03c3\u03bc\u03ae\u03c4\u03bf\u03c1\u03b1\u03c2 \u03c4\u03b7\u03c2 \u03a3\u03c7\u03bf\u03bb\u03ae\u03c2 \u039a\u03b1\u03bb\u03ce\u03bd \u03a4\u03b5\u03c7\u03bd\u03ce\u03bd, \u03a3\u03c7\u03b5\u03b4\u03b9\u03b1\u03c3\u03bc\u03bf\u03cd \u03ba\u03b1\u03b9 \u0391\u03c1\u03c7\u03b9\u03c4\u03b5\u03ba\u03c4\u03bf\u03bd\u03b9\u03ba\u03ae\u03c2 \u03c4\u03bf\u03c5 \u03a0\u03b1\u03bd\u03b5\u03c0\u03b9\u03c3\u03c4\u03b7\u03bc\u03af\u03bf\u03c5 Hitit \u03ba\u03b1\u03b9 \u03ba\u03b1\u03b8\u03b7\u03b3\u03b7\u03c4\u03ae\u03c2 \u03c3\u03c4\u03b7 \u03a3\u03c7\u03bf\u03bb\u03ae \u0391\u03c1\u03c7\u03b9\u03c4\u03b5\u03ba\u03c4\u03bf\u03bd\u03b9\u03ba\u03ae\u03c2 \u03ba\u03b1\u03b9 \u03a3\u03c7\u03b5\u03b4\u03b9\u03b1\u03c3\u03bc\u03bf\u03cd \u03c4\u03bf\u03c5 FSMVU. \u03a5\u03c0\u03ae\u03c1\u03be\u03b5 \u03b2\u03b1\u03c3\u03b9\u03ba\u03cc\u03c2 \u03c3\u03cd\u03bc\u03b2\u03bf\u03c5\u03bb\u03bf\u03c2 \u03c3\u03c7\u03b5\u03b4\u03b9\u03b1\u03c3\u03bc\u03bf\u03cd \u03b3\u03b9\u03b1 \u03c4\u03b7 \u03b4\u03b9\u03b1\u03b4\u03b9\u03ba\u03b1\u03c3\u03af\u03b1 \u03c3\u03c7\u03b5\u03b4\u03b9\u03b1\u03c3\u03bc\u03bf\u03cd \u03c4\u03bf\u03c5 \u015eAH\u00ce. \u039f Tamer Karatekin \u03c3\u03c4\u03b1 \u03b1\u03c1\u03b9\u03c3\u03c4\u03b5\u03c1\u03ac, \u03bf \u03ba\u03b1\u03b8\u03b7\u03b3\u03b7\u03c4\u03ae\u03c2 dr. G\u00fcner Karatekin \u03c3\u03c4\u03b1 \u03b4\u03b5\u03be\u03b9\u03ac.<\/p><p><em>\u00a0<\/em><\/p>\t\t\t\t\t\t\t\t<\/div>\n\t\t\t\t<\/div>\n\t\t\t\t<\/div>\n\t\t\t\t\t<\/div>\n\t\t\t\t<\/div>\n\t\t\t\t<\/div>","protected":false},"excerpt":{"rendered":"<p>The Shatranj Project Team and the \u015eAH\u00ce Prototype \u00a0 The development of the \u015eAH\u00ce chess set was a collaborative milestone for the teams behind the shatranj.ai and shatranj.art projects. These initiatives, coordinated through the Science History Department of Fatih Sultan Mehmet Vak\u0131f University (FSMVU) and supported by the EU Erasmus+ Youth programme, aim to bridge [&hellip;]<\/p>\n","protected":false},"author":1,"featured_media":0,"parent":743,"menu_order":0,"comment_status":"closed","ping_status":"closed","template":"","meta":{"footnotes":""},"class_list":["post-1521","page","type-page","status-publish","hentry"],"_links":{"self":[{"href":"https:\/\/shatranj.art\/el\/wp-json\/wp\/v2\/pages\/1521","targetHints":{"allow":["GET"]}}],"collection":[{"href":"https:\/\/shatranj.art\/el\/wp-json\/wp\/v2\/pages"}],"about":[{"href":"https:\/\/shatranj.art\/el\/wp-json\/wp\/v2\/types\/page"}],"author":[{"embeddable":true,"href":"https:\/\/shatranj.art\/el\/wp-json\/wp\/v2\/users\/1"}],"replies":[{"embeddable":true,"href":"https:\/\/shatranj.art\/el\/wp-json\/wp\/v2\/comments?post=1521"}],"version-history":[{"count":22,"href":"https:\/\/shatranj.art\/el\/wp-json\/wp\/v2\/pages\/1521\/revisions"}],"predecessor-version":[{"id":1637,"href":"https:\/\/shatranj.art\/el\/wp-json\/wp\/v2\/pages\/1521\/revisions\/1637"}],"up":[{"embeddable":true,"href":"https:\/\/shatranj.art\/el\/wp-json\/wp\/v2\/pages\/743"}],"wp:attachment":[{"href":"https:\/\/shatranj.art\/el\/wp-json\/wp\/v2\/media?parent=1521"}],"curies":[{"name":"wp","href":"https:\/\/api.w.org\/{rel}","templated":true}]}}