{"id":1510,"date":"2026-02-24T07:22:35","date_gmt":"2026-02-24T07:22:35","guid":{"rendered":"https:\/\/shatranj.art\/?page_id=1510"},"modified":"2026-02-24T07:36:00","modified_gmt":"2026-02-24T07:36:00","slug":"cartel-39","status":"publish","type":"page","link":"https:\/\/shatranj.art\/es\/exhibit\/cartel-39\/","title":{"rendered":"cartel-39"},"content":{"rendered":"<div data-elementor-type=\"wp-page\" data-elementor-id=\"1510\" class=\"elementor elementor-1510\" data-elementor-post-type=\"page\">\n\t\t\t\t<div class=\"elementor-element elementor-element-1426eb0 e-flex e-con-boxed e-con e-parent\" data-id=\"1426eb0\" data-element_type=\"container\" data-e-type=\"container\" data-settings=\"{&quot;background_background&quot;:&quot;classic&quot;}\">\n\t\t\t\t\t<div class=\"e-con-inner\">\n\t\t<div class=\"elementor-element elementor-element-d76d2b5 e-con-full e-flex e-con e-child\" data-id=\"d76d2b5\" data-element_type=\"container\" data-e-type=\"container\">\n\t\t\t\t<div class=\"elementor-element elementor-element-e675f73 elementor-widget elementor-widget-image\" data-id=\"e675f73\" data-element_type=\"widget\" data-e-type=\"widget\" data-widget_type=\"image.default\">\n\t\t\t\t<div class=\"elementor-widget-container\">\n\t\t\t\t\t\t\t\t\t\t\t\t\t\t\t<img fetchpriority=\"high\" decoding=\"async\" width=\"1200\" height=\"942\" src=\"https:\/\/shatranj.art\/wp-content\/uploads\/2026\/02\/Ben-Franklin-Chess-scaled-1200x942-1.jpeg\" class=\"attachment-full size-full wp-image-1513\" alt=\"\" srcset=\"https:\/\/shatranj.art\/wp-content\/uploads\/2026\/02\/Ben-Franklin-Chess-scaled-1200x942-1.jpeg 1200w, https:\/\/shatranj.art\/wp-content\/uploads\/2026\/02\/Ben-Franklin-Chess-scaled-1200x942-1-300x236.jpeg 300w, https:\/\/shatranj.art\/wp-content\/uploads\/2026\/02\/Ben-Franklin-Chess-scaled-1200x942-1-1024x804.jpeg 1024w, https:\/\/shatranj.art\/wp-content\/uploads\/2026\/02\/Ben-Franklin-Chess-scaled-1200x942-1-768x603.jpeg 768w, https:\/\/shatranj.art\/wp-content\/uploads\/2026\/02\/Ben-Franklin-Chess-scaled-1200x942-1-15x12.jpeg 15w\" sizes=\"(max-width: 1200px) 100vw, 1200px\" \/>\t\t\t\t\t\t\t\t\t\t\t\t\t\t\t<\/div>\n\t\t\t\t<\/div>\n\t\t\t\t<div class=\"elementor-element elementor-element-225c171 elementor-widget elementor-widget-text-editor\" data-id=\"225c171\" data-element_type=\"widget\" data-e-type=\"widget\" data-widget_type=\"text-editor.default\">\n\t\t\t\t<div class=\"elementor-widget-container\">\n\t\t\t\t\t\t\t\t\t<h3 data-path-to-node=\"0\"><span class=\"citation-214 citation-end-214\">\u201cLa moral del ajedrez\u201d de Benjamin Franklin<\/span><\/h3><p data-path-to-node=\"0\"><span class=\"citation-214 citation-end-214\"><br \/><br \/>El ensayo de Benjamin Franklin de 1786, \u201cLa moral del ajedrez\u201d, redefini\u00f3 el juego como una herramienta vital para el desarrollo personal y la virtud intelectual.<\/span> <span class=\"citation-213 citation-end-213\">Franklin cre\u00eda que el ajedrez era algo m\u00e1s que un pasatiempo; era un ejercicio de previsi\u00f3n, circunspecci\u00f3n y cautela, cualidades que consideraba esenciales para el \u00e9xito tanto en la vida privada como en la diplomacia p\u00fablica.<\/span> <span class=\"citation-212 citation-end-212\">Durante el Siglo de las Luces, Franklin frecuent\u00f3 c\u00e9lebres caf\u00e9s de ajedrez, como el Caf\u00e9 de la R\u00e9gence de Par\u00eds.<\/span> Estos espacios sirvieron como las redes sociales originales de la \u00e9poca, donde el juego facilitaba debates rigurosos y el intercambio de ideas revolucionarias, tendiendo puentes entre los mundos de la ciencia, la pol\u00edtica y la filosof\u00eda.<\/p><p data-path-to-node=\"0\">\u00a0<\/p><p data-path-to-node=\"0\">La fascinaci\u00f3n de Franklin por los l\u00edmites intelectuales del juego le llev\u00f3 a un encuentro hist\u00f3rico con el Turco Mec\u00e1nico, el aut\u00f3mata jugador de ajedrez m\u00e1s famoso del mundo. Durante una partida celebrada en Par\u00eds en 1783, Franklin puso a prueba sus habilidades contra la m\u00e1quina, que ejemplificaba la obsesi\u00f3n de la Ilustraci\u00f3n por la raz\u00f3n mec\u00e1nica. El Turco viaj\u00f3 a Estados Unidos y encontr\u00f3 su hogar definitivo en el Museo Peale (y m\u00e1s tarde en el Museo Chino) de Filadelfia. Fue un elemento b\u00e1sico de la cultura cient\u00edfica de Pensilvania durante d\u00e9cadas antes de perderse en un incendio en 1854. Este legado del ingenio humano y la inteligencia de las m\u00e1quinas sigue siendo una historia fundamental para las exhibitiones que exploran la intersecci\u00f3n de la historia, los juegos y la evoluci\u00f3n de la inteligencia.<br \/><br \/><br \/><\/p><p data-path-to-node=\"0\">La foto muestra a Benjamin Franklin jugando al ajedrez. Obra de Edward Harrison May, 1867<\/p>\t\t\t\t\t\t\t\t<\/div>\n\t\t\t\t<\/div>\n\t\t\t\t<\/div>\n\t\t\t\t\t<\/div>\n\t\t\t\t<\/div>\n\t\t\t\t<\/div>","protected":false},"excerpt":{"rendered":"<p>&#8220;The Morals of Chess&#8221; by Benjamin Franklin Benjamin Franklin\u2019s 1786 essay, &#8220;The Morals of Chess,&#8221; redefined the game as a vital tool for personal development and intellectual virtue. Franklin believed that chess was more than a pastime; it was an exercise in foresight, circumspection, and caution\u2014qualities he deemed essential for success in both private life [&hellip;]<\/p>\n","protected":false},"author":1,"featured_media":0,"parent":743,"menu_order":0,"comment_status":"closed","ping_status":"closed","template":"","meta":{"footnotes":""},"class_list":["post-1510","page","type-page","status-publish","hentry"],"_links":{"self":[{"href":"https:\/\/shatranj.art\/es\/wp-json\/wp\/v2\/pages\/1510","targetHints":{"allow":["GET"]}}],"collection":[{"href":"https:\/\/shatranj.art\/es\/wp-json\/wp\/v2\/pages"}],"about":[{"href":"https:\/\/shatranj.art\/es\/wp-json\/wp\/v2\/types\/page"}],"author":[{"embeddable":true,"href":"https:\/\/shatranj.art\/es\/wp-json\/wp\/v2\/users\/1"}],"replies":[{"embeddable":true,"href":"https:\/\/shatranj.art\/es\/wp-json\/wp\/v2\/comments?post=1510"}],"version-history":[{"count":4,"href":"https:\/\/shatranj.art\/es\/wp-json\/wp\/v2\/pages\/1510\/revisions"}],"predecessor-version":[{"id":1516,"href":"https:\/\/shatranj.art\/es\/wp-json\/wp\/v2\/pages\/1510\/revisions\/1516"}],"up":[{"embeddable":true,"href":"https:\/\/shatranj.art\/es\/wp-json\/wp\/v2\/pages\/743"}],"wp:attachment":[{"href":"https:\/\/shatranj.art\/es\/wp-json\/wp\/v2\/media?parent=1510"}],"curies":[{"name":"wp","href":"https:\/\/api.w.org\/{rel}","templated":true}]}}