{"id":1543,"date":"2026-02-24T08:36:27","date_gmt":"2026-02-24T08:36:27","guid":{"rendered":"https:\/\/shatranj.art\/?page_id=1543"},"modified":"2026-02-24T08:53:53","modified_gmt":"2026-02-24T08:53:53","slug":"cartel-41","status":"publish","type":"page","link":"https:\/\/shatranj.art\/es\/exhibit\/cartel-41\/","title":{"rendered":"cartel-41"},"content":{"rendered":"<div data-elementor-type=\"wp-page\" data-elementor-id=\"1543\" class=\"elementor elementor-1543\" data-elementor-post-type=\"page\">\n\t\t\t\t<div class=\"elementor-element elementor-element-7a8daa7 e-flex e-con-boxed e-con e-parent\" data-id=\"7a8daa7\" data-element_type=\"container\" data-e-type=\"container\" data-settings=\"{&quot;background_background&quot;:&quot;classic&quot;}\">\n\t\t\t\t\t<div class=\"e-con-inner\">\n\t\t<div class=\"elementor-element elementor-element-26be55b e-con-full e-flex e-con e-child\" data-id=\"26be55b\" data-element_type=\"container\" data-e-type=\"container\">\n\t\t\t\t<div class=\"elementor-element elementor-element-3278af1 elementor-widget elementor-widget-image\" data-id=\"3278af1\" data-element_type=\"widget\" data-e-type=\"widget\" data-widget_type=\"image.default\">\n\t\t\t\t<div class=\"elementor-widget-container\">\n\t\t\t\t\t\t\t\t\t\t\t\t\t\t\t<img fetchpriority=\"high\" decoding=\"async\" width=\"1280\" height=\"960\" src=\"https:\/\/shatranj.art\/wp-content\/uploads\/2026\/02\/Sahi_Cannon_at_Fort_Nelson_UK.jpg\" class=\"attachment-full size-full wp-image-1545\" alt=\"\" srcset=\"https:\/\/shatranj.art\/wp-content\/uploads\/2026\/02\/Sahi_Cannon_at_Fort_Nelson_UK.jpg 1280w, https:\/\/shatranj.art\/wp-content\/uploads\/2026\/02\/Sahi_Cannon_at_Fort_Nelson_UK-300x225.jpg 300w, https:\/\/shatranj.art\/wp-content\/uploads\/2026\/02\/Sahi_Cannon_at_Fort_Nelson_UK-1024x768.jpg 1024w, https:\/\/shatranj.art\/wp-content\/uploads\/2026\/02\/Sahi_Cannon_at_Fort_Nelson_UK-768x576.jpg 768w, https:\/\/shatranj.art\/wp-content\/uploads\/2026\/02\/Sahi_Cannon_at_Fort_Nelson_UK-16x12.jpg 16w\" sizes=\"(max-width: 1280px) 100vw, 1280px\" \/>\t\t\t\t\t\t\t\t\t\t\t\t\t\t\t<\/div>\n\t\t\t\t<\/div>\n\t\t\t\t<div class=\"elementor-element elementor-element-6723efb elementor-widget elementor-widget-text-editor\" data-id=\"6723efb\" data-element_type=\"widget\" data-e-type=\"widget\" data-widget_type=\"text-editor.default\">\n\t\t\t\t<div class=\"elementor-widget-container\">\n\t\t\t\t\t\t\t\t\t<h3><b>Los or\u00edgenes de la palabra \u015eAH\u00ce y su relaci\u00f3n con la evoluci\u00f3n del ajedrez\u00a0<\/b><\/h3><p>SHAH (\u015eAH) es un t\u00e9rmino utilizado en muchas lenguas eslavas para referirse al ajedrez. La palabra alemana \u201cschach\u201d, la francesa \u201c\u00e9checs\u201d y la inglesa \u201cchess\u201d derivan fon\u00e9ticamente de la palabra \u201cshah\u201d. El t\u00e9rmino \u201c\u015eAH\u00ce\u201d como adjetivo significa real o espec\u00edfico del sha. Tambi\u00e9n se utiliza en textos literarios para significar fuerte y magn\u00edfico.<\/p><p>\u00a0<\/p><p>El ca\u00f1\u00f3n \u015eAH\u00ce, dise\u00f1ado por el ingeniero h\u00fangaro Orban, desempe\u00f1\u00f3 un papel fundamental en la ruptura de las enormes murallas y torres de Constantinopla durante el asedio de 1453 dirigido por el sult\u00e1n Fatih Mehmed, simbolizando un cambio revolucionario en la guerra de asedio.<\/p><p>\u00a0<\/p><p>Tres siglos despu\u00e9s de la conquista de Estambul, durante la operaci\u00f3n de los Dardanelos en 1807, otro ca\u00f1\u00f3n \u015eAH\u00ce centenario fue disparado contra barcos brit\u00e1nicos, causando importantes bajas. El sult\u00e1n otomano Abd\u00fclaziz regal\u00f3 este ca\u00f1\u00f3n a la reina Victoria en 1866. La foto del ca\u00f1\u00f3n \u015eAH\u00ce de arriba procede de Fort Nelson, en el Reino Unido.<\/p><p>\u00a0<\/p><p>El nombre \u015eAH\u00ce simboliza la evoluci\u00f3n de la pieza torre en diferentes idiomas, de carro de guerra a torre, de ca\u00f1\u00f3n a barco, reflejando la evoluci\u00f3n del ajedrez.<\/p><p>\u00a0<\/p><p>El juego de ajedrez \u015eAH\u00ce ha sido dise\u00f1ado por Tamer Karatekin, antiguo primer tablero del equipo de ajedrez del Instituto Tecnol\u00f3gico de Massachusetts y experimentado educador de ajedrez. Representa con elegancia la historia y la evoluci\u00f3n del ajedrez y est\u00e1 pensado tanto para uso educativo como para torneos. Est\u00e1 dise\u00f1ado para ser cultural y espiritualmente inclusivo. La producci\u00f3n ha recibido subvenciones del Consejo Cultural de Massachusetts y del programa Erasmus+ Juventud de la Uni\u00f3n Europea.<\/p><p>\u00a0<\/p><p>M\u00e1s informaci\u00f3n sobre la historia del dise\u00f1o de \u015eAH\u00ce en:\u00a0 \u00a0<a href=\"http:\/\/www.shahimasterset.com\/\">www.shahimasterset.com<\/a><\/p><p>Consulte tambi\u00e9n nuestros proyectos relacionados:<br \/>Plan de estudios de inteligencia artificial basado en el ajedrez: <a href=\"http:\/\/www.shatranj.ai\/\">shatranj.ai<\/a><\/p><p>Juegos mentales hist\u00f3ricos exhibit: <a href=\"https:\/\/shatranj.art\/es\/\">shatranj.art<\/a><\/p>\t\t\t\t\t\t\t\t<\/div>\n\t\t\t\t<\/div>\n\t\t\t\t<div class=\"elementor-element elementor-element-7946825 elementor-widget elementor-widget-image\" data-id=\"7946825\" data-element_type=\"widget\" data-e-type=\"widget\" data-widget_type=\"image.default\">\n\t\t\t\t<div class=\"elementor-widget-container\">\n\t\t\t\t\t\t\t\t\t\t\t\t\t\t\t<img decoding=\"async\" width=\"559\" height=\"397\" src=\"https:\/\/shatranj.art\/wp-content\/uploads\/2026\/02\/shahi-engish-brochure-A6-page1.png\" class=\"attachment-full size-full wp-image-1548\" alt=\"\" srcset=\"https:\/\/shatranj.art\/wp-content\/uploads\/2026\/02\/shahi-engish-brochure-A6-page1.png 559w, https:\/\/shatranj.art\/wp-content\/uploads\/2026\/02\/shahi-engish-brochure-A6-page1-300x213.png 300w, https:\/\/shatranj.art\/wp-content\/uploads\/2026\/02\/shahi-engish-brochure-A6-page1-18x12.png 18w\" sizes=\"(max-width: 559px) 100vw, 559px\" \/>\t\t\t\t\t\t\t\t\t\t\t\t\t\t\t<\/div>\n\t\t\t\t<\/div>\n\t\t\t\t<\/div>\n\t\t\t\t\t<\/div>\n\t\t\t\t<\/div>\n\t\t\t\t<\/div>","protected":false},"excerpt":{"rendered":"<p>The origins of the \u015eAH\u00ce\u00a0 word and its connection to the evolution of chess\u00a0 SHAH (\u015eAH) is a term used in many Slavic languages for chess. The German word &#8220;schach,&#8221; French &#8220;\u00e9checs,&#8221; and English &#8220;chess&#8221; are all phonetically derived from the word &#8220;shah.&#8221; The term &#8220;\u015eAH\u00ce&#8221; as an adjective means royal or specific to the [&hellip;]<\/p>\n","protected":false},"author":1,"featured_media":0,"parent":743,"menu_order":0,"comment_status":"closed","ping_status":"closed","template":"","meta":{"footnotes":""},"class_list":["post-1543","page","type-page","status-publish","hentry"],"_links":{"self":[{"href":"https:\/\/shatranj.art\/es\/wp-json\/wp\/v2\/pages\/1543","targetHints":{"allow":["GET"]}}],"collection":[{"href":"https:\/\/shatranj.art\/es\/wp-json\/wp\/v2\/pages"}],"about":[{"href":"https:\/\/shatranj.art\/es\/wp-json\/wp\/v2\/types\/page"}],"author":[{"embeddable":true,"href":"https:\/\/shatranj.art\/es\/wp-json\/wp\/v2\/users\/1"}],"replies":[{"embeddable":true,"href":"https:\/\/shatranj.art\/es\/wp-json\/wp\/v2\/comments?post=1543"}],"version-history":[{"count":10,"href":"https:\/\/shatranj.art\/es\/wp-json\/wp\/v2\/pages\/1543\/revisions"}],"predecessor-version":[{"id":1557,"href":"https:\/\/shatranj.art\/es\/wp-json\/wp\/v2\/pages\/1543\/revisions\/1557"}],"up":[{"embeddable":true,"href":"https:\/\/shatranj.art\/es\/wp-json\/wp\/v2\/pages\/743"}],"wp:attachment":[{"href":"https:\/\/shatranj.art\/es\/wp-json\/wp\/v2\/media?parent=1543"}],"curies":[{"name":"wp","href":"https:\/\/api.w.org\/{rel}","templated":true}]}}