{"id":756,"date":"2026-02-21T09:44:01","date_gmt":"2026-02-21T09:44:01","guid":{"rendered":"https:\/\/shatranj.art\/?page_id=756"},"modified":"2026-03-02T06:56:13","modified_gmt":"2026-03-02T06:56:13","slug":"poster-1","status":"publish","type":"page","link":"https:\/\/shatranj.art\/es\/exhibit\/poster-1\/","title":{"rendered":"cartel 1"},"content":{"rendered":"<div data-elementor-type=\"wp-page\" data-elementor-id=\"756\" class=\"elementor elementor-756\" data-elementor-post-type=\"page\">\n\t\t\t\t<div class=\"elementor-element elementor-element-5b2de3e e-flex e-con-boxed e-con e-parent\" data-id=\"5b2de3e\" data-element_type=\"container\" data-e-type=\"container\" data-settings=\"{&quot;background_background&quot;:&quot;classic&quot;}\">\n\t\t\t\t\t<div class=\"e-con-inner\">\n\t\t\t\t<div class=\"elementor-element elementor-element-2eb0d79 elementor-widget__width-initial elementor-widget elementor-widget-heading\" data-id=\"2eb0d79\" data-element_type=\"widget\" data-e-type=\"widget\" data-widget_type=\"heading.default\">\n\t\t\t\t<div class=\"elementor-widget-container\">\n\t\t\t\t\t<h1 class=\"elementor-heading-title elementor-size-default\">Evoluci\u00f3n de las piezas del ajedrez espa\u00f1ol desde el ajedrez hist\u00f3rico (acedrex) hacia el ajedrez moderno (ajedrez)<\/h1>\t\t\t\t<\/div>\n\t\t\t\t<\/div>\n\t\t\t\t<div class=\"elementor-element elementor-element-c101d50 elementor-widget elementor-widget-image\" data-id=\"c101d50\" data-element_type=\"widget\" data-e-type=\"widget\" data-widget_type=\"image.default\">\n\t\t\t\t<div class=\"elementor-widget-container\">\n\t\t\t\t\t\t\t\t\t\t\t\t\t\t\t<img fetchpriority=\"high\" decoding=\"async\" width=\"543\" height=\"755\" src=\"https:\/\/shatranj.art\/wp-content\/uploads\/2026\/02\/f82v-Grant-Acedrex.jpg\" class=\"attachment-full size-full wp-image-840\" alt=\"\" srcset=\"https:\/\/shatranj.art\/wp-content\/uploads\/2026\/02\/f82v-Grant-Acedrex.jpg 543w, https:\/\/shatranj.art\/wp-content\/uploads\/2026\/02\/f82v-Grant-Acedrex-216x300.jpg 216w\" sizes=\"(max-width: 543px) 100vw, 543px\" \/>\t\t\t\t\t\t\t\t\t\t\t\t\t\t\t<\/div>\n\t\t\t\t<\/div>\n\t\t\t\t<div class=\"elementor-element elementor-element-51d15d1 elementor-widget elementor-widget-text-editor\" data-id=\"51d15d1\" data-element_type=\"widget\" data-e-type=\"widget\" data-widget_type=\"text-editor.default\">\n\t\t\t\t<div class=\"elementor-widget-container\">\n\t\t\t\t\t\t\t\t\t<h3 data-path-to-node=\"2\"><b data-path-to-node=\"2\" data-index-in-node=\"0\">1. El cambio ling\u00fc\u00edstico: De la X a la J<\/b><\/h3><p data-path-to-node=\"3\">La diferencia entre Acedrex y Ajedrez ilustra la evoluci\u00f3n fon\u00e9tica de la lengua espa\u00f1ola a la hora de adaptar el nombre \u00e1rabe original del juego:<\/p><ul data-path-to-node=\"4\"><li><p data-path-to-node=\"4,0,0\"><b data-path-to-node=\"4,0,0\" data-index-in-node=\"0\">A<\/b><strong>cedrex (Siglo XIII):\u00a0<\/strong>Esta es la graf\u00eda principal utilizada en el tratado del rey Alfonso X de 1283, <i data-path-to-node=\"4,0,0\" data-index-in-node=\"97\">Libro del Acedrex<\/i>. En esta \u00e9poca, la \u201cc\u201d (antes de la \u201ce\u201d) y la \u201cx\u201d se utilizaban para captar fon\u00e9ticamente el sonido \u201csh\u201d heredado del \u00e1rabe <i data-path-to-node=\"4,0,0\" data-index-in-node=\"234\">Shatranj<\/i>.<\/p><\/li><li><p data-path-to-node=\"4,1,0\"><b data-path-to-node=\"4,1,0\" data-index-in-node=\"0\">Ajedrez (siglo XV):<\/b> Con la evoluci\u00f3n de la lengua, el sonido \u201csh\u201d se transform\u00f3 en la \u201cj\u201d gutural moderna (la \"j\"). <i data-path-to-node=\"4,1,0\" data-index-in-node=\"112\">jota<\/i>). Cuando Luis Ram\u00edrez de Lucena public\u00f3 su obra de referencia en 1497, la graf\u00eda hab\u00eda evolucionado hacia la forma moderna.<\/p><\/li><\/ul>\t\t\t\t\t\t\t\t<\/div>\n\t\t\t\t<\/div>\n\t\t\t\t<div class=\"elementor-element elementor-element-868b6ed elementor-widget elementor-widget-image\" data-id=\"868b6ed\" data-element_type=\"widget\" data-e-type=\"widget\" data-widget_type=\"image.default\">\n\t\t\t\t<div class=\"elementor-widget-container\">\n\t\t\t\t\t\t\t\t\t\t\t\t\t\t\t<img decoding=\"async\" width=\"2560\" height=\"2560\" src=\"https:\/\/shatranj.art\/wp-content\/uploads\/2026\/02\/elephant-move-board-scaled.jpg\" class=\"attachment-full size-full wp-image-839\" alt=\"\" srcset=\"https:\/\/shatranj.art\/wp-content\/uploads\/2026\/02\/elephant-move-board-scaled.jpg 2560w, https:\/\/shatranj.art\/wp-content\/uploads\/2026\/02\/elephant-move-board-300x300.jpg 300w, https:\/\/shatranj.art\/wp-content\/uploads\/2026\/02\/elephant-move-board-1024x1024.jpg 1024w, https:\/\/shatranj.art\/wp-content\/uploads\/2026\/02\/elephant-move-board-150x150.jpg 150w, https:\/\/shatranj.art\/wp-content\/uploads\/2026\/02\/elephant-move-board-768x768.jpg 768w, https:\/\/shatranj.art\/wp-content\/uploads\/2026\/02\/elephant-move-board-1536x1536.jpg 1536w, https:\/\/shatranj.art\/wp-content\/uploads\/2026\/02\/elephant-move-board-2048x2048.jpg 2048w\" sizes=\"(max-width: 2560px) 100vw, 2560px\" \/>\t\t\t\t\t\t\t\t\t\t\t\t\t\t\t<\/div>\n\t\t\t\t<\/div>\n\t\t\t\t<div class=\"elementor-element elementor-element-0a642b0 elementor-widget elementor-widget-text-editor\" data-id=\"0a642b0\" data-element_type=\"widget\" data-e-type=\"widget\" data-widget_type=\"text-editor.default\">\n\t\t\t\t<div class=\"elementor-widget-container\">\n\t\t\t\t\t\t\t\t\t<br><h3 data-path-to-node=\"0\"><b data-path-to-node=\"0\" data-index-in-node=\"0\">2. El Cambio Mec\u00e1nico: \u201cEl Viejo\u201d vs. \u201cDe la Dama\u201d<\/b><\/h3>\n<p data-path-to-node=\"1\">Mientras cambiaba el nombre fon\u00e9tico, las reglas experimentaban una revolucionaria expansi\u00f3n de poder que alteraba por completo el ritmo del juego. Esta transici\u00f3n queda mejor definida por los dos sistemas descritos en la obra de Lucena de 1497:<\/p>\n\n<ul data-path-to-node=\"2\">\n \t<li>\n<p data-path-to-node=\"2,0,0\"><b data-path-to-node=\"2,0,0\" data-index-in-node=\"0\">El Viejo:<\/b> Esto representa las reglas medievales tradicionales de Acedrex, donde el juego era una lenta lucha posicional. En este sistema, la pieza que hoy llamamos Dama era la Alferza (el consejero del Rey), que estaba restringida a moverse s\u00f3lo una casilla en diagonal. Simult\u00e1neamente, el Alfil tradicional se limitaba a saltar exactamente dos casillas en diagonal, saltando por encima de otras piezas.<\/p>\n<\/li>\n \t<li>\n<p data-path-to-node=\"2,1,0\"><b data-path-to-node=\"2,1,0\" data-index-in-node=\"0\">De la Dama (The Modern Way):<\/b> Este \u201cnuevo\u201d estilo de juego transform\u00f3 el ajedrez en un encuentro \u201cr\u00e1pido, t\u00e1ctico y explosivo\u201d. Bajo estas reglas, la Alferza fue sustituida por la \u201cDama\u201d, que gan\u00f3 un alcance ilimitado en todas direcciones. El Alfil Moderno tambi\u00e9n evolucion\u00f3 hasta convertirse en un deslizador diagonal sin restricciones, adoptando el poderoso movimiento anta\u00f1o reservado a piezas experimentales como el Cocodrilo.<\/p>\n<\/li>\n<\/ul>\t\t\t\t\t\t\t\t<\/div>\n\t\t\t\t<\/div>\n\t\t\t\t<div class=\"elementor-element elementor-element-b676e1c elementor-widget elementor-widget-text-editor\" data-id=\"b676e1c\" data-element_type=\"widget\" data-e-type=\"widget\" data-widget_type=\"text-editor.default\">\n\t\t\t\t<div class=\"elementor-widget-container\">\n\t\t\t\t\t\t\t\t\t<h3 data-path-to-node=\"0\"><b data-path-to-node=\"0\" data-index-in-node=\"0\">La transici\u00f3n del cocodrilo al elefante<\/b><\/h3>\t\t\t\t\t\t\t\t<\/div>\n\t\t\t\t<\/div>\n\t\t\t\t<div class=\"elementor-element elementor-element-2320411 elementor-widget elementor-widget-image\" data-id=\"2320411\" data-element_type=\"widget\" data-e-type=\"widget\" data-widget_type=\"image.default\">\n\t\t\t\t<div class=\"elementor-widget-container\">\n\t\t\t\t\t\t\t\t\t\t\t\t\t\t\t<img decoding=\"async\" width=\"640\" height=\"640\" src=\"https:\/\/shatranj.art\/wp-content\/uploads\/2026\/02\/cathedral-crocodile.jpg\" class=\"attachment-full size-full wp-image-864\" alt=\"\" srcset=\"https:\/\/shatranj.art\/wp-content\/uploads\/2026\/02\/cathedral-crocodile.jpg 640w, https:\/\/shatranj.art\/wp-content\/uploads\/2026\/02\/cathedral-crocodile-300x300.jpg 300w, https:\/\/shatranj.art\/wp-content\/uploads\/2026\/02\/cathedral-crocodile-150x150.jpg 150w\" sizes=\"(max-width: 640px) 100vw, 640px\" \/>\t\t\t\t\t\t\t\t\t\t\t\t\t\t\t<\/div>\n\t\t\t\t<\/div>\n\t\t\t\t<div class=\"elementor-element elementor-element-9760248 elementor-widget elementor-widget-image\" data-id=\"9760248\" data-element_type=\"widget\" data-e-type=\"widget\" data-widget_type=\"image.default\">\n\t\t\t\t<div class=\"elementor-widget-container\">\n\t\t\t\t\t\t\t\t\t\t\t\t\t\t\t<img loading=\"lazy\" decoding=\"async\" width=\"426\" height=\"640\" src=\"https:\/\/shatranj.art\/wp-content\/uploads\/2026\/02\/wooden-crocodile-seville-with-elephant-tusk.jpg\" class=\"attachment-full size-full wp-image-860\" alt=\"\" srcset=\"https:\/\/shatranj.art\/wp-content\/uploads\/2026\/02\/wooden-crocodile-seville-with-elephant-tusk.jpg 426w, https:\/\/shatranj.art\/wp-content\/uploads\/2026\/02\/wooden-crocodile-seville-with-elephant-tusk-200x300.jpg 200w\" sizes=\"(max-width: 426px) 100vw, 426px\" \/>\t\t\t\t\t\t\t\t\t\t\t\t\t\t\t<\/div>\n\t\t\t\t<\/div>\n\t\t\t\t<div class=\"elementor-element elementor-element-12b9be7 elementor-widget elementor-widget-text-editor\" data-id=\"12b9be7\" data-element_type=\"widget\" data-e-type=\"widget\" data-widget_type=\"text-editor.default\">\n\t\t\t\t<div class=\"elementor-widget-container\">\n\t\t\t\t\t\t\t\t\t<br><p data-path-to-node=\"0\">La transici\u00f3n del movimiento \u201cdiagonal ilimitada\u201d al nombre \u201cAlfil\u201d en la literatura espa\u00f1ola marca un cambio fundamental del \u201cShatranj\u201d medieval al ajedrez moderno. Mientras que el \u201cLibro de los Juegos (1283)\u201d del rey Alfonso X introdujo por primera vez el movimiento diagonal ilimitado a trav\u00e9s de una pieza espec\u00edfica llamada el Cocodrilo (<i data-path-to-node=\"0\" data-index-in-node=\"298\">Cocodrilo<\/i>), el nombre de \u201cAlfil\u201d no volvi\u00f3 a aplicarse a este movimiento en el juego est\u00e1ndar 8\u00d78 hasta finales del siglo XV.<\/p>\n\n<h3 data-path-to-node=\"1\"><b data-path-to-node=\"1\" data-index-in-node=\"0\">1. El \u201cCocodrilo\u201d en el Libro de Alfonso (1283)<\/b><\/h3>\n<p data-path-to-node=\"2\">En el \u201cLibro de los Juegos\" de Alfonso X<i data-path-to-node=\"2\" data-index-in-node=\"15\">\u201c<\/i>, el Alfil est\u00e1ndar segu\u00eda siendo la pieza medieval tradicional que saltaba exactamente dos casillas en diagonal. Sin embargo, Alfonso incluy\u00f3 una variante ampliada de 12\u00d712 llamada \u201cGrande Acedrex<b data-path-to-node=\"2\" data-index-in-node=\"199\">\u201c<\/b> (Gran Ajedrez), que presentaba una nueva pieza llamada \u201cCocodrilo\u201d (<i data-path-to-node=\"2\" data-index-in-node=\"278\">Cocodrilo<\/i>).<\/p>\n\n<ul data-path-to-node=\"3\">\n \t<li>\n<p data-path-to-node=\"3,0,0\"><b data-path-to-node=\"3,0,0\" data-index-in-node=\"0\">El Movimiento:<\/b> El Cocodrilo se mov\u00eda exactamente igual que la pieza moderna, desliz\u00e1ndose a cualquier distancia a lo largo de diagonales sin obst\u00e1culos.<\/p>\n<\/li>\n \t<li>\n<p data-path-to-node=\"3,1,0\"><b data-path-to-node=\"3,1,0\" data-index-in-node=\"0\">La inspiraci\u00f3n:<\/b> Los historiadores relacionan este nombre con un famoso regalo diplom\u00e1tico: un cocodrilo vivo enviado por el Sult\u00e1n de Egipto a Alfonso X en 1260, como parte de una propuesta de matrimonio para la hija del Rey. Un modelo de madera de tama\u00f1o natural de este cocodrilo, conocido como el \u201cLagarto<i data-path-to-node=\"3,1,0\" data-index-in-node=\"198\">\u201c<\/i>, Todav\u00eda hoy cuelga en la Catedral de Sevilla.<\/p>\n<\/li>\n<\/ul>\n<h3 data-path-to-node=\"4\"><b data-path-to-node=\"4\" data-index-in-node=\"0\">2. El paso al \u201cAlfil\u201d en el siglo XV<\/b><\/h3>\n<p data-path-to-node=\"5\">El nombre \u201cAlfil\u201d se utiliz\u00f3 oficialmente para el movimiento diagonal ilimitado en el juego est\u00e1ndar 8\u00d78 tras la \u201creforma valenciana\u201d en torno a 1475.<\/p>\n\n<ul data-path-to-node=\"6\">\n \t<li>\n<p data-path-to-node=\"6,0,0\"><b data-path-to-node=\"6,0,0\" data-index-in-node=\"0\">Scachs d'amor (c. 1475):<\/b> Este poema valenciano es la primera obra literaria que describe las reglas del ajedrez moderno. En \u00e9l se otorga expl\u00edcitamente a esta pieza un \u201cpapel m\u00e1s din\u00e1mico\u201d, moviendo todas las casillas que pudiera en diagonal. En el poema, ya se hace referencia a estas piezas como \u201cAlfil \u201ds (en valenciano\/catal\u00e1n), lo que ilustra que el nombre se transfiri\u00f3 del antiguo \u201csaltador\u201d al nuevo \u201cdeslizador\u201d durante este periodo.<\/p>\n<\/li>\n \t<li>\n<p data-path-to-node=\"6,1,0\"><b data-path-to-node=\"6,1,0\" data-index-in-node=\"0\">Libre dels jochs partits dels schacs (1495):<\/b> Escrito por Francesc Vicent, este libro perdido se considera el primer tratado sobre el ajedrez moderno. Se cree que estandariz\u00f3 el nombre \u201cAlfil\u201d para el nuevo movimiento en toda la Pen\u00ednsula Ib\u00e9rica.<\/p>\n<\/li>\n<\/ul>\n<h3 data-path-to-node=\"7\"><b data-path-to-node=\"7\" data-index-in-node=\"0\">3. Primera aparici\u00f3n en la literatura castellana (espa\u00f1ola)<\/b><\/h3>\n<p data-path-to-node=\"8\">Si busca espec\u00edficamente literatura castellana (espa\u00f1ola) en lugar de valenciana, el primer uso definitivo de \u201cAlfil\u201d para el movimiento moderno se encuentra en:<\/p>\n\n<ul data-path-to-node=\"9\">\n \t<li>\n<p data-path-to-node=\"9,0,0\"><b data-path-to-node=\"9,0,0\" data-index-in-node=\"0\">Repetici\u00f3n de Amores y Arte de Ajedrez (1497):<\/b> Escrito por Luis Ram\u00edrez de Lucena, es el libro impreso sobre ajedrez moderno en castellano m\u00e1s antiguo que se conserva.<\/p>\n<\/li>\n \t<li>\n<p data-path-to-node=\"9,1,0\">Lucena se refiere a la pieza como Alfil (o Arfil) y distingue entre las reglas \u201cnuevas\u201d (de la dama) y las \u201cviejas\u201d (el viejo). Confirma que el \u201cnuevo Alfil\u201d atraviesa ahora la diagonal, absorbiendo de hecho el movimiento asignado originalmente al \u201cCocodrilo\u201d de Alfonso.<\/p>\n<\/li>\n<\/ul>\t\t\t\t\t\t\t\t<\/div>\n\t\t\t\t<\/div>\n\t\t\t\t<div class=\"elementor-element elementor-element-ab774ba elementor-widget elementor-widget-text-editor\" data-id=\"ab774ba\" data-element_type=\"widget\" data-e-type=\"widget\" data-widget_type=\"text-editor.default\">\n\t\t\t\t<div class=\"elementor-widget-container\">\n\t\t\t\t\t\t\t\t\t<h3 data-path-to-node=\"0\"><b data-path-to-node=\"0\" data-index-in-node=\"0\">De Alferza a Dama y Reina<\/b><\/h3>\t\t\t\t\t\t\t\t<\/div>\n\t\t\t\t<\/div>\n\t\t\t\t<div class=\"elementor-element elementor-element-d8494e7 elementor-widget elementor-widget-image\" data-id=\"d8494e7\" data-element_type=\"widget\" data-e-type=\"widget\" data-widget_type=\"image.default\">\n\t\t\t\t<div class=\"elementor-widget-container\">\n\t\t\t\t\t\t\t\t\t\t\t\t\t\t\t<img loading=\"lazy\" decoding=\"async\" width=\"960\" height=\"1109\" src=\"https:\/\/shatranj.art\/wp-content\/uploads\/2026\/02\/Spanish_-_Chess_Piece_of_a_Queen_-_Walters_71145_-_Three_Quarter.jpg\" class=\"attachment-full size-full wp-image-845\" alt=\"\" srcset=\"https:\/\/shatranj.art\/wp-content\/uploads\/2026\/02\/Spanish_-_Chess_Piece_of_a_Queen_-_Walters_71145_-_Three_Quarter.jpg 960w, https:\/\/shatranj.art\/wp-content\/uploads\/2026\/02\/Spanish_-_Chess_Piece_of_a_Queen_-_Walters_71145_-_Three_Quarter-260x300.jpg 260w, https:\/\/shatranj.art\/wp-content\/uploads\/2026\/02\/Spanish_-_Chess_Piece_of_a_Queen_-_Walters_71145_-_Three_Quarter-886x1024.jpg 886w, https:\/\/shatranj.art\/wp-content\/uploads\/2026\/02\/Spanish_-_Chess_Piece_of_a_Queen_-_Walters_71145_-_Three_Quarter-768x887.jpg 768w\" sizes=\"(max-width: 960px) 100vw, 960px\" \/>\t\t\t\t\t\t\t\t\t\t\t\t\t\t\t<\/div>\n\t\t\t\t<\/div>\n\t\t\t\t<div class=\"elementor-element elementor-element-1bedad7 elementor-widget elementor-widget-text-editor\" data-id=\"1bedad7\" data-element_type=\"widget\" data-e-type=\"widget\" data-widget_type=\"text-editor.default\">\n\t\t\t\t<div class=\"elementor-widget-container\">\n\t\t\t\t\t\t\t\t\t<br><p data-path-to-node=\"0\">Aunque ambos t\u00e9rminos se utilizan hoy en d\u00eda, la elecci\u00f3n entre \u201cdama\u201d y \u201creina\u201d en la literatura ajedrec\u00edstica espa\u00f1ola marca la transici\u00f3n del juego medieval al ajedrez moderno y refleja un antiguo esfuerzo por evitar la confusi\u00f3n ling\u00fc\u00edstica.<\/p>\n\n<h3 data-path-to-node=\"1\"><b data-path-to-node=\"1\" data-index-in-node=\"0\">1. La primera aparici\u00f3n literaria: La \u201cReina\u201d medieval\u201d<\/b><\/h3>\n<p data-path-to-node=\"2\">En un sentido literario general, el t\u00e9rmino \u201creina\u201d apareci\u00f3 en la poes\u00eda ajedrec\u00edstica relacionada con Espa\u00f1a mucho antes de que se convirtiera en el nombre normalizado de la pieza sobre el tablero.<\/p>\n\n<ul data-path-to-node=\"3\">\n \t<li>\n<p data-path-to-node=\"3,0,0\"><b data-path-to-node=\"3,0,0\" data-index-in-node=\"0\"><span class=\"citation-89\">Siglo XI (Shegal):<\/span><\/b><span class=\"citation-89\"> El rabino espa\u00f1ol \u201c<\/span><span class=\"citation-89\">Abraham ibn Ezra\u201d<\/span><span class=\"citation-89\"> escribi\u00f3 un poema a finales del siglo XI en el que mencionaba la pieza como \u201c<\/span><span class=\"citation-89\">Shegal\u201d<\/span><span class=\"citation-89 citation-end-89\"> (t\u00e9rmino hebreo para reina).<\/span><\/p>\n\n<div class=\"source-inline-chip-container ng-star-inserted\"><\/div><\/li>\n \t<li>\n<p data-path-to-node=\"3,1,0\"><b data-path-to-node=\"3,1,0\" data-index-in-node=\"0\">Romance medieval:<\/b><span class=\"citation-88\"> Bajo la influencia de los tratados morales de Jacobus de Cessolis, la obra se denomin\u00f3 a menudo \u2019<\/span><span class=\"citation-88\">regina\u201d<\/span><span class=\"citation-88\"> en lat\u00edn y \u201c<\/span><span class=\"citation-88\">reina<\/span><b data-path-to-node=\"3,1,0\" data-index-in-node=\"134\"><span class=\"citation-88\">\u201c<\/span><\/b><span class=\"citation-88\"> en las primeras lenguas romances, aunque todav\u00eda se mov\u00eda con el d\u00e9bil movimiento diagonal de una casilla del \u201c<\/span><span class=\"citation-88\">Alferza<\/span><b data-path-to-node=\"3,1,0\" data-index-in-node=\"246\"><span class=\"citation-88\">\u201c<\/span><\/b><span class=\"citation-88 citation-end-88\">.<\/span><\/p>\n\n<div class=\"source-inline-chip-container ng-star-inserted\"><\/div><\/li>\n<\/ul>\n<h3 data-path-to-node=\"4\"><b data-path-to-node=\"4\" data-index-in-node=\"0\">2. Los primeros tratados modernos: La \u201cdama\u201d como norma<\/b><\/h3>\n<p data-path-to-node=\"5\">Cuando las reglas cambiaron a finales del siglo XV para crear la poderosa pieza \u201cilimitada\u201d que conocemos hoy, el t\u00e9rmino preferido en los tratados espa\u00f1oles era en realidad \u201cDama\u201d, no Reina.<\/p>\n\n<ul data-path-to-node=\"6\">\n \t<li>\n<p data-path-to-node=\"6,0,0\"><b data-path-to-node=\"6,0,0\" data-index-in-node=\"0\"><span class=\"citation-87 citation-end-87\">Libre dels jochs partits dels schacs (1495):<\/span><\/b><span class=\"citation-86 citation-end-86\"> Escrito por Francesc Vicent en Valencia, se considera el primer libro impreso sobre ajedrez moderno.<\/span> Se centr\u00f3 en la \u201cDama<b data-path-to-node=\"6,0,0\" data-index-in-node=\"162\">\u201c<\/b> (Lady) y se le atribuye el m\u00e9rito de haber normalizado las \u201cnuevas\u201d reglas de movimiento.<\/p>\n<p data-path-to-node=\"6,1,0\"><b data-path-to-node=\"6,1,0\" data-index-in-node=\"0\"><span class=\"citation-85 citation-end-85\">Repetici\u00f3n de Amores y Arte de Ajedrez (1497):<\/span><\/b><span class=\"citation-84\"> Luis Ram\u00edrez de Lucena utiliz\u00f3 expl\u00edcitamente el t\u00e9rmino \u201cDama\u201c para definir el juego moderno (de la dama). Rara vez utilizaba \u201cReina\u201d porque el juego se llamaba a menudo \u201cAjedrez de la dama\u201d (a menudo asociado con la reina Isabel I de Castilla).<\/span><\/p>\n<\/li>\n<\/ul>\n<h3 data-path-to-node=\"7\"><b data-path-to-node=\"7\" data-index-in-node=\"0\">3. Cuando \u201cReina\u201d se convirti\u00f3 en una alternativa frecuente<\/b><\/h3>\n<p data-path-to-node=\"8\">El cambio a \u201cReina\u201d en la literatura ajedrec\u00edstica espa\u00f1ola dominante comenz\u00f3 a producirse con mayor frecuencia en el siglo XVI, a medida que el juego superaba su periodo inicial de \u201creforma\u201d.<\/p>\n\n<ul data-path-to-node=\"9\">\n \t<li>\n<p data-path-to-node=\"9,0,0\"><b data-path-to-node=\"9,0,0\" data-index-in-node=\"0\">Ruy L\u00f3pez de Segura (1561):<\/b> En su obra fundacional, \u201cLibro de la Invenci\u00f3n Liberal y Arte del Juego del Axedrez\u201d, Ruy L\u00f3pez utiliz\u00f3 ambos t\u00e9rminos, aunque \u201cDama<b data-path-to-node=\"9,0,0\" data-index-in-node=\"148\">\u201c<\/b> sigui\u00f3 siendo t\u00e9cnicamente dominante en las descripciones estrat\u00e9gicas.<\/p>\n<\/li>\n \t<li>\n<p id=\"p-rc_22a1b7b1123caa87-52\" data-path-to-node=\"9,1,0\"><b data-path-to-node=\"9,1,0\" data-index-in-node=\"0\">El conflicto de la \u201cR\u201d:<\/b> La principal raz\u00f3n por la que \u201cReina\u201d nunca sustituy\u00f3 completamente a \u201cDama\u201d en la literatura t\u00e9cnica de ajedrez es la notaci\u00f3n ajedrec\u00edstica. En la notaci\u00f3n espa\u00f1ola, \u201cRey\u201d usa la letra \u201cR\u201c. Para evitar confusiones, a la Reina se le asigna la letra \u201cD\u201c de \u201cDama\u201d.<\/p>\n<\/li>\n<\/ul>\t\t\t\t\t\t\t\t<\/div>\n\t\t\t\t<\/div>\n\t\t\t\t\t<\/div>\n\t\t\t\t<\/div>\n\t\t\t\t<\/div>","protected":false},"excerpt":{"rendered":"<p>Spanish chess piece evolution from historical chess (acedrex) toward modern chess (ajedrez) 1. The Linguistic Shift: From X to J The difference between Acedrex and Ajedrez illustrates the phonetic evolution of the Spanish language as it sought to adapt the original Arabic name for the game: Acedrex (The 13th Century):\u00a0This is the primary spelling used [&hellip;]<\/p>\n","protected":false},"author":1,"featured_media":0,"parent":743,"menu_order":0,"comment_status":"closed","ping_status":"closed","template":"","meta":{"footnotes":""},"class_list":["post-756","page","type-page","status-publish","hentry"],"_links":{"self":[{"href":"https:\/\/shatranj.art\/es\/wp-json\/wp\/v2\/pages\/756","targetHints":{"allow":["GET"]}}],"collection":[{"href":"https:\/\/shatranj.art\/es\/wp-json\/wp\/v2\/pages"}],"about":[{"href":"https:\/\/shatranj.art\/es\/wp-json\/wp\/v2\/types\/page"}],"author":[{"embeddable":true,"href":"https:\/\/shatranj.art\/es\/wp-json\/wp\/v2\/users\/1"}],"replies":[{"embeddable":true,"href":"https:\/\/shatranj.art\/es\/wp-json\/wp\/v2\/comments?post=756"}],"version-history":[{"count":53,"href":"https:\/\/shatranj.art\/es\/wp-json\/wp\/v2\/pages\/756\/revisions"}],"predecessor-version":[{"id":1883,"href":"https:\/\/shatranj.art\/es\/wp-json\/wp\/v2\/pages\/756\/revisions\/1883"}],"up":[{"embeddable":true,"href":"https:\/\/shatranj.art\/es\/wp-json\/wp\/v2\/pages\/743"}],"wp:attachment":[{"href":"https:\/\/shatranj.art\/es\/wp-json\/wp\/v2\/media?parent=756"}],"curies":[{"name":"wp","href":"https:\/\/api.w.org\/{rel}","templated":true}]}}