{"id":817,"date":"2026-02-21T20:02:15","date_gmt":"2026-02-21T20:02:15","guid":{"rendered":"https:\/\/shatranj.art\/?page_id=817"},"modified":"2026-02-24T06:26:33","modified_gmt":"2026-02-24T06:26:33","slug":"poster-8","status":"publish","type":"page","link":"https:\/\/shatranj.art\/es\/exhibit\/poster-8\/","title":{"rendered":"cartel 8"},"content":{"rendered":"<div data-elementor-type=\"wp-page\" data-elementor-id=\"817\" class=\"elementor elementor-817\" data-elementor-post-type=\"page\">\n\t\t\t\t<div class=\"elementor-element elementor-element-3be2f38 e-flex e-con-boxed e-con e-parent\" data-id=\"3be2f38\" data-element_type=\"container\" data-e-type=\"container\" data-settings=\"{&quot;background_background&quot;:&quot;classic&quot;}\">\n\t\t\t\t\t<div class=\"e-con-inner\">\n\t\t\t\t<div class=\"elementor-element elementor-element-18ff8b2 elementor-widget elementor-widget-image\" data-id=\"18ff8b2\" data-element_type=\"widget\" data-e-type=\"widget\" data-widget_type=\"image.default\">\n\t\t\t\t<div class=\"elementor-widget-container\">\n\t\t\t\t\t\t\t\t\t\t\t\t\t\t\t<img fetchpriority=\"high\" decoding=\"async\" width=\"480\" height=\"321\" src=\"https:\/\/shatranj.art\/wp-content\/uploads\/2026\/02\/bobby-fischer-dubrovnik.jpg\" class=\"attachment-full size-full wp-image-1458\" alt=\"\" srcset=\"https:\/\/shatranj.art\/wp-content\/uploads\/2026\/02\/bobby-fischer-dubrovnik.jpg 480w, https:\/\/shatranj.art\/wp-content\/uploads\/2026\/02\/bobby-fischer-dubrovnik-300x201.jpg 300w, https:\/\/shatranj.art\/wp-content\/uploads\/2026\/02\/bobby-fischer-dubrovnik-18x12.jpg 18w\" sizes=\"(max-width: 480px) 100vw, 480px\" \/>\t\t\t\t\t\t\t\t\t\t\t\t\t\t\t<\/div>\n\t\t\t\t<\/div>\n\t\t\t\t<div class=\"elementor-element elementor-element-cec26d3 elementor-widget elementor-widget-image\" data-id=\"cec26d3\" data-element_type=\"widget\" data-e-type=\"widget\" data-widget_type=\"image.default\">\n\t\t\t\t<div class=\"elementor-widget-container\">\n\t\t\t\t\t\t\t\t\t\t\t\t\t\t\t<img decoding=\"async\" width=\"964\" height=\"582\" src=\"https:\/\/shatranj.art\/wp-content\/uploads\/2026\/02\/8.png\" class=\"attachment-full size-full wp-image-820\" alt=\"\" srcset=\"https:\/\/shatranj.art\/wp-content\/uploads\/2026\/02\/8.png 964w, https:\/\/shatranj.art\/wp-content\/uploads\/2026\/02\/8-300x181.png 300w, https:\/\/shatranj.art\/wp-content\/uploads\/2026\/02\/8-768x464.png 768w\" sizes=\"(max-width: 964px) 100vw, 964px\" \/>\t\t\t\t\t\t\t\t\t\t\t\t\t\t\t<\/div>\n\t\t\t\t<\/div>\n\t\t\t\t<div class=\"elementor-element elementor-element-411e3a4 elementor-widget__width-initial elementor-widget elementor-widget-text-editor\" data-id=\"411e3a4\" data-element_type=\"widget\" data-e-type=\"widget\" data-widget_type=\"text-editor.default\">\n\t\t\t\t<div class=\"elementor-widget-container\">\n\t\t\t\t\t\t\t\t\t<p><b>M\u00e1s all\u00e1 de las ideolog\u00edas: El set de Dubrovnik de 1950<\/b><\/p><p>Creado especialmente para la IX Olimpiada de Ajedrez de 1950 en Yugoslavia, este juego representa una de las revoluciones de dise\u00f1o m\u00e1s radicales de la historia del ajedrez. Dise\u00f1ado por el pintor y escultor montenegrino Petar Po\u010dek, el juego pretend\u00eda reunir al mundo a trav\u00e9s del poder unificador del juego tras la Segunda Guerra Mundial. Con este objetivo en mente, se eliminaron intencionadamente todos los s\u00edmbolos religiosos: la tradicional cruz sobre el rey se sustituy\u00f3 por una simple esfera, y se elimin\u00f3 la muesca del alfil que simbolizaba la mitra de un cl\u00e9rigo.<\/p><p>Este dise\u00f1o \u201claico\u201d e inclusivo transform\u00f3 el ajedrez de un s\u00edmbolo de creencias espec\u00edficas en una obra de arte universal. Famosamente apreciado por Bobby Fischer como \u201cel mejor juego con el que he jugado nunca\u201d, hasta el punto de que insisti\u00f3 en utilizarlo en su hist\u00f3rica revancha de 1992 contra Spassky, este dise\u00f1o se erige como una profunda promesa est\u00e9tica de artesan\u00eda para un futuro pac\u00edfico y moderno.<\/p>\t\t\t\t\t\t\t\t<\/div>\n\t\t\t\t<\/div>\n\t\t<div class=\"elementor-element elementor-element-8bffdfb e-con-full e-flex e-con e-child\" data-id=\"8bffdfb\" data-element_type=\"container\" data-e-type=\"container\">\n\t\t\t\t<div class=\"elementor-element elementor-element-e67be09 elementor-widget__width-initial elementor-widget elementor-widget-image\" data-id=\"e67be09\" data-element_type=\"widget\" data-e-type=\"widget\" data-widget_type=\"image.default\">\n\t\t\t\t<div class=\"elementor-widget-container\">\n\t\t\t\t\t\t\t\t\t\t\t\t\t\t\t<img decoding=\"async\" width=\"1028\" height=\"817\" src=\"https:\/\/shatranj.art\/wp-content\/uploads\/2026\/02\/8.jpg\" class=\"attachment-full size-full wp-image-821\" alt=\"\" srcset=\"https:\/\/shatranj.art\/wp-content\/uploads\/2026\/02\/8.jpg 1028w, https:\/\/shatranj.art\/wp-content\/uploads\/2026\/02\/8-300x238.jpg 300w, https:\/\/shatranj.art\/wp-content\/uploads\/2026\/02\/8-1024x814.jpg 1024w, https:\/\/shatranj.art\/wp-content\/uploads\/2026\/02\/8-768x610.jpg 768w\" sizes=\"(max-width: 1028px) 100vw, 1028px\" \/>\t\t\t\t\t\t\t\t\t\t\t\t\t\t\t<\/div>\n\t\t\t\t<\/div>\n\t\t\t\t<div class=\"elementor-element elementor-element-f215331 elementor-widget__width-initial elementor-widget elementor-widget-text-editor\" data-id=\"f215331\" data-element_type=\"widget\" data-e-type=\"widget\" data-widget_type=\"text-editor.default\">\n\t\t\t\t<div class=\"elementor-widget-container\">\n\t\t\t\t\t\t\t\t\t<p><b>Una pasi\u00f3n sin fronteras: El patrimonio ajedrec\u00edstico de Subotica<\/b><\/p><p>Creado en la ciudad fronteriza de Subotica y fabricado en los legendarios talleres de Subozan, este juego es un poderoso s\u00edmbolo de la edad de oro del ajedrez yugoslavo. Estas piezas representan una \u00e9poca en la que el ajedrez arraig\u00f3 como una aut\u00e9ntica cultura popular presente en todos los hogares, escuelas y parques p\u00fablicos. Con la est\u00e9tica sencilla, duradera y digna de la artesan\u00eda balc\u00e1nica, cuentan la historia de c\u00f3mo el ajedrez pas\u00f3 de ser un juego de \u00e9lite a un lenguaje social compartido que un\u00eda a todos los niveles de la sociedad. El juego Subotica sigue siendo un puente cultural intemporal en el que confluyen el arte y la estrategia.<\/p>\t\t\t\t\t\t\t\t<\/div>\n\t\t\t\t<\/div>\n\t\t\t\t<\/div>\n\t\t\t\t\t<\/div>\n\t\t\t\t<\/div>\n\t\t\t\t<\/div>","protected":false},"excerpt":{"rendered":"<p>Beyond Ideologies: The 1950 Dubrovnik Set Specially created for the 9th Chess Olympiad in 1950 in Yugoslavia, this set represents one of the most radical design revolutions in chess history. Designed by Montenegrin painter and sculptor Petar Po\u010dek, the set aimed to reunite the world through the unifying power of play following the Second World [&hellip;]<\/p>\n","protected":false},"author":1,"featured_media":0,"parent":743,"menu_order":0,"comment_status":"closed","ping_status":"closed","template":"","meta":{"footnotes":""},"class_list":["post-817","page","type-page","status-publish","hentry"],"_links":{"self":[{"href":"https:\/\/shatranj.art\/es\/wp-json\/wp\/v2\/pages\/817","targetHints":{"allow":["GET"]}}],"collection":[{"href":"https:\/\/shatranj.art\/es\/wp-json\/wp\/v2\/pages"}],"about":[{"href":"https:\/\/shatranj.art\/es\/wp-json\/wp\/v2\/types\/page"}],"author":[{"embeddable":true,"href":"https:\/\/shatranj.art\/es\/wp-json\/wp\/v2\/users\/1"}],"replies":[{"embeddable":true,"href":"https:\/\/shatranj.art\/es\/wp-json\/wp\/v2\/comments?post=817"}],"version-history":[{"count":13,"href":"https:\/\/shatranj.art\/es\/wp-json\/wp\/v2\/pages\/817\/revisions"}],"predecessor-version":[{"id":1461,"href":"https:\/\/shatranj.art\/es\/wp-json\/wp\/v2\/pages\/817\/revisions\/1461"}],"up":[{"embeddable":true,"href":"https:\/\/shatranj.art\/es\/wp-json\/wp\/v2\/pages\/743"}],"wp:attachment":[{"href":"https:\/\/shatranj.art\/es\/wp-json\/wp\/v2\/media?parent=817"}],"curies":[{"name":"wp","href":"https:\/\/api.w.org\/{rel}","templated":true}]}}