{"id":826,"date":"2026-02-21T20:39:58","date_gmt":"2026-02-21T20:39:58","guid":{"rendered":"https:\/\/shatranj.art\/?page_id=826"},"modified":"2026-02-23T04:40:58","modified_gmt":"2026-02-23T04:40:58","slug":"poster-9","status":"publish","type":"page","link":"https:\/\/shatranj.art\/es\/exhibit\/poster-9\/","title":{"rendered":"cartel 9"},"content":{"rendered":"<div data-elementor-type=\"wp-page\" data-elementor-id=\"826\" class=\"elementor elementor-826\" data-elementor-post-type=\"page\">\n\t\t\t\t<div class=\"elementor-element elementor-element-33b56aa e-flex e-con-boxed e-con e-parent\" data-id=\"33b56aa\" data-element_type=\"container\" data-e-type=\"container\" data-settings=\"{&quot;background_background&quot;:&quot;classic&quot;}\">\n\t\t\t\t\t<div class=\"e-con-inner\">\n\t\t<div class=\"elementor-element elementor-element-44a7504 e-con-full e-flex e-con e-child\" data-id=\"44a7504\" data-element_type=\"container\" data-e-type=\"container\">\n\t\t\t\t<div class=\"elementor-element elementor-element-53f2410 elementor-widget__width-initial elementor-widget elementor-widget-image\" data-id=\"53f2410\" data-element_type=\"widget\" data-e-type=\"widget\" data-widget_type=\"image.default\">\n\t\t\t\t<div class=\"elementor-widget-container\">\n\t\t\t\t\t\t\t\t\t\t\t\t\t\t\t<img fetchpriority=\"high\" decoding=\"async\" width=\"1356\" height=\"1803\" src=\"https:\/\/shatranj.art\/wp-content\/uploads\/2026\/02\/9.jpg\" class=\"attachment-full size-full wp-image-828\" alt=\"\" srcset=\"https:\/\/shatranj.art\/wp-content\/uploads\/2026\/02\/9.jpg 1356w, https:\/\/shatranj.art\/wp-content\/uploads\/2026\/02\/9-226x300.jpg 226w, https:\/\/shatranj.art\/wp-content\/uploads\/2026\/02\/9-770x1024.jpg 770w, https:\/\/shatranj.art\/wp-content\/uploads\/2026\/02\/9-768x1021.jpg 768w, https:\/\/shatranj.art\/wp-content\/uploads\/2026\/02\/9-1155x1536.jpg 1155w\" sizes=\"(max-width: 1356px) 100vw, 1356px\" \/>\t\t\t\t\t\t\t\t\t\t\t\t\t\t\t<\/div>\n\t\t\t\t<\/div>\n\t\t\t\t<div class=\"elementor-element elementor-element-efc76fe elementor-widget__width-initial elementor-widget elementor-widget-text-editor\" data-id=\"efc76fe\" data-element_type=\"widget\" data-e-type=\"widget\" data-widget_type=\"text-editor.default\">\n\t\t\t\t<div class=\"elementor-widget-container\">\n\t\t\t\t\t\t\t\t\t<p><strong>Un legado estrat\u00e9gico: Las l\u00edneas arquitect\u00f3nicas del conjunto de Averbakh<\/strong><\/p><p>\u00a0<\/p><p>Bautizado con el nombre de Yuri Averbakh, uno de los mayores te\u00f3ricos del ajedrez moderno y maestro de los finales, este juego representa la \u00e9poca dorada de la Escuela Sovi\u00e9tica de Ajedrez. Utilizado con frecuencia en los prestigiosos torneos de los a\u00f1os 50 y 60, este dise\u00f1o es famoso por sus l\u00edneas minimalistas, de gran concentraci\u00f3n y arquitect\u00f3nicamente equilibradas. Como reflejo del enfoque cient\u00edfico de Averbakh, en el que el tablero de ajedrez se trataba como un laboratorio, estas piezas, con sus esbeltos tallos y siluetas simplificadas, simbolizan la forma m\u00e1s pura del intelecto. Este juego es m\u00e1s que una herramienta de juego; es un manifiesto visual de la era de la hegemon\u00eda sovi\u00e9tica del ajedrez y una disciplinada intersecci\u00f3n de artesan\u00eda y estrategia.<\/p>\t\t\t\t\t\t\t\t<\/div>\n\t\t\t\t<\/div>\n\t\t\t\t<\/div>\n\t\t<div class=\"elementor-element elementor-element-ae859ed e-con-full e-flex e-con e-child\" data-id=\"ae859ed\" data-element_type=\"container\" data-e-type=\"container\">\n\t\t\t\t<div class=\"elementor-element elementor-element-c38a481 elementor-widget elementor-widget-image\" data-id=\"c38a481\" data-element_type=\"widget\" data-e-type=\"widget\" data-widget_type=\"image.default\">\n\t\t\t\t<div class=\"elementor-widget-container\">\n\t\t\t\t\t\t\t\t\t\t\t\t\t\t\t<img decoding=\"async\" width=\"1972\" height=\"1308\" src=\"https:\/\/shatranj.art\/wp-content\/uploads\/2026\/02\/9-1.jpg\" class=\"attachment-full size-full wp-image-829\" alt=\"\" srcset=\"https:\/\/shatranj.art\/wp-content\/uploads\/2026\/02\/9-1.jpg 1972w, https:\/\/shatranj.art\/wp-content\/uploads\/2026\/02\/9-1-300x199.jpg 300w, https:\/\/shatranj.art\/wp-content\/uploads\/2026\/02\/9-1-1024x679.jpg 1024w, https:\/\/shatranj.art\/wp-content\/uploads\/2026\/02\/9-1-768x509.jpg 768w, https:\/\/shatranj.art\/wp-content\/uploads\/2026\/02\/9-1-1536x1019.jpg 1536w\" sizes=\"(max-width: 1972px) 100vw, 1972px\" \/>\t\t\t\t\t\t\t\t\t\t\t\t\t\t\t<\/div>\n\t\t\t\t<\/div>\n\t\t\t\t<div class=\"elementor-element elementor-element-f7be571 elementor-widget elementor-widget-image\" data-id=\"f7be571\" data-element_type=\"widget\" data-e-type=\"widget\" data-widget_type=\"image.default\">\n\t\t\t\t<div class=\"elementor-widget-container\">\n\t\t\t\t\t\t\t\t\t\t\t\t\t\t\t<img decoding=\"async\" width=\"2160\" height=\"1317\" src=\"https:\/\/shatranj.art\/wp-content\/uploads\/2026\/02\/9-2.jpg\" class=\"attachment-full size-full wp-image-830\" alt=\"\" srcset=\"https:\/\/shatranj.art\/wp-content\/uploads\/2026\/02\/9-2.jpg 2160w, https:\/\/shatranj.art\/wp-content\/uploads\/2026\/02\/9-2-300x183.jpg 300w, https:\/\/shatranj.art\/wp-content\/uploads\/2026\/02\/9-2-1024x624.jpg 1024w, https:\/\/shatranj.art\/wp-content\/uploads\/2026\/02\/9-2-768x468.jpg 768w, https:\/\/shatranj.art\/wp-content\/uploads\/2026\/02\/9-2-1536x937.jpg 1536w, https:\/\/shatranj.art\/wp-content\/uploads\/2026\/02\/9-2-2048x1249.jpg 2048w\" sizes=\"(max-width: 2160px) 100vw, 2160px\" \/>\t\t\t\t\t\t\t\t\t\t\t\t\t\t\t<\/div>\n\t\t\t\t<\/div>\n\t\t\t\t<\/div>\n\t\t\t\t<div class=\"elementor-element elementor-element-9d4fead elementor-widget elementor-widget-text-editor\" data-id=\"9d4fead\" data-element_type=\"widget\" data-e-type=\"widget\" data-widget_type=\"text-editor.default\">\n\t\t\t\t<div class=\"elementor-widget-container\">\n\t\t\t\t\t\t\t\t\t<p><b>Un fen\u00f3meno cultural:\u00a0<\/b><b> El legado let\u00f3n de Beth Harmon<\/b><\/p><p>S\u00edmbolo del momento revolucionario en que la cultura popular se reuni\u00f3 con el ajedrez, este juego es una reproducci\u00f3n del legendario dise\u00f1o \u201clet\u00f3n sovi\u00e9tico\u201d de los a\u00f1os cincuenta. Presentadas en la impresionante partida final entre Beth Harmon y Vasily Borgov, estas piezas de silueta esbelta, alta y elegante eran conocidas por ser las favoritas del campe\u00f3n mundial Mikhail Tal, el \u201cMago de Riga\u201d. Elaborado con abedul ebonizado y madera de boj, este dise\u00f1o es el icono central del \u201cEfecto Gambito de Dama\u201d, que desencaden\u00f3 un enorme aumento mundial del inter\u00e9s por el ajedrez. Donde la artesan\u00eda se une a la narraci\u00f3n cinematogr\u00e1fica, este juego se erige como una poderosa prueba del atractivo universal del ajedrez en la era moderna.<\/p>\t\t\t\t\t\t\t\t<\/div>\n\t\t\t\t<\/div>\n\t\t<div class=\"elementor-element elementor-element-dc9aff1 e-con-full e-flex e-con e-child\" data-id=\"dc9aff1\" data-element_type=\"container\" data-e-type=\"container\">\n\t\t\t\t<div class=\"elementor-element elementor-element-96cc3e0 elementor-widget elementor-widget-image\" data-id=\"96cc3e0\" data-element_type=\"widget\" data-e-type=\"widget\" data-widget_type=\"image.default\">\n\t\t\t\t<div class=\"elementor-widget-container\">\n\t\t\t\t\t\t\t\t\t\t\t\t\t\t\t<img loading=\"lazy\" decoding=\"async\" width=\"1513\" height=\"1360\" src=\"https:\/\/shatranj.art\/wp-content\/uploads\/2026\/02\/9-3.jpg\" class=\"attachment-full size-full wp-image-831\" alt=\"\" srcset=\"https:\/\/shatranj.art\/wp-content\/uploads\/2026\/02\/9-3.jpg 1513w, https:\/\/shatranj.art\/wp-content\/uploads\/2026\/02\/9-3-300x270.jpg 300w, https:\/\/shatranj.art\/wp-content\/uploads\/2026\/02\/9-3-1024x920.jpg 1024w, https:\/\/shatranj.art\/wp-content\/uploads\/2026\/02\/9-3-768x690.jpg 768w\" sizes=\"(max-width: 1513px) 100vw, 1513px\" \/>\t\t\t\t\t\t\t\t\t\t\t\t\t\t\t<\/div>\n\t\t\t\t<\/div>\n\t\t\t\t<div class=\"elementor-element elementor-element-59f8cf3 elementor-widget elementor-widget-image\" data-id=\"59f8cf3\" data-element_type=\"widget\" data-e-type=\"widget\" data-widget_type=\"image.default\">\n\t\t\t\t<div class=\"elementor-widget-container\">\n\t\t\t\t\t\t\t\t\t\t\t\t\t\t\t<img loading=\"lazy\" decoding=\"async\" width=\"1637\" height=\"990\" src=\"https:\/\/shatranj.art\/wp-content\/uploads\/2026\/02\/9-4.jpg\" class=\"attachment-full size-full wp-image-833\" alt=\"\" srcset=\"https:\/\/shatranj.art\/wp-content\/uploads\/2026\/02\/9-4.jpg 1637w, https:\/\/shatranj.art\/wp-content\/uploads\/2026\/02\/9-4-300x181.jpg 300w, https:\/\/shatranj.art\/wp-content\/uploads\/2026\/02\/9-4-1024x619.jpg 1024w, https:\/\/shatranj.art\/wp-content\/uploads\/2026\/02\/9-4-768x464.jpg 768w, https:\/\/shatranj.art\/wp-content\/uploads\/2026\/02\/9-4-1536x929.jpg 1536w\" sizes=\"(max-width: 1637px) 100vw, 1637px\" \/>\t\t\t\t\t\t\t\t\t\t\t\t\t\t\t<\/div>\n\t\t\t\t<\/div>\n\t\t\t\t<div class=\"elementor-element elementor-element-5ed6e7b elementor-widget elementor-widget-image\" data-id=\"5ed6e7b\" data-element_type=\"widget\" data-e-type=\"widget\" data-widget_type=\"image.default\">\n\t\t\t\t<div class=\"elementor-widget-container\">\n\t\t\t\t\t\t\t\t\t\t\t\t\t\t\t<img loading=\"lazy\" decoding=\"async\" width=\"1464\" height=\"1310\" src=\"https:\/\/shatranj.art\/wp-content\/uploads\/2026\/02\/9-5.jpg\" class=\"attachment-full size-full wp-image-834\" alt=\"\" srcset=\"https:\/\/shatranj.art\/wp-content\/uploads\/2026\/02\/9-5.jpg 1464w, https:\/\/shatranj.art\/wp-content\/uploads\/2026\/02\/9-5-300x268.jpg 300w, https:\/\/shatranj.art\/wp-content\/uploads\/2026\/02\/9-5-1024x916.jpg 1024w, https:\/\/shatranj.art\/wp-content\/uploads\/2026\/02\/9-5-768x687.jpg 768w\" sizes=\"(max-width: 1464px) 100vw, 1464px\" \/>\t\t\t\t\t\t\t\t\t\t\t\t\t\t\t<\/div>\n\t\t\t\t<\/div>\n\t\t\t\t<\/div>\n\t\t\t\t<div class=\"elementor-element elementor-element-cd06d9e elementor-widget elementor-widget-text-editor\" data-id=\"cd06d9e\" data-element_type=\"widget\" data-e-type=\"widget\" data-widget_type=\"text-editor.default\">\n\t\t\t\t<div class=\"elementor-widget-container\">\n\t\t\t\t\t\t\t\t\t<p><b>Una ciudad, un campeonato, un mito:\u00a0<\/b><b>El legado \u201cbak\u00fa\u201d de Leningrado<\/b><\/p><p>Famoso en el mundo del ajedrez como el juego \u201cBak\u00fa 1961\u201d, este dise\u00f1o es en realidad una obra maestra de los talleres Artel Drevprom de la regi\u00f3n de Leningrado. Se gan\u00f3 su apodo tras ser utilizado por gigantes como Mikhail Tal durante el Campeonato de la URSS de 1961 celebrado en Bak\u00fa. Su ic\u00f3nica silueta de tallos largos y esbeltos es, de hecho, una expresi\u00f3n pura del Modernismo de Leningrado.<\/p><p>Pesadas con serr\u00edn comprimido en lugar de plomo debido a la escasez en tiempos de guerra, estas piezas demuestran que la artesan\u00eda puede seguir siendo est\u00e9tica incluso bajo severas restricciones. Con su forma laica y minimalista, totalmente despojada de s\u00edmbolos religiosos, el juego se transform\u00f3 en un instrumento universal de estrategia. Con las huellas figurativas de un joven Kasparov que creci\u00f3 jugando con estas piezas en Bak\u00fa, este dise\u00f1o de Leningrado es un ejemplo cl\u00e1sico de c\u00f3mo un nombre equivocado puede convertirse en una leyenda mundial.<\/p>\t\t\t\t\t\t\t\t<\/div>\n\t\t\t\t<\/div>\n\t\t\t\t\t<\/div>\n\t\t\t\t<\/div>\n\t\t\t\t<\/div>","protected":false},"excerpt":{"rendered":"<p>A Strategic Legacy:\u00a0The Architectural Lines of the Averbakh Set \u00a0 Named after Yuri Averbakh, one of the greatest theorists of modern chess and a master of the endgame, this set represents the golden age of the Soviet Chess School. Frequently used in the prestigious tournaments of the 1950s and 60s, this design is renowned for [&hellip;]<\/p>\n","protected":false},"author":1,"featured_media":0,"parent":743,"menu_order":0,"comment_status":"closed","ping_status":"closed","template":"","meta":{"footnotes":""},"class_list":["post-826","page","type-page","status-publish","hentry"],"_links":{"self":[{"href":"https:\/\/shatranj.art\/es\/wp-json\/wp\/v2\/pages\/826","targetHints":{"allow":["GET"]}}],"collection":[{"href":"https:\/\/shatranj.art\/es\/wp-json\/wp\/v2\/pages"}],"about":[{"href":"https:\/\/shatranj.art\/es\/wp-json\/wp\/v2\/types\/page"}],"author":[{"embeddable":true,"href":"https:\/\/shatranj.art\/es\/wp-json\/wp\/v2\/users\/1"}],"replies":[{"embeddable":true,"href":"https:\/\/shatranj.art\/es\/wp-json\/wp\/v2\/comments?post=826"}],"version-history":[{"count":10,"href":"https:\/\/shatranj.art\/es\/wp-json\/wp\/v2\/pages\/826\/revisions"}],"predecessor-version":[{"id":1195,"href":"https:\/\/shatranj.art\/es\/wp-json\/wp\/v2\/pages\/826\/revisions\/1195"}],"up":[{"embeddable":true,"href":"https:\/\/shatranj.art\/es\/wp-json\/wp\/v2\/pages\/743"}],"wp:attachment":[{"href":"https:\/\/shatranj.art\/es\/wp-json\/wp\/v2\/media?parent=826"}],"curies":[{"name":"wp","href":"https:\/\/api.w.org\/{rel}","templated":true}]}}