{"id":936,"date":"2026-02-22T10:03:32","date_gmt":"2026-02-22T10:03:32","guid":{"rendered":"https:\/\/shatranj.art\/?page_id=936"},"modified":"2026-02-23T08:46:38","modified_gmt":"2026-02-23T08:46:38","slug":"poster-14","status":"publish","type":"page","link":"https:\/\/shatranj.art\/es\/exhibit\/poster-14\/","title":{"rendered":"cartel 14"},"content":{"rendered":"<div data-elementor-type=\"wp-page\" data-elementor-id=\"936\" class=\"elementor elementor-936\" data-elementor-post-type=\"page\">\n\t\t\t\t<div class=\"elementor-element elementor-element-c355192 e-flex e-con-boxed e-con e-parent\" data-id=\"c355192\" data-element_type=\"container\" data-e-type=\"container\" data-settings=\"{&quot;background_background&quot;:&quot;classic&quot;}\">\n\t\t\t\t\t<div class=\"e-con-inner\">\n\t\t<div class=\"elementor-element elementor-element-5bf7f96 e-con-full e-flex e-con e-child\" data-id=\"5bf7f96\" data-element_type=\"container\" data-e-type=\"container\">\n\t\t\t\t<div class=\"elementor-element elementor-element-82eab3c elementor-widget__width-initial elementor-widget-mobile__width-inherit elementor-widget elementor-widget-image\" data-id=\"82eab3c\" data-element_type=\"widget\" data-e-type=\"widget\" data-widget_type=\"image.default\">\n\t\t\t\t<div class=\"elementor-widget-container\">\n\t\t\t\t\t\t\t\t\t\t\t\t\t\t\t<img fetchpriority=\"high\" decoding=\"async\" width=\"768\" height=\"1024\" src=\"https:\/\/shatranj.art\/wp-content\/uploads\/2026\/02\/14-768x1024.jpg\" class=\"attachment-large size-large wp-image-939\" alt=\"\" srcset=\"https:\/\/shatranj.art\/wp-content\/uploads\/2026\/02\/14-768x1024.jpg 768w, https:\/\/shatranj.art\/wp-content\/uploads\/2026\/02\/14-225x300.jpg 225w, https:\/\/shatranj.art\/wp-content\/uploads\/2026\/02\/14-1152x1536.jpg 1152w, https:\/\/shatranj.art\/wp-content\/uploads\/2026\/02\/14-1536x2048.jpg 1536w, https:\/\/shatranj.art\/wp-content\/uploads\/2026\/02\/14-scaled.jpg 1920w\" sizes=\"(max-width: 768px) 100vw, 768px\" \/>\t\t\t\t\t\t\t\t\t\t\t\t\t\t\t<\/div>\n\t\t\t\t<\/div>\n\t\t\t\t<div class=\"elementor-element elementor-element-f30dc26 elementor-widget__width-initial elementor-widget elementor-widget-text-editor\" data-id=\"f30dc26\" data-element_type=\"widget\" data-e-type=\"widget\" data-widget_type=\"text-editor.default\">\n\t\t\t\t<div class=\"elementor-widget-container\">\n\t\t\t\t\t\t\t\t\t<p><strong>El legado intelectual de un arist\u00f3crata gorganita<\/strong><\/p><p>\u00a0<\/p><p>Al-Suli no s\u00f3lo fue el mejor maestro de ajedrez de su \u00e9poca, sino tambi\u00e9n un \u201cnadim\u201d (compa\u00f1ero de corte) de los califas abbas\u00edes, un historiador de palacio y un agudo poeta. Nacido en Gorgan hacia el a\u00f1o 870 d.C., su linaje se remonta a la fortaleza fortificada de Sul, en las estepas de Dehistan, donde gobern\u00f3 su abuelo, el pr\u00edncipe turco Sul tekin. Esta noble herencia se conmemora hoy con una estatua en el Monumento a la Independencia de Ashgabat (Turkmenist\u00e1n).<\/p><p>\u00a0<\/p><p>Con el rango de \u201cAliya\u201d, el t\u00edtulo m\u00e1s alto que se puede alcanzar en ajedrez, Al-Suli transform\u00f3 el juego en una arquitectura cient\u00edfica estructurada. En su obra seminal Kitab al-Shatranj, fue el primero en documentar sistem\u00e1ticamente las formaciones de apertura (tabiyas) y las estrategias de finales (mansubas). El marco te\u00f3rico que estableci\u00f3 sigui\u00f3 siendo la referencia definitiva para la maestr\u00eda y la principal fuente de referencia durante siglos, perdurando hasta la aparici\u00f3n de las reglas modernas del ajedrez.<\/p>\t\t\t\t\t\t\t\t<\/div>\n\t\t\t\t<\/div>\n\t\t<div class=\"elementor-element elementor-element-8f27e89 e-con-full e-flex e-con e-child\" data-id=\"8f27e89\" data-element_type=\"container\" data-e-type=\"container\">\n\t\t\t\t<div class=\"elementor-element elementor-element-374a727 elementor-widget-mobile__width-inherit elementor-widget elementor-widget-image\" data-id=\"374a727\" data-element_type=\"widget\" data-e-type=\"widget\" data-widget_type=\"image.default\">\n\t\t\t\t<div class=\"elementor-widget-container\">\n\t\t\t\t\t\t\t\t\t\t\t\t\t\t\t<img decoding=\"async\" width=\"800\" height=\"457\" src=\"https:\/\/shatranj.art\/wp-content\/uploads\/2026\/02\/14-1-1024x585.jpg\" class=\"attachment-large size-large wp-image-940\" alt=\"\" srcset=\"https:\/\/shatranj.art\/wp-content\/uploads\/2026\/02\/14-1-1024x585.jpg 1024w, https:\/\/shatranj.art\/wp-content\/uploads\/2026\/02\/14-1-300x171.jpg 300w, https:\/\/shatranj.art\/wp-content\/uploads\/2026\/02\/14-1-768x439.jpg 768w, https:\/\/shatranj.art\/wp-content\/uploads\/2026\/02\/14-1-1536x877.jpg 1536w, https:\/\/shatranj.art\/wp-content\/uploads\/2026\/02\/14-1-2048x1170.jpg 2048w\" sizes=\"(max-width: 800px) 100vw, 800px\" \/>\t\t\t\t\t\t\t\t\t\t\t\t\t\t\t<\/div>\n\t\t\t\t<\/div>\n\t\t\t\t<div class=\"elementor-element elementor-element-118c953 elementor-widget-mobile__width-inherit elementor-widget elementor-widget-image\" data-id=\"118c953\" data-element_type=\"widget\" data-e-type=\"widget\" data-widget_type=\"image.default\">\n\t\t\t\t<div class=\"elementor-widget-container\">\n\t\t\t\t\t\t\t\t\t\t\t\t\t\t\t<img decoding=\"async\" width=\"800\" height=\"488\" src=\"https:\/\/shatranj.art\/wp-content\/uploads\/2026\/02\/14-2-1024x624.jpg\" class=\"attachment-large size-large wp-image-941\" alt=\"\" srcset=\"https:\/\/shatranj.art\/wp-content\/uploads\/2026\/02\/14-2-1024x624.jpg 1024w, https:\/\/shatranj.art\/wp-content\/uploads\/2026\/02\/14-2-300x183.jpg 300w, https:\/\/shatranj.art\/wp-content\/uploads\/2026\/02\/14-2-768x468.jpg 768w, https:\/\/shatranj.art\/wp-content\/uploads\/2026\/02\/14-2-1536x936.jpg 1536w, https:\/\/shatranj.art\/wp-content\/uploads\/2026\/02\/14-2-2048x1249.jpg 2048w\" sizes=\"(max-width: 800px) 100vw, 800px\" \/>\t\t\t\t\t\t\t\t\t\t\t\t\t\t\t<\/div>\n\t\t\t\t<\/div>\n\t\t\t\t<\/div>\n\t\t\t\t<div class=\"elementor-element elementor-element-bbcc28f elementor-widget__width-initial elementor-widget elementor-widget-text-editor\" data-id=\"bbcc28f\" data-element_type=\"widget\" data-e-type=\"widget\" data-widget_type=\"text-editor.default\">\n\t\t\t\t<div class=\"elementor-widget-container\">\n\t\t\t\t\t\t\t\t\t<p><b>El diamante de Suli: El milenario pico \u201cirresoluble\u201d de la estrategia<\/b><\/p><p>\u00a0<\/p><p>Compuesto en el siglo X por el maestro gorganita Abu Bakr bin Yahya al-Suli, el \u201cDiamante\u201d es el acertijo m\u00e1s legendario y discutido de la historia del ajedrez. A pesar de su absoluta simplicidad exterior, con un final en el que s\u00f3lo hay un Rey y un Ferz (el predecesor hist\u00f3rico de la Reina) por bando, esta composici\u00f3n sigui\u00f3 siendo el Everest \u201cirresoluble\u201d del mundo del ajedrez durante mil a\u00f1os. Esta brillante creaci\u00f3n de Al-Suli es un arte supremo de maniobra que sobrepasa los l\u00edmites del ajedrez hist\u00f3rico.<\/p><p>\u00a0<\/p><p><strong>El secreto del manuscrito de S\u00fcleymaniye<\/strong><\/p><p>\u00a0<\/p><p>El registro m\u00e1s vital de este enigma se encuentra en la copia del Kitab Ash-Shatranj conservada en la Biblioteca S\u00fcleymaniye de Estambul. Aunque las p\u00e1ginas de este manuscrito en concreto est\u00e1n intactas, es evidente que algunas posiciones y jugadas se transcribieron de forma incorrecta o incompleta a partir de la fuente original. Sin embargo, incluso con estos errores hist\u00f3ricos de escritura, la soluci\u00f3n parcial proporcionada en el texto concuerda perfectamente con el profundo trabajo anal\u00edtico realizado por el Gran Maestro Yuri Averbakh en el siglo XX. Al-Suli inmortaliz\u00f3 la exclusividad de su maestr\u00eda con esta desafiante afirmaci\u00f3n:<\/p><p>\u201cNadie lo resolver\u00e1, salvo aquellos a quienes he instruido\u201d<\/p><p>\u00a0<\/p><p><strong>El triunfo de los algoritmos:<\/strong> <strong>shatranj.ai<\/strong><\/p><p>\u00a0<\/p><p>El \u201cDiamante\u201d, que dej\u00f3 asombradas a las mentes humanas durante un milenio, ha sido ahora plenamente iluminado por el poder de la era digital. En el marco del proyecto shatranj.ai, utilizando m\u00e9todos de programaci\u00f3n din\u00e1mica y modernos algoritmos con funciones \u201chash\u201d (tabla de transposici\u00f3n) habilitadas, se ha resuelto matem\u00e1ticamente cada variaci\u00f3n de esta ingeniosa composici\u00f3n. Este viaje, que se extiende desde las l\u00edneas de los manuscritos de S\u00fcleymaniye hasta el c\u00f3digo moderno, es la verificaci\u00f3n definitiva del genio estrat\u00e9gico intemporal de Al-Suli, que demuestra que lo que antes estaba reservado a los alumnos elegidos por el maestro puede entenderse ahora a trav\u00e9s del lenguaje de la l\u00f3gica pura.<\/p>\t\t\t\t\t\t\t\t<\/div>\n\t\t\t\t<\/div>\n\t\t\t\t<\/div>\n\t\t\t\t\t<\/div>\n\t\t\t\t<\/div>\n\t\t\t\t<\/div>","protected":false},"excerpt":{"rendered":"<p>The Intellectual Legacy of a Gorganite Aristocrat \u00a0 Al-Suli was not merely the preeminent chess master of his age; he was a &#8220;nadim&#8221; (court companion) to Abbasid Caliphs, a palace historian, and a sharp-witted poet. Born in Gorgan around 870 AD, his lineage traces back to the fortified Fortress of Sul in the Dehistan steppes, [&hellip;]<\/p>\n","protected":false},"author":1,"featured_media":0,"parent":743,"menu_order":0,"comment_status":"closed","ping_status":"closed","template":"","meta":{"footnotes":""},"class_list":["post-936","page","type-page","status-publish","hentry"],"_links":{"self":[{"href":"https:\/\/shatranj.art\/es\/wp-json\/wp\/v2\/pages\/936","targetHints":{"allow":["GET"]}}],"collection":[{"href":"https:\/\/shatranj.art\/es\/wp-json\/wp\/v2\/pages"}],"about":[{"href":"https:\/\/shatranj.art\/es\/wp-json\/wp\/v2\/types\/page"}],"author":[{"embeddable":true,"href":"https:\/\/shatranj.art\/es\/wp-json\/wp\/v2\/users\/1"}],"replies":[{"embeddable":true,"href":"https:\/\/shatranj.art\/es\/wp-json\/wp\/v2\/comments?post=936"}],"version-history":[{"count":31,"href":"https:\/\/shatranj.art\/es\/wp-json\/wp\/v2\/pages\/936\/revisions"}],"predecessor-version":[{"id":1351,"href":"https:\/\/shatranj.art\/es\/wp-json\/wp\/v2\/pages\/936\/revisions\/1351"}],"up":[{"embeddable":true,"href":"https:\/\/shatranj.art\/es\/wp-json\/wp\/v2\/pages\/743"}],"wp:attachment":[{"href":"https:\/\/shatranj.art\/es\/wp-json\/wp\/v2\/media?parent=936"}],"curies":[{"name":"wp","href":"https:\/\/api.w.org\/{rel}","templated":true}]}}