{"id":954,"date":"2026-02-22T15:10:21","date_gmt":"2026-02-22T15:10:21","guid":{"rendered":"https:\/\/shatranj.art\/?page_id=954"},"modified":"2026-02-24T09:18:28","modified_gmt":"2026-02-24T09:18:28","slug":"poster-16","status":"publish","type":"page","link":"https:\/\/shatranj.art\/es\/exhibit\/poster-16\/","title":{"rendered":"cartel 16"},"content":{"rendered":"<div data-elementor-type=\"wp-page\" data-elementor-id=\"954\" class=\"elementor elementor-954\" data-elementor-post-type=\"page\">\n\t\t\t\t<div class=\"elementor-element elementor-element-05751de e-flex e-con-boxed e-con e-parent\" data-id=\"05751de\" data-element_type=\"container\" data-e-type=\"container\" data-settings=\"{&quot;background_background&quot;:&quot;classic&quot;}\">\n\t\t\t\t\t<div class=\"e-con-inner\">\n\t\t<div class=\"elementor-element elementor-element-415f3f4 e-con-full e-flex e-con e-child\" data-id=\"415f3f4\" data-element_type=\"container\" data-e-type=\"container\">\n\t\t\t\t<div class=\"elementor-element elementor-element-ee52ef0 elementor-widget__width-initial elementor-widget elementor-widget-image\" data-id=\"ee52ef0\" data-element_type=\"widget\" data-e-type=\"widget\" data-widget_type=\"image.default\">\n\t\t\t\t<div class=\"elementor-widget-container\">\n\t\t\t\t\t\t\t\t\t\t\t\t\t\t\t<img fetchpriority=\"high\" decoding=\"async\" width=\"723\" height=\"1024\" src=\"https:\/\/shatranj.art\/wp-content\/uploads\/2026\/02\/16-723x1024.jpg\" class=\"attachment-large size-large wp-image-959\" alt=\"\" srcset=\"https:\/\/shatranj.art\/wp-content\/uploads\/2026\/02\/16-723x1024.jpg 723w, https:\/\/shatranj.art\/wp-content\/uploads\/2026\/02\/16-212x300.jpg 212w, https:\/\/shatranj.art\/wp-content\/uploads\/2026\/02\/16-768x1087.jpg 768w, https:\/\/shatranj.art\/wp-content\/uploads\/2026\/02\/16-1085x1536.jpg 1085w, https:\/\/shatranj.art\/wp-content\/uploads\/2026\/02\/16-1447x2048.jpg 1447w, https:\/\/shatranj.art\/wp-content\/uploads\/2026\/02\/16.jpg 1557w\" sizes=\"(max-width: 723px) 100vw, 723px\" \/>\t\t\t\t\t\t\t\t\t\t\t\t\t\t\t<\/div>\n\t\t\t\t<\/div>\n\t\t\t\t<div class=\"elementor-element elementor-element-bc51b4f elementor-widget__width-initial elementor-widget elementor-widget-text-editor\" data-id=\"bc51b4f\" data-element_type=\"widget\" data-e-type=\"widget\" data-widget_type=\"text-editor.default\">\n\t\t\t\t<div class=\"elementor-widget-container\">\n\t\t\t\t\t\t\t\t\t<h3><b>Buc\u00e9falo: el esp\u00edritu legendario de las estepas y las conquistas<\/b><\/h3><p>Buc\u00e9falo, que significa \u201ccabeza de buey\u201d (Boukephalos) en griego antiguo, probablemente debido a su ancha frente o a una marca en el hombro, es el caballo de guerra m\u00e1s emblem\u00e1tico de la historia. Cuenta la leyenda que Fil\u00f3nico de Tesalia se lo ofreci\u00f3 al rey Filipo II por la asombrosa suma de 13 talentos, pero nadie pudo domar su esp\u00edritu salvaje. Un joven Alejandro, observando que el caballo s\u00f3lo se asustaba de su propia sombra, lo gir\u00f3 hacia el sol para calmarlo. Al ver esto, el rey Filipo declar\u00f3: \u201cOh hijo m\u00edo, b\u00fascate un reino igual y digno de ti mismo, pues Macedonia es demasiado peque\u00f1a para ti\u201d.\u201d<\/p><p>\u00a0<\/p><p>De los campos de batalla a la inmortalidad<\/p><p>\u00a0<\/p><p>Buc\u00e9falo acompa\u00f1\u00f3 a Alejandro durante toda su campa\u00f1a desde Grecia hasta el coraz\u00f3n de la India. Soport\u00f3 a su se\u00f1or en los enfrentamientos m\u00e1s sangrientos, desde Gr\u00e1nico e Isso hasta Gaugamela y la batalla del Hydaspes. En el 326 a.C., durante la campa\u00f1a de la India, falleci\u00f3 a causa de las heridas de la batalla o por vejez (con casi 30 a\u00f1os). En su honor, Alejandro fund\u00f3 la ciudad de Alejandr\u00eda Buc\u00e9fala, a orillas del r\u00edo Jhelum, en el actual Pakist\u00e1n.<\/p><p>\u00a0<\/p><p>Legado cultural<\/p><p>\u00a0<\/p><p>En la historia del arte y la literatura, Buc\u00e9falo es s\u00edmbolo de poder, lealtad y agudo instinto. En las tradiciones orientales, donde Alejandro es identificado a menudo como \u201cIskandar\u201d, Buc\u00e9falo es representado como un compa\u00f1ero leal dotado de cualidades sobrenaturales. Sigue siendo el verdadero \u201cesp\u00edritu\u201d del mayor conquistador de la historia y representa un v\u00ednculo que trasciende el campo de batalla.<\/p>\t\t\t\t\t\t\t\t<\/div>\n\t\t\t\t<\/div>\n\t\t\t\t<\/div>\n\t\t\t\t\t<\/div>\n\t\t\t\t<\/div>\n\t\t\t\t<\/div>","protected":false},"excerpt":{"rendered":"<p>Bucephalus: The Legendary Spirit of the Steppes and Conquests Meaning &#8220;Ox-headed&#8221; (Boukephalos) in Ancient Greek likely due to his broad brow or a branding on his shoulder Bucephalus is the most iconic warhorse in history. Legend tells that he was offered to King Philip II by Philonicus the Thessalian for the staggering sum of 13 [&hellip;]<\/p>\n","protected":false},"author":1,"featured_media":0,"parent":743,"menu_order":0,"comment_status":"closed","ping_status":"closed","template":"","meta":{"footnotes":""},"class_list":["post-954","page","type-page","status-publish","hentry"],"_links":{"self":[{"href":"https:\/\/shatranj.art\/es\/wp-json\/wp\/v2\/pages\/954","targetHints":{"allow":["GET"]}}],"collection":[{"href":"https:\/\/shatranj.art\/es\/wp-json\/wp\/v2\/pages"}],"about":[{"href":"https:\/\/shatranj.art\/es\/wp-json\/wp\/v2\/types\/page"}],"author":[{"embeddable":true,"href":"https:\/\/shatranj.art\/es\/wp-json\/wp\/v2\/users\/1"}],"replies":[{"embeddable":true,"href":"https:\/\/shatranj.art\/es\/wp-json\/wp\/v2\/comments?post=954"}],"version-history":[{"count":13,"href":"https:\/\/shatranj.art\/es\/wp-json\/wp\/v2\/pages\/954\/revisions"}],"predecessor-version":[{"id":1579,"href":"https:\/\/shatranj.art\/es\/wp-json\/wp\/v2\/pages\/954\/revisions\/1579"}],"up":[{"embeddable":true,"href":"https:\/\/shatranj.art\/es\/wp-json\/wp\/v2\/pages\/743"}],"wp:attachment":[{"href":"https:\/\/shatranj.art\/es\/wp-json\/wp\/v2\/media?parent=954"}],"curies":[{"name":"wp","href":"https:\/\/api.w.org\/{rel}","templated":true}]}}