{"id":1016,"date":"2026-02-22T16:17:45","date_gmt":"2026-02-22T16:17:45","guid":{"rendered":"https:\/\/shatranj.art\/?page_id=1016"},"modified":"2026-02-24T09:42:49","modified_gmt":"2026-02-24T09:42:49","slug":"poster-24","status":"publish","type":"page","link":"https:\/\/shatranj.art\/et\/exhibit\/poster-24\/","title":{"rendered":"plakat 24"},"content":{"rendered":"<div data-elementor-type=\"wp-page\" data-elementor-id=\"1016\" class=\"elementor elementor-1016\" data-elementor-post-type=\"page\">\n\t\t\t\t<div class=\"elementor-element elementor-element-cbef851 e-flex e-con-boxed e-con e-parent\" data-id=\"cbef851\" data-element_type=\"container\" data-e-type=\"container\" data-settings=\"{&quot;background_background&quot;:&quot;classic&quot;}\">\n\t\t\t\t\t<div class=\"e-con-inner\">\n\t\t<div class=\"elementor-element elementor-element-919ca16 e-con-full e-flex e-con e-child\" data-id=\"919ca16\" data-element_type=\"container\" data-e-type=\"container\">\n\t\t\t\t<div class=\"elementor-element elementor-element-3a8b40d elementor-widget elementor-widget-image\" data-id=\"3a8b40d\" data-element_type=\"widget\" data-e-type=\"widget\" data-widget_type=\"image.default\">\n\t\t\t\t<div class=\"elementor-widget-container\">\n\t\t\t\t\t\t\t\t\t\t\t\t\t\t\t<img fetchpriority=\"high\" decoding=\"async\" width=\"800\" height=\"534\" src=\"https:\/\/shatranj.art\/wp-content\/uploads\/2026\/02\/21-1024x683.jpg\" class=\"attachment-large size-large wp-image-995\" alt=\"\" srcset=\"https:\/\/shatranj.art\/wp-content\/uploads\/2026\/02\/21-1024x683.jpg 1024w, https:\/\/shatranj.art\/wp-content\/uploads\/2026\/02\/21-300x200.jpg 300w, https:\/\/shatranj.art\/wp-content\/uploads\/2026\/02\/21-768x512.jpg 768w, https:\/\/shatranj.art\/wp-content\/uploads\/2026\/02\/21-1536x1024.jpg 1536w, https:\/\/shatranj.art\/wp-content\/uploads\/2026\/02\/21-2048x1366.jpg 2048w\" sizes=\"(max-width: 800px) 100vw, 800px\" \/>\t\t\t\t\t\t\t\t\t\t\t\t\t\t\t<\/div>\n\t\t\t\t<\/div>\n\t\t\t\t<div class=\"elementor-element elementor-element-07a7613 elementor-widget elementor-widget-text-editor\" data-id=\"07a7613\" data-element_type=\"widget\" data-e-type=\"widget\" data-widget_type=\"text-editor.default\">\n\t\t\t\t<div class=\"elementor-widget-container\">\n\t\t\t\t\t\t\t\t\t<p>\u015eAH\u00ce malekomplekt on rohkem kui lihtsalt m\u00e4ng; see on sild kultuuride, ajastute ja filosoofiate vahel. Komplekt on loodud nii keiserlikke kui ka kuninglikke tundeid esile kutsuma ning selle nimi tuleneb Balkanil ja paljudes slaavi keeltes laialdaselt kasutatavast terminist, millega t\u00e4histatakse malem\u00e4ngu.<\/p><p>S\u00f5na \u201c\u015eAH\u00ce\u201d ise toimib kuningliku omaduss\u00f5nana, mis t\u00e4hendab \u201c\u0161aahile iseloomulikku\u201d, omades kirjanduslikku kaalu, mis t\u00e4hendab j\u00f5udu, suursugusust ja strateegilist s\u00fcgavust.<\/p><h3><b>Kultuurilise evolutsiooni meistriteos<\/b><\/h3><p>See komplekt, mille on kujundanud kogenud malepedagoog ja endine MIT esimese laua m\u00e4ngija Tamer Karatekin, koondab elegantselt m\u00e4ngu ajalugu. Iga t\u00fckk on valmistatud nii, et see peegeldab ainulaadset ajaloolist narratiivi:<\/p><ul><li style=\"font-weight: 400;\" aria-level=\"1\"><b>G\u00fcl\u015fah (Kuningas):<\/b><span style=\"font-weight: 400;\"> Esindab kuppli p\u00fchadust, mis on inspireeritud sellistest ehitistest nagu Hagia Sophia ja Pantheon, ning peakatte intellektuaalset p\u00e4randit.<\/span><\/li><li style=\"font-weight: 400;\" aria-level=\"1\"><b>Sokol (kuninganna\/visiir):<\/b><span style=\"font-weight: 400;\"> See on nime saanud s\u00f5jalise s\u00fcmboli, hauka j\u00e4rgi ja inspireeritud Austria kohvikutemaja malekomplekti sibulakupliga finaali ja kiivri kujundusest, s\u00fcmboliseerides s\u00f5jalist autoriteeti ja \u201cvisiiri\u201d tarkust. Sokolovit\u0161i oli Osmanite impeeriumi k\u00f5ige m\u00f5jukama suurvisiiri Sokollu Mehmet passa s\u00fcnnilinn.<\/span><\/li><li style=\"font-weight: 400;\" aria-level=\"1\"><b>Bukefal (R\u00fc\u00fctel):<\/b><span style=\"font-weight: 400;\"> Nimetati Aleksander Suure legendaarse hobuse j\u00e4rgi, mis s\u00fcmboliseerib kahesuunalist kultuurivahetust ida ja l\u00e4\u00e4ne vahel.<\/span><\/li><li style=\"font-weight: 400;\" aria-level=\"1\"><b>Shahrukh (The Rook):<\/b><span style=\"font-weight: 400;\"> Suurep\u00e4rane s\u00f5jalise evolutsiooni s\u00fcntees, mis sisaldab s\u00f5javankri, torni, suurt\u00fcki ja laeva elemente. Malemeister ja v\u00e4ejuht Timur andis oma pojale nime Shahrukh, sest uudis tema s\u00fcnnist saabus malem\u00e4ngu ajal.<\/span><\/li><li style=\"font-weight: 400;\" aria-level=\"1\"><b>Abul-Abbas (Piiskop\/Elefant):<\/b><span style=\"font-weight: 400;\"> Peegeldab Karl Suurele kingitud elevandi ikoonilist teekonda, j\u00e4lgides malendi r\u00e4nnet \u00fcle kolme kontinendi.<\/span><\/li><li style=\"font-weight: 400;\" aria-level=\"1\"><b>R\u00e9gence-Philidor (Pawn):<\/b><span style=\"font-weight: 400;\"> Inspireeritud Pariisi valgustusajastu kohvikutest ja Philidori kuulsast m\u00f5tteterast: \u201cM\u00e4ngu hing on malendi hing\u201d.<\/span><\/li><\/ul>\t\t\t\t\t\t\t\t<\/div>\n\t\t\t\t<\/div>\n\t\t\t\t<div class=\"elementor-element elementor-element-52a94ef elementor-widget elementor-widget-text-editor\" data-id=\"52a94ef\" data-element_type=\"widget\" data-e-type=\"widget\" data-widget_type=\"text-editor.default\">\n\t\t\t\t<div class=\"elementor-widget-container\">\n\t\t\t\t\t\t\t\t\t<h3><b>Disain ja eesm\u00e4rk<\/b><\/h3><p>Komplekt \u015eAH\u00ce on hoolikalt ette valmistatud nii kunstiliseks v\u00e4ljapanekuks kui ka funktsionaalseks vahendiks hariduslikuks ja turniiridel kasutamiseks. Selle disainifilosoofia aluseks on kultuuriliselt ja vaimselt k\u00f5ikeh\u00f5lmavus, mis tagab, et see leiab vastukaja m\u00e4ngijatele \u00fcle kogu maailma.<\/p><p><b>Toetuse p\u00e4rand:<\/b><\/p><p>Selle komplekti tootmine sai v\u00f5imalikuks Massachusettsi Kultuurin\u00f5ukogu ja Euroopa Liidu noorteprogrammi toetusel.<\/p>\t\t\t\t\t\t\t\t<\/div>\n\t\t\t\t<\/div>\n\t\t\t\t<\/div>\n\t\t\t\t\t<\/div>\n\t\t\t\t<\/div>\n\t\t\t\t<\/div>","protected":false},"excerpt":{"rendered":"<p>The \u015eAH\u00ce Chess Set is more than just a game; it is a bridge between cultures, eras, and philosophies. Designed to evoke both imperial and royal sensations, the set draws its name from a term widely used in the Balkans and many Slavic languages to refer to the game of chess. The word &#8220;\u015eAH\u00ce&#8221; itself [&hellip;]<\/p>\n","protected":false},"author":1,"featured_media":0,"parent":743,"menu_order":0,"comment_status":"closed","ping_status":"closed","template":"","meta":{"footnotes":""},"class_list":["post-1016","page","type-page","status-publish","hentry"],"_links":{"self":[{"href":"https:\/\/shatranj.art\/et\/wp-json\/wp\/v2\/pages\/1016","targetHints":{"allow":["GET"]}}],"collection":[{"href":"https:\/\/shatranj.art\/et\/wp-json\/wp\/v2\/pages"}],"about":[{"href":"https:\/\/shatranj.art\/et\/wp-json\/wp\/v2\/types\/page"}],"author":[{"embeddable":true,"href":"https:\/\/shatranj.art\/et\/wp-json\/wp\/v2\/users\/1"}],"replies":[{"embeddable":true,"href":"https:\/\/shatranj.art\/et\/wp-json\/wp\/v2\/comments?post=1016"}],"version-history":[{"count":19,"href":"https:\/\/shatranj.art\/et\/wp-json\/wp\/v2\/pages\/1016\/revisions"}],"predecessor-version":[{"id":1601,"href":"https:\/\/shatranj.art\/et\/wp-json\/wp\/v2\/pages\/1016\/revisions\/1601"}],"up":[{"embeddable":true,"href":"https:\/\/shatranj.art\/et\/wp-json\/wp\/v2\/pages\/743"}],"wp:attachment":[{"href":"https:\/\/shatranj.art\/et\/wp-json\/wp\/v2\/media?parent=1016"}],"curies":[{"name":"wp","href":"https:\/\/api.w.org\/{rel}","templated":true}]}}