{"id":1021,"date":"2026-02-22T16:28:38","date_gmt":"2026-02-22T16:28:38","guid":{"rendered":"https:\/\/shatranj.art\/?page_id=1021"},"modified":"2026-02-23T05:16:08","modified_gmt":"2026-02-23T05:16:08","slug":"poster-25","status":"publish","type":"page","link":"https:\/\/shatranj.art\/et\/exhibit\/poster-25\/","title":{"rendered":"plakat 25"},"content":{"rendered":"<div data-elementor-type=\"wp-page\" data-elementor-id=\"1021\" class=\"elementor elementor-1021\" data-elementor-post-type=\"page\">\n\t\t\t\t<div class=\"elementor-element elementor-element-3d217f0 e-flex e-con-boxed e-con e-parent\" data-id=\"3d217f0\" data-element_type=\"container\" data-e-type=\"container\" data-settings=\"{&quot;background_background&quot;:&quot;classic&quot;}\">\n\t\t\t\t\t<div class=\"e-con-inner\">\n\t\t<div class=\"elementor-element elementor-element-a3a2689 e-con-full e-flex e-con e-child\" data-id=\"a3a2689\" data-element_type=\"container\" data-e-type=\"container\">\n\t\t\t\t<div class=\"elementor-element elementor-element-fa1aaae elementor-widget__width-initial elementor-widget elementor-widget-image\" data-id=\"fa1aaae\" data-element_type=\"widget\" data-e-type=\"widget\" data-widget_type=\"image.default\">\n\t\t\t\t<div class=\"elementor-widget-container\">\n\t\t\t\t\t\t\t\t\t\t\t\t\t\t\t<img fetchpriority=\"high\" decoding=\"async\" width=\"800\" height=\"463\" src=\"https:\/\/shatranj.art\/wp-content\/uploads\/2026\/02\/25-1024x592.jpg\" class=\"attachment-large size-large wp-image-1023\" alt=\"\" srcset=\"https:\/\/shatranj.art\/wp-content\/uploads\/2026\/02\/25-1024x592.jpg 1024w, https:\/\/shatranj.art\/wp-content\/uploads\/2026\/02\/25-300x173.jpg 300w, https:\/\/shatranj.art\/wp-content\/uploads\/2026\/02\/25-768x444.jpg 768w, https:\/\/shatranj.art\/wp-content\/uploads\/2026\/02\/25-1536x887.jpg 1536w, https:\/\/shatranj.art\/wp-content\/uploads\/2026\/02\/25-2048x1183.jpg 2048w\" sizes=\"(max-width: 800px) 100vw, 800px\" \/>\t\t\t\t\t\t\t\t\t\t\t\t\t\t\t<\/div>\n\t\t\t\t<\/div>\n\t\t\t\t<div class=\"elementor-element elementor-element-cbddf52 elementor-widget__width-initial elementor-widget elementor-widget-text-editor\" data-id=\"cbddf52\" data-element_type=\"widget\" data-e-type=\"widget\" data-widget_type=\"text-editor.default\">\n\t\t\t\t<div class=\"elementor-widget-container\">\n\t\t\t\t\t\t\t\t\t<p><strong>\u015eAH\u00ce Bucephalus: <\/strong><strong>Strateegia ja kultuuri p\u00e4rand<\/strong><\/p><p>See kuju kannab Aleppost p\u00e4rit t\u00f5lkija Philipp Stamma p\u00e4randit, kes on tuntud oma 1737. aastal Pariisis avaldatud teose \u201cEssai sur le jeu des echecs\u201d poolest. R\u00fc\u00fctli kujundus, millel on prantsuse lokid mannekeenis, kujutab valgustuse ratsionaalse m\u00f5tteviisi ja Ida iidse strateegilise s\u00fcgavuse sujuvat s\u00fcnteesi. Teose sees olevad vormid loovad kultuurilise silla, \u00fchendades Aleppost Euroopasse toodud \"Stamma Mate\" taktikalise geeniuse ja Makedoonia hobuse Bucephalose s\u00f5jalise v\u00f5imsuse.<\/p>\t\t\t\t\t\t\t\t<\/div>\n\t\t\t\t<\/div>\n\t\t\t\t<div class=\"elementor-element elementor-element-f641ab0 elementor-widget__width-initial elementor-widget elementor-widget-text-editor\" data-id=\"f641ab0\" data-element_type=\"widget\" data-e-type=\"widget\" data-widget_type=\"text-editor.default\">\n\t\t\t\t<div class=\"elementor-widget-container\">\n\t\t\t\t\t\t\t\t\t<p><b>1950 Dubrovnik ja Staunton: <\/b><b style=\"font-family: -apple-system, BlinkMacSystemFont, 'Segoe UI', Roboto, 'Helvetica Neue', Arial, 'Noto Sans', sans-serif, 'Apple Color Emoji', 'Segoe UI Emoji', 'Segoe UI Symbol', 'Noto Color Emoji';\">Identiteet ja traditsioonilised piirid disainis<\/b><\/p><p>\u00a0<\/p><p>See visuaal vastandab kahte erinevat kujundusfilosoofiat malemaailmas. 1950. aasta Dubrovniki ratsu on iseloomulik, Bobby Fischer kirjeldas seda kui \u201cparimat malendidisaini, mis on kunagi tehtud\u201d, mis paistab silma oma teravate ja skulpturaalsete joonte poolest. Selle disaini d\u00fcnaamilisus peegeldab maletamise strateegilist vaimu ainulaadse kunstilise keele kaudu.<\/p><p>\u00a0<\/p><p>Seevastu Stauntoni disain tekkis 19. sajandi keskel peamiselt selleks, et lihtsustada masstootmist ja tagada \u00fchtsus, mis p\u00f5hineb traditsioonilistel l\u00e4\u00e4ne vormidel. Kuna see sisaldab religioosseid s\u00fcmboleid, nagu piiskopi mitra ja rist, puudub Stauntoni komplektil ilmalik ja k\u00f5ikeh\u00f5lmav identiteet; selle asemel j\u00e4\u00e4b see konkreetse traditsioonilise struktuuri piiridesse. Nende kahe silueti erinevus toob esile erinevuse unikaalse karakteri otsimise vahel males ja standardiseeritud, traditsioonilise formaadi vahel.<\/p>\t\t\t\t\t\t\t\t<\/div>\n\t\t\t\t<\/div>\n\t\t\t\t<div class=\"elementor-element elementor-element-9b94e22 elementor-widget__width-initial elementor-widget elementor-widget-image\" data-id=\"9b94e22\" data-element_type=\"widget\" data-e-type=\"widget\" data-widget_type=\"image.default\">\n\t\t\t\t<div class=\"elementor-widget-container\">\n\t\t\t\t\t\t\t\t\t\t\t\t\t\t\t<img decoding=\"async\" width=\"800\" height=\"641\" src=\"https:\/\/shatranj.art\/wp-content\/uploads\/2026\/02\/25-1-1024x820.jpg\" class=\"attachment-large size-large wp-image-1024\" alt=\"\" srcset=\"https:\/\/shatranj.art\/wp-content\/uploads\/2026\/02\/25-1-1024x820.jpg 1024w, https:\/\/shatranj.art\/wp-content\/uploads\/2026\/02\/25-1-300x240.jpg 300w, https:\/\/shatranj.art\/wp-content\/uploads\/2026\/02\/25-1-768x615.jpg 768w, https:\/\/shatranj.art\/wp-content\/uploads\/2026\/02\/25-1.jpg 1481w\" sizes=\"(max-width: 800px) 100vw, 800px\" \/>\t\t\t\t\t\t\t\t\t\t\t\t\t\t\t<\/div>\n\t\t\t\t<\/div>\n\t\t\t\t<div class=\"elementor-element elementor-element-7a3f622 elementor-widget__width-initial elementor-widget-tablet__width-inherit elementor-widget elementor-widget-image\" data-id=\"7a3f622\" data-element_type=\"widget\" data-e-type=\"widget\" data-widget_type=\"image.default\">\n\t\t\t\t<div class=\"elementor-widget-container\">\n\t\t\t\t\t\t\t\t\t\t\t\t\t\t\t<img decoding=\"async\" width=\"767\" height=\"1024\" src=\"https:\/\/shatranj.art\/wp-content\/uploads\/2026\/02\/25-2-767x1024.jpg\" class=\"attachment-large size-large wp-image-1025\" alt=\"\" srcset=\"https:\/\/shatranj.art\/wp-content\/uploads\/2026\/02\/25-2-767x1024.jpg 767w, https:\/\/shatranj.art\/wp-content\/uploads\/2026\/02\/25-2-225x300.jpg 225w, https:\/\/shatranj.art\/wp-content\/uploads\/2026\/02\/25-2-768x1025.jpg 768w, https:\/\/shatranj.art\/wp-content\/uploads\/2026\/02\/25-2-1151x1536.jpg 1151w, https:\/\/shatranj.art\/wp-content\/uploads\/2026\/02\/25-2.jpg 1499w\" sizes=\"(max-width: 767px) 100vw, 767px\" \/>\t\t\t\t\t\t\t\t\t\t\t\t\t\t\t<\/div>\n\t\t\t\t<\/div>\n\t\t\t\t<div class=\"elementor-element elementor-element-7e9c0df elementor-widget__width-initial elementor-widget elementor-widget-text-editor\" data-id=\"7e9c0df\" data-element_type=\"widget\" data-e-type=\"widget\" data-widget_type=\"text-editor.default\">\n\t\t\t\t<div class=\"elementor-widget-container\">\n\t\t\t\t\t\t\t\t\t<p><b>Lewis Knight: Keskaja p\u00f5hjapoolne p\u00e4rand.<\/b><\/p><p>See 12. sajandi skandinaavia k\u00e4sit\u00f6\u00f6 meistriteos on osa maailmakuulsast Lewis Chessmeni kollektsioonist, mis avastati 1831. aastal \u0160otimaal Lewis'i saarelt. See hoolikalt morsuse elevandiluust nikerdatud t\u00fckk dokumenteerib malendi esteetilist arengut selle leviku ajal Euroopas. Ratsas\u00f5duri kujutis s\u00fcmboliseerib s\u00fcgavat seost m\u00e4ngu ning keskaegse \u00fchiskonna aadli ja s\u00f5jalise hierarhia vahel. See ikooniline siluett j\u00e4\u00e4b erakordseks tunnistajaks ajastu kunstioskustest ja m\u00e4ngu kui kunstiteose kestvast staatusest.<\/p>\t\t\t\t\t\t\t\t<\/div>\n\t\t\t\t<\/div>\n\t\t\t\t<div class=\"elementor-element elementor-element-765b6b1 elementor-widget__width-initial elementor-widget elementor-widget-text-editor\" data-id=\"765b6b1\" data-element_type=\"widget\" data-e-type=\"widget\" data-widget_type=\"text-editor.default\">\n\t\t\t\t<div class=\"elementor-widget-container\">\n\t\t\t\t\t\t\t\t\t<p><b>R\u00fc\u00fctlituur: Intellekti geomeetriline m\u00f5istatus<\/b><\/p><p>R\u00fc\u00fctlituur p\u00f5hineb p\u00f5him\u00f5ttel, et ratsu k\u00fclastab iga ruutu malelaual t\u00e4pselt \u00fcks kord. Alates Al-Adlist 9. sajandi Bagdadis kuni Leonhard Eulerini 18. sajandi valgustusajastu Euroopas on see probleem vaimustanud geeniusi kui matemaatika ja strateegia t\u00e4iuslik harmoonia. Siin kujutatud lahendus n\u00e4itab, kuidas r\u00fc\u00fctli h\u00fcpped loovad keerulise ja lummava s\u00fcmmeetria, mis paljastab male \u201cgeomeetrilise poeesia\u201d ja universaalse loogika.<\/p>\t\t\t\t\t\t\t\t<\/div>\n\t\t\t\t<\/div>\n\t\t\t\t<div class=\"elementor-element elementor-element-e34bfdc elementor-widget__width-initial elementor-widget-tablet__width-inherit elementor-widget elementor-widget-image\" data-id=\"e34bfdc\" data-element_type=\"widget\" data-e-type=\"widget\" data-widget_type=\"image.default\">\n\t\t\t\t<div class=\"elementor-widget-container\">\n\t\t\t\t\t\t\t\t\t\t\t\t\t\t\t<img loading=\"lazy\" decoding=\"async\" width=\"800\" height=\"800\" src=\"https:\/\/shatranj.art\/wp-content\/uploads\/2026\/02\/25-3-1024x1024.jpg\" class=\"attachment-large size-large wp-image-1026\" alt=\"\" srcset=\"https:\/\/shatranj.art\/wp-content\/uploads\/2026\/02\/25-3-1024x1024.jpg 1024w, https:\/\/shatranj.art\/wp-content\/uploads\/2026\/02\/25-3-300x300.jpg 300w, https:\/\/shatranj.art\/wp-content\/uploads\/2026\/02\/25-3-150x150.jpg 150w, https:\/\/shatranj.art\/wp-content\/uploads\/2026\/02\/25-3-768x768.jpg 768w, https:\/\/shatranj.art\/wp-content\/uploads\/2026\/02\/25-3.jpg 1486w\" sizes=\"(max-width: 800px) 100vw, 800px\" \/>\t\t\t\t\t\t\t\t\t\t\t\t\t\t\t<\/div>\n\t\t\t\t<\/div>\n\t\t\t\t<div class=\"elementor-element elementor-element-f59bb1a elementor-widget__width-initial elementor-widget elementor-widget-image\" data-id=\"f59bb1a\" data-element_type=\"widget\" data-e-type=\"widget\" data-widget_type=\"image.default\">\n\t\t\t\t<div class=\"elementor-widget-container\">\n\t\t\t\t\t\t\t\t\t\t\t\t\t\t\t<img loading=\"lazy\" decoding=\"async\" width=\"800\" height=\"537\" src=\"https:\/\/shatranj.art\/wp-content\/uploads\/2026\/02\/25-4-1024x687.jpg\" class=\"attachment-large size-large wp-image-1027\" alt=\"\" srcset=\"https:\/\/shatranj.art\/wp-content\/uploads\/2026\/02\/25-4-1024x687.jpg 1024w, https:\/\/shatranj.art\/wp-content\/uploads\/2026\/02\/25-4-300x201.jpg 300w, https:\/\/shatranj.art\/wp-content\/uploads\/2026\/02\/25-4-768x515.jpg 768w, https:\/\/shatranj.art\/wp-content\/uploads\/2026\/02\/25-4.jpg 1107w\" sizes=\"(max-width: 800px) 100vw, 800px\" \/>\t\t\t\t\t\t\t\t\t\t\t\t\t\t\t<\/div>\n\t\t\t\t<\/div>\n\t\t\t\t<div class=\"elementor-element elementor-element-88ba55c elementor-widget__width-initial elementor-widget elementor-widget-text-editor\" data-id=\"88ba55c\" data-element_type=\"widget\" data-e-type=\"widget\" data-widget_type=\"text-editor.default\">\n\t\t\t\t<div class=\"elementor-widget-container\">\n\t\t\t\t\t\t\t\t\t<p><b>Legendaarne Bucephalus:\u00a0 <\/b><b>Vallutuse ja lojaalsuse s\u00fcmbol<\/b><\/p><p>\u00a0<\/p><p>Sellel mosaiigil on kujutatud Makedoonia hobust ja Aleksander Suure l\u00e4himat kaaslast Bukefalost. Bukefalos, kes oli Aleksandri k\u00f5rval kogu tema s\u00f5jaretkede v\u00e4ltel, suri praeguses Pakistanis, selles piirkonnas, kus malendi ajaloolised juured alguse said. Lisaks sellele, et see ikooniline kuju esindab \u00fcht ajaloo k\u00f5ige p\u00fcsivamat inimese ja looma vahelist sidet, s\u00fcmboliseerib see ka ida ja l\u00e4\u00e4ne vahelist kultuurilist ristumiskohta, mille teekond ulatub Makedooniast Induse oruni. See lugu, mis \u00fchendab s\u00f5jalise v\u00f5imekuse ja vankumatu lojaalsuse, s\u00e4ilitab m\u00e4lestuse eepilisest teekonnast, mis j\u00f5udis l\u00f5pule malendi h\u00e4llist.<\/p>\t\t\t\t\t\t\t\t<\/div>\n\t\t\t\t<\/div>\n\t\t\t\t<\/div>\n\t\t\t\t\t<\/div>\n\t\t\t\t<\/div>\n\t\t\t\t<\/div>","protected":false},"excerpt":{"rendered":"<p>\u015eAH\u00ce Bucephalus: A Legacy of Strategy and Culture This figure carries the legacy of Philipp Stamma, the translator from Aleppo renowned for his work Essai sur le jeu des echecs, published in Paris in 1737. The design of the knight, featuring French curls in its mane, represents the seamless synthesis between the rational mindset of [&hellip;]<\/p>\n","protected":false},"author":1,"featured_media":0,"parent":743,"menu_order":0,"comment_status":"closed","ping_status":"closed","template":"","meta":{"footnotes":""},"class_list":["post-1021","page","type-page","status-publish","hentry"],"_links":{"self":[{"href":"https:\/\/shatranj.art\/et\/wp-json\/wp\/v2\/pages\/1021","targetHints":{"allow":["GET"]}}],"collection":[{"href":"https:\/\/shatranj.art\/et\/wp-json\/wp\/v2\/pages"}],"about":[{"href":"https:\/\/shatranj.art\/et\/wp-json\/wp\/v2\/types\/page"}],"author":[{"embeddable":true,"href":"https:\/\/shatranj.art\/et\/wp-json\/wp\/v2\/users\/1"}],"replies":[{"embeddable":true,"href":"https:\/\/shatranj.art\/et\/wp-json\/wp\/v2\/comments?post=1021"}],"version-history":[{"count":7,"href":"https:\/\/shatranj.art\/et\/wp-json\/wp\/v2\/pages\/1021\/revisions"}],"predecessor-version":[{"id":1243,"href":"https:\/\/shatranj.art\/et\/wp-json\/wp\/v2\/pages\/1021\/revisions\/1243"}],"up":[{"embeddable":true,"href":"https:\/\/shatranj.art\/et\/wp-json\/wp\/v2\/pages\/743"}],"wp:attachment":[{"href":"https:\/\/shatranj.art\/et\/wp-json\/wp\/v2\/media?parent=1021"}],"curies":[{"name":"wp","href":"https:\/\/api.w.org\/{rel}","templated":true}]}}