{"id":1364,"date":"2026-02-23T08:56:53","date_gmt":"2026-02-23T08:56:53","guid":{"rendered":"https:\/\/shatranj.art\/?page_id=1364"},"modified":"2026-02-23T09:04:02","modified_gmt":"2026-02-23T09:04:02","slug":"poster-34","status":"publish","type":"page","link":"https:\/\/shatranj.art\/et\/exhibit\/poster-34\/","title":{"rendered":"plakat 34"},"content":{"rendered":"<div data-elementor-type=\"wp-page\" data-elementor-id=\"1364\" class=\"elementor elementor-1364\" data-elementor-post-type=\"page\">\n\t\t\t\t<div class=\"elementor-element elementor-element-43154ab e-flex e-con-boxed e-con e-parent\" data-id=\"43154ab\" data-element_type=\"container\" data-e-type=\"container\" data-settings=\"{&quot;background_background&quot;:&quot;classic&quot;}\">\n\t\t\t\t\t<div class=\"e-con-inner\">\n\t\t<div class=\"elementor-element elementor-element-204d594 e-con-full e-flex e-con e-child\" data-id=\"204d594\" data-element_type=\"container\" data-e-type=\"container\">\n\t\t\t\t<div class=\"elementor-element elementor-element-f48eba5 elementor-widget elementor-widget-image\" data-id=\"f48eba5\" data-element_type=\"widget\" data-e-type=\"widget\" data-widget_type=\"image.default\">\n\t\t\t\t<div class=\"elementor-widget-container\">\n\t\t\t\t\t\t\t\t\t\t\t\t\t\t\t<img fetchpriority=\"high\" decoding=\"async\" width=\"800\" height=\"600\" src=\"https:\/\/shatranj.art\/wp-content\/uploads\/2026\/02\/Chigorins-chess-set-1-1024x768.jpg\" class=\"attachment-large size-large wp-image-1367\" alt=\"\" srcset=\"https:\/\/shatranj.art\/wp-content\/uploads\/2026\/02\/Chigorins-chess-set-1-1024x768.jpg 1024w, https:\/\/shatranj.art\/wp-content\/uploads\/2026\/02\/Chigorins-chess-set-1-300x225.jpg 300w, https:\/\/shatranj.art\/wp-content\/uploads\/2026\/02\/Chigorins-chess-set-1-768x576.jpg 768w, https:\/\/shatranj.art\/wp-content\/uploads\/2026\/02\/Chigorins-chess-set-1-1536x1152.jpg 1536w, https:\/\/shatranj.art\/wp-content\/uploads\/2026\/02\/Chigorins-chess-set-1-2048x1536.jpg 2048w, https:\/\/shatranj.art\/wp-content\/uploads\/2026\/02\/Chigorins-chess-set-1-16x12.jpg 16w\" sizes=\"(max-width: 800px) 100vw, 800px\" \/>\t\t\t\t\t\t\t\t\t\t\t\t\t\t\t<\/div>\n\t\t\t\t<\/div>\n\t\t\t\t<div class=\"elementor-element elementor-element-63cf570 elementor-widget-tablet__width-inherit elementor-widget elementor-widget-text-editor\" data-id=\"63cf570\" data-element_type=\"widget\" data-e-type=\"widget\" data-widget_type=\"text-editor.default\">\n\t\t\t\t<div class=\"elementor-widget-container\">\n\t\t\t\t\t\t\t\t\t<h3><b>Mihhail T\u0161igorini m\u00e4lestusmalem\u00e4ngukomplekt<\/b><\/h3><p><b>Tshigorini portree, antiikkomplekti ja Orhan G\u00fcnsavi 1999. aasta artikli p\u00f5hjal.<\/b><\/p><p><span style=\"font-weight: 400;\">Sellel v\u00e4ljapanekul on ajalooline vene malekomplekt koos legendaarse vene malemeistri Mihhail T\u0161igorini (1850-1908) originaalfotoga. Kaasnevas 1999. aasta artiklis, mille autoriks on Orhan G\u00fcnsav, endine Istanbuli peaprokur\u00f6r ja 20 aastat T\u00fcrgi maleliidu president, kirjeldatakse \u00fcksikasjalikult, kuidas see komplekt T\u00fcrgisse j\u00f5udis.<\/span><\/p><p>\u00a0<\/p><p><b>Komplekti lugu:<\/b><span style=\"font-weight: 400;\"> Artiklis kirjeldatakse, kui raske oli T\u0161igorini emotsionaalne koormus, eriti p\u00e4rast s\u00fcdantl\u00f5hestavat kaotust Steinitzile 1892. aastal. Tshigorin p\u00f5letas meeleheitel oma malekomplektid oma aias. Ta p\u00e4\u00e4stis ainult \u00fche erilise komplekti: Vene tsaari kingituse.<\/span><\/p><p>\u00a0<\/p><p><span style=\"font-weight: 400;\">N\u00e4itusel oleva konkreetse komplekti lugu j\u00e4tkub Selim Palavani, T\u00fcrgi esimese malemeistri looga. Palavani perekond, kes olid Venemaal elanud kaasani t\u00fcrklased, elas revolutsiooni tervelt \u00fcle. 1912. aastal kingiti neile T\u0161igorinist ajalooline foto koos tsaari poolt tema m\u00e4lestuseks tellitud malekomplektiga. Teise maailmas\u00f5ja ajal, kui s\u00f5da j\u00f5udis Odesasse, kolis perekond Rumeeniasse ja j\u00f5udis l\u00f5puks 1943. aastal Istanbuli, tuues kaasa ajaloolise komplekti.<\/span><\/p><p>\u00a0<\/p><p><span style=\"font-weight: 400;\">Aastaid hiljem tekkis Selim Palavanil s\u00fcgav side H. Serta\u00e7 Dalk\u0131raniga. Otse Orhan G\u00fcnsavi artiklist t\u00f5lkides kirjeldab ta, kuidas komplekt vahetas omanikku:<\/span><\/p><p>\u00a0<\/p><p><i><span style=\"font-weight: 400;\">\u201cTema m\u00e4ngustiili ja tema raske t\u00f6\u00f6 t\u00f5ttu meie riigi male heaks n\u00e4gi Palavan Dalk\u0131ranit kui \u2018T\u00fcrgi T\u0161igorinit\u2019. Oma testamendis kinkis ta Dalk\u0131ranile ajaloolise malekomplekti, mille tsaar oli teinud T\u0161igorini m\u00e4lestuseks, koos vana kollase fotoga.\u201d<\/span><\/i><\/p><p>\u00a0<\/p><p><span style=\"font-weight: 400;\">T\u00e4nap\u00e4eval s\u00e4ilitab Dalk\u0131ran seda komplekti hoolikalt k\u00f5rvuti Atat\u00fcrki isikliku malekomplektiga.<\/span><span style=\"font-weight: 400;\"><br \/><\/span><\/p>\t\t\t\t\t\t\t\t<\/div>\n\t\t\t\t<\/div>\n\t\t<div class=\"elementor-element elementor-element-05ac656 e-con-full e-flex e-con e-child\" data-id=\"05ac656\" data-element_type=\"container\" data-e-type=\"container\">\n\t\t\t\t<div class=\"elementor-element elementor-element-fce2756 elementor-widget__width-initial elementor-widget-mobile__width-inherit elementor-widget elementor-widget-image\" data-id=\"fce2756\" data-element_type=\"widget\" data-e-type=\"widget\" data-widget_type=\"image.default\">\n\t\t\t\t<div class=\"elementor-widget-container\">\n\t\t\t\t\t\t\t\t\t\t\t\t\t\t\t<img decoding=\"async\" width=\"745\" height=\"1024\" src=\"https:\/\/shatranj.art\/wp-content\/uploads\/2026\/02\/Eski-Istanbul-Cumuhuriyet-Bassavcisi-ve-TSF-1954un-20-yil-Baklani-KurtuOrhan-Gunsav-Radikal-Gaz.yazi-Bekir-Sami-Bey-oglu-Kursun-askerler-baslikli-yazisi-Palavan-Rus-Cari-1-745x1024.jpg\" class=\"attachment-large size-large wp-image-1368\" alt=\"\" srcset=\"https:\/\/shatranj.art\/wp-content\/uploads\/2026\/02\/Eski-Istanbul-Cumuhuriyet-Bassavcisi-ve-TSF-1954un-20-yil-Baklani-KurtuOrhan-Gunsav-Radikal-Gaz.yazi-Bekir-Sami-Bey-oglu-Kursun-askerler-baslikli-yazisi-Palavan-Rus-Cari-1-745x1024.jpg 745w, https:\/\/shatranj.art\/wp-content\/uploads\/2026\/02\/Eski-Istanbul-Cumuhuriyet-Bassavcisi-ve-TSF-1954un-20-yil-Baklani-KurtuOrhan-Gunsav-Radikal-Gaz.yazi-Bekir-Sami-Bey-oglu-Kursun-askerler-baslikli-yazisi-Palavan-Rus-Cari-1-218x300.jpg 218w, https:\/\/shatranj.art\/wp-content\/uploads\/2026\/02\/Eski-Istanbul-Cumuhuriyet-Bassavcisi-ve-TSF-1954un-20-yil-Baklani-KurtuOrhan-Gunsav-Radikal-Gaz.yazi-Bekir-Sami-Bey-oglu-Kursun-askerler-baslikli-yazisi-Palavan-Rus-Cari-1-768x1056.jpg 768w, https:\/\/shatranj.art\/wp-content\/uploads\/2026\/02\/Eski-Istanbul-Cumuhuriyet-Bassavcisi-ve-TSF-1954un-20-yil-Baklani-KurtuOrhan-Gunsav-Radikal-Gaz.yazi-Bekir-Sami-Bey-oglu-Kursun-askerler-baslikli-yazisi-Palavan-Rus-Cari-1-1117x1536.jpg 1117w, https:\/\/shatranj.art\/wp-content\/uploads\/2026\/02\/Eski-Istanbul-Cumuhuriyet-Bassavcisi-ve-TSF-1954un-20-yil-Baklani-KurtuOrhan-Gunsav-Radikal-Gaz.yazi-Bekir-Sami-Bey-oglu-Kursun-askerler-baslikli-yazisi-Palavan-Rus-Cari-1-1489x2048.jpg 1489w, https:\/\/shatranj.art\/wp-content\/uploads\/2026\/02\/Eski-Istanbul-Cumuhuriyet-Bassavcisi-ve-TSF-1954un-20-yil-Baklani-KurtuOrhan-Gunsav-Radikal-Gaz.yazi-Bekir-Sami-Bey-oglu-Kursun-askerler-baslikli-yazisi-Palavan-Rus-Cari-1-9x12.jpg 9w, https:\/\/shatranj.art\/wp-content\/uploads\/2026\/02\/Eski-Istanbul-Cumuhuriyet-Bassavcisi-ve-TSF-1954un-20-yil-Baklani-KurtuOrhan-Gunsav-Radikal-Gaz.yazi-Bekir-Sami-Bey-oglu-Kursun-askerler-baslikli-yazisi-Palavan-Rus-Cari-1.jpg 1700w\" sizes=\"(max-width: 745px) 100vw, 745px\" \/>\t\t\t\t\t\t\t\t\t\t\t\t\t\t\t<\/div>\n\t\t\t\t<\/div>\n\t\t\t\t<div class=\"elementor-element elementor-element-bb1df7a elementor-widget__width-initial elementor-widget-mobile__width-inherit elementor-widget elementor-widget-image\" data-id=\"bb1df7a\" data-element_type=\"widget\" data-e-type=\"widget\" data-widget_type=\"image.default\">\n\t\t\t\t<div class=\"elementor-widget-container\">\n\t\t\t\t\t\t\t\t\t\t\t\t\t\t\t<img decoding=\"async\" width=\"530\" height=\"800\" src=\"https:\/\/shatranj.art\/wp-content\/uploads\/2026\/02\/chigorin-with-his-chess-set.jpg\" class=\"attachment-large size-large wp-image-1369\" alt=\"\" srcset=\"https:\/\/shatranj.art\/wp-content\/uploads\/2026\/02\/chigorin-with-his-chess-set.jpg 530w, https:\/\/shatranj.art\/wp-content\/uploads\/2026\/02\/chigorin-with-his-chess-set-199x300.jpg 199w, https:\/\/shatranj.art\/wp-content\/uploads\/2026\/02\/chigorin-with-his-chess-set-8x12.jpg 8w\" sizes=\"(max-width: 530px) 100vw, 530px\" \/>\t\t\t\t\t\t\t\t\t\t\t\t\t\t\t<\/div>\n\t\t\t\t<\/div>\n\t\t\t\t<\/div>\n\t\t\t\t<\/div>\n\t\t\t\t\t<\/div>\n\t\t\t\t<\/div>\n\t\t\t\t<\/div>","protected":false},"excerpt":{"rendered":"<p>Mikhail Chigorin\u2019s Memorial Chess Set Based on the Chigorin portrait, the antique set, and the 1999 article by Orhan G\u00fcnsav. This display features a historic Russian chess set alongside an original photograph of the legendary Russian chess master, Mikhail Chigorin (1850\u20131908). The accompanying 1999 article by Orhan G\u00fcnsav former Istanbul Chief Public Prosecutor and 20-year [&hellip;]<\/p>\n","protected":false},"author":1,"featured_media":0,"parent":743,"menu_order":0,"comment_status":"closed","ping_status":"closed","template":"","meta":{"footnotes":""},"class_list":["post-1364","page","type-page","status-publish","hentry"],"_links":{"self":[{"href":"https:\/\/shatranj.art\/et\/wp-json\/wp\/v2\/pages\/1364","targetHints":{"allow":["GET"]}}],"collection":[{"href":"https:\/\/shatranj.art\/et\/wp-json\/wp\/v2\/pages"}],"about":[{"href":"https:\/\/shatranj.art\/et\/wp-json\/wp\/v2\/types\/page"}],"author":[{"embeddable":true,"href":"https:\/\/shatranj.art\/et\/wp-json\/wp\/v2\/users\/1"}],"replies":[{"embeddable":true,"href":"https:\/\/shatranj.art\/et\/wp-json\/wp\/v2\/comments?post=1364"}],"version-history":[{"count":4,"href":"https:\/\/shatranj.art\/et\/wp-json\/wp\/v2\/pages\/1364\/revisions"}],"predecessor-version":[{"id":1372,"href":"https:\/\/shatranj.art\/et\/wp-json\/wp\/v2\/pages\/1364\/revisions\/1372"}],"up":[{"embeddable":true,"href":"https:\/\/shatranj.art\/et\/wp-json\/wp\/v2\/pages\/743"}],"wp:attachment":[{"href":"https:\/\/shatranj.art\/et\/wp-json\/wp\/v2\/media?parent=1364"}],"curies":[{"name":"wp","href":"https:\/\/api.w.org\/{rel}","templated":true}]}}