{"id":1488,"date":"2026-02-24T06:58:44","date_gmt":"2026-02-24T06:58:44","guid":{"rendered":"https:\/\/shatranj.art\/?page_id=1488"},"modified":"2026-02-24T07:15:32","modified_gmt":"2026-02-24T07:15:32","slug":"plakat-36","status":"publish","type":"page","link":"https:\/\/shatranj.art\/et\/exhibit\/plakat-36\/","title":{"rendered":"poster-36"},"content":{"rendered":"<div data-elementor-type=\"wp-page\" data-elementor-id=\"1488\" class=\"elementor elementor-1488\" data-elementor-post-type=\"page\">\n\t\t\t\t<div class=\"elementor-element elementor-element-ffdb7d2 e-flex e-con-boxed e-con e-parent\" data-id=\"ffdb7d2\" data-element_type=\"container\" data-e-type=\"container\" data-settings=\"{&quot;background_background&quot;:&quot;classic&quot;}\">\n\t\t\t\t\t<div class=\"e-con-inner\">\n\t\t<div class=\"elementor-element elementor-element-5551562 e-con-full e-flex e-con e-child\" data-id=\"5551562\" data-element_type=\"container\" data-e-type=\"container\">\n\t\t\t\t<div class=\"elementor-element elementor-element-1e762c9 elementor-widget elementor-widget-image\" data-id=\"1e762c9\" data-element_type=\"widget\" data-e-type=\"widget\" data-widget_type=\"image.default\">\n\t\t\t\t<div class=\"elementor-widget-container\">\n\t\t\t\t\t\t\t\t\t\t\t\t\t\t\t<img fetchpriority=\"high\" decoding=\"async\" width=\"569\" height=\"860\" src=\"https:\/\/shatranj.art\/wp-content\/uploads\/2026\/02\/damiano.jpg\" class=\"attachment-full size-full wp-image-1490\" alt=\"\" srcset=\"https:\/\/shatranj.art\/wp-content\/uploads\/2026\/02\/damiano.jpg 569w, https:\/\/shatranj.art\/wp-content\/uploads\/2026\/02\/damiano-198x300.jpg 198w, https:\/\/shatranj.art\/wp-content\/uploads\/2026\/02\/damiano-8x12.jpg 8w\" sizes=\"(max-width: 569px) 100vw, 569px\" \/>\t\t\t\t\t\t\t\t\t\t\t\t\t\t\t<\/div>\n\t\t\t\t<\/div>\n\t\t\t\t<div class=\"elementor-element elementor-element-4488bb1 elementor-widget elementor-widget-text-editor\" data-id=\"4488bb1\" data-element_type=\"widget\" data-e-type=\"widget\" data-widget_type=\"text-editor.default\">\n\t\t\t\t<div class=\"elementor-widget-container\">\n\t\t\t\t\t\t\t\t\t<h3 data-path-to-node=\"0\">Damiano malekomplekt (umbes 1512)<\/h3><p data-path-to-node=\"1\">See komplekt, mis on nime saanud Pedro Damiano, portugali apteekri j\u00e4rgi, kes kirjutas 1512. aastal m\u00f5juka k\u00e4siraamatu Questo Libro e da Imparare Giocare a Scacchi, kujutab endast olulist \u00fcleminekuhetke male disainis. Esemete abil on v\u00f5imalik \u00fcletada l\u00f5he varaste s\u00fcmboolsete vormide ja kaasaegse kujutamise vahel. Kuigi kuningatel ja kuningannadel on elegantsed treitud tasandid ja r\u00fc\u00fctlid on kujutatud nikerdatud hobusepeadena, kordavad tornid ja piiskopid ikka veel oma keskaegseid eelk\u00e4ijaid. Eelk\u00f5ige on tornil s\u00e4ilinud iidse s\u00f5javankri abstraktne siluett, mis kujunes peagi kaasaegseks lossitorniks.<\/p><p data-path-to-node=\"2\">Damiano traktaat oli moodsa ajastu esimene bestseller, milles kehtestati p\u00f5histandardid, n\u00e4iteks n\u00f5ue, et valge ruut peab asuma m\u00e4ngija paremal poolel. Tema aegumatu n\u00f5uanne \u201cKui n\u00e4ed head k\u00e4iku, leia parem\u201d peegeldab intellektuaalset s\u00fcgavust, mida ta m\u00e4ngu t\u00f5i. See komplekt on visuaalne dokumentatsioon 16. sajandi arengust, mis muutis iidse \u0161atran\u017ei t\u00e4nap\u00e4eva maailma rahvusvaheliseks spordialaks.<\/p>\t\t\t\t\t\t\t\t<\/div>\n\t\t\t\t<\/div>\n\t\t\t\t<\/div>\n\t\t\t\t\t<\/div>\n\t\t\t\t<\/div>\n\t\t\t\t<\/div>","protected":false},"excerpt":{"rendered":"<p>The Damiano Chess Set (c. 1512) Named after Pedro Damiano, the Portuguese apothecary who authored the influential 1512 manual Questo Libro e da Imparare Giocare a Scacchi, this set represents a significant transitional moment in chess design. The pieces bridge the gap between early symbolic forms and modern representation. While the Kings and Queens feature [&hellip;]<\/p>\n","protected":false},"author":1,"featured_media":0,"parent":743,"menu_order":0,"comment_status":"closed","ping_status":"closed","template":"","meta":{"footnotes":""},"class_list":["post-1488","page","type-page","status-publish","hentry"],"_links":{"self":[{"href":"https:\/\/shatranj.art\/et\/wp-json\/wp\/v2\/pages\/1488","targetHints":{"allow":["GET"]}}],"collection":[{"href":"https:\/\/shatranj.art\/et\/wp-json\/wp\/v2\/pages"}],"about":[{"href":"https:\/\/shatranj.art\/et\/wp-json\/wp\/v2\/types\/page"}],"author":[{"embeddable":true,"href":"https:\/\/shatranj.art\/et\/wp-json\/wp\/v2\/users\/1"}],"replies":[{"embeddable":true,"href":"https:\/\/shatranj.art\/et\/wp-json\/wp\/v2\/comments?post=1488"}],"version-history":[{"count":5,"href":"https:\/\/shatranj.art\/et\/wp-json\/wp\/v2\/pages\/1488\/revisions"}],"predecessor-version":[{"id":1501,"href":"https:\/\/shatranj.art\/et\/wp-json\/wp\/v2\/pages\/1488\/revisions\/1501"}],"up":[{"embeddable":true,"href":"https:\/\/shatranj.art\/et\/wp-json\/wp\/v2\/pages\/743"}],"wp:attachment":[{"href":"https:\/\/shatranj.art\/et\/wp-json\/wp\/v2\/media?parent=1488"}],"curies":[{"name":"wp","href":"https:\/\/api.w.org\/{rel}","templated":true}]}}