{"id":1510,"date":"2026-02-24T07:22:35","date_gmt":"2026-02-24T07:22:35","guid":{"rendered":"https:\/\/shatranj.art\/?page_id=1510"},"modified":"2026-02-24T07:36:00","modified_gmt":"2026-02-24T07:36:00","slug":"plakat-39","status":"publish","type":"page","link":"https:\/\/shatranj.art\/et\/exhibit\/plakat-39\/","title":{"rendered":"poster-39"},"content":{"rendered":"<div data-elementor-type=\"wp-page\" data-elementor-id=\"1510\" class=\"elementor elementor-1510\" data-elementor-post-type=\"page\">\n\t\t\t\t<div class=\"elementor-element elementor-element-1426eb0 e-flex e-con-boxed e-con e-parent\" data-id=\"1426eb0\" data-element_type=\"container\" data-e-type=\"container\" data-settings=\"{&quot;background_background&quot;:&quot;classic&quot;}\">\n\t\t\t\t\t<div class=\"e-con-inner\">\n\t\t<div class=\"elementor-element elementor-element-d76d2b5 e-con-full e-flex e-con e-child\" data-id=\"d76d2b5\" data-element_type=\"container\" data-e-type=\"container\">\n\t\t\t\t<div class=\"elementor-element elementor-element-e675f73 elementor-widget elementor-widget-image\" data-id=\"e675f73\" data-element_type=\"widget\" data-e-type=\"widget\" data-widget_type=\"image.default\">\n\t\t\t\t<div class=\"elementor-widget-container\">\n\t\t\t\t\t\t\t\t\t\t\t\t\t\t\t<img fetchpriority=\"high\" decoding=\"async\" width=\"1200\" height=\"942\" src=\"https:\/\/shatranj.art\/wp-content\/uploads\/2026\/02\/Ben-Franklin-Chess-scaled-1200x942-1.jpeg\" class=\"attachment-full size-full wp-image-1513\" alt=\"\" srcset=\"https:\/\/shatranj.art\/wp-content\/uploads\/2026\/02\/Ben-Franklin-Chess-scaled-1200x942-1.jpeg 1200w, https:\/\/shatranj.art\/wp-content\/uploads\/2026\/02\/Ben-Franklin-Chess-scaled-1200x942-1-300x236.jpeg 300w, https:\/\/shatranj.art\/wp-content\/uploads\/2026\/02\/Ben-Franklin-Chess-scaled-1200x942-1-1024x804.jpeg 1024w, https:\/\/shatranj.art\/wp-content\/uploads\/2026\/02\/Ben-Franklin-Chess-scaled-1200x942-1-768x603.jpeg 768w, https:\/\/shatranj.art\/wp-content\/uploads\/2026\/02\/Ben-Franklin-Chess-scaled-1200x942-1-15x12.jpeg 15w\" sizes=\"(max-width: 1200px) 100vw, 1200px\" \/>\t\t\t\t\t\t\t\t\t\t\t\t\t\t\t<\/div>\n\t\t\t\t<\/div>\n\t\t\t\t<div class=\"elementor-element elementor-element-225c171 elementor-widget elementor-widget-text-editor\" data-id=\"225c171\" data-element_type=\"widget\" data-e-type=\"widget\" data-widget_type=\"text-editor.default\">\n\t\t\t\t<div class=\"elementor-widget-container\">\n\t\t\t\t\t\t\t\t\t<h3 data-path-to-node=\"0\"><span class=\"citation-214 citation-end-214\">\u201cBenjamin Franklini \u201dMalemoraal\".<\/span><\/h3><p data-path-to-node=\"0\"><span class=\"citation-214 citation-end-214\"><br \/><br \/>Benjamin Franklini 1786. aasta essee \u201cThe Morals of Chess\u201d m\u00e4\u00e4ratles m\u00e4ngu kui isikliku arengu ja intellektuaalse vooruse elulise vahendi.<\/span> <span class=\"citation-213 citation-end-213\">Franklin uskus, et male on rohkem kui ajaviide; see oli etten\u00e4gelikkuse, ettevaatlikkuse ja ettevaatlikkuse harjutamine - omadused, mida ta pidas nii eraelus kui ka avalikus diplomaatias edu saavutamiseks h\u00e4davajalikuks.<\/span> <span class=\"citation-212 citation-end-212\">Kogu valgustusajastu v\u00e4ltel k\u00fclastas Franklin kuulsaid malekohvikuid, nagu Caf\u00e9 de la R\u00e9gence Pariisis.<\/span> Need ruumid olid ajastu algsed sotsiaalsed v\u00f5rgustikud, kus m\u00e4ng h\u00f5lbustas rangeid arutelusid ja revolutsiooniliste ideede vahetamist, \u00fchendades teaduse, poliitika ja filosoofia maailmad.<\/p><p data-path-to-node=\"0\">\u00a0<\/p><p data-path-to-node=\"0\">Franklini vaimustus m\u00e4ngu intellektuaalsetest piiridest viis ta ajaloolisele kohtumisele mehaanilise t\u00fcrklase, maailma kuulsaima malem\u00e4nguautomaadiga. 1783. aastal Pariisis peetud mat\u0161i ajal pani Franklin oma oskused proovile masina vastu, mis oli n\u00e4ide valgustusajastu mehaanilise m\u00f5istuse kinnisideest. Turk r\u00e4ndas l\u00f5puks Ameerika \u00dchendriikidesse ja leidis oma l\u00f5pliku kodu Peale'i muuseumis (ja hiljem Hiina muuseumis) Philadelphias. See j\u00e4i aastak\u00fcmneteks Pennsylvania teaduskultuuri p\u00f5hitegevuseks, enne kui see 1854. aastal tulekahjus kaotsi l\u00e4ks. See inimliku leidlikkuse ja masinaintellekti p\u00e4rand on j\u00e4tkuvalt aluseks n\u00e4itustele, mis uurivad ajaloo, m\u00e4ngude ja intelligentsuse evolutsiooni kokkupuutepunkte.<br \/><br \/><br \/><\/p><p data-path-to-node=\"0\">Fotol on kujutatud Benjamin Franklinit malet m\u00e4ngimas. Kunstiteos: Edward Harrison May, 1867.<\/p>\t\t\t\t\t\t\t\t<\/div>\n\t\t\t\t<\/div>\n\t\t\t\t<\/div>\n\t\t\t\t\t<\/div>\n\t\t\t\t<\/div>\n\t\t\t\t<\/div>","protected":false},"excerpt":{"rendered":"<p>&#8220;The Morals of Chess&#8221; by Benjamin Franklin Benjamin Franklin\u2019s 1786 essay, &#8220;The Morals of Chess,&#8221; redefined the game as a vital tool for personal development and intellectual virtue. Franklin believed that chess was more than a pastime; it was an exercise in foresight, circumspection, and caution\u2014qualities he deemed essential for success in both private life [&hellip;]<\/p>\n","protected":false},"author":1,"featured_media":0,"parent":743,"menu_order":0,"comment_status":"closed","ping_status":"closed","template":"","meta":{"footnotes":""},"class_list":["post-1510","page","type-page","status-publish","hentry"],"_links":{"self":[{"href":"https:\/\/shatranj.art\/et\/wp-json\/wp\/v2\/pages\/1510","targetHints":{"allow":["GET"]}}],"collection":[{"href":"https:\/\/shatranj.art\/et\/wp-json\/wp\/v2\/pages"}],"about":[{"href":"https:\/\/shatranj.art\/et\/wp-json\/wp\/v2\/types\/page"}],"author":[{"embeddable":true,"href":"https:\/\/shatranj.art\/et\/wp-json\/wp\/v2\/users\/1"}],"replies":[{"embeddable":true,"href":"https:\/\/shatranj.art\/et\/wp-json\/wp\/v2\/comments?post=1510"}],"version-history":[{"count":4,"href":"https:\/\/shatranj.art\/et\/wp-json\/wp\/v2\/pages\/1510\/revisions"}],"predecessor-version":[{"id":1516,"href":"https:\/\/shatranj.art\/et\/wp-json\/wp\/v2\/pages\/1510\/revisions\/1516"}],"up":[{"embeddable":true,"href":"https:\/\/shatranj.art\/et\/wp-json\/wp\/v2\/pages\/743"}],"wp:attachment":[{"href":"https:\/\/shatranj.art\/et\/wp-json\/wp\/v2\/media?parent=1510"}],"curies":[{"name":"wp","href":"https:\/\/api.w.org\/{rel}","templated":true}]}}