{"id":1543,"date":"2026-02-24T08:36:27","date_gmt":"2026-02-24T08:36:27","guid":{"rendered":"https:\/\/shatranj.art\/?page_id=1543"},"modified":"2026-02-24T08:53:53","modified_gmt":"2026-02-24T08:53:53","slug":"plakat-41","status":"publish","type":"page","link":"https:\/\/shatranj.art\/et\/exhibit\/plakat-41\/","title":{"rendered":"plakat-41"},"content":{"rendered":"<div data-elementor-type=\"wp-page\" data-elementor-id=\"1543\" class=\"elementor elementor-1543\" data-elementor-post-type=\"page\">\n\t\t\t\t<div class=\"elementor-element elementor-element-7a8daa7 e-flex e-con-boxed e-con e-parent\" data-id=\"7a8daa7\" data-element_type=\"container\" data-e-type=\"container\" data-settings=\"{&quot;background_background&quot;:&quot;classic&quot;}\">\n\t\t\t\t\t<div class=\"e-con-inner\">\n\t\t<div class=\"elementor-element elementor-element-26be55b e-con-full e-flex e-con e-child\" data-id=\"26be55b\" data-element_type=\"container\" data-e-type=\"container\">\n\t\t\t\t<div class=\"elementor-element elementor-element-3278af1 elementor-widget elementor-widget-image\" data-id=\"3278af1\" data-element_type=\"widget\" data-e-type=\"widget\" data-widget_type=\"image.default\">\n\t\t\t\t<div class=\"elementor-widget-container\">\n\t\t\t\t\t\t\t\t\t\t\t\t\t\t\t<img fetchpriority=\"high\" decoding=\"async\" width=\"1280\" height=\"960\" src=\"https:\/\/shatranj.art\/wp-content\/uploads\/2026\/02\/Sahi_Cannon_at_Fort_Nelson_UK.jpg\" class=\"attachment-full size-full wp-image-1545\" alt=\"\" srcset=\"https:\/\/shatranj.art\/wp-content\/uploads\/2026\/02\/Sahi_Cannon_at_Fort_Nelson_UK.jpg 1280w, https:\/\/shatranj.art\/wp-content\/uploads\/2026\/02\/Sahi_Cannon_at_Fort_Nelson_UK-300x225.jpg 300w, https:\/\/shatranj.art\/wp-content\/uploads\/2026\/02\/Sahi_Cannon_at_Fort_Nelson_UK-1024x768.jpg 1024w, https:\/\/shatranj.art\/wp-content\/uploads\/2026\/02\/Sahi_Cannon_at_Fort_Nelson_UK-768x576.jpg 768w, https:\/\/shatranj.art\/wp-content\/uploads\/2026\/02\/Sahi_Cannon_at_Fort_Nelson_UK-16x12.jpg 16w\" sizes=\"(max-width: 1280px) 100vw, 1280px\" \/>\t\t\t\t\t\t\t\t\t\t\t\t\t\t\t<\/div>\n\t\t\t\t<\/div>\n\t\t\t\t<div class=\"elementor-element elementor-element-6723efb elementor-widget elementor-widget-text-editor\" data-id=\"6723efb\" data-element_type=\"widget\" data-e-type=\"widget\" data-widget_type=\"text-editor.default\">\n\t\t\t\t<div class=\"elementor-widget-container\">\n\t\t\t\t\t\t\t\t\t<h3><b>S\u00f5na \u015eAH\u00ce p\u00e4ritolu ja selle seos malendi arenguga\u00a0<\/b><\/h3><p>SHAH (\u015eAH) on paljudes slaavi keeltes kasutatav termin, mis t\u00e4histab malet. Saksa s\u00f5na \u201cschach\u201d, prantsuse \u201c\u00e9checs\u201d ja inglise \u201cchess\u201d on k\u00f5ik foneetiliselt tuletatud s\u00f5nast \u201c\u0161ah\u201d. M\u00f5iste \u201c\u015eAH\u00ce\u201d kui omaduss\u00f5na t\u00e4hendab kuninglikku v\u00f5i \u0161ahhile omast. Seda kasutatakse ka kirjanduslikes tekstides, et t\u00e4hendada tugevat ja suurejoonelist.<\/p><p>\u00a0<\/p><p>Ungari inseneri Orbani projekteeritud \u015eAH\u00ce suurt\u00fckil oli keskne roll Konstantinoopoli massiivsete m\u00fc\u00fcride ja tornide murdmisel Fatih Sultan Mehmedi juhitud 1453. aasta piiramise ajal, mis s\u00fcmboliseeris revolutsioonilist muutust piiramiss\u00f5jas.<\/p><p>\u00a0<\/p><p>Kolm sajandit p\u00e4rast Istanbuli vallutamist, Dardanellide operatsiooni ajal 1807. aastal, tulistati briti laevu veel \u00fchest sajandivanusest \u015eAH\u00ce suurt\u00fckist, mis p\u00f5hjustas m\u00e4rkimisv\u00e4\u00e4rseid kaotusi. Osmanite sultan Abd\u00fclaziz kinkis selle suurt\u00fcki 1866. aastal kuninganna Victoriale. \u00dclaltoodud \u015eAH\u00ce suurt\u00fcki foto on p\u00e4rit Fort Nelsonist \u00dchendkuningriigis.<\/p><p>\u00a0<\/p><p>Nimi \u015eAH\u00ce s\u00fcmboliseerib erinevates keeltes m\u00e4ngutahvli arengut s\u00f5javankrist tornini, kahurist laevani, mis peegeldab malendi arengut.<\/p><p>\u00a0<\/p><p>\u015eAH\u00ce malekomplekti on kujundanud Tamer Karatekin, endine Massachusettsi Tehnoloogiainstituudi malemeeskonna esimene m\u00e4ngija ja kogenud malepedagoog. See kujutab elegantselt malem\u00e4ngu ajalugu ja arengut ning on loodud nii hariduslikuks kui ka turniiridel kasutamiseks. See on loodud kultuuriliselt ja vaimselt kaasavana. Lavastust toetasid Massachusettsi kultuurin\u00f5ukogu ja Euroopa Liidu Erasmus+ noorteprogramm.<\/p><p>\u00a0<\/p><p>Lisateave \u015eAH\u00ce disainiloo kohta aadressil:\u00a0 \u00a0<a href=\"http:\/\/www.shahimasterset.com\/\">www.shahimasterset.com<\/a><\/p><p>Tutvu ka meie seotud projektidega:<br \/>Malep\u00f5hine tehisintellekti \u00f5ppekava: <a href=\"http:\/\/www.shatranj.ai\/\">shatranj.ai<\/a><\/p><p>Ajalooline m\u00f5ttem\u00e4ngude n\u00e4itus: <a href=\"https:\/\/shatranj.art\/et\/\">shatranj.art<\/a><\/p>\t\t\t\t\t\t\t\t<\/div>\n\t\t\t\t<\/div>\n\t\t\t\t<div class=\"elementor-element elementor-element-7946825 elementor-widget elementor-widget-image\" data-id=\"7946825\" data-element_type=\"widget\" data-e-type=\"widget\" data-widget_type=\"image.default\">\n\t\t\t\t<div class=\"elementor-widget-container\">\n\t\t\t\t\t\t\t\t\t\t\t\t\t\t\t<img decoding=\"async\" width=\"559\" height=\"397\" src=\"https:\/\/shatranj.art\/wp-content\/uploads\/2026\/02\/shahi-engish-brochure-A6-page1.png\" class=\"attachment-full size-full wp-image-1548\" alt=\"\" srcset=\"https:\/\/shatranj.art\/wp-content\/uploads\/2026\/02\/shahi-engish-brochure-A6-page1.png 559w, https:\/\/shatranj.art\/wp-content\/uploads\/2026\/02\/shahi-engish-brochure-A6-page1-300x213.png 300w, https:\/\/shatranj.art\/wp-content\/uploads\/2026\/02\/shahi-engish-brochure-A6-page1-18x12.png 18w\" sizes=\"(max-width: 559px) 100vw, 559px\" \/>\t\t\t\t\t\t\t\t\t\t\t\t\t\t\t<\/div>\n\t\t\t\t<\/div>\n\t\t\t\t<\/div>\n\t\t\t\t\t<\/div>\n\t\t\t\t<\/div>\n\t\t\t\t<\/div>","protected":false},"excerpt":{"rendered":"<p>The origins of the \u015eAH\u00ce\u00a0 word and its connection to the evolution of chess\u00a0 SHAH (\u015eAH) is a term used in many Slavic languages for chess. The German word &#8220;schach,&#8221; French &#8220;\u00e9checs,&#8221; and English &#8220;chess&#8221; are all phonetically derived from the word &#8220;shah.&#8221; The term &#8220;\u015eAH\u00ce&#8221; as an adjective means royal or specific to the [&hellip;]<\/p>\n","protected":false},"author":1,"featured_media":0,"parent":743,"menu_order":0,"comment_status":"closed","ping_status":"closed","template":"","meta":{"footnotes":""},"class_list":["post-1543","page","type-page","status-publish","hentry"],"_links":{"self":[{"href":"https:\/\/shatranj.art\/et\/wp-json\/wp\/v2\/pages\/1543","targetHints":{"allow":["GET"]}}],"collection":[{"href":"https:\/\/shatranj.art\/et\/wp-json\/wp\/v2\/pages"}],"about":[{"href":"https:\/\/shatranj.art\/et\/wp-json\/wp\/v2\/types\/page"}],"author":[{"embeddable":true,"href":"https:\/\/shatranj.art\/et\/wp-json\/wp\/v2\/users\/1"}],"replies":[{"embeddable":true,"href":"https:\/\/shatranj.art\/et\/wp-json\/wp\/v2\/comments?post=1543"}],"version-history":[{"count":10,"href":"https:\/\/shatranj.art\/et\/wp-json\/wp\/v2\/pages\/1543\/revisions"}],"predecessor-version":[{"id":1557,"href":"https:\/\/shatranj.art\/et\/wp-json\/wp\/v2\/pages\/1543\/revisions\/1557"}],"up":[{"embeddable":true,"href":"https:\/\/shatranj.art\/et\/wp-json\/wp\/v2\/pages\/743"}],"wp:attachment":[{"href":"https:\/\/shatranj.art\/et\/wp-json\/wp\/v2\/media?parent=1543"}],"curies":[{"name":"wp","href":"https:\/\/api.w.org\/{rel}","templated":true}]}}