{"id":756,"date":"2026-02-21T09:44:01","date_gmt":"2026-02-21T09:44:01","guid":{"rendered":"https:\/\/shatranj.art\/?page_id=756"},"modified":"2026-03-02T06:56:13","modified_gmt":"2026-03-02T06:56:13","slug":"poster-1","status":"publish","type":"page","link":"https:\/\/shatranj.art\/et\/exhibit\/poster-1\/","title":{"rendered":"plakat 1"},"content":{"rendered":"<div data-elementor-type=\"wp-page\" data-elementor-id=\"756\" class=\"elementor elementor-756\" data-elementor-post-type=\"page\">\n\t\t\t\t<div class=\"elementor-element elementor-element-5b2de3e e-flex e-con-boxed e-con e-parent\" data-id=\"5b2de3e\" data-element_type=\"container\" data-e-type=\"container\" data-settings=\"{&quot;background_background&quot;:&quot;classic&quot;}\">\n\t\t\t\t\t<div class=\"e-con-inner\">\n\t\t\t\t<div class=\"elementor-element elementor-element-2eb0d79 elementor-widget__width-initial elementor-widget elementor-widget-heading\" data-id=\"2eb0d79\" data-element_type=\"widget\" data-e-type=\"widget\" data-widget_type=\"heading.default\">\n\t\t\t\t<div class=\"elementor-widget-container\">\n\t\t\t\t\t<h1 class=\"elementor-heading-title elementor-size-default\">Hispaania male areng ajaloolisest malest (acedrex) kaasaegse male suunas (ajedrez)<\/h1>\t\t\t\t<\/div>\n\t\t\t\t<\/div>\n\t\t\t\t<div class=\"elementor-element elementor-element-c101d50 elementor-widget elementor-widget-image\" data-id=\"c101d50\" data-element_type=\"widget\" data-e-type=\"widget\" data-widget_type=\"image.default\">\n\t\t\t\t<div class=\"elementor-widget-container\">\n\t\t\t\t\t\t\t\t\t\t\t\t\t\t\t<img fetchpriority=\"high\" decoding=\"async\" width=\"543\" height=\"755\" src=\"https:\/\/shatranj.art\/wp-content\/uploads\/2026\/02\/f82v-Grant-Acedrex.jpg\" class=\"attachment-full size-full wp-image-840\" alt=\"\" srcset=\"https:\/\/shatranj.art\/wp-content\/uploads\/2026\/02\/f82v-Grant-Acedrex.jpg 543w, https:\/\/shatranj.art\/wp-content\/uploads\/2026\/02\/f82v-Grant-Acedrex-216x300.jpg 216w\" sizes=\"(max-width: 543px) 100vw, 543px\" \/>\t\t\t\t\t\t\t\t\t\t\t\t\t\t\t<\/div>\n\t\t\t\t<\/div>\n\t\t\t\t<div class=\"elementor-element elementor-element-51d15d1 elementor-widget elementor-widget-text-editor\" data-id=\"51d15d1\" data-element_type=\"widget\" data-e-type=\"widget\" data-widget_type=\"text-editor.default\">\n\t\t\t\t<div class=\"elementor-widget-container\">\n\t\t\t\t\t\t\t\t\t<h3 data-path-to-node=\"2\"><b data-path-to-node=\"2\" data-index-in-node=\"0\">1. Keeleline nihe: X-lt J-le<\/b><\/h3><p data-path-to-node=\"3\">Erinevus Acedrexi ja Ajedrezi vahel illustreerib hispaania keele foneetilist arengut, kui p\u00fc\u00fctakse kohandada algset araabia nime m\u00e4ngu jaoks:<\/p><ul data-path-to-node=\"4\"><li><p data-path-to-node=\"4,0,0\"><b data-path-to-node=\"4,0,0\" data-index-in-node=\"0\">A<\/b><strong>cedrex (13. sajand):\u00a0<\/strong>See on esmane kirjaviis, mida kasutati kuningas Alfonso X 1283. aasta traktaadis, <i data-path-to-node=\"4,0,0\" data-index-in-node=\"97\">Libro del Acedrex<\/i>. Sel ajal kasutati \u201cc\u201d (enne \u201ce\u201d) ja \u201cx\u201d, et foneetiliselt j\u00e4\u00e4dvustada araabia keelest p\u00e4ritud \u201csh\u201d heli. <i data-path-to-node=\"4,0,0\" data-index-in-node=\"234\">Shatranj<\/i>.<\/p><\/li><li><p data-path-to-node=\"4,1,0\"><b data-path-to-node=\"4,1,0\" data-index-in-node=\"0\">Ajedrez (15. sajand):<\/b> Keele arenedes muutus see \u201csh\u201d-h\u00e4\u00e4lik t\u00e4nap\u00e4eva k\u00f5laliseks \u201cj\u201d-ks (j). <i data-path-to-node=\"4,1,0\" data-index-in-node=\"112\">jota<\/i>). Selleks ajaks, kui Luis Ram\u00edrez de Lucena avaldas 1497. aastal oma teedrajava teose, oli \u00f5igekiri muutunud t\u00e4nap\u00e4evaseks.<\/p><\/li><\/ul>\t\t\t\t\t\t\t\t<\/div>\n\t\t\t\t<\/div>\n\t\t\t\t<div class=\"elementor-element elementor-element-868b6ed elementor-widget elementor-widget-image\" data-id=\"868b6ed\" data-element_type=\"widget\" data-e-type=\"widget\" data-widget_type=\"image.default\">\n\t\t\t\t<div class=\"elementor-widget-container\">\n\t\t\t\t\t\t\t\t\t\t\t\t\t\t\t<img decoding=\"async\" width=\"2560\" height=\"2560\" src=\"https:\/\/shatranj.art\/wp-content\/uploads\/2026\/02\/elephant-move-board-scaled.jpg\" class=\"attachment-full size-full wp-image-839\" alt=\"\" srcset=\"https:\/\/shatranj.art\/wp-content\/uploads\/2026\/02\/elephant-move-board-scaled.jpg 2560w, https:\/\/shatranj.art\/wp-content\/uploads\/2026\/02\/elephant-move-board-300x300.jpg 300w, https:\/\/shatranj.art\/wp-content\/uploads\/2026\/02\/elephant-move-board-1024x1024.jpg 1024w, https:\/\/shatranj.art\/wp-content\/uploads\/2026\/02\/elephant-move-board-150x150.jpg 150w, https:\/\/shatranj.art\/wp-content\/uploads\/2026\/02\/elephant-move-board-768x768.jpg 768w, https:\/\/shatranj.art\/wp-content\/uploads\/2026\/02\/elephant-move-board-1536x1536.jpg 1536w, https:\/\/shatranj.art\/wp-content\/uploads\/2026\/02\/elephant-move-board-2048x2048.jpg 2048w\" sizes=\"(max-width: 2560px) 100vw, 2560px\" \/>\t\t\t\t\t\t\t\t\t\t\t\t\t\t\t<\/div>\n\t\t\t\t<\/div>\n\t\t\t\t<div class=\"elementor-element elementor-element-0a642b0 elementor-widget elementor-widget-text-editor\" data-id=\"0a642b0\" data-element_type=\"widget\" data-e-type=\"widget\" data-widget_type=\"text-editor.default\">\n\t\t\t\t<div class=\"elementor-widget-container\">\n\t\t\t\t\t\t\t\t\t<br><h3 data-path-to-node=\"0\"><b data-path-to-node=\"0\" data-index-in-node=\"0\">2. Mehhaaniline nihe: \u201cEl Viejo\u201d vs. \u201cDe la Dama\u201d<\/b><\/h3>\n<p data-path-to-node=\"1\">Samal ajal, kui foneetiline nimi muutus, toimus reeglites revolutsiooniline v\u00f5imsuse laienemine, mis muutis t\u00e4ielikult m\u00e4ngutempot. Seda \u00fcleminekut m\u00e4\u00e4ratlevad k\u00f5ige paremini kaks s\u00fcsteemi, mida on kirjeldatud Lucena 1497. aasta teoses:<\/p>\n\n<ul data-path-to-node=\"2\">\n \t<li>\n<p data-path-to-node=\"2,0,0\"><b data-path-to-node=\"2,0,0\" data-index-in-node=\"0\">El Viejo (Vana tee):<\/b> See kujutab endast traditsioonilisi keskaegseid Acedrexi reegleid, kus m\u00e4ng oli aeglane, positsiooniline v\u00f5itlus. Selles s\u00fcsteemis oli m\u00e4ngufoorum, mida me praegu nimetame Dama'ks, Alferza (kuninga n\u00f5uandja), mis v\u00f5is liikuda ainult \u00fche ruudu v\u00f5rra diagonaalis. Samal ajal oli traditsiooniline Alfil piiratud t\u00e4pselt kahe ruudu diagonaaliga h\u00fcppamisega, h\u00fcpates \u00fcle teiste t\u00fckkide.<\/p>\n<\/li>\n \t<li>\n<p data-path-to-node=\"2,1,0\"><b data-path-to-node=\"2,1,0\" data-index-in-node=\"0\">De la Dama (moodne viis):<\/b> See \u201cuus\u201d m\u00e4ngustiil muutis male \u201ckiireks, taktiliseks ja plahvatuslikuks\u201d kohtumiseks. Nende reeglite kohaselt asendati Alferza \u201cDama\u201d, mis sai piiramatu ulatuse k\u00f5ikides suundades. Ka moodne Alfil kujunes piiramatu diagonaaliga liugur, v\u00f5ttes vastu v\u00f5imsa liikumise, mis oli kunagi reserveeritud eksperimentaalsetele t\u00fckkidele nagu Krokodill.<\/p>\n<\/li>\n<\/ul>\t\t\t\t\t\t\t\t<\/div>\n\t\t\t\t<\/div>\n\t\t\t\t<div class=\"elementor-element elementor-element-b676e1c elementor-widget elementor-widget-text-editor\" data-id=\"b676e1c\" data-element_type=\"widget\" data-e-type=\"widget\" data-widget_type=\"text-editor.default\">\n\t\t\t\t<div class=\"elementor-widget-container\">\n\t\t\t\t\t\t\t\t\t<h3 data-path-to-node=\"0\"><b data-path-to-node=\"0\" data-index-in-node=\"0\">Krokodillide \u00fcleminek elevandiks<\/b><\/h3>\t\t\t\t\t\t\t\t<\/div>\n\t\t\t\t<\/div>\n\t\t\t\t<div class=\"elementor-element elementor-element-2320411 elementor-widget elementor-widget-image\" data-id=\"2320411\" data-element_type=\"widget\" data-e-type=\"widget\" data-widget_type=\"image.default\">\n\t\t\t\t<div class=\"elementor-widget-container\">\n\t\t\t\t\t\t\t\t\t\t\t\t\t\t\t<img decoding=\"async\" width=\"640\" height=\"640\" src=\"https:\/\/shatranj.art\/wp-content\/uploads\/2026\/02\/cathedral-crocodile.jpg\" class=\"attachment-full size-full wp-image-864\" alt=\"\" srcset=\"https:\/\/shatranj.art\/wp-content\/uploads\/2026\/02\/cathedral-crocodile.jpg 640w, https:\/\/shatranj.art\/wp-content\/uploads\/2026\/02\/cathedral-crocodile-300x300.jpg 300w, https:\/\/shatranj.art\/wp-content\/uploads\/2026\/02\/cathedral-crocodile-150x150.jpg 150w\" sizes=\"(max-width: 640px) 100vw, 640px\" \/>\t\t\t\t\t\t\t\t\t\t\t\t\t\t\t<\/div>\n\t\t\t\t<\/div>\n\t\t\t\t<div class=\"elementor-element elementor-element-9760248 elementor-widget elementor-widget-image\" data-id=\"9760248\" data-element_type=\"widget\" data-e-type=\"widget\" data-widget_type=\"image.default\">\n\t\t\t\t<div class=\"elementor-widget-container\">\n\t\t\t\t\t\t\t\t\t\t\t\t\t\t\t<img loading=\"lazy\" decoding=\"async\" width=\"426\" height=\"640\" src=\"https:\/\/shatranj.art\/wp-content\/uploads\/2026\/02\/wooden-crocodile-seville-with-elephant-tusk.jpg\" class=\"attachment-full size-full wp-image-860\" alt=\"\" srcset=\"https:\/\/shatranj.art\/wp-content\/uploads\/2026\/02\/wooden-crocodile-seville-with-elephant-tusk.jpg 426w, https:\/\/shatranj.art\/wp-content\/uploads\/2026\/02\/wooden-crocodile-seville-with-elephant-tusk-200x300.jpg 200w\" sizes=\"(max-width: 426px) 100vw, 426px\" \/>\t\t\t\t\t\t\t\t\t\t\t\t\t\t\t<\/div>\n\t\t\t\t<\/div>\n\t\t\t\t<div class=\"elementor-element elementor-element-12b9be7 elementor-widget elementor-widget-text-editor\" data-id=\"12b9be7\" data-element_type=\"widget\" data-e-type=\"widget\" data-widget_type=\"text-editor.default\">\n\t\t\t\t<div class=\"elementor-widget-container\">\n\t\t\t\t\t\t\t\t\t<br><p data-path-to-node=\"0\">\u201cPiiramatu diagonaali\u201d liikumise \u00fcleminek nimetusele \u201cAlfil\u201d hispaania kirjanduses t\u00e4histab p\u00f6\u00f6rdelist \u00fcleminekut keskaegsest \u201cShatranj'st\u201d t\u00e4nap\u00e4eva malele. Kuigi kuningas Alfonso X \u201cLibro de los Juegos\u201d (1283) tutvustas esimesena piiramatu diagonaalliikumist konkreetse m\u00e4nguasja, nn krokodilli (<i data-path-to-node=\"0\" data-index-in-node=\"298\">Cocodrilo<\/i>), nimetust \u201cAlfil\u201d hakati sellele liikumisele standardse 8\u00d78 m\u00e4ngu puhul uuesti kasutama alles 15. sajandi l\u00f5pus.<\/p>\n\n<h3 data-path-to-node=\"1\"><b data-path-to-node=\"1\" data-index-in-node=\"0\">1. \u201cKrokodill\u201d Alfonso raamatus (1283)<\/b><\/h3>\n<p data-path-to-node=\"2\">Alfonso X-i \u201cLibro de los Juegos\" raamatus<i data-path-to-node=\"2\" data-index-in-node=\"15\">\u201c<\/i>, standardne Alfil oli ikka veel traditsiooniline keskaegne t\u00fckk, mis h\u00fcppas t\u00e4pselt kaks ruutu diagonaalselt. Kuid Alfonso lisas laiendatud 12\u00d712 variandi nimega \u201cGrande Acedrex\".<b data-path-to-node=\"2\" data-index-in-node=\"199\">\u201c<\/b> (Great Chess), kus oli uus t\u00fckk nimega \u201cCrocodile\u201d (\"Krokodill\").<i data-path-to-node=\"2\" data-index-in-node=\"278\">Cocodrilo<\/i>).<\/p>\n\n<ul data-path-to-node=\"3\">\n \t<li>\n<p data-path-to-node=\"3,0,0\"><b data-path-to-node=\"3,0,0\" data-index-in-node=\"0\">Liikumine:<\/b> Krokodill liikus t\u00e4pselt nagu kaasaegne t\u00fckk - libistades mis tahes kaugusele m\u00f6\u00f6da takistusteta diagonaale.<\/p>\n<\/li>\n \t<li>\n<p data-path-to-node=\"3,1,0\"><b data-path-to-node=\"3,1,0\" data-index-in-node=\"0\">Inspiratsioon:<\/b> Ajaloolased seostavad seda nime kuulsa diplomaatilise kingitusega: Egiptuse sultani poolt Alfonso X-le 1260. aastal saadetud elus krokodill, mis oli osa kuninga t\u00fctre abieluettepanekust. Selle krokodilli elusuurune puidust mudel, mida tuntakse nime all \u201cLagarto\", on ka t\u00e4nap\u00e4eval veel s\u00e4ilinud.<i data-path-to-node=\"3,1,0\" data-index-in-node=\"198\">\u201c<\/i>, ripub t\u00e4naseni Sevilla katedraalis.<\/p>\n<\/li>\n<\/ul>\n<h3 data-path-to-node=\"4\"><b data-path-to-node=\"4\" data-index-in-node=\"0\">2. \u00dcleminek \u201cAlfilile\u201d 15. sajandil<\/b><\/h3>\n<p data-path-to-node=\"5\">Nimetus \u201cAlfil\u201d v\u00f5eti ametlikult kasutusele piiramatu diagonaalliikumise jaoks standardses 8\u00d78 m\u00e4ngus p\u00e4rast \u201cValencia reformi\u201d umbes 1475. aasta paiku.<\/p>\n\n<ul data-path-to-node=\"6\">\n \t<li>\n<p data-path-to-node=\"6,0,0\"><b data-path-to-node=\"6,0,0\" data-index-in-node=\"0\">Scachs d'amor (umbes 1475):<\/b> See Valencia luuletus on esimene kirjanduslik teos, milles kirjeldatakse kaasaegseid malereegleid. Selles antakse sellele m\u00e4ngule selges\u00f5naliselt \u201cd\u00fcnaamilisem roll\u201d, liikudes nii palju ruudukesi kui v\u00f5imalik diagonaalselt. Luuletuses nimetatakse neid t\u00fckke juba \u201cAlfil\u201d (valentsi\/kalaenia keeles), mis n\u00e4itab, et selle aja jooksul viidi nimetus vanalt \u201ch\u00fcppajalt\u201d \u00fcle uuele \u201cliugurile\u201d.<\/p>\n<\/li>\n \t<li>\n<p data-path-to-node=\"6,1,0\"><b data-path-to-node=\"6,1,0\" data-index-in-node=\"0\">Libre dels jochs partits dels schacs (1495):<\/b> Seda Francesc Vicent'i kirjutatud kadunud raamatut peetakse esimeseks kaasaegse maletehnika k\u00e4sitluseks. Arvatakse, et see standardiseeris kogu P\u00fcrenee poolsaarel uue liikumise nime \u201cAlfil\u201d.<\/p>\n<\/li>\n<\/ul>\n<h3 data-path-to-node=\"7\"><b data-path-to-node=\"7\" data-index-in-node=\"0\">3. Esmakordne esinemine kastiilia (hispaania) kirjanduses<\/b><\/h3>\n<p data-path-to-node=\"8\">Kui otsite konkreetselt kastilia (hispaania), mitte Valencia kirjandust, siis esimene l\u00f5plik kasutus \u201cAlfil\u201d kaasaegse liikumise jaoks on:<\/p>\n\n<ul data-path-to-node=\"9\">\n \t<li>\n<p data-path-to-node=\"9,0,0\"><b data-path-to-node=\"9,0,0\" data-index-in-node=\"0\">Repetici\u00f3n de Amores y Arte de Ajedrez (1497):<\/b> See on Luis Ram\u00edrez de Lucena kirjutatud vanim s\u00e4ilinud tr\u00fckitud kastilikeelne raamat kaasaegse male kohta.<\/p>\n<\/li>\n \t<li>\n<p data-path-to-node=\"9,1,0\">Lucena viitab teosele kui Alfil (v\u00f5i Arfil) ja eristab \u201cuusi\u201d reegleid (de la dama) ja \u201cvanu\u201d reegleid (el viejo). Ta kinnitab, et \u201cuus Alfil\u201d jookseb n\u00fc\u00fcd \u00fcle diagonaali, neelates sisuliselt algselt Alfonso \u201cKrokodillile\u201d m\u00e4\u00e4ratud liikumise.<\/p>\n<\/li>\n<\/ul>\t\t\t\t\t\t\t\t<\/div>\n\t\t\t\t<\/div>\n\t\t\t\t<div class=\"elementor-element elementor-element-ab774ba elementor-widget elementor-widget-text-editor\" data-id=\"ab774ba\" data-element_type=\"widget\" data-e-type=\"widget\" data-widget_type=\"text-editor.default\">\n\t\t\t\t<div class=\"elementor-widget-container\">\n\t\t\t\t\t\t\t\t\t<h3 data-path-to-node=\"0\"><b data-path-to-node=\"0\" data-index-in-node=\"0\">Alferzast Dama(daam) ja Reina (kuninganna).<\/b><\/h3>\t\t\t\t\t\t\t\t<\/div>\n\t\t\t\t<\/div>\n\t\t\t\t<div class=\"elementor-element elementor-element-d8494e7 elementor-widget elementor-widget-image\" data-id=\"d8494e7\" data-element_type=\"widget\" data-e-type=\"widget\" data-widget_type=\"image.default\">\n\t\t\t\t<div class=\"elementor-widget-container\">\n\t\t\t\t\t\t\t\t\t\t\t\t\t\t\t<img loading=\"lazy\" decoding=\"async\" width=\"960\" height=\"1109\" src=\"https:\/\/shatranj.art\/wp-content\/uploads\/2026\/02\/Spanish_-_Chess_Piece_of_a_Queen_-_Walters_71145_-_Three_Quarter.jpg\" class=\"attachment-full size-full wp-image-845\" alt=\"\" srcset=\"https:\/\/shatranj.art\/wp-content\/uploads\/2026\/02\/Spanish_-_Chess_Piece_of_a_Queen_-_Walters_71145_-_Three_Quarter.jpg 960w, https:\/\/shatranj.art\/wp-content\/uploads\/2026\/02\/Spanish_-_Chess_Piece_of_a_Queen_-_Walters_71145_-_Three_Quarter-260x300.jpg 260w, https:\/\/shatranj.art\/wp-content\/uploads\/2026\/02\/Spanish_-_Chess_Piece_of_a_Queen_-_Walters_71145_-_Three_Quarter-886x1024.jpg 886w, https:\/\/shatranj.art\/wp-content\/uploads\/2026\/02\/Spanish_-_Chess_Piece_of_a_Queen_-_Walters_71145_-_Three_Quarter-768x887.jpg 768w\" sizes=\"(max-width: 960px) 100vw, 960px\" \/>\t\t\t\t\t\t\t\t\t\t\t\t\t\t\t<\/div>\n\t\t\t\t<\/div>\n\t\t\t\t<div class=\"elementor-element elementor-element-1bedad7 elementor-widget elementor-widget-text-editor\" data-id=\"1bedad7\" data-element_type=\"widget\" data-e-type=\"widget\" data-widget_type=\"text-editor.default\">\n\t\t\t\t<div class=\"elementor-widget-container\">\n\t\t\t\t\t\t\t\t\t<br><p data-path-to-node=\"0\">Kuigi t\u00e4nap\u00e4eval kasutatakse m\u00f5lemat terminit, t\u00e4histab valik \u201cdama\u201d ja \u201creina\u201d vahel hispaania malekirjanduses \u00fcleminekut keskaegsest m\u00e4ngust t\u00e4nap\u00e4eva malele ja peegeldab pikaajalist p\u00fc\u00fcdlust v\u00e4ltida keelelist segadust.<\/p>\n\n<h3 data-path-to-node=\"1\"><b data-path-to-node=\"1\" data-index-in-node=\"0\">1. Esimene kirjanduslik ilmumine: Reina\u201c<\/b><\/h3>\n<p data-path-to-node=\"2\">\u00dcldises kirjanduslikus m\u00f5ttes ilmus termin \u201creina\u201d (kuninganna) hispaania keele malepoeesias juba ammu enne seda, kui sellest sai selle m\u00e4ngufiguuri standardne nimetus.<\/p>\n\n<ul data-path-to-node=\"3\">\n \t<li>\n<p data-path-to-node=\"3,0,0\"><b data-path-to-node=\"3,0,0\" data-index-in-node=\"0\"><span class=\"citation-89\">11. sajand (Shegal):<\/span><\/b><span class=\"citation-89\"> Hispaania rabi \u201c<\/span><span class=\"citation-89\">Abraham ibn Ezra\u201d<\/span><span class=\"citation-89\"> kirjutas 11. sajandi l\u00f5pus luuletuse, milles mainitakse seda t\u00fckki kui \u201c<\/span><span class=\"citation-89\">Shegal\u201d<\/span><span class=\"citation-89 citation-end-89\"> (heebrea keeles kuninganna).<\/span><\/p>\n\n<div class=\"source-inline-chip-container ng-star-inserted\"><\/div><\/li>\n \t<li>\n<p data-path-to-node=\"3,1,0\"><b data-path-to-node=\"3,1,0\" data-index-in-node=\"0\">Keskaegne romantika:<\/b><span class=\"citation-88\"> Jacobus de Cessolise moraalitr\u00fckiste m\u00f5jul nimetati seda teost sageli \u2019<\/span><span class=\"citation-88\">regina\u201d<\/span><span class=\"citation-88\"> ladina keeles ja \u201c<\/span><span class=\"citation-88\">reina<\/span><b data-path-to-node=\"3,1,0\" data-index-in-node=\"134\"><span class=\"citation-88\">\u201c<\/span><\/b><span class=\"citation-88\"> varajases romaani keeles, kuigi see liikus endiselt n\u00f5rga, \u00fche ruudu diagonaalse liikumisega \u201c<\/span><span class=\"citation-88\">Alferza<\/span><b data-path-to-node=\"3,1,0\" data-index-in-node=\"246\"><span class=\"citation-88\">\u201c<\/span><\/b><span class=\"citation-88 citation-end-88\">.<\/span><\/p>\n\n<div class=\"source-inline-chip-container ng-star-inserted\"><\/div><\/li>\n<\/ul>\n<h3 data-path-to-node=\"4\"><b data-path-to-node=\"4\" data-index-in-node=\"0\">2. Esimesed kaasaegsed k\u00e4sitlused: \u201cDama\u201d kui standard<\/b><\/h3>\n<p data-path-to-node=\"5\">Kui 15. sajandi l\u00f5pus muutusid reeglid, et luua v\u00f5imas \u201cpiiramatu\u201d t\u00fckk, mida me t\u00e4na teame, oli hispaania traktaatides eelistatud termin tegelikult \u201cDama\u201d, mitte \"Reina\".<\/p>\n\n<ul data-path-to-node=\"6\">\n \t<li>\n<p data-path-to-node=\"6,0,0\"><b data-path-to-node=\"6,0,0\" data-index-in-node=\"0\"><span class=\"citation-87 citation-end-87\">Libre dels jochs partits dels schacs (1495):<\/span><\/b><span class=\"citation-86 citation-end-86\"> Seda Valencias Francesc Vicenti kirjutatud raamatut peetakse esimeseks tr\u00fckitud raamatuks kaasaegse male kohta.<\/span> See keskendus \u201cDama<b data-path-to-node=\"6,0,0\" data-index-in-node=\"162\">\u201c<\/b> (Lady) ja talle omistatakse \u201cuute\u201d liikumisreeglite standardiseerimine.<\/p>\n<p data-path-to-node=\"6,1,0\"><b data-path-to-node=\"6,1,0\" data-index-in-node=\"0\"><span class=\"citation-85 citation-end-85\">Repetici\u00f3n de Amores y Arte de Ajedrez (1497):<\/span><\/b><span class=\"citation-84\"> Luis Ram\u00edrez de Lucena kasutas selges\u00f5naliselt terminit \u201cDama\u201c, et m\u00e4\u00e4ratleda kaasaegset m\u00e4ngu (de la dama). Ta kasutas harva s\u00f5na \u201cReina\u201d, sest seda m\u00e4ngu nimetati sageli \u201cDaamade maleks\u201d (mida sageli seostatakse Kastiilia kuninganna Isabella I-ga).<\/span><\/p>\n<\/li>\n<\/ul>\n<h3 data-path-to-node=\"7\"><b data-path-to-node=\"7\" data-index-in-node=\"0\">3. Kui \u201cReina\u201d muutus sagedaseks alternatiiviks<\/b><\/h3>\n<p data-path-to-node=\"8\">\u00dcleminek \u201cReinale\u201d Hispaania peavoolu malekirjanduses hakkas sagedamini toimuma 16. sajandil, kui m\u00e4ng v\u00e4ljus oma esialgsest \u201creformiperioodist\u201d.<\/p>\n\n<ul data-path-to-node=\"9\">\n \t<li>\n<p data-path-to-node=\"9,0,0\"><b data-path-to-node=\"9,0,0\" data-index-in-node=\"0\">Ruy L\u00f3pez de Segura (1561):<\/b> Oma p\u00f5hiteoses \u201cLibro de la Invenci\u00f3n Liberal y Arte del Juego del Axedrez\u201d kasutas Ruy L\u00f3pez m\u00f5lemat terminit, kuigi \u201cDama<b data-path-to-node=\"9,0,0\" data-index-in-node=\"148\">\u201c<\/b> j\u00e4i strateegilistes kirjeldustes tehniliselt domineerivaks.<\/p>\n<\/li>\n \t<li>\n<p id=\"p-rc_22a1b7b1123caa87-52\" data-path-to-node=\"9,1,0\"><b data-path-to-node=\"9,1,0\" data-index-in-node=\"0\">R-konflikt:<\/b> Peamine p\u00f5hjus, miks \u201cReina\u201d ei ole kunagi t\u00e4ielikult asendanud \u201cDama\u201d s\u00f5nu maletehnilises kirjanduses, on malenotatsioon. Hispaania notatsioonis kasutatakse \u201cRey\u201d (kuningas) t\u00e4hte \u201cR\u201c. Segaduse v\u00e4ltimiseks on kuningannale m\u00e4\u00e4ratud t\u00e4ht \u201cD\u201c, mis t\u00e4histab \u201cDama\u201d.<\/p>\n<\/li>\n<\/ul>\t\t\t\t\t\t\t\t<\/div>\n\t\t\t\t<\/div>\n\t\t\t\t\t<\/div>\n\t\t\t\t<\/div>\n\t\t\t\t<\/div>","protected":false},"excerpt":{"rendered":"<p>Spanish chess piece evolution from historical chess (acedrex) toward modern chess (ajedrez) 1. The Linguistic Shift: From X to J The difference between Acedrex and Ajedrez illustrates the phonetic evolution of the Spanish language as it sought to adapt the original Arabic name for the game: Acedrex (The 13th Century):\u00a0This is the primary spelling used [&hellip;]<\/p>\n","protected":false},"author":1,"featured_media":0,"parent":743,"menu_order":0,"comment_status":"closed","ping_status":"closed","template":"","meta":{"footnotes":""},"class_list":["post-756","page","type-page","status-publish","hentry"],"_links":{"self":[{"href":"https:\/\/shatranj.art\/et\/wp-json\/wp\/v2\/pages\/756","targetHints":{"allow":["GET"]}}],"collection":[{"href":"https:\/\/shatranj.art\/et\/wp-json\/wp\/v2\/pages"}],"about":[{"href":"https:\/\/shatranj.art\/et\/wp-json\/wp\/v2\/types\/page"}],"author":[{"embeddable":true,"href":"https:\/\/shatranj.art\/et\/wp-json\/wp\/v2\/users\/1"}],"replies":[{"embeddable":true,"href":"https:\/\/shatranj.art\/et\/wp-json\/wp\/v2\/comments?post=756"}],"version-history":[{"count":53,"href":"https:\/\/shatranj.art\/et\/wp-json\/wp\/v2\/pages\/756\/revisions"}],"predecessor-version":[{"id":1883,"href":"https:\/\/shatranj.art\/et\/wp-json\/wp\/v2\/pages\/756\/revisions\/1883"}],"up":[{"embeddable":true,"href":"https:\/\/shatranj.art\/et\/wp-json\/wp\/v2\/pages\/743"}],"wp:attachment":[{"href":"https:\/\/shatranj.art\/et\/wp-json\/wp\/v2\/media?parent=756"}],"curies":[{"name":"wp","href":"https:\/\/api.w.org\/{rel}","templated":true}]}}