{"id":775,"date":"2026-02-21T17:19:47","date_gmt":"2026-02-21T17:19:47","guid":{"rendered":"https:\/\/shatranj.art\/?page_id=775"},"modified":"2026-02-24T10:32:05","modified_gmt":"2026-02-24T10:32:05","slug":"poster-4","status":"publish","type":"page","link":"https:\/\/shatranj.art\/et\/exhibit\/poster-4\/","title":{"rendered":"plakat 4"},"content":{"rendered":"<div data-elementor-type=\"wp-page\" data-elementor-id=\"775\" class=\"elementor elementor-775\" data-elementor-post-type=\"page\">\n\t\t\t\t<div class=\"elementor-element elementor-element-9b0f30c e-flex e-con-boxed e-con e-parent\" data-id=\"9b0f30c\" data-element_type=\"container\" data-e-type=\"container\" data-settings=\"{&quot;background_background&quot;:&quot;classic&quot;}\">\n\t\t\t\t\t<div class=\"e-con-inner\">\n\t\t\t\t<div class=\"elementor-element elementor-element-9edfd36 elementor-widget elementor-widget-image\" data-id=\"9edfd36\" data-element_type=\"widget\" data-e-type=\"widget\" data-widget_type=\"image.default\">\n\t\t\t\t<div class=\"elementor-widget-container\">\n\t\t\t\t\t\t\t\t\t\t\t\t\t\t\t<img fetchpriority=\"high\" decoding=\"async\" width=\"2560\" height=\"1657\" src=\"https:\/\/shatranj.art\/wp-content\/uploads\/2026\/02\/4-scaled.jpg\" class=\"attachment-full size-full wp-image-780\" alt=\"\" srcset=\"https:\/\/shatranj.art\/wp-content\/uploads\/2026\/02\/4-scaled.jpg 2560w, https:\/\/shatranj.art\/wp-content\/uploads\/2026\/02\/4-300x194.jpg 300w, https:\/\/shatranj.art\/wp-content\/uploads\/2026\/02\/4-1024x663.jpg 1024w, https:\/\/shatranj.art\/wp-content\/uploads\/2026\/02\/4-768x497.jpg 768w, https:\/\/shatranj.art\/wp-content\/uploads\/2026\/02\/4-1536x994.jpg 1536w, https:\/\/shatranj.art\/wp-content\/uploads\/2026\/02\/4-2048x1325.jpg 2048w\" sizes=\"(max-width: 2560px) 100vw, 2560px\" \/>\t\t\t\t\t\t\t\t\t\t\t\t\t\t\t<\/div>\n\t\t\t\t<\/div>\n\t\t\t\t<div class=\"elementor-element elementor-element-1c7dbdd elementor-widget elementor-widget-text-editor\" data-id=\"1c7dbdd\" data-element_type=\"widget\" data-e-type=\"widget\" data-widget_type=\"text-editor.default\">\n\t\t\t\t<div class=\"elementor-widget-container\">\n\t\t\t\t\t\t\t\t\t<p><strong>Afrasiyabi malet\u00fckid<\/strong><\/p><p>\u00a0<\/p><p>Samarkandis asuvast Afrasiyabi leiukohast leitud 7.-8. sajandist p\u00e4rit elevandiluust t\u00fckid on vanim teadaolev malekomplekt. Need \u00fcksikasjalikud figuurid annavad pildilise \u00fclevaate m\u00e4ngu Kesk-Aasia juurtest, kus torn on kujutatud mitme hobusega vankerina, r\u00fc\u00fctlifiguur on kujutatud kilbiga ratsanikuna ja elevandiga Alfil koos mitmete k\u00e4piknukkudega. Komplekt kajastab Siiditee ajastu s\u00f5jalist hierarhiat enne \u00fcleminekut abstraktsete kujunduste suunas.<\/p>\t\t\t\t\t\t\t\t<\/div>\n\t\t\t\t<\/div>\n\t\t\t\t<div class=\"elementor-element elementor-element-858fa4b elementor-widget elementor-widget-image\" data-id=\"858fa4b\" data-element_type=\"widget\" data-e-type=\"widget\" data-widget_type=\"image.default\">\n\t\t\t\t<div class=\"elementor-widget-container\">\n\t\t\t\t\t\t\t\t\t\t\t\t\t\t\t<img decoding=\"async\" width=\"2560\" height=\"863\" src=\"https:\/\/shatranj.art\/wp-content\/uploads\/2026\/02\/4-2-scaled.jpg\" class=\"attachment-full size-full wp-image-781\" alt=\"\" srcset=\"https:\/\/shatranj.art\/wp-content\/uploads\/2026\/02\/4-2-scaled.jpg 2560w, https:\/\/shatranj.art\/wp-content\/uploads\/2026\/02\/4-2-300x101.jpg 300w, https:\/\/shatranj.art\/wp-content\/uploads\/2026\/02\/4-2-1024x345.jpg 1024w, https:\/\/shatranj.art\/wp-content\/uploads\/2026\/02\/4-2-768x259.jpg 768w, https:\/\/shatranj.art\/wp-content\/uploads\/2026\/02\/4-2-1536x518.jpg 1536w, https:\/\/shatranj.art\/wp-content\/uploads\/2026\/02\/4-2-2048x691.jpg 2048w\" sizes=\"(max-width: 2560px) 100vw, 2560px\" \/>\t\t\t\t\t\t\t\t\t\t\t\t\t\t\t<\/div>\n\t\t\t\t<\/div>\n\t\t<div class=\"elementor-element elementor-element-8ed3a74 e-con-full e-flex e-con e-child\" data-id=\"8ed3a74\" data-element_type=\"container\" data-e-type=\"container\">\n\t\t\t\t<div class=\"elementor-element elementor-element-bf8591c elementor-widget-tablet__width-initial elementor-widget elementor-widget-image\" data-id=\"bf8591c\" data-element_type=\"widget\" data-e-type=\"widget\" data-widget_type=\"image.default\">\n\t\t\t\t<div class=\"elementor-widget-container\">\n\t\t\t\t\t\t\t\t\t\t\t\t\t\t\t<img decoding=\"async\" width=\"742\" height=\"1024\" src=\"https:\/\/shatranj.art\/wp-content\/uploads\/2026\/02\/4-3-742x1024.jpg\" class=\"attachment-large size-large wp-image-783\" alt=\"\" srcset=\"https:\/\/shatranj.art\/wp-content\/uploads\/2026\/02\/4-3-742x1024.jpg 742w, https:\/\/shatranj.art\/wp-content\/uploads\/2026\/02\/4-3-217x300.jpg 217w, https:\/\/shatranj.art\/wp-content\/uploads\/2026\/02\/4-3-768x1060.jpg 768w, https:\/\/shatranj.art\/wp-content\/uploads\/2026\/02\/4-3.jpg 874w\" sizes=\"(max-width: 742px) 100vw, 742px\" \/>\t\t\t\t\t\t\t\t\t\t\t\t\t\t\t<\/div>\n\t\t\t\t<\/div>\n\t\t\t\t<div class=\"elementor-element elementor-element-344ed8c elementor-widget__width-initial elementor-widget elementor-widget-text-editor\" data-id=\"344ed8c\" data-element_type=\"widget\" data-e-type=\"widget\" data-widget_type=\"text-editor.default\">\n\t\t\t\t<div class=\"elementor-widget-container\">\n\t\t\t\t\t\t\t\t\t<p><strong>Inglise keeles: P\u00f5hjamere jutustajad:<\/strong><\/p><p>\u00a0<\/p><p>Lewis'i malem\u00e4ngijad Need \u0160otimaal Lewis'i saarelt leitud ja morsuse elevandiluust nikerdatud 12. sajandi figuurid t\u00e4histavad malem\u00e4ngu suurejoonelist \u00fcleminekut abstraktsetest kujunditest elavaks jutustamisviisiks. Norraliku k\u00e4sit\u00f6\u00f6oskuse j\u00e4rgi kujundatud kujukesed oma murelike kuningate, m\u00f5tisklevate kuningannade ja kilpi hammustavate berserkeridega peegeldavad keskaegse Euroopa sotsiaalset hierarhiat ja ps\u00fc\u00fchikat. Kui idast p\u00e4rit geomeetrilised kujukesed j\u00f5udsid p\u00f5hja, muutusid nad nendeks dramaatilisteks, humaniseeritud tegelasteks, mis panid visuaalse aluse kaasaegsele malele.<\/p>\t\t\t\t\t\t\t\t<\/div>\n\t\t\t\t<\/div>\n\t\t\t\t<div class=\"elementor-element elementor-element-6f85ab9 elementor-widget-tablet__width-initial elementor-widget elementor-widget-image\" data-id=\"6f85ab9\" data-element_type=\"widget\" data-e-type=\"widget\" data-widget_type=\"image.default\">\n\t\t\t\t<div class=\"elementor-widget-container\">\n\t\t\t\t\t\t\t\t\t\t\t\t\t\t\t<img loading=\"lazy\" decoding=\"async\" width=\"800\" height=\"854\" src=\"https:\/\/shatranj.art\/wp-content\/uploads\/2026\/02\/4-5-959x1024.jpg\" class=\"attachment-large size-large wp-image-784\" alt=\"\" srcset=\"https:\/\/shatranj.art\/wp-content\/uploads\/2026\/02\/4-5-959x1024.jpg 959w, https:\/\/shatranj.art\/wp-content\/uploads\/2026\/02\/4-5-281x300.jpg 281w, https:\/\/shatranj.art\/wp-content\/uploads\/2026\/02\/4-5-768x820.jpg 768w, https:\/\/shatranj.art\/wp-content\/uploads\/2026\/02\/4-5.jpg 1261w\" sizes=\"(max-width: 800px) 100vw, 800px\" \/>\t\t\t\t\t\t\t\t\t\t\t\t\t\t\t<\/div>\n\t\t\t\t<\/div>\n\t\t\t\t<\/div>\n\t\t\t\t\t<\/div>\n\t\t\t\t<\/div>\n\t\t\t\t<\/div>","protected":false},"excerpt":{"rendered":"<p>Afrasiyab Chess Pieces \u00a0 The ivory pieces from the 7th\u20138th century found at the Afrasiyab site in Samarkand represent the oldest known chess set. These detailed figurines provide a figurative look at the game&#8217;s Central Asian roots, featuring the Rook as a chariot with multiple horses, the knight piece is depicted as a cavalryman with [&hellip;]<\/p>\n","protected":false},"author":1,"featured_media":0,"parent":743,"menu_order":0,"comment_status":"closed","ping_status":"closed","template":"","meta":{"footnotes":""},"class_list":["post-775","page","type-page","status-publish","hentry"],"_links":{"self":[{"href":"https:\/\/shatranj.art\/et\/wp-json\/wp\/v2\/pages\/775","targetHints":{"allow":["GET"]}}],"collection":[{"href":"https:\/\/shatranj.art\/et\/wp-json\/wp\/v2\/pages"}],"about":[{"href":"https:\/\/shatranj.art\/et\/wp-json\/wp\/v2\/types\/page"}],"author":[{"embeddable":true,"href":"https:\/\/shatranj.art\/et\/wp-json\/wp\/v2\/users\/1"}],"replies":[{"embeddable":true,"href":"https:\/\/shatranj.art\/et\/wp-json\/wp\/v2\/comments?post=775"}],"version-history":[{"count":22,"href":"https:\/\/shatranj.art\/et\/wp-json\/wp\/v2\/pages\/775\/revisions"}],"predecessor-version":[{"id":1631,"href":"https:\/\/shatranj.art\/et\/wp-json\/wp\/v2\/pages\/775\/revisions\/1631"}],"up":[{"embeddable":true,"href":"https:\/\/shatranj.art\/et\/wp-json\/wp\/v2\/pages\/743"}],"wp:attachment":[{"href":"https:\/\/shatranj.art\/et\/wp-json\/wp\/v2\/media?parent=775"}],"curies":[{"name":"wp","href":"https:\/\/api.w.org\/{rel}","templated":true}]}}