{"id":894,"date":"2026-02-22T08:28:54","date_gmt":"2026-02-22T08:28:54","guid":{"rendered":"https:\/\/shatranj.art\/?page_id=894"},"modified":"2026-02-23T04:42:50","modified_gmt":"2026-02-23T04:42:50","slug":"poster-10","status":"publish","type":"page","link":"https:\/\/shatranj.art\/et\/exhibit\/poster-10\/","title":{"rendered":"plakat 10"},"content":{"rendered":"<div data-elementor-type=\"wp-page\" data-elementor-id=\"894\" class=\"elementor elementor-894\" data-elementor-post-type=\"page\">\n\t\t\t\t<div class=\"elementor-element elementor-element-96a2a82 e-flex e-con-boxed e-con e-parent\" data-id=\"96a2a82\" data-element_type=\"container\" data-e-type=\"container\" data-settings=\"{&quot;background_background&quot;:&quot;classic&quot;}\">\n\t\t\t\t\t<div class=\"e-con-inner\">\n\t\t<div class=\"elementor-element elementor-element-7a9d5df e-con-full e-flex e-con e-child\" data-id=\"7a9d5df\" data-element_type=\"container\" data-e-type=\"container\">\n\t\t\t\t<div class=\"elementor-element elementor-element-4c3a07b elementor-widget__width-initial elementor-widget elementor-widget-text-editor\" data-id=\"4c3a07b\" data-element_type=\"widget\" data-e-type=\"widget\" data-widget_type=\"text-editor.default\">\n\t\t\t\t<div class=\"elementor-widget-container\">\n\t\t\t\t\t\t\t\t\t<p><strong>Intellektuaalne kohtumine: Keskaja naismaletajad.<\/strong><\/p><p>\u00a0<\/p><p>Sellel haruldasel miniatuuril 1283. aasta k\u00e4sikirjast Libro de los Juegos on \u00fcks v\u00f5imsamaid naiskujutlusi maleajaloos. Need kaks figuuri, kes on keskendunud strateegilise s\u00fcgavusega m\u00e4ngule telgi varjus, kujutavad intellekti\u00fchendust, mis \u00fcletab ajastu sotsiaalsed ja religioossed piirid. See teos peegeldab Al Andaluse multikultuurilist \u201cConvivencia\u201d ja t\u00f5estab, et male ei olnud pelgalt \u00f5ukondlik ajaviide, vaid universaalne v\u00e4ljendusruum, kus naised n\u00e4itasid oma vaimset v\u00f5imekust. Selle laua juures on kehastunud tsiviliseeritud dialoog eri usunditest ja kultuuridest p\u00e4rit naiste vahel, kes kohtuvad m\u00e4ngu \u00f5iglases ja struktureeritud maailmas.<\/p>\t\t\t\t\t\t\t\t<\/div>\n\t\t\t\t<\/div>\n\t\t\t\t<div class=\"elementor-element elementor-element-0b75406 elementor-widget__width-initial elementor-widget elementor-widget-image\" data-id=\"0b75406\" data-element_type=\"widget\" data-e-type=\"widget\" data-widget_type=\"image.default\">\n\t\t\t\t<div class=\"elementor-widget-container\">\n\t\t\t\t\t\t\t\t\t\t\t\t\t\t\t<img fetchpriority=\"high\" decoding=\"async\" width=\"800\" height=\"570\" src=\"https:\/\/shatranj.art\/wp-content\/uploads\/2026\/02\/10-1024x730.jpg\" class=\"attachment-large size-large wp-image-900\" alt=\"\" srcset=\"https:\/\/shatranj.art\/wp-content\/uploads\/2026\/02\/10-1024x730.jpg 1024w, https:\/\/shatranj.art\/wp-content\/uploads\/2026\/02\/10-300x214.jpg 300w, https:\/\/shatranj.art\/wp-content\/uploads\/2026\/02\/10-768x548.jpg 768w, https:\/\/shatranj.art\/wp-content\/uploads\/2026\/02\/10.jpg 1474w\" sizes=\"(max-width: 800px) 100vw, 800px\" \/>\t\t\t\t\t\t\t\t\t\t\t\t\t\t\t<\/div>\n\t\t\t\t<\/div>\n\t\t\t\t<div class=\"elementor-element elementor-element-58f2c39 elementor-widget__width-initial elementor-widget elementor-widget-image\" data-id=\"58f2c39\" data-element_type=\"widget\" data-e-type=\"widget\" data-widget_type=\"image.default\">\n\t\t\t\t<div class=\"elementor-widget-container\">\n\t\t\t\t\t\t\t\t\t\t\t\t\t\t\t<img decoding=\"async\" width=\"800\" height=\"450\" src=\"https:\/\/shatranj.art\/wp-content\/uploads\/2026\/02\/10-1-1024x576.jpg\" class=\"attachment-large size-large wp-image-901\" alt=\"\" srcset=\"https:\/\/shatranj.art\/wp-content\/uploads\/2026\/02\/10-1-1024x576.jpg 1024w, https:\/\/shatranj.art\/wp-content\/uploads\/2026\/02\/10-1-300x169.jpg 300w, https:\/\/shatranj.art\/wp-content\/uploads\/2026\/02\/10-1-768x432.jpg 768w, https:\/\/shatranj.art\/wp-content\/uploads\/2026\/02\/10-1.jpg 1534w\" sizes=\"(max-width: 800px) 100vw, 800px\" \/>\t\t\t\t\t\t\t\t\t\t\t\t\t\t\t<\/div>\n\t\t\t\t<\/div>\n\t\t\t\t<div class=\"elementor-element elementor-element-41081fb elementor-widget__width-initial elementor-widget elementor-widget-text-editor\" data-id=\"41081fb\" data-element_type=\"widget\" data-e-type=\"widget\" data-widget_type=\"text-editor.default\">\n\t\t\t\t<div class=\"elementor-widget-container\">\n\t\t\t\t\t\t\t\t\t<p><b>Eelarvamuste kontrollimine: <\/b><b>Al-Andaluse kultuurisild<\/b><\/p><p>\u00a0<\/p><p>See silmatorkav stseen 1283. aasta k\u00e4sikirjast Libro de los Juegos \u00fchendab keskaja mitmekultuurilise struktuuri \u00fchele malelaualauale. See kujutab moslemit ja juuti, kes j\u00e4tavad k\u00f5rvale religioossed ja sotsiaalsed t\u00f5kked, et pidada vaimset v\u00f5itlust, ning annab tunnistust male ilmalikust ja universaalsest v\u00f5imsusest. Malefiguurid esindavad Vahemere, P\u00f5hja-Aafrika ja L\u00e4his-Ida \u00fchtset kultuurip\u00e4randit, millel on abstraktsed ja geomeetrilised vormid, mis on t\u00e4ielikult vabastatud religioossest ikonograafiast. Selline terviklik disainifilosoofia v\u00f5imaldab m\u00e4ngijatel keskenduda ainult m\u00e4ngureeglitele ja \u00fcksteise intellektile, muutes malelauda t\u00f5eliselt neutraalseks pinnaks. Selle laua \u00e4\u00e4res loodud tsiviliseeritud dialoog s\u00fcmboliseerib k\u00e4sit\u00f6\u00f6 ja strateegia \u00fchendavat j\u00f5udu.<\/p>\t\t\t\t\t\t\t\t<\/div>\n\t\t\t\t<\/div>\n\t\t\t\t<\/div>\n\t\t\t\t\t<\/div>\n\t\t\t\t<\/div>\n\t\t\t\t<\/div>","protected":false},"excerpt":{"rendered":"<p>An Intellectual Encounter: The Female Chess Players of the Middle Ages \u00a0 This rare miniature from the 1283 manuscript Libro de los Juegos features one of the most powerful depictions of women in chess history. Focused on the game with strategic depth under the shade of a tent, these two figures represent a union of [&hellip;]<\/p>\n","protected":false},"author":1,"featured_media":0,"parent":743,"menu_order":0,"comment_status":"closed","ping_status":"closed","template":"","meta":{"footnotes":""},"class_list":["post-894","page","type-page","status-publish","hentry"],"_links":{"self":[{"href":"https:\/\/shatranj.art\/et\/wp-json\/wp\/v2\/pages\/894","targetHints":{"allow":["GET"]}}],"collection":[{"href":"https:\/\/shatranj.art\/et\/wp-json\/wp\/v2\/pages"}],"about":[{"href":"https:\/\/shatranj.art\/et\/wp-json\/wp\/v2\/types\/page"}],"author":[{"embeddable":true,"href":"https:\/\/shatranj.art\/et\/wp-json\/wp\/v2\/users\/1"}],"replies":[{"embeddable":true,"href":"https:\/\/shatranj.art\/et\/wp-json\/wp\/v2\/comments?post=894"}],"version-history":[{"count":7,"href":"https:\/\/shatranj.art\/et\/wp-json\/wp\/v2\/pages\/894\/revisions"}],"predecessor-version":[{"id":1198,"href":"https:\/\/shatranj.art\/et\/wp-json\/wp\/v2\/pages\/894\/revisions\/1198"}],"up":[{"embeddable":true,"href":"https:\/\/shatranj.art\/et\/wp-json\/wp\/v2\/pages\/743"}],"wp:attachment":[{"href":"https:\/\/shatranj.art\/et\/wp-json\/wp\/v2\/media?parent=894"}],"curies":[{"name":"wp","href":"https:\/\/api.w.org\/{rel}","templated":true}]}}