{"id":936,"date":"2026-02-22T10:03:32","date_gmt":"2026-02-22T10:03:32","guid":{"rendered":"https:\/\/shatranj.art\/?page_id=936"},"modified":"2026-02-23T08:46:38","modified_gmt":"2026-02-23T08:46:38","slug":"poster-14","status":"publish","type":"page","link":"https:\/\/shatranj.art\/et\/exhibit\/poster-14\/","title":{"rendered":"plakat 14"},"content":{"rendered":"<div data-elementor-type=\"wp-page\" data-elementor-id=\"936\" class=\"elementor elementor-936\" data-elementor-post-type=\"page\">\n\t\t\t\t<div class=\"elementor-element elementor-element-c355192 e-flex e-con-boxed e-con e-parent\" data-id=\"c355192\" data-element_type=\"container\" data-e-type=\"container\" data-settings=\"{&quot;background_background&quot;:&quot;classic&quot;}\">\n\t\t\t\t\t<div class=\"e-con-inner\">\n\t\t<div class=\"elementor-element elementor-element-5bf7f96 e-con-full e-flex e-con e-child\" data-id=\"5bf7f96\" data-element_type=\"container\" data-e-type=\"container\">\n\t\t\t\t<div class=\"elementor-element elementor-element-82eab3c elementor-widget__width-initial elementor-widget-mobile__width-inherit elementor-widget elementor-widget-image\" data-id=\"82eab3c\" data-element_type=\"widget\" data-e-type=\"widget\" data-widget_type=\"image.default\">\n\t\t\t\t<div class=\"elementor-widget-container\">\n\t\t\t\t\t\t\t\t\t\t\t\t\t\t\t<img fetchpriority=\"high\" decoding=\"async\" width=\"768\" height=\"1024\" src=\"https:\/\/shatranj.art\/wp-content\/uploads\/2026\/02\/14-768x1024.jpg\" class=\"attachment-large size-large wp-image-939\" alt=\"\" srcset=\"https:\/\/shatranj.art\/wp-content\/uploads\/2026\/02\/14-768x1024.jpg 768w, https:\/\/shatranj.art\/wp-content\/uploads\/2026\/02\/14-225x300.jpg 225w, https:\/\/shatranj.art\/wp-content\/uploads\/2026\/02\/14-1152x1536.jpg 1152w, https:\/\/shatranj.art\/wp-content\/uploads\/2026\/02\/14-1536x2048.jpg 1536w, https:\/\/shatranj.art\/wp-content\/uploads\/2026\/02\/14-scaled.jpg 1920w\" sizes=\"(max-width: 768px) 100vw, 768px\" \/>\t\t\t\t\t\t\t\t\t\t\t\t\t\t\t<\/div>\n\t\t\t\t<\/div>\n\t\t\t\t<div class=\"elementor-element elementor-element-f30dc26 elementor-widget__width-initial elementor-widget elementor-widget-text-editor\" data-id=\"f30dc26\" data-element_type=\"widget\" data-e-type=\"widget\" data-widget_type=\"text-editor.default\">\n\t\t\t\t<div class=\"elementor-widget-container\">\n\t\t\t\t\t\t\t\t\t<p><strong>Gorganiidi aristokraadi intellektuaalne p\u00e4rand<\/strong><\/p><p>\u00a0<\/p><p>Al-Suli ei olnud lihtsalt oma ajastu v\u00e4ljapaistev malemeister; ta oli abbassiidide kaliifide \u201cnadim\u201d (\u00f5ukonnakaaslane), palee ajaloolane ja teravmeelne luuletaja. Ta s\u00fcndis 870. aasta paiku pKr. Gorganis ja tema suguv\u00f5sa ulatub Dehistani steppides asuvasse kindlusesse Sul, kus kunagi valitses tema vanaisa, t\u00fcrgi v\u00fcrst Sul tekin. Selle aadliku p\u00e4randi m\u00e4lestuseks on t\u00e4nap\u00e4eval Turkmenistanis Ashgabatis asuvas iseseisvusmonumendis kuju.<\/p><p>\u00a0<\/p><p>Al-Suli, kellel on \u201cAliya\u201d auaste, mis on k\u00f5rgeim saavutatav tiitel males, muutis m\u00e4ngu struktureeritud teaduslikuks arhitektuuriks. Oma teedrajavas teoses \"Kitab al-Shatranj\" dokumenteeris ta esimesena s\u00fcstemaatiliselt avamisvormid (tabiyas) ja l\u00f5ppm\u00e4ngustrateegiad (mansubas). Tema loodud teoreetiline raamistik j\u00e4i sajandite jooksul, kuni moodsate malereeglite ilmumiseni, meistriv\u00f5istluste l\u00f5plikuks m\u00f5\u00f5dupuuks ja peamiseks v\u00f5rdlusallikaks.<\/p>\t\t\t\t\t\t\t\t<\/div>\n\t\t\t\t<\/div>\n\t\t<div class=\"elementor-element elementor-element-8f27e89 e-con-full e-flex e-con e-child\" data-id=\"8f27e89\" data-element_type=\"container\" data-e-type=\"container\">\n\t\t\t\t<div class=\"elementor-element elementor-element-374a727 elementor-widget-mobile__width-inherit elementor-widget elementor-widget-image\" data-id=\"374a727\" data-element_type=\"widget\" data-e-type=\"widget\" data-widget_type=\"image.default\">\n\t\t\t\t<div class=\"elementor-widget-container\">\n\t\t\t\t\t\t\t\t\t\t\t\t\t\t\t<img decoding=\"async\" width=\"800\" height=\"457\" src=\"https:\/\/shatranj.art\/wp-content\/uploads\/2026\/02\/14-1-1024x585.jpg\" class=\"attachment-large size-large wp-image-940\" alt=\"\" srcset=\"https:\/\/shatranj.art\/wp-content\/uploads\/2026\/02\/14-1-1024x585.jpg 1024w, https:\/\/shatranj.art\/wp-content\/uploads\/2026\/02\/14-1-300x171.jpg 300w, https:\/\/shatranj.art\/wp-content\/uploads\/2026\/02\/14-1-768x439.jpg 768w, https:\/\/shatranj.art\/wp-content\/uploads\/2026\/02\/14-1-1536x877.jpg 1536w, https:\/\/shatranj.art\/wp-content\/uploads\/2026\/02\/14-1-2048x1170.jpg 2048w\" sizes=\"(max-width: 800px) 100vw, 800px\" \/>\t\t\t\t\t\t\t\t\t\t\t\t\t\t\t<\/div>\n\t\t\t\t<\/div>\n\t\t\t\t<div class=\"elementor-element elementor-element-118c953 elementor-widget-mobile__width-inherit elementor-widget elementor-widget-image\" data-id=\"118c953\" data-element_type=\"widget\" data-e-type=\"widget\" data-widget_type=\"image.default\">\n\t\t\t\t<div class=\"elementor-widget-container\">\n\t\t\t\t\t\t\t\t\t\t\t\t\t\t\t<img decoding=\"async\" width=\"800\" height=\"488\" src=\"https:\/\/shatranj.art\/wp-content\/uploads\/2026\/02\/14-2-1024x624.jpg\" class=\"attachment-large size-large wp-image-941\" alt=\"\" srcset=\"https:\/\/shatranj.art\/wp-content\/uploads\/2026\/02\/14-2-1024x624.jpg 1024w, https:\/\/shatranj.art\/wp-content\/uploads\/2026\/02\/14-2-300x183.jpg 300w, https:\/\/shatranj.art\/wp-content\/uploads\/2026\/02\/14-2-768x468.jpg 768w, https:\/\/shatranj.art\/wp-content\/uploads\/2026\/02\/14-2-1536x936.jpg 1536w, https:\/\/shatranj.art\/wp-content\/uploads\/2026\/02\/14-2-2048x1249.jpg 2048w\" sizes=\"(max-width: 800px) 100vw, 800px\" \/>\t\t\t\t\t\t\t\t\t\t\t\t\t\t\t<\/div>\n\t\t\t\t<\/div>\n\t\t\t\t<\/div>\n\t\t\t\t<div class=\"elementor-element elementor-element-bbcc28f elementor-widget__width-initial elementor-widget elementor-widget-text-editor\" data-id=\"bbcc28f\" data-element_type=\"widget\" data-e-type=\"widget\" data-widget_type=\"text-editor.default\">\n\t\t\t\t<div class=\"elementor-widget-container\">\n\t\t\t\t\t\t\t\t\t<p><b>Suli teemant: Strateegia aastatuhande pikkune \u201clahendamatu\u201d tipp<\/b><\/p><p>\u00a0<\/p><p>10. sajandil gorgaanlasest meistri Abu Bakr bin Yahya al-Suli poolt koostatud \u201cTeemant\u201d on k\u00f5ige legendaarsem ja enim arutatud m\u00f5istatus maleajaloos. Vaatamata oma absoluutsele v\u00e4lisele lihtsusele - l\u00f5ppm\u00e4ng, milles m\u00f5lemal poolel on ainult kuningas ja ferz (kuninganna ajalooline eelk\u00e4ija) - j\u00e4i see kompositsioon terveks tuhandeks aastaks malemaailma \u201clahendamatuks\u201d Everestiks. See Al-Suli geniaalne looming on \u00fclim man\u00f6\u00f6verdamiskunst, mis nihutab ajaloolise malendi piire.<\/p><p>\u00a0<\/p><p><strong>S\u00fcleymaniye k\u00e4sikirjas sisalduv saladus<\/strong><\/p><p>\u00a0<\/p><p>K\u00f5ige olulisemad andmed selle m\u00f5istatuse kohta on esitatud Istanbulis S\u00fcleymaniye raamatukogus s\u00e4ilitatavas Kitab Ash-Shatranj'i koopias. Kuigi selle konkreetse k\u00e4sikirja lehek\u00fcljed on terved, on ilmselge, et teatavad positsioonid ja k\u00e4igud on originaalallikast valesti v\u00f5i ebat\u00e4ielikult \u00fcle kantud. Kuid isegi nende ajalooliste kirjavigade puhul on tekstis esitatud osaline lahendus t\u00e4ielikult koosk\u00f5las suurmeister Juri Averbahhi 20. sajandil tehtud s\u00fcgava anal\u00fc\u00fctilise t\u00f6\u00f6ga. Al-Suli j\u00e4\u00e4dvustas oma meisterlikkuse eksklusiivsust selle trotsliku v\u00e4itega:<\/p><p>\u201cKeegi ei lahenda seda, v\u00e4lja arvatud need, keda ma olen \u00f5petanud\u201d<\/p><p>\u00a0<\/p><p><strong>Algoritmide v\u00f5iduk\u00e4ik:<\/strong> <strong>shatranj.ai<\/strong><\/p><p>\u00a0<\/p><p>\u201cTeemant\u201d, mis j\u00e4ttis inimhinged aastatuhande jooksul aukartustesse, on n\u00fc\u00fcd digitaalajastu v\u00f5imsusega t\u00e4ielikult valgustatud. Projekti shatranj.ai raames on selle geniaalse kompositsiooni k\u00f5ik variatsioonid matemaatiliselt lahendatud, kasutades d\u00fcnaamilise programmeerimise meetodeid ja kaasaegseid algoritme, millel on lubatud \u201chash\u201d (transpositsioonitabel) funktsioonid. See teekond, mis ulatub S\u00fcleymaniye k\u00e4sikirjade ridadest kaasaegse koodini, on Al-Suli aegumatu strateegilise geeniuse l\u00f5plik t\u00f5endamine, mis t\u00f5estab, et see, mis kunagi oli reserveeritud meistri valitud \u00f5pilastele, on n\u00fc\u00fcd m\u00f5istetav puhta loogika keele kaudu.<\/p>\t\t\t\t\t\t\t\t<\/div>\n\t\t\t\t<\/div>\n\t\t\t\t<\/div>\n\t\t\t\t\t<\/div>\n\t\t\t\t<\/div>\n\t\t\t\t<\/div>","protected":false},"excerpt":{"rendered":"<p>The Intellectual Legacy of a Gorganite Aristocrat \u00a0 Al-Suli was not merely the preeminent chess master of his age; he was a &#8220;nadim&#8221; (court companion) to Abbasid Caliphs, a palace historian, and a sharp-witted poet. Born in Gorgan around 870 AD, his lineage traces back to the fortified Fortress of Sul in the Dehistan steppes, [&hellip;]<\/p>\n","protected":false},"author":1,"featured_media":0,"parent":743,"menu_order":0,"comment_status":"closed","ping_status":"closed","template":"","meta":{"footnotes":""},"class_list":["post-936","page","type-page","status-publish","hentry"],"_links":{"self":[{"href":"https:\/\/shatranj.art\/et\/wp-json\/wp\/v2\/pages\/936","targetHints":{"allow":["GET"]}}],"collection":[{"href":"https:\/\/shatranj.art\/et\/wp-json\/wp\/v2\/pages"}],"about":[{"href":"https:\/\/shatranj.art\/et\/wp-json\/wp\/v2\/types\/page"}],"author":[{"embeddable":true,"href":"https:\/\/shatranj.art\/et\/wp-json\/wp\/v2\/users\/1"}],"replies":[{"embeddable":true,"href":"https:\/\/shatranj.art\/et\/wp-json\/wp\/v2\/comments?post=936"}],"version-history":[{"count":31,"href":"https:\/\/shatranj.art\/et\/wp-json\/wp\/v2\/pages\/936\/revisions"}],"predecessor-version":[{"id":1351,"href":"https:\/\/shatranj.art\/et\/wp-json\/wp\/v2\/pages\/936\/revisions\/1351"}],"up":[{"embeddable":true,"href":"https:\/\/shatranj.art\/et\/wp-json\/wp\/v2\/pages\/743"}],"wp:attachment":[{"href":"https:\/\/shatranj.art\/et\/wp-json\/wp\/v2\/media?parent=936"}],"curies":[{"name":"wp","href":"https:\/\/api.w.org\/{rel}","templated":true}]}}