{"id":954,"date":"2026-02-22T15:10:21","date_gmt":"2026-02-22T15:10:21","guid":{"rendered":"https:\/\/shatranj.art\/?page_id=954"},"modified":"2026-02-24T09:18:28","modified_gmt":"2026-02-24T09:18:28","slug":"poster-16","status":"publish","type":"page","link":"https:\/\/shatranj.art\/et\/exhibit\/poster-16\/","title":{"rendered":"plakat 16"},"content":{"rendered":"<div data-elementor-type=\"wp-page\" data-elementor-id=\"954\" class=\"elementor elementor-954\" data-elementor-post-type=\"page\">\n\t\t\t\t<div class=\"elementor-element elementor-element-05751de e-flex e-con-boxed e-con e-parent\" data-id=\"05751de\" data-element_type=\"container\" data-e-type=\"container\" data-settings=\"{&quot;background_background&quot;:&quot;classic&quot;}\">\n\t\t\t\t\t<div class=\"e-con-inner\">\n\t\t<div class=\"elementor-element elementor-element-415f3f4 e-con-full e-flex e-con e-child\" data-id=\"415f3f4\" data-element_type=\"container\" data-e-type=\"container\">\n\t\t\t\t<div class=\"elementor-element elementor-element-ee52ef0 elementor-widget__width-initial elementor-widget elementor-widget-image\" data-id=\"ee52ef0\" data-element_type=\"widget\" data-e-type=\"widget\" data-widget_type=\"image.default\">\n\t\t\t\t<div class=\"elementor-widget-container\">\n\t\t\t\t\t\t\t\t\t\t\t\t\t\t\t<img fetchpriority=\"high\" decoding=\"async\" width=\"723\" height=\"1024\" src=\"https:\/\/shatranj.art\/wp-content\/uploads\/2026\/02\/16-723x1024.jpg\" class=\"attachment-large size-large wp-image-959\" alt=\"\" srcset=\"https:\/\/shatranj.art\/wp-content\/uploads\/2026\/02\/16-723x1024.jpg 723w, https:\/\/shatranj.art\/wp-content\/uploads\/2026\/02\/16-212x300.jpg 212w, https:\/\/shatranj.art\/wp-content\/uploads\/2026\/02\/16-768x1087.jpg 768w, https:\/\/shatranj.art\/wp-content\/uploads\/2026\/02\/16-1085x1536.jpg 1085w, https:\/\/shatranj.art\/wp-content\/uploads\/2026\/02\/16-1447x2048.jpg 1447w, https:\/\/shatranj.art\/wp-content\/uploads\/2026\/02\/16.jpg 1557w\" sizes=\"(max-width: 723px) 100vw, 723px\" \/>\t\t\t\t\t\t\t\t\t\t\t\t\t\t\t<\/div>\n\t\t\t\t<\/div>\n\t\t\t\t<div class=\"elementor-element elementor-element-bc51b4f elementor-widget__width-initial elementor-widget elementor-widget-text-editor\" data-id=\"bc51b4f\" data-element_type=\"widget\" data-e-type=\"widget\" data-widget_type=\"text-editor.default\">\n\t\t\t\t<div class=\"elementor-widget-container\">\n\t\t\t\t\t\t\t\t\t<h3><b>Bucephalus: Steppide ja vallutuste legendaarne vaim<\/b><\/h3><p>Vana-kreeka keeles t\u00e4hendab Boukephalos \u201ch\u00e4rg-peaga\u201d (Boukephalos), mis on t\u00f5en\u00e4oliselt tingitud tema laiast otsmikust v\u00f5i tema \u00f5lal olevast m\u00e4rgistusest, Bukefaal on ajaloo k\u00f5ige ikoonilisem s\u00f5jaratsu. Legend r\u00e4\u00e4gib, et Tessaalia kuningas Philonicus pakkus teda kuningas Philippus II-le 13 talendi eest, kuid keegi ei suutnud tema metsikut vaimu taltsutada. Noor Aleksander, kes m\u00e4rkas, et hobune pelgab vaid omaenda varju, p\u00f6\u00f6ras ta p\u00e4ikese poole, et teda rahustada. Seda n\u00e4hes kuulutas kuningas Philippus kuulsalt: \u201cOo, mu poeg, otsi endale v\u00f5rdne ja v\u00e4\u00e4riline kuningriik, sest Makedoonia on sinu jaoks liiga v\u00e4ike!\u201d Ta \u00fctles: \"Oo, mu poeg, otsi endale v\u00f5rdne ja v\u00e4\u00e4riline kuningriik, sest Makedoonia on sinu jaoks liiga v\u00e4ike!\"<\/p><p>\u00a0<\/p><p>Lahinguv\u00e4ljadelt surematuseni<\/p><p>\u00a0<\/p><p>B\u00fctsephalos saatis Aleksandrit kogu tema s\u00f5jaretkel Kreekast India s\u00fcdamesse. Ta kandis oma isandat l\u00e4bi k\u00f5ige verisemate kokkup\u00f5rgete, alates Granikusest ja Issusest kuni Gaugamela ja Hydaspese lahinguni. Aastal 326 eKr, India s\u00f5jaretke ajal, suri ta kas lahinguhaavadesse v\u00f5i vanadusesse (peaaegu 30-aastaselt). Tema auks asutas Aleksander Aleksandri Bucephala linna Jhelumi j\u00f5e kaldal t\u00e4nap\u00e4eva Pakistanis.<\/p><p>\u00a0<\/p><p>Kultuuriline p\u00e4rand<\/p><p>\u00a0<\/p><p>Kunsti- ja kirjandusloos on Bucephalus v\u00f5imu, lojaalsuse ja terava instinkti s\u00fcmboliks. Idamaistes traditsioonides, kus Aleksandrit sageli identifitseeritakse \u201cIskandariga\u201d, kujutatakse Bucephalust kui \u00fcleloomulike omadustega varustatud lojaalset kaaslast. Ta on t\u00f5eline \u201cvaim\u201d ajaloo suurima vallutaja taga, esindades sidet, mis \u00fcletas lahinguv\u00e4lja.<\/p>\t\t\t\t\t\t\t\t<\/div>\n\t\t\t\t<\/div>\n\t\t\t\t<\/div>\n\t\t\t\t\t<\/div>\n\t\t\t\t<\/div>\n\t\t\t\t<\/div>","protected":false},"excerpt":{"rendered":"<p>Bucephalus: The Legendary Spirit of the Steppes and Conquests Meaning &#8220;Ox-headed&#8221; (Boukephalos) in Ancient Greek likely due to his broad brow or a branding on his shoulder Bucephalus is the most iconic warhorse in history. Legend tells that he was offered to King Philip II by Philonicus the Thessalian for the staggering sum of 13 [&hellip;]<\/p>\n","protected":false},"author":1,"featured_media":0,"parent":743,"menu_order":0,"comment_status":"closed","ping_status":"closed","template":"","meta":{"footnotes":""},"class_list":["post-954","page","type-page","status-publish","hentry"],"_links":{"self":[{"href":"https:\/\/shatranj.art\/et\/wp-json\/wp\/v2\/pages\/954","targetHints":{"allow":["GET"]}}],"collection":[{"href":"https:\/\/shatranj.art\/et\/wp-json\/wp\/v2\/pages"}],"about":[{"href":"https:\/\/shatranj.art\/et\/wp-json\/wp\/v2\/types\/page"}],"author":[{"embeddable":true,"href":"https:\/\/shatranj.art\/et\/wp-json\/wp\/v2\/users\/1"}],"replies":[{"embeddable":true,"href":"https:\/\/shatranj.art\/et\/wp-json\/wp\/v2\/comments?post=954"}],"version-history":[{"count":13,"href":"https:\/\/shatranj.art\/et\/wp-json\/wp\/v2\/pages\/954\/revisions"}],"predecessor-version":[{"id":1579,"href":"https:\/\/shatranj.art\/et\/wp-json\/wp\/v2\/pages\/954\/revisions\/1579"}],"up":[{"embeddable":true,"href":"https:\/\/shatranj.art\/et\/wp-json\/wp\/v2\/pages\/743"}],"wp:attachment":[{"href":"https:\/\/shatranj.art\/et\/wp-json\/wp\/v2\/media?parent=954"}],"curies":[{"name":"wp","href":"https:\/\/api.w.org\/{rel}","templated":true}]}}