{"id":963,"date":"2026-02-22T15:16:26","date_gmt":"2026-02-22T15:16:26","guid":{"rendered":"https:\/\/shatranj.art\/?page_id=963"},"modified":"2026-02-23T11:10:10","modified_gmt":"2026-02-23T11:10:10","slug":"poster-17","status":"publish","type":"page","link":"https:\/\/shatranj.art\/et\/exhibit\/poster-17\/","title":{"rendered":"plakat 17"},"content":{"rendered":"<div data-elementor-type=\"wp-page\" data-elementor-id=\"963\" class=\"elementor elementor-963\" data-elementor-post-type=\"page\">\n\t\t\t\t<div class=\"elementor-element elementor-element-73ca0e2 e-flex e-con-boxed e-con e-parent\" data-id=\"73ca0e2\" data-element_type=\"container\" data-e-type=\"container\" data-settings=\"{&quot;background_background&quot;:&quot;classic&quot;}\">\n\t\t\t\t\t<div class=\"e-con-inner\">\n\t\t<div class=\"elementor-element elementor-element-4151d56 e-con-full e-flex e-con e-child\" data-id=\"4151d56\" data-element_type=\"container\" data-e-type=\"container\">\n\t\t\t\t<div class=\"elementor-element elementor-element-3b5a1d2 elementor-widget elementor-widget-image\" data-id=\"3b5a1d2\" data-element_type=\"widget\" data-e-type=\"widget\" data-widget_type=\"image.default\">\n\t\t\t\t<div class=\"elementor-widget-container\">\n\t\t\t\t\t\t\t\t\t\t\t\t\t\t\t<img fetchpriority=\"high\" decoding=\"async\" width=\"800\" height=\"378\" src=\"https:\/\/shatranj.art\/wp-content\/uploads\/2026\/02\/15-1-1024x484.jpg\" class=\"attachment-large size-large wp-image-948\" alt=\"\" srcset=\"https:\/\/shatranj.art\/wp-content\/uploads\/2026\/02\/15-1-1024x484.jpg 1024w, https:\/\/shatranj.art\/wp-content\/uploads\/2026\/02\/15-1-300x142.jpg 300w, https:\/\/shatranj.art\/wp-content\/uploads\/2026\/02\/15-1-768x363.jpg 768w, https:\/\/shatranj.art\/wp-content\/uploads\/2026\/02\/15-1-1536x726.jpg 1536w, https:\/\/shatranj.art\/wp-content\/uploads\/2026\/02\/15-1-2048x968.jpg 2048w\" sizes=\"(max-width: 800px) 100vw, 800px\" \/>\t\t\t\t\t\t\t\t\t\t\t\t\t\t\t<\/div>\n\t\t\t\t<\/div>\n\t\t\t\t<div class=\"elementor-element elementor-element-4e7af25 elementor-widget elementor-widget-text-editor\" data-id=\"4e7af25\" data-element_type=\"widget\" data-e-type=\"widget\" data-widget_type=\"text-editor.default\">\n\t\t\t\t<div class=\"elementor-widget-container\">\n\t\t\t\t\t\t\t\t\t<h2><b>R\u00fc\u00fctli ringreis<\/b><\/h2><p><b>Ajalooline s\u00fcgavus:<\/b><span style=\"font-weight: 400;\"> R\u00fc\u00fctli ringk\u00e4ik on matemaatiline jada, mille puhul ratsu k\u00fclastab iga ruutu malelaual t\u00e4pselt \u00fcks kord. See on nii strateegiline v\u00e4ljakutse kui ka klassikaline probleem harrastusmatemaatikas.<\/span><\/p><p>\u00a0<\/p><p><b>P\u00e4ritolu:<\/b><\/p><p>See probleem ei ole kaugeltki kaasaegne avastus. Varaseimad teadaolevad lahendused p\u00e4rinevad 9. sajandist, mille esitasid sellised Bagdadi meistrid nagu Al-Adli ja As-Suli. Lisaks sellele demonstreeris 9. sajandi India kirjanduses Kashmiri luuletaja Rudrata seda matemaatilist esteetikat oma teoses Kavyalankara, kus ta koostas luuletuse, mis j\u00e4rgib r\u00fc\u00fctli teekonna j\u00e4rjestust.<\/p><p>\u00a0<\/p><p><b>L\u00e4\u00e4ne kirjandus:<\/b><\/p><p>13. sajandil kirjeldas Kastiilia kuningas Alfonso X oma kuulsas Libro de los Juegos'is (M\u00e4ngude raamat) r\u00fc\u00fctli liikumisel p\u00f5hinevaid keerulisi man\u00f6\u00f6vreid. Probleemi kaasaegse matemaatilise aluse pani aga 1759. aastal Leonhard Euler, kelle anal\u00fc\u00fcs on t\u00e4nap\u00e4eval tunnustatud kui \u00fcks graafikuteooria nurgakive.<\/p><p>\u00a0<\/p><p><b>Omadused:<\/b><\/p><p><b>Suletud (uuesti sisenev) ringk\u00e4ik:<\/b> Kui r\u00fc\u00fctel l\u00f5petab ruudul, mis on t\u00e4pselt \u00fche r\u00fc\u00fctli sammu kaugusel algusruutudest, lubatakse tal kohe alustada ringk\u00e4iku uuesti.<\/p><p>\u00a0<\/p><p><b>Avatud ringreis:<\/b><\/p><p><span style=\"font-weight: 400;\">Kui r\u00fc\u00fctel k\u00fclastab iga ruutu, kuid j\u00f5uab ruudule, kust ta ei saa \u00fche k\u00e4iguga alguspunkti j\u00f5uda.<\/span><\/p>\t\t\t\t\t\t\t\t<\/div>\n\t\t\t\t<\/div>\n\t\t\t\t<div class=\"elementor-element elementor-element-14fac00 elementor-widget elementor-widget-image\" data-id=\"14fac00\" data-element_type=\"widget\" data-e-type=\"widget\" data-widget_type=\"image.default\">\n\t\t\t\t<div class=\"elementor-widget-container\">\n\t\t\t\t\t\t\t\t\t\t\t\t\t\t\t<img decoding=\"async\" width=\"800\" height=\"342\" src=\"https:\/\/shatranj.art\/wp-content\/uploads\/2026\/02\/15-1024x438.jpg\" class=\"attachment-large size-large wp-image-950\" alt=\"\" srcset=\"https:\/\/shatranj.art\/wp-content\/uploads\/2026\/02\/15-1024x438.jpg 1024w, https:\/\/shatranj.art\/wp-content\/uploads\/2026\/02\/15-300x128.jpg 300w, https:\/\/shatranj.art\/wp-content\/uploads\/2026\/02\/15-768x328.jpg 768w, https:\/\/shatranj.art\/wp-content\/uploads\/2026\/02\/15-1536x657.jpg 1536w, https:\/\/shatranj.art\/wp-content\/uploads\/2026\/02\/15-2048x875.jpg 2048w\" sizes=\"(max-width: 800px) 100vw, 800px\" \/>\t\t\t\t\t\t\t\t\t\t\t\t\t\t\t<\/div>\n\t\t\t\t<\/div>\n\t\t\t\t<div class=\"elementor-element elementor-element-1e25ada elementor-widget elementor-widget-text-editor\" data-id=\"1e25ada\" data-element_type=\"widget\" data-e-type=\"widget\" data-widget_type=\"text-editor.default\">\n\t\t\t\t<div class=\"elementor-widget-container\">\n\t\t\t\t\t\t\t\t\t<h2><b>8 kuninganna probleem: Dijkstra ja struktureeritud programmeerimise s\u00fcndi<\/b><\/h2><p>Max Bezzeli poolt 1848. aastal p\u00fcstitatud ja selliste geeniuste nagu Carl Friedrich Gauss t\u00e4helepanu \u00e4ratanud probleem muudeti 1970. aastatel \u201cprogrammeerimismanifestiks\u201d kaasaegse arvutiteaduse \u00fche isa Edsger W. Dijkstra poolt.<\/p><h3><b>Dijkstra ja DFS vaheline seos<\/b><\/h3><p><span style=\"font-weight: 400;\">Tema p\u00f5hjapanevas teoses, <\/span><i><span style=\"font-weight: 400;\">M\u00e4rkused struktureeritud programmeerimise kohta<\/span><\/i><span style=\"font-weight: 400;\"> (1972) kasutas Dijkstra 8 kuninganna probleemi, et n\u00e4idata, kuidas algoritmi saab s\u00fcstemaatiliselt konstrueerida protsessi abil, mida ta nimetas \u201cj\u00e4rkj\u00e4rguliseks t\u00e4iustamiseks\u201d.\u201d<\/span><\/p><ul><li style=\"font-weight: 400;\" aria-level=\"1\">DFS ja tagasiside: Dijkstra m\u00e4\u00e4ratles meetodi, mille puhul pannakse j\u00e4rjekorras kuninganna ja laskutakse j\u00e4rgmisele (Depth-First Search - DFS) ning p\u00f6\u00f6rdutakse tagasi eelmisele sammule, et proovida ummikseisu sattumisel teist v\u00f5imalust (Backtracking), kui see on k\u00f5ige puhtam n\u00e4ide struktureeritud programmeerimisest.<\/li><\/ul><p><b>Tagasip\u00f6\u00f6rdumise j\u00f5ud:<\/b><\/p><p>Dijkstra s\u00f5nul kujutab see l\u00e4henemisviis endast esimest olulist verstaposti \u201ckatse-ja-eksituse\u201d protsessi t\u00e4iustamisel veatuks loogiliseks jadaks, mida co<\/p>\t\t\t\t\t\t\t\t<\/div>\n\t\t\t\t<\/div>\n\t\t\t\t<div class=\"elementor-element elementor-element-3aa137e elementor-widget elementor-widget-image\" data-id=\"3aa137e\" data-element_type=\"widget\" data-e-type=\"widget\" data-widget_type=\"image.default\">\n\t\t\t\t<div class=\"elementor-widget-container\">\n\t\t\t\t\t\t\t\t\t\t\t\t\t\t\t<img decoding=\"async\" width=\"800\" height=\"588\" src=\"https:\/\/shatranj.art\/wp-content\/uploads\/2026\/02\/15-2-1024x752.jpg\" class=\"attachment-large size-large wp-image-949\" alt=\"\" srcset=\"https:\/\/shatranj.art\/wp-content\/uploads\/2026\/02\/15-2-1024x752.jpg 1024w, https:\/\/shatranj.art\/wp-content\/uploads\/2026\/02\/15-2-300x220.jpg 300w, https:\/\/shatranj.art\/wp-content\/uploads\/2026\/02\/15-2-768x564.jpg 768w, https:\/\/shatranj.art\/wp-content\/uploads\/2026\/02\/15-2-1536x1128.jpg 1536w, https:\/\/shatranj.art\/wp-content\/uploads\/2026\/02\/15-2-2048x1504.jpg 2048w\" sizes=\"(max-width: 800px) 100vw, 800px\" \/>\t\t\t\t\t\t\t\t\t\t\t\t\t\t\t<\/div>\n\t\t\t\t<\/div>\n\t\t\t\t<div class=\"elementor-element elementor-element-be7cb02 elementor-widget elementor-widget-text-editor\" data-id=\"be7cb02\" data-element_type=\"widget\" data-e-type=\"widget\" data-widget_type=\"text-editor.default\">\n\t\t\t\t<div class=\"elementor-widget-container\">\n\t\t\t\t\t\t\t\t\t<h3><b>Nisu ja malelaua probleem: eksponentsiaalne kasv<\/b><\/h3><p><b>Legend ja p\u00e4ritolu:<\/b><\/p><p>Loo kohaselt, kui malendi leiutaja Sissa bin Dahir esitles m\u00e4ngu India kuningale, k\u00fcsis kuningas temalt, millist tasu ta soovib. Sissa esitas pealtn\u00e4ha tagasihoidliku palve: \u201cMa tahan \u00fche nisutera malelaua esimese ruudu eest, kaks teise eest, neli kolmanda eest ja iga j\u00e4rgneva ruudu eest kaks korda rohkem kui eelmise eest.\u201d Kuningas l\u00fckkas selle palve esialgu tagasi, arvates, et tegemist on lihtsalt \u201cpeot\u00e4ie nisu\u201d; kui aga hakati arvutama, selgus, et ei riigikassast ega kogu maailma nisuvarudest ei piisa selle n\u00f5udmise t\u00e4itmiseks.<\/p><p><b>Ajalooline rekord: Ibn Khallikan (1256)<\/b><\/p><p>Esimese teadaoleva kirjaliku teate sellest kuulsast loost pani kirja 1256. aastal tuntud biograaf ja ajaloolane Ibn Khallikan. Ibn Khallikan ei lisanud seda s\u00fcndmust oma teosesse mitte \u00fcksnes kui lugu, vaid kui t\u00f5estust sellest, kuidas matemaatika t\u00f5stab kujutlusv\u00f5ime piire.<\/p><p><b>Matemaatiline reaalsus:<\/b><\/p><p><span style=\"font-weight: 400;\">See 64 ruudu kohta esitatud taotlus on geomeetrilise progressiooni (eksponentsiaalne kasv) k\u00f5ige puhtam n\u00e4ide. Summa igas ruudus arvutatakse valemiga <strong>2<sup>n-1<\/sup><\/strong> . Nisu \u00fcldkoguse leidmise v\u00f5rrand on j\u00e4rgmine:<\/span><\/p><p>\u00a0<\/p><div class=\"wheat-formula-box\"><div class=\"wheat-formula\" aria-label=\"S v\u00f5rdub summa i v\u00f5rdub 0 kuni 63 2 kuni i, v\u00f5rdub 2 kuni 64 miinus 1\"><div class=\"formula-wrap\"><span class=\"formula\">S =<\/span><p><span class=\"sigma-block\" aria-label=\"summa alates i v\u00f5rdub 0 kuni 63\"><br \/><span class=\"sigma-top\">63<\/span><br \/><span class=\"sigma\">\u2211<\/span><br \/><span class=\"sigma-bottom\"><i>i<\/i>=0<\/span><br \/><\/span><\/p><p><span class=\"formula\">2<sup><i>i<\/i><\/sup> = 2<sup>64<\/sup> - 1<\/span><\/p><\/div><p>Selle arvutuse tulemusel saadav massiline arv on:<\/p><p><b>18,446,744,073,709,551,615<\/b><\/p><p><b>Miks on see nii oluline?<\/b><\/p><ul><li style=\"font-weight: 400;\" aria-level=\"1\"><b>Kasvu ulatus:<\/b><span style=\"font-weight: 400;\"> See arv on v\u00f5rdne umbes 2000-kordse maailma praeguse aastase nisutoodangu kogutoodanguga.\u00a0<\/span><\/li><\/ul><p><b>Strateegiline \u00f5ppetund:<\/b><span style=\"font-weight: 400;\"> See probleem on iidne tarkuse \u00f5ppetund, mis \u00f5petab juhtidele ja strateegidele, kuidas v\u00e4ikesed muutused (\u201ckahekordistumine\u201d) v\u00f5ivad aja jooksul muutuda kontrollimatuteks j\u00f5ududeks.<\/span><\/p><\/div><\/div>\t\t\t\t\t\t\t\t<\/div>\n\t\t\t\t<\/div>\n\t\t\t\t<\/div>\n\t\t\t\t\t<\/div>\n\t\t\t\t<\/div>\n\t\t\t\t<\/div>","protected":false},"excerpt":{"rendered":"<p>The Knight&#8217;s Tour Historical Depth: The Knight&#8217;s Tour is a mathematical sequence in which a knight visits every single square on a chessboard exactly once. It is both a strategic challenge and a classic problem in recreational mathematics. \u00a0 Origins: This problem is far from a modern discovery. The earliest known solutions date back to [&hellip;]<\/p>\n","protected":false},"author":1,"featured_media":0,"parent":743,"menu_order":0,"comment_status":"closed","ping_status":"closed","template":"","meta":{"footnotes":""},"class_list":["post-963","page","type-page","status-publish","hentry"],"_links":{"self":[{"href":"https:\/\/shatranj.art\/et\/wp-json\/wp\/v2\/pages\/963","targetHints":{"allow":["GET"]}}],"collection":[{"href":"https:\/\/shatranj.art\/et\/wp-json\/wp\/v2\/pages"}],"about":[{"href":"https:\/\/shatranj.art\/et\/wp-json\/wp\/v2\/types\/page"}],"author":[{"embeddable":true,"href":"https:\/\/shatranj.art\/et\/wp-json\/wp\/v2\/users\/1"}],"replies":[{"embeddable":true,"href":"https:\/\/shatranj.art\/et\/wp-json\/wp\/v2\/comments?post=963"}],"version-history":[{"count":22,"href":"https:\/\/shatranj.art\/et\/wp-json\/wp\/v2\/pages\/963\/revisions"}],"predecessor-version":[{"id":1443,"href":"https:\/\/shatranj.art\/et\/wp-json\/wp\/v2\/pages\/963\/revisions\/1443"}],"up":[{"embeddable":true,"href":"https:\/\/shatranj.art\/et\/wp-json\/wp\/v2\/pages\/743"}],"wp:attachment":[{"href":"https:\/\/shatranj.art\/et\/wp-json\/wp\/v2\/media?parent=963"}],"curies":[{"name":"wp","href":"https:\/\/api.w.org\/{rel}","templated":true}]}}