{"id":1053,"date":"2026-02-22T18:09:29","date_gmt":"2026-02-22T18:09:29","guid":{"rendered":"https:\/\/shatranj.art\/?page_id=1053"},"modified":"2026-02-23T05:20:05","modified_gmt":"2026-02-23T05:20:05","slug":"poster-28","status":"publish","type":"page","link":"https:\/\/shatranj.art\/fa\/exhibit\/poster-28\/","title":{"rendered":"\u067e\u0648\u0633\u062a\u0631 \u06f2\u06f8"},"content":{"rendered":"<div data-elementor-type=\"wp-page\" data-elementor-id=\"1053\" class=\"elementor elementor-1053\" data-elementor-post-type=\"page\">\n\t\t\t\t<div class=\"elementor-element elementor-element-0bbd3b8 e-flex e-con-boxed e-con e-parent\" data-id=\"0bbd3b8\" data-element_type=\"container\" data-e-type=\"container\" data-settings=\"{&quot;background_background&quot;:&quot;classic&quot;}\">\n\t\t\t\t\t<div class=\"e-con-inner\">\n\t\t<div class=\"elementor-element elementor-element-c1f4b02 e-con-full e-flex e-con e-child\" data-id=\"c1f4b02\" data-element_type=\"container\" data-e-type=\"container\">\n\t\t\t\t<div class=\"elementor-element elementor-element-be9a805 elementor-widget__width-initial elementor-widget elementor-widget-image\" data-id=\"be9a805\" data-element_type=\"widget\" data-e-type=\"widget\" data-widget_type=\"image.default\">\n\t\t\t\t<div class=\"elementor-widget-container\">\n\t\t\t\t\t\t\t\t\t\t\t\t\t\t\t<img fetchpriority=\"high\" decoding=\"async\" width=\"683\" height=\"1024\" src=\"https:\/\/shatranj.art\/wp-content\/uploads\/2026\/02\/28-683x1024.jpg\" class=\"attachment-large size-large wp-image-1059\" alt=\"\" srcset=\"https:\/\/shatranj.art\/wp-content\/uploads\/2026\/02\/28-683x1024.jpg 683w, https:\/\/shatranj.art\/wp-content\/uploads\/2026\/02\/28-200x300.jpg 200w, https:\/\/shatranj.art\/wp-content\/uploads\/2026\/02\/28-768x1152.jpg 768w, https:\/\/shatranj.art\/wp-content\/uploads\/2026\/02\/28-1024x1536.jpg 1024w, https:\/\/shatranj.art\/wp-content\/uploads\/2026\/02\/28.jpg 1249w\" sizes=\"(max-width: 683px) 100vw, 683px\" \/>\t\t\t\t\t\t\t\t\t\t\t\t\t\t\t<\/div>\n\t\t\t\t<\/div>\n\t\t\t\t<div class=\"elementor-element elementor-element-b42301a elementor-widget__width-initial elementor-widget-tablet__width-inherit elementor-widget elementor-widget-text-editor\" data-id=\"b42301a\" data-element_type=\"widget\" data-e-type=\"widget\" data-widget_type=\"text-editor.default\">\n\t\t\t\t<div class=\"elementor-widget-container\">\n\t\t\t\t\t\t\t\t\t<p><b>\u0645\u062c\u0645\u0648\u0639\u0647 \u015eah\u00ee: \u067e\u06cc\u0627\u062f\u0647 \u0641\u06cc\u0644\u06cc\u200c\u062f\u0648\u0631 \u062f\u0648\u0631\u0627\u0646\u062f\u06cc\u0634<\/b><\/p><p>\u00a0<\/p><p>\u06af\u0633\u062a\u0631\u0634 \u0642\u0647\u0648\u0647 \u0648 \u06a9\u0627\u0641\u0647\u200c\u0647\u0627 \u0628\u0627 \u062a\u06a9\u0627\u0645\u0644 \u0634\u0637\u0631\u0646\u062c \u062f\u0631\u0647\u0645\u200c\u062a\u0646\u06cc\u062f\u0647 \u0627\u0633\u062a. \u0645\u0647\u0631\u0647 \u067e\u06cc\u0627\u062f\u0647 \u0641\u06cc\u0644\u06cc\u200c\u062f\u0648\u0631 \u062f\u0648\u0631\u0647 \u0631\u0650\u0698\u0627\u0646\u0633 \u0627\u0632 \u0633\u0628\u062f \u0634\u0637\u0631\u0646\u062c \u0627\u0635\u06cc\u0644 \u06a9\u0627\u0641\u0647 \u067e\u0627\u0631\u06cc\u0633-\u0631\u0650\u0698\u0627\u0646\u0633 \u062f\u0631 \u0639\u0635\u0631 \u0631\u0648\u0634\u0646\u06af\u0631\u06cc \u0627\u0644\u0647\u0627\u0645 \u06af\u0631\u0641\u062a\u0647 \u0648 \u0628\u0631\u06af\u0631\u0641\u062a\u0647 \u0627\u0632 \u0639\u0628\u0627\u0631\u062a \u0645\u0634\u0647\u0648\u0631 \u0642\u0648\u06cc\u200c\u062a\u0631\u06cc\u0646 \u0628\u0627\u0632\u06cc\u06a9\u0646 \u0622\u0646 \u062f\u0648\u0631\u0627\u0646\u060c \u0641\u06cc\u0644\u06cc\u200c\u062f\u0648\u0631 \u0627\u0633\u062a: \u201c\u067e\u06cc\u0627\u062f\u0647\u200c\u0647\u0627 \u0631\u0648\u062d \u0634\u0637\u0631\u0646\u062c\u200c\u0627\u0646\u062f.\u00bb.<\/p><p>\u00a0<\/p><p>\u0633\u0627\u062e\u062a\u0627\u0631 \u067e\u06cc\u0627\u062f\u0647 \u06cc\u06a9\u06cc \u0627\u0632 \u0645\u0647\u0645\u200c\u062a\u0631\u06cc\u0646 \u0645\u0639\u06cc\u0627\u0631\u0647\u0627\u06cc\u06cc \u0627\u0633\u062a \u06a9\u0647 \u062c\u0631\u06cc\u0627\u0646 \u06cc\u06a9 \u0628\u0627\u0632\u06cc \u0634\u0637\u0631\u0646\u062c \u0631\u0627 \u062a\u0639\u06cc\u06cc\u0646 \u0645\u06cc\u200c\u06a9\u0646\u062f \u0648 \u0628\u0633\u06cc\u0627\u0631\u06cc \u0627\u0632 \u0645\u0648\u0642\u0639\u06cc\u062a\u200c\u0647\u0627 \u0628\u0631 \u0627\u0633\u0627\u0633 \u0633\u0627\u062e\u062a\u0627\u0631 \u067e\u06cc\u0627\u062f\u0647 \u0637\u0628\u0642\u0647\u200c\u0628\u0646\u062f\u06cc \u0645\u06cc\u200c\u0634\u0648\u0646\u062f. \u0641\u06cc\u0644\u06cc\u200c\u062f\u0648\u0631\u060c \u0622\u0647\u0646\u06af\u0633\u0627\u0632 \u0627\u067e\u0631\u0627 \u0648 \u06cc\u06a9\u06cc \u0627\u0632 \u0645\u0639\u062f\u0648\u062f \u0628\u0627\u0632\u06cc\u06a9\u0646\u0627\u0646\u06cc \u06a9\u0647 \u062a\u0648\u0631\u06a9\u060c \u0627\u062a\u0648\u0645\u0627\u062a \u0634\u0637\u0631\u0646\u062c \u0645\u0634\u0647\u0648\u0631\u060c \u0631\u0627 \u0634\u06a9\u0633\u062a \u062f\u0627\u062f\u060c \u0628\u0631 \u0634\u0647\u0631\u0648\u0646\u062f\u0627\u0646 \u0639\u0627\u062f\u06cc \u0628\u0647\u200c\u0639\u0646\u0648\u0627\u0646 \u0628\u0646\u06cc\u0627\u062f \u0648 \u0631\u0648\u062d \u062c\u0627\u0645\u0639\u0647 \u062a\u0623\u06a9\u06cc\u062f \u06a9\u0631\u062f.<\/p>\t\t\t\t\t\t\t\t<\/div>\n\t\t\t\t<\/div>\n\t\t\t\t<div class=\"elementor-element elementor-element-080136b elementor-widget__width-initial elementor-widget elementor-widget-image\" data-id=\"080136b\" data-element_type=\"widget\" data-e-type=\"widget\" data-widget_type=\"image.default\">\n\t\t\t\t<div class=\"elementor-widget-container\">\n\t\t\t\t\t\t\t\t\t\t\t\t\t\t\t<img decoding=\"async\" width=\"683\" height=\"1024\" src=\"https:\/\/shatranj.art\/wp-content\/uploads\/2026\/02\/28-1-683x1024.jpg\" class=\"attachment-large size-large wp-image-1060\" alt=\"\" srcset=\"https:\/\/shatranj.art\/wp-content\/uploads\/2026\/02\/28-1-683x1024.jpg 683w, https:\/\/shatranj.art\/wp-content\/uploads\/2026\/02\/28-1-200x300.jpg 200w, https:\/\/shatranj.art\/wp-content\/uploads\/2026\/02\/28-1-768x1152.jpg 768w, https:\/\/shatranj.art\/wp-content\/uploads\/2026\/02\/28-1-1024x1536.jpg 1024w, https:\/\/shatranj.art\/wp-content\/uploads\/2026\/02\/28-1.jpg 1262w\" sizes=\"(max-width: 683px) 100vw, 683px\" \/>\t\t\t\t\t\t\t\t\t\t\t\t\t\t\t<\/div>\n\t\t\t\t<\/div>\n\t\t\t\t<\/div>\n\t\t<div class=\"elementor-element elementor-element-94f3877 e-con-full e-flex e-con e-child\" data-id=\"94f3877\" data-element_type=\"container\" data-e-type=\"container\">\n\t\t<div class=\"elementor-element elementor-element-da14b56 e-con-full e-flex e-con e-child\" data-id=\"da14b56\" data-element_type=\"container\" data-e-type=\"container\">\n\t\t\t\t<div class=\"elementor-element elementor-element-3478291 elementor-widget elementor-widget-image\" data-id=\"3478291\" data-element_type=\"widget\" data-e-type=\"widget\" data-widget_type=\"image.default\">\n\t\t\t\t<div class=\"elementor-widget-container\">\n\t\t\t\t\t\t\t\t\t\t\t\t\t\t\t<img decoding=\"async\" width=\"800\" height=\"648\" src=\"https:\/\/shatranj.art\/wp-content\/uploads\/2026\/02\/28-2-1024x829.jpg\" class=\"attachment-large size-large wp-image-1064\" alt=\"\" srcset=\"https:\/\/shatranj.art\/wp-content\/uploads\/2026\/02\/28-2-1024x829.jpg 1024w, https:\/\/shatranj.art\/wp-content\/uploads\/2026\/02\/28-2-300x243.jpg 300w, https:\/\/shatranj.art\/wp-content\/uploads\/2026\/02\/28-2-768x622.jpg 768w, https:\/\/shatranj.art\/wp-content\/uploads\/2026\/02\/28-2-1536x1244.jpg 1536w, https:\/\/shatranj.art\/wp-content\/uploads\/2026\/02\/28-2.jpg 1973w\" sizes=\"(max-width: 800px) 100vw, 800px\" \/>\t\t\t\t\t\t\t\t\t\t\t\t\t\t\t<\/div>\n\t\t\t\t<\/div>\n\t\t\t\t<div class=\"elementor-element elementor-element-3621f13 elementor-widget-tablet__width-inherit elementor-widget elementor-widget-text-editor\" data-id=\"3621f13\" data-element_type=\"widget\" data-e-type=\"widget\" data-widget_type=\"text-editor.default\">\n\t\t\t\t<div class=\"elementor-widget-container\">\n\t\t\t\t\t\t\t\t\t<p><span style=\"font-weight: 400;\">\u06cc\u06a9 \u067e\u06cc\u0627\u062f\u0647 \u0634\u0637\u0631\u0646\u062c \u0627\u0632 \u062f\u0648\u0631\u0647\u0654 \u0639\u0628\u0627\u0633\u06cc \u062f\u0631 \u0628\u063a\u062f\u0627\u062f\u060c \u0628\u0627 \u0634\u06a9\u0644\u06cc \u0647\u0646\u062f\u0633\u06cc \u0645\u062a\u0645\u0627\u06cc\u0632 \u0648 \u062d\u06a9\u0627\u06a9\u06cc\u200c\u0647\u0627\u06cc \u0638\u0631\u06cc\u0641 \u0631\u0648\u06cc \u0633\u0637\u062d. \u0627\u06cc\u0646 \u0642\u0637\u0639\u0647 \u0628\u0627\u0632\u062a\u0627\u0628\u200c\u062f\u0647\u0646\u062f\u0647\u0654 \u0635\u0646\u0639\u062a\u200c\u06af\u0631\u06cc \u0638\u0631\u06cc\u0641 \u0622\u0646 \u062f\u0648\u0631\u0647 \u0627\u0633\u062a \u0648 \u0627\u0632 \u0637\u0631\u06cc\u0642 \u0637\u0631\u0627\u062d\u06cc \u0645\u0646\u062d\u0635\u0631\u0628\u0647\u200c\u0641\u0631\u062f \u0648 \u062f\u0642\u06cc\u0642 \u062e\u0648\u062f\u060c \u0627\u0647\u0645\u06cc\u062a \u0627\u0633\u062a\u0631\u0627\u062a\u0698\u06cc\u06a9 \u067e\u06cc\u0627\u062f\u0647 \u0631\u0627 \u0628\u0631\u062c\u0633\u062a\u0647 \u0645\u06cc\u200c\u06a9\u0646\u062f.<\/span><\/p>\t\t\t\t\t\t\t\t<\/div>\n\t\t\t\t<\/div>\n\t\t\t\t<\/div>\n\t\t<div class=\"elementor-element elementor-element-3a10b69 e-con-full e-flex e-con e-child\" data-id=\"3a10b69\" data-element_type=\"container\" data-e-type=\"container\">\n\t\t\t\t<div class=\"elementor-element elementor-element-9fad6d9 elementor-widget elementor-widget-image\" data-id=\"9fad6d9\" data-element_type=\"widget\" data-e-type=\"widget\" data-widget_type=\"image.default\">\n\t\t\t\t<div class=\"elementor-widget-container\">\n\t\t\t\t\t\t\t\t\t\t\t\t\t\t\t<img loading=\"lazy\" decoding=\"async\" width=\"768\" height=\"1024\" src=\"https:\/\/shatranj.art\/wp-content\/uploads\/2026\/02\/28-3-768x1024.jpg\" class=\"attachment-large size-large wp-image-1061\" alt=\"\" srcset=\"https:\/\/shatranj.art\/wp-content\/uploads\/2026\/02\/28-3-768x1024.jpg 768w, https:\/\/shatranj.art\/wp-content\/uploads\/2026\/02\/28-3-225x300.jpg 225w, https:\/\/shatranj.art\/wp-content\/uploads\/2026\/02\/28-3-1152x1536.jpg 1152w, https:\/\/shatranj.art\/wp-content\/uploads\/2026\/02\/28-3.jpg 1195w\" sizes=\"(max-width: 768px) 100vw, 768px\" \/>\t\t\t\t\t\t\t\t\t\t\t\t\t\t\t<\/div>\n\t\t\t\t<\/div>\n\t\t\t\t<div class=\"elementor-element elementor-element-7ad603d elementor-widget-tablet__width-inherit elementor-widget elementor-widget-text-editor\" data-id=\"7ad603d\" data-element_type=\"widget\" data-e-type=\"widget\" data-widget_type=\"text-editor.default\">\n\t\t\t\t<div class=\"elementor-widget-container\">\n\t\t\t\t\t\t\t\t\t<p><b>\u0633\u0646\u06af \u067e\u06cc\u0627\u062f\u0647\u0654 \u0647\u0646\u062f \u06f1\u06f8\u06f2\u06f0<\/b> <span style=\"font-weight: 400;\"><br \/><\/span><span style=\"font-weight: 400;\"><br \/><\/span><span style=\"font-weight: 400;\">\u067e\u06cc\u0627\u062f\u0647\u0654 \u0634\u0637\u0631\u0646\u062c \u0641\u06cc\u06af\u0648\u0631\u0627\u062a\u06cc\u0648 \u0645\u062a\u0639\u0644\u0642 \u0628\u0647 \u0633\u0627\u0644 \u06f1\u06f8\u06f2\u06f0 \u06a9\u0647 \u0628\u0627 \u0644\u0628\u0627\u0633\u200c\u0647\u0627 \u0648 \u0627\u06a9\u0633\u0633\u0648\u0631\u06cc\u200c\u0647\u0627\u06cc \u0633\u0646\u062a\u06cc \u0647\u0646\u062f\u06cc \u062a\u0635\u0648\u06cc\u0631 \u0634\u062f\u0647 \u0627\u0633\u062a. \u0627\u06cc\u0646 \u0642\u0637\u0639\u0647 \u0639\u0646\u0627\u0635\u0631 \u0641\u0631\u0647\u0646\u06af\u06cc \u0647\u0646\u062f \u062f\u0631 \u0642\u0631\u0646 \u0646\u0648\u0632\u062f\u0647\u0645 \u0648 \u0631\u0648\u06cc\u06a9\u0631\u062f \u0648\u0627\u0642\u0639\u200c\u06af\u0631\u0627\u06cc\u0627\u0646\u0647 \u0631\u0627\u06cc\u062c \u062f\u0631 \u0637\u0631\u0627\u062d\u06cc \u0633\u062a\u200c\u0647\u0627\u06cc \u0634\u0637\u0631\u0646\u062c \u0622\u0646 \u062f\u0648\u0631\u0647 \u0631\u0627 \u0628\u0627\u0632\u062a\u0627\u0628 \u0645\u06cc\u200c\u062f\u0647\u062f.<\/span><\/p>\t\t\t\t\t\t\t\t<\/div>\n\t\t\t\t<\/div>\n\t\t\t\t<\/div>\n\t\t<div class=\"elementor-element elementor-element-926e3bd e-con-full e-flex e-con e-child\" data-id=\"926e3bd\" data-element_type=\"container\" data-e-type=\"container\">\n\t\t\t\t<div class=\"elementor-element elementor-element-8fc6637 elementor-widget elementor-widget-image\" data-id=\"8fc6637\" data-element_type=\"widget\" data-e-type=\"widget\" data-widget_type=\"image.default\">\n\t\t\t\t<div class=\"elementor-widget-container\">\n\t\t\t\t\t\t\t\t\t\t\t\t\t\t\t<img loading=\"lazy\" decoding=\"async\" width=\"800\" height=\"498\" src=\"https:\/\/shatranj.art\/wp-content\/uploads\/2026\/02\/28-5-1024x637.jpg\" class=\"attachment-large size-large wp-image-1062\" alt=\"\" srcset=\"https:\/\/shatranj.art\/wp-content\/uploads\/2026\/02\/28-5-1024x637.jpg 1024w, https:\/\/shatranj.art\/wp-content\/uploads\/2026\/02\/28-5-300x187.jpg 300w, https:\/\/shatranj.art\/wp-content\/uploads\/2026\/02\/28-5-768x478.jpg 768w, https:\/\/shatranj.art\/wp-content\/uploads\/2026\/02\/28-5-1536x955.jpg 1536w, https:\/\/shatranj.art\/wp-content\/uploads\/2026\/02\/28-5.jpg 1835w\" sizes=\"(max-width: 800px) 100vw, 800px\" \/>\t\t\t\t\t\t\t\t\t\t\t\t\t\t\t<\/div>\n\t\t\t\t<\/div>\n\t\t\t\t<div class=\"elementor-element elementor-element-ea860c4 elementor-widget-tablet__width-inherit elementor-widget elementor-widget-text-editor\" data-id=\"ea860c4\" data-element_type=\"widget\" data-e-type=\"widget\" data-widget_type=\"text-editor.default\">\n\t\t\t\t<div class=\"elementor-widget-container\">\n\t\t\t\t\t\t\t\t\t<p><b>\u0631\u0647\u0646\u0650 \u062f\u0648\u0631\u0647\u0654 \u0631\u0650\u0698\u0650\u0646\u0633\u0650 \u0641\u0631\u0627\u0646\u0633\u0647<\/b> <span style=\"font-weight: 400;\"><br \/><\/span><span style=\"font-weight: 400;\"><br \/><\/span><span style=\"font-weight: 400;\">\u0628\u0627\u0632\u062a\u0627\u0628\u200c\u062f\u0647\u0646\u062f\u0647 \u0632\u06cc\u0628\u0627\u06cc\u06cc\u200c\u0634\u0646\u0627\u0633\u06cc \u0638\u0631\u06cc\u0641 \u0642\u0631\u0646 \u0647\u062c\u062f\u0647\u0645\u060c \u067e\u06cc\u0627\u062f\u0647 \u0641\u0631\u0627\u0646\u0633\u0648\u06cc \u062f\u0648\u0631\u0647 \u0631\u0646\u062c\u06cc \u0646\u0645\u0627\u062f \u0627\u0635\u0644 \u0645\u0634\u0647\u0648\u0631 \u0641\u06cc\u0644\u06cc\u200c\u062f\u0648\u0631 \u0627\u0633\u062a \u06a9\u0647 \u201c\u067e\u06cc\u0627\u062f\u0647\u200c\u0647\u0627 \u0631\u0648\u062d \u0634\u0637\u0631\u0646\u062c\u200c\u0627\u0646\u062f\u201d. \u0641\u06cc\u0644\u06cc\u200c\u062f\u0648\u0631 \u06a9\u0647 \u0628\u0647 \u0645\u062d\u0628\u0648\u0628\u200c\u0633\u0627\u0632\u06cc \u0627\u06cc\u0646 \u0633\u0628\u06a9 \u06a9\u0645\u06a9 \u06a9\u0631\u062f\u060c \u0647\u0645\u0686\u0646\u06cc\u0646 \u0628\u0647\u200c\u062e\u0627\u0637\u0631 \u0634\u06a9\u0633\u062a \u062f\u0627\u062f\u0646 \u0627\u062a\u0648\u0645\u0627\u062a \u0634\u0637\u0631\u0646\u062c \u201c\u062a\u0631\u06a9 \u0645\u06a9\u0627\u0646\u06cc\u06a9\u06cc\u201d \u0628\u0647 \u06cc\u0627\u062f \u0645\u06cc\u200c\u0622\u06cc\u062f \u0648 \u062a\u0633\u0644\u0637 \u062e\u0648\u062f \u0631\u0627 \u0628\u0631 \u0628\u0627\u0632\u06cc \u0648 \u062a\u0648\u0647\u0645\u0627\u062a \u0645\u0634\u0647\u0648\u0631 \u0622\u0646 \u062f\u0648\u0631\u0627\u0646 \u0628\u0647 \u0627\u062b\u0628\u0627\u062a \u0631\u0633\u0627\u0646\u062f.<\/span><\/p>\t\t\t\t\t\t\t\t<\/div>\n\t\t\t\t<\/div>\n\t\t\t\t<\/div>\n\t\t\t\t<\/div>\n\t\t\t\t\t<\/div>\n\t\t\t\t<\/div>\n\t\t\t\t<\/div>","protected":false},"excerpt":{"rendered":"<p>The \u015eah\u00ee Set: Regency Philidor Pawn \u00a0 The spread of coffee and caf\u00e9s intertwines with the evolution of chess. The R\u00e9gence Philidor pawn is inspired by the authentic chess set from Paris-R\u00e9gence caf\u00e9 during the Age of Enlightenment and the famous phrase by the era&#8217;s strongest player, Philidor: &#8220;Pawns are the soul of chess. \u00a0 [&hellip;]<\/p>\n","protected":false},"author":1,"featured_media":0,"parent":743,"menu_order":0,"comment_status":"closed","ping_status":"closed","template":"","meta":{"footnotes":""},"class_list":["post-1053","page","type-page","status-publish","hentry"],"_links":{"self":[{"href":"https:\/\/shatranj.art\/fa\/wp-json\/wp\/v2\/pages\/1053","targetHints":{"allow":["GET"]}}],"collection":[{"href":"https:\/\/shatranj.art\/fa\/wp-json\/wp\/v2\/pages"}],"about":[{"href":"https:\/\/shatranj.art\/fa\/wp-json\/wp\/v2\/types\/page"}],"author":[{"embeddable":true,"href":"https:\/\/shatranj.art\/fa\/wp-json\/wp\/v2\/users\/1"}],"replies":[{"embeddable":true,"href":"https:\/\/shatranj.art\/fa\/wp-json\/wp\/v2\/comments?post=1053"}],"version-history":[{"count":10,"href":"https:\/\/shatranj.art\/fa\/wp-json\/wp\/v2\/pages\/1053\/revisions"}],"predecessor-version":[{"id":1252,"href":"https:\/\/shatranj.art\/fa\/wp-json\/wp\/v2\/pages\/1053\/revisions\/1252"}],"up":[{"embeddable":true,"href":"https:\/\/shatranj.art\/fa\/wp-json\/wp\/v2\/pages\/743"}],"wp:attachment":[{"href":"https:\/\/shatranj.art\/fa\/wp-json\/wp\/v2\/media?parent=1053"}],"curies":[{"name":"wp","href":"https:\/\/api.w.org\/{rel}","templated":true}]}}