{"id":1355,"date":"2026-02-23T08:47:26","date_gmt":"2026-02-23T08:47:26","guid":{"rendered":"https:\/\/shatranj.art\/?page_id=1355"},"modified":"2026-02-24T06:17:29","modified_gmt":"2026-02-24T06:17:29","slug":"poster-33","status":"publish","type":"page","link":"https:\/\/shatranj.art\/fa\/exhibit\/poster-33\/","title":{"rendered":"\u067e\u0648\u0633\u062a\u0631 \u06f3\u06f3"},"content":{"rendered":"<div data-elementor-type=\"wp-page\" data-elementor-id=\"1355\" class=\"elementor elementor-1355\" data-elementor-post-type=\"page\">\n\t\t\t\t<div class=\"elementor-element elementor-element-2851794 e-flex e-con-boxed e-con e-parent\" data-id=\"2851794\" data-element_type=\"container\" data-e-type=\"container\" data-settings=\"{&quot;background_background&quot;:&quot;classic&quot;}\">\n\t\t\t\t\t<div class=\"e-con-inner\">\n\t\t<div class=\"elementor-element elementor-element-ed4d108 e-con-full e-flex e-con e-child\" data-id=\"ed4d108\" data-element_type=\"container\" data-e-type=\"container\">\n\t\t\t\t<div class=\"elementor-element elementor-element-2753e94 elementor-widget elementor-widget-image\" data-id=\"2753e94\" data-element_type=\"widget\" data-e-type=\"widget\" data-widget_type=\"image.default\">\n\t\t\t\t<div class=\"elementor-widget-container\">\n\t\t\t\t\t\t\t\t\t\t\t\t\t\t\t<img fetchpriority=\"high\" decoding=\"async\" width=\"800\" height=\"534\" src=\"https:\/\/shatranj.art\/wp-content\/uploads\/2026\/02\/ulku-ve-dalkiran-kultur-un-1024x683.jpeg\" class=\"attachment-large size-large wp-image-1359\" alt=\"\" srcset=\"https:\/\/shatranj.art\/wp-content\/uploads\/2026\/02\/ulku-ve-dalkiran-kultur-un-1024x683.jpeg 1024w, https:\/\/shatranj.art\/wp-content\/uploads\/2026\/02\/ulku-ve-dalkiran-kultur-un-300x200.jpeg 300w, https:\/\/shatranj.art\/wp-content\/uploads\/2026\/02\/ulku-ve-dalkiran-kultur-un-768x512.jpeg 768w, https:\/\/shatranj.art\/wp-content\/uploads\/2026\/02\/ulku-ve-dalkiran-kultur-un-1536x1024.jpeg 1536w, https:\/\/shatranj.art\/wp-content\/uploads\/2026\/02\/ulku-ve-dalkiran-kultur-un-2048x1365.jpeg 2048w, https:\/\/shatranj.art\/wp-content\/uploads\/2026\/02\/ulku-ve-dalkiran-kultur-un-18x12.jpeg 18w\" sizes=\"(max-width: 800px) 100vw, 800px\" \/>\t\t\t\t\t\t\t\t\t\t\t\t\t\t\t<\/div>\n\t\t\t\t<\/div>\n\t\t\t\t<div class=\"elementor-element elementor-element-1b1dadb elementor-widget-tablet__width-inherit elementor-widget elementor-widget-text-editor\" data-id=\"1b1dadb\" data-element_type=\"widget\" data-e-type=\"widget\" data-widget_type=\"text-editor.default\">\n\t\t\t\t<div class=\"elementor-widget-container\">\n\t\t\t\t\t\t\t\t\t<h3><strong>\u0633atr\u0646\u062c \u0645\u0635\u0637\u0641\u06cc \u06a9\u0645\u0627\u0644 \u0622\u062a\u0627\u062a\u0631\u06a9<\/strong><span style=\"font-weight: 400;\"><br \/><\/span><span style=\"font-weight: 400;\"><br \/><\/span><\/h3><p><span style=\"font-weight: 400;\">\u0627\u06cc\u0646 \u0628\u062e\u0634 \u0627\u0632 \u0646\u0645\u0627\u06cc\u0634\u06af\u0627\u0647 \u0628\u0647 \u0642\u0637\u0639\u0647\u200c\u0627\u06cc \u0645\u0646\u062d\u0635\u0631\u0628\u0647\u200c\u0641\u0631\u062f \u0627\u0632 \u062a\u0627\u0631\u06cc\u062e \u062a\u0631\u06a9\u06cc\u0647 \u0645\u06cc\u200c\u067e\u0631\u062f\u0627\u0632\u062f: \u0645\u062c\u0645\u0648\u0639\u0647\u0654 \u0634\u0637\u0631\u0646\u062c \u0634\u062e\u0635\u06cc \u0645\u0635\u0637\u0641\u06cc \u06a9\u0645\u0627\u0644 \u0622\u062a\u0627\u062a\u0631\u06a9\u060c \u0628\u0646\u06cc\u0627\u0646\u200c\u06af\u0630\u0627\u0631 \u062c\u0645\u0647\u0648\u0631\u06cc \u062a\u0631\u06a9\u06cc\u0647. \u0639\u06a9\u0633 \u06af\u0627\u0644\u0631\u06cc\u060c \u0627\u0686. \u0633\u0631\u062a\u0627\u0634 \u062f\u0627\u0644\u06a9\u06cc\u0631\u0627\u0646 \u0631\u0627 \u062f\u0631 \u06a9\u0646\u0627\u0631 \u062f\u062e\u062a\u0631\u062e\u0648\u0627\u0646\u062f\u0647\u0654 \u0622\u062a\u0627\u062a\u0631\u06a9\u060c \u0627\u0648\u0644\u06a9\u0648 \u0622\u062f\u0627\u200c\u062a\u0647\u200c\u067e\u0647\u060c \u0646\u0634\u0627\u0646 \u0645\u06cc\u200c\u062f\u0647\u062f \u06a9\u0647 \u0628\u0627 \u0627\u0641\u062a\u062e\u0627\u0631 \u0627\u06cc\u0646 \u0645\u062c\u0645\u0648\u0639\u0647 \u0631\u0627 \u0627\u0631\u0627\u0626\u0647 \u0645\u06cc\u200c\u06a9\u0646\u0646\u062f.<\/span><span style=\"font-weight: 400;\"><br \/><\/span><span style=\"font-weight: 400;\"><br \/><\/span><span style=\"font-weight: 400;\">\u0627\u06cc\u0646 \u0633\u062a \u0634\u0637\u0631\u0646\u062c \u0628\u0647\u200c\u0637\u0648\u0631 \u0645\u0646\u062d\u0635\u0631\u0628\u0647\u200c\u0641\u0631\u062f\u06cc \u0627\u0632 \u0686\u0648\u0628 \u0628\u06a9\u0633\u200c\u0648\u0648\u062f \u0648 \u0628\u0627 \u0637\u0631\u0627\u062d\u06cc \u06cc\u06af\u0627\u0646\u0647\u200c\u0627\u06cc \u062d\u06a9\u0627\u06a9\u06cc \u0634\u062f\u0647 \u0627\u0633\u062a. \u0627\u06cc\u0646 \u0627\u062b\u0631 \u0627\u0632 \u0646\u0628\u0631\u062f \u06af\u0627\u0644\u06cc\u200c\u067e\u0648\u0644 \u0627\u0644\u0647\u0627\u0645 \u06af\u0631\u0641\u062a\u0647 \u0648 \u062a\u0648\u0633\u0637 \u0637\u0627\u200c\u062d\u0633\u06cc\u0646 \u0686\u0648\u06a9\u0648\u0631\u0644\u0648\u200c\u0627\u0648\u063a\u0644\u0648\u060c \u0631\u0626\u06cc\u0633 \u0627\u06cc\u0633\u062a\u06af\u0627\u0647 \u0645\u0632\u0631\u0639\u0647 \u062c\u0646\u06af\u0644\u06cc \u0622\u062a\u0627\u062a\u0631\u06a9\u060c \u0647\u0645\u0633\u0631 \u0648\u0627\u0633\u0641\u06cc\u0647 \u062e\u0627\u0646\u0645 (\u062f\u062e\u062a\u0631\u062e\u0648\u0627\u0646\u062f\u0647 \u0632\u0648\u0628\u06cc\u062f\u0647 \u062e\u0627\u0646\u0645) \u0648 \u067e\u062f\u0631 \u0627\u0648\u0644\u06a9\u0648\u06cc \u0622\u062f\u0627\u062a\u0647\u200c\u067e\u0647 (\u062f\u062e\u062a\u0631\u062e\u0648\u0627\u0646\u062f\u0647 \u0622\u062a\u0627\u062a\u0631\u06a9)\u060c \u0633\u0627\u062e\u062a\u0647 \u0634\u062f\u0647 \u0627\u0633\u062a. \u0627\u06cc\u0646 \u0645\u062c\u0645\u0648\u0639\u0647 \u0628\u0647\u200c\u0639\u0646\u0648\u0627\u0646 \u0647\u062f\u06cc\u0647\u200c\u0627\u06cc \u0628\u0647 \u0622\u062a\u0627\u062a\u0631\u06a9 \u062a\u0642\u062f\u06cc\u0645 \u0634\u062f. \u0631\u064f\u06a9\u200c\u0647\u0627 \u0628\u0647 \u0634\u06a9\u0644 \u062a\u0648\u067e \u0646\u0645\u0627\u06cc\u0634 \u062f\u0627\u062f\u0647 \u0634\u062f\u0647\u200c\u0627\u0646\u062f\u060c \u06a9\u0647 \u0628\u0627 \u062a\u0648\u062c\u0647 \u0628\u0647 \u0627\u0635\u0637\u0644\u0627\u062d \u201c\u062a\u0648\u067e\u201d \u062f\u0631 \u0628\u0633\u06cc\u0627\u0631\u06cc \u0627\u0632 \u0632\u0628\u0627\u0646\u200c\u0647\u0627\u06cc \u062c\u0646\u0648\u0628 \u0627\u0633\u0644\u0627\u0648\u06cc \u0648 \u0628\u0627\u0644\u06a9\u0627\u0646 \u0628\u0631\u0627\u06cc \u0627\u06cc\u0646 \u0645\u0647\u0631\u0647\u060c \u0627\u0646\u062a\u062e\u0627\u0628\u06cc \u0645\u0646\u0627\u0633\u0628 \u0627\u0633\u062a.\u00a0<\/span><\/p><p><span style=\"font-weight: 400;\">\u067e\u0633 \u0627\u0632 \u062f\u0631\u06af\u0630\u0634\u062a \u0622\u062a\u0627\u062a\u0631\u06a9\u060c \u0627\u06cc\u0646 \u0645\u062c\u0645\u0648\u0639\u0647 \u062a\u0648\u0633\u0637 \u0627\u06cc\u0646 \u062e\u0627\u0646\u0648\u0627\u062f\u0647 \u0646\u06af\u0647\u062f\u0627\u0631\u06cc \u0634\u062f. \u067e\u0633 \u0627\u0632 \u0645\u0631\u06af \u062a\u0627\u0647\u0633\u06cc\u0646 \u0686\u0648\u06a9\u0648\u0631\u0644\u0648\u0626\u0648\u063a\u0644\u0648\u060c \u0627\u06cc\u0646 \u0645\u062c\u0645\u0648\u0639\u0647 \u0628\u0647\u200c\u0639\u0646\u0648\u0627\u0646 \u06cc\u0627\u062f\u06af\u0627\u0631\u06cc \u0628\u0647 \u062f\u0648\u0633\u062a \u0646\u0632\u062f\u06cc\u06a9 \u0627\u0648\u060c \u0635\u0644\u0627\u062d\u200c\u0627\u0644\u062f\u06cc\u0646 \u0627\u0634\u06a9\u064e\u0646\u060c \u0686\u0647\u0631\u0647\u200c\u0627\u06cc \u0628\u0631\u062c\u0633\u062a\u0647 \u062f\u0631 \u062c\u0627\u0645\u0639\u0647 \u0634\u0637\u0631\u0646\u062c\u060c \u062f\u0631 \u062e\u0627\u0646\u0647\u200c\u0634\u0627\u0646 \u062f\u0631 \u062c\u0648\u06cc\u0632\u0644\u06cc\u060c \u0627\u0633\u062a\u0627\u0646\u0628\u0648\u0644 \u0627\u0647\u062f\u0627 \u0634\u062f.<\/span><\/p><p><span style=\"font-weight: 400;\">\u0628\u0639\u062f\u0627\u064b \u0627\u06cc\u0646 \u0645\u062c\u0645\u0648\u0639\u0647 \u0628\u0647 \u0627\u0686. \u0633\u0631\u062a\u0627\u0634 \u062f\u0627\u0644\u06a9\u06cc\u200c\u0631\u0627\u0646\u060c \u0628\u0646\u06cc\u0627\u0646\u200c\u06af\u0630\u0627\u0631 \u0646\u062e\u0633\u062a\u06cc\u0646 \u0645\u062f\u0631\u0633\u0647 \u0648 \u0645\u0648\u0632\u0647 \u0634\u0637\u0631\u0646\u062c \u06a9\u0634\u0648\u0631\u0645\u0627\u0646\u060c \u0628\u0647 \u067e\u0627\u0633 \u062e\u062f\u0645\u0627\u062a \u0628\u0631\u062c\u0633\u062a\u0647\u200c\u0627\u0634 \u0628\u0647 \u0634\u0637\u0631\u0646\u062c \u062f\u0631 \u062a\u0631\u06a9\u06cc\u0647 \u0647\u062f\u06cc\u0647 \u0634\u062f.  \u0645\u0639\u0644\u0648\u0645 \u0627\u0633\u062a \u06a9\u0647 \u0622\u062a\u0627\u062a\u0631\u06a9 \u0628\u0627 \u0647\u0645\u06cc\u0646 \u0645\u062c\u0645\u0648\u0639\u0647 \u062f\u0631 \u0628\u0631\u0627\u0628\u0631 \u0627\u0633\u0645\u062a \u0627\u06cc\u0646\u0648\u0646\u0648\u060c \u0635\u0644\u0627\u062d\u200c\u0627\u0644\u062f\u06cc\u0646 \u0622\u0434\u0438\u043b \u067e\u0627\u0634\u0627 \u0648 \u062f\u06cc\u06af\u0631 \u0647\u0645\u0631\u0632\u0645\u0627\u0646\u0634 \u0628\u0627\u0632\u06cc \u06a9\u0631\u062f\u0647 \u0627\u0633\u062a.<\/span><\/p>\t\t\t\t\t\t\t\t<\/div>\n\t\t\t\t<\/div>\n\t\t\t\t<div class=\"elementor-element elementor-element-8077669 elementor-widget elementor-widget-image\" data-id=\"8077669\" data-element_type=\"widget\" data-e-type=\"widget\" data-widget_type=\"image.default\">\n\t\t\t\t<div class=\"elementor-widget-container\">\n\t\t\t\t\t\t\t\t\t\t\t\t\t\t\t<img decoding=\"async\" width=\"800\" height=\"576\" src=\"https:\/\/shatranj.art\/wp-content\/uploads\/2026\/02\/ataturkun-takimi-afis-calismasi-1-1024x737.jpg\" class=\"attachment-large size-large wp-image-1358\" alt=\"\" srcset=\"https:\/\/shatranj.art\/wp-content\/uploads\/2026\/02\/ataturkun-takimi-afis-calismasi-1-1024x737.jpg 1024w, https:\/\/shatranj.art\/wp-content\/uploads\/2026\/02\/ataturkun-takimi-afis-calismasi-1-300x216.jpg 300w, https:\/\/shatranj.art\/wp-content\/uploads\/2026\/02\/ataturkun-takimi-afis-calismasi-1-768x553.jpg 768w, https:\/\/shatranj.art\/wp-content\/uploads\/2026\/02\/ataturkun-takimi-afis-calismasi-1-1536x1106.jpg 1536w, https:\/\/shatranj.art\/wp-content\/uploads\/2026\/02\/ataturkun-takimi-afis-calismasi-1-2048x1475.jpg 2048w, https:\/\/shatranj.art\/wp-content\/uploads\/2026\/02\/ataturkun-takimi-afis-calismasi-1-18x12.jpg 18w\" sizes=\"(max-width: 800px) 100vw, 800px\" \/>\t\t\t\t\t\t\t\t\t\t\t\t\t\t\t<\/div>\n\t\t\t\t<\/div>\n\t\t\t\t<div class=\"elementor-element elementor-element-887b309 elementor-widget elementor-widget-image\" data-id=\"887b309\" data-element_type=\"widget\" data-e-type=\"widget\" data-widget_type=\"image.default\">\n\t\t\t\t<div class=\"elementor-widget-container\">\n\t\t\t\t\t\t\t\t\t\t\t\t\t\t\t<img decoding=\"async\" width=\"800\" height=\"504\" src=\"https:\/\/shatranj.art\/wp-content\/uploads\/2026\/02\/mustafa-kemal-ataturk-chess-set-reduced-size-1024x645.jpg\" class=\"attachment-large size-large wp-image-1446\" alt=\"\" srcset=\"https:\/\/shatranj.art\/wp-content\/uploads\/2026\/02\/mustafa-kemal-ataturk-chess-set-reduced-size-1024x645.jpg 1024w, https:\/\/shatranj.art\/wp-content\/uploads\/2026\/02\/mustafa-kemal-ataturk-chess-set-reduced-size-300x189.jpg 300w, https:\/\/shatranj.art\/wp-content\/uploads\/2026\/02\/mustafa-kemal-ataturk-chess-set-reduced-size-768x484.jpg 768w, https:\/\/shatranj.art\/wp-content\/uploads\/2026\/02\/mustafa-kemal-ataturk-chess-set-reduced-size-1536x968.jpg 1536w, https:\/\/shatranj.art\/wp-content\/uploads\/2026\/02\/mustafa-kemal-ataturk-chess-set-reduced-size-2048x1291.jpg 2048w, https:\/\/shatranj.art\/wp-content\/uploads\/2026\/02\/mustafa-kemal-ataturk-chess-set-reduced-size-18x12.jpg 18w\" sizes=\"(max-width: 800px) 100vw, 800px\" \/>\t\t\t\t\t\t\t\t\t\t\t\t\t\t\t<\/div>\n\t\t\t\t<\/div>\n\t\t\t\t<div class=\"elementor-element elementor-element-67db2a3 elementor-widget elementor-widget-image\" data-id=\"67db2a3\" data-element_type=\"widget\" data-e-type=\"widget\" data-widget_type=\"image.default\">\n\t\t\t\t<div class=\"elementor-widget-container\">\n\t\t\t\t\t\t\t\t\t\t\t\t\t\t\t<img loading=\"lazy\" decoding=\"async\" width=\"768\" height=\"1024\" src=\"https:\/\/shatranj.art\/wp-content\/uploads\/2026\/02\/ulku-adatepe-my-childhood-with-ataturk-768x1024.jpg\" class=\"attachment-large size-large wp-image-1451\" alt=\"\" srcset=\"https:\/\/shatranj.art\/wp-content\/uploads\/2026\/02\/ulku-adatepe-my-childhood-with-ataturk-768x1024.jpg 768w, https:\/\/shatranj.art\/wp-content\/uploads\/2026\/02\/ulku-adatepe-my-childhood-with-ataturk-225x300.jpg 225w, https:\/\/shatranj.art\/wp-content\/uploads\/2026\/02\/ulku-adatepe-my-childhood-with-ataturk-1152x1536.jpg 1152w, https:\/\/shatranj.art\/wp-content\/uploads\/2026\/02\/ulku-adatepe-my-childhood-with-ataturk-1536x2048.jpg 1536w, https:\/\/shatranj.art\/wp-content\/uploads\/2026\/02\/ulku-adatepe-my-childhood-with-ataturk-9x12.jpg 9w, https:\/\/shatranj.art\/wp-content\/uploads\/2026\/02\/ulku-adatepe-my-childhood-with-ataturk-scaled.jpg 1920w\" sizes=\"(max-width: 768px) 100vw, 768px\" \/>\t\t\t\t\t\t\t\t\t\t\t\t\t\t\t<\/div>\n\t\t\t\t<\/div>\n\t\t\t\t<div class=\"elementor-element elementor-element-00467b4 elementor-widget elementor-widget-image\" data-id=\"00467b4\" data-element_type=\"widget\" data-e-type=\"widget\" data-widget_type=\"image.default\">\n\t\t\t\t<div class=\"elementor-widget-container\">\n\t\t\t\t\t\t\t\t\t\t\t\t\t\t\t<img loading=\"lazy\" decoding=\"async\" width=\"768\" height=\"1024\" src=\"https:\/\/shatranj.art\/wp-content\/uploads\/2026\/02\/ulku-adatepe-ataturk-memoirs-768x1024.jpg\" class=\"attachment-large size-large wp-image-1447\" alt=\"\" srcset=\"https:\/\/shatranj.art\/wp-content\/uploads\/2026\/02\/ulku-adatepe-ataturk-memoirs-768x1024.jpg 768w, https:\/\/shatranj.art\/wp-content\/uploads\/2026\/02\/ulku-adatepe-ataturk-memoirs-225x300.jpg 225w, https:\/\/shatranj.art\/wp-content\/uploads\/2026\/02\/ulku-adatepe-ataturk-memoirs-1152x1536.jpg 1152w, https:\/\/shatranj.art\/wp-content\/uploads\/2026\/02\/ulku-adatepe-ataturk-memoirs-1536x2048.jpg 1536w, https:\/\/shatranj.art\/wp-content\/uploads\/2026\/02\/ulku-adatepe-ataturk-memoirs-9x12.jpg 9w, https:\/\/shatranj.art\/wp-content\/uploads\/2026\/02\/ulku-adatepe-ataturk-memoirs-scaled.jpg 1920w\" sizes=\"(max-width: 768px) 100vw, 768px\" \/>\t\t\t\t\t\t\t\t\t\t\t\t\t\t\t<\/div>\n\t\t\t\t<\/div>\n\t\t\t\t<div class=\"elementor-element elementor-element-9bf6bee elementor-widget elementor-widget-image\" data-id=\"9bf6bee\" data-element_type=\"widget\" data-e-type=\"widget\" data-widget_type=\"image.default\">\n\t\t\t\t<div class=\"elementor-widget-container\">\n\t\t\t\t\t\t\t\t\t\t\t\t\t\t\t<img loading=\"lazy\" decoding=\"async\" width=\"530\" height=\"800\" src=\"https:\/\/shatranj.art\/wp-content\/uploads\/2026\/02\/mustafa-kemal-atatur-ulku-adatepe.jpg\" class=\"attachment-large size-large wp-image-1449\" alt=\"\" srcset=\"https:\/\/shatranj.art\/wp-content\/uploads\/2026\/02\/mustafa-kemal-atatur-ulku-adatepe.jpg 530w, https:\/\/shatranj.art\/wp-content\/uploads\/2026\/02\/mustafa-kemal-atatur-ulku-adatepe-199x300.jpg 199w, https:\/\/shatranj.art\/wp-content\/uploads\/2026\/02\/mustafa-kemal-atatur-ulku-adatepe-8x12.jpg 8w\" sizes=\"(max-width: 530px) 100vw, 530px\" \/>\t\t\t\t\t\t\t\t\t\t\t\t\t\t\t<\/div>\n\t\t\t\t<\/div>\n\t\t\t\t<div class=\"elementor-element elementor-element-c32a832 elementor-widget elementor-widget-image\" data-id=\"c32a832\" data-element_type=\"widget\" data-e-type=\"widget\" data-widget_type=\"image.default\">\n\t\t\t\t<div class=\"elementor-widget-container\">\n\t\t\t\t\t\t\t\t\t\t\t\t\t\t\t<img loading=\"lazy\" decoding=\"async\" width=\"640\" height=\"1024\" src=\"https:\/\/shatranj.art\/wp-content\/uploads\/2026\/02\/tahsin-cukurluoglu-ulku-adatepe-chesset-memory-640x1024.jpg\" class=\"attachment-large size-large wp-image-1450\" alt=\"\" srcset=\"https:\/\/shatranj.art\/wp-content\/uploads\/2026\/02\/tahsin-cukurluoglu-ulku-adatepe-chesset-memory-640x1024.jpg 640w, https:\/\/shatranj.art\/wp-content\/uploads\/2026\/02\/tahsin-cukurluoglu-ulku-adatepe-chesset-memory-187x300.jpg 187w, https:\/\/shatranj.art\/wp-content\/uploads\/2026\/02\/tahsin-cukurluoglu-ulku-adatepe-chesset-memory-7x12.jpg 7w, https:\/\/shatranj.art\/wp-content\/uploads\/2026\/02\/tahsin-cukurluoglu-ulku-adatepe-chesset-memory.jpg 652w\" sizes=\"(max-width: 640px) 100vw, 640px\" \/>\t\t\t\t\t\t\t\t\t\t\t\t\t\t\t<\/div>\n\t\t\t\t<\/div>\n\t\t\t\t<div class=\"elementor-element elementor-element-4fc3267 elementor-widget elementor-widget-image\" data-id=\"4fc3267\" data-element_type=\"widget\" data-e-type=\"widget\" data-widget_type=\"image.default\">\n\t\t\t\t<div class=\"elementor-widget-container\">\n\t\t\t\t\t\t\t\t\t\t\t\t\t\t\t<img loading=\"lazy\" decoding=\"async\" width=\"580\" height=\"984\" src=\"https:\/\/shatranj.art\/wp-content\/uploads\/2026\/02\/Tahsin-Cukurluoglu.jpg\" class=\"attachment-large size-large wp-image-1448\" alt=\"\" srcset=\"https:\/\/shatranj.art\/wp-content\/uploads\/2026\/02\/Tahsin-Cukurluoglu.jpg 580w, https:\/\/shatranj.art\/wp-content\/uploads\/2026\/02\/Tahsin-Cukurluoglu-177x300.jpg 177w, https:\/\/shatranj.art\/wp-content\/uploads\/2026\/02\/Tahsin-Cukurluoglu-7x12.jpg 7w\" sizes=\"(max-width: 580px) 100vw, 580px\" \/>\t\t\t\t\t\t\t\t\t\t\t\t\t\t\t<\/div>\n\t\t\t\t<\/div>\n\t\t\t\t<div class=\"elementor-element elementor-element-7c081ec elementor-widget-tablet__width-inherit elementor-widget elementor-widget-text-editor\" data-id=\"7c081ec\" data-element_type=\"widget\" data-e-type=\"widget\" data-widget_type=\"text-editor.default\">\n\t\t\t\t<div class=\"elementor-widget-container\">\n\t\t\t\t\t\t\t\t\t<h3><b>\u0646\u0645\u0627\u06cc\u0634 \u0632\u0646\u062f\u0647 \u0634\u0637\u0631\u0646\u062c \u063a\u0648\u0644\u200c\u0622\u0633\u0627 \u062f\u0631 \u0648\u0631\u0632\u0634\u06af\u0627\u0647 \u0641\u0646\u0631\u0628\u0627\u063a\u0686\u0647 (\u06f1\u06f9\u06f9\u06f7)<\/b><\/h3><p><b>\u0628\u0631 \u0627\u0633\u0627\u0633 \u06a9\u0644\u0627\u0698 \u0627\u0633\u062a\u0627\u062f\u06cc\u0648\u0645.<\/b><\/p><p><span style=\"font-weight: 400;\">\u0627\u06cc\u0646 \u062a\u0635\u0648\u06cc\u0631 \u0686\u0634\u0645\u06af\u06cc\u0631 \u0631\u0648\u06cc\u062f\u0627\u062f \u0639\u0638\u06cc\u0645 \u201c\u0634\u0637\u0631\u0646\u062c \u0632\u0646\u062f\u0647\u201d \u0631\u0627 \u06a9\u0647 \u062f\u0631 \u0633\u0627\u0644 \u06f1\u06f9\u06f9\u06f7 \u062f\u0631 \u0648\u0631\u0632\u0634\u06af\u0627\u0647 \u0641\u0646\u0631\u0628\u0627\u063a\u0686\u0647\u060c \u06cc\u06a9\u06cc \u0627\u0632 \u06a9\u0647\u0646\u200c\u062a\u0631\u06cc\u0646 \u0628\u0627\u0634\u06af\u0627\u0647\u200c\u0647\u0627\u06cc \u0648\u0631\u0632\u0634\u06cc \u062a\u0631\u06a9\u06cc\u0647\u060c \u0628\u0631\u06af\u0632\u0627\u0631 \u0634\u062f\u060c \u0628\u0647 \u0646\u0645\u0627\u06cc\u0634 \u0645\u06cc\u200c\u06af\u0630\u0627\u0631\u062f.<\/span><\/p><p><span style=\"font-weight: 400;\">\u062f\u0631 \u0627\u06cc\u0646 \u0631\u0648\u06cc\u062f\u0627\u062f \u06a9\u0647 \u0632\u0645\u06cc\u0646 \u0641\u0648\u062a\u0628\u0627\u0644 \u0628\u0647 \u06cc\u06a9 \u0635\u0641\u062d\u0647\u0654 \u0634\u0637\u0631\u0646\u062c \u063a\u0648\u0644\u200c\u0622\u0633\u0627 \u062a\u0628\u062f\u06cc\u0644 \u0634\u062f\u0647 \u0628\u0648\u062f\u060c \u0627\u062c\u0631\u0627\u06a9\u0646\u0646\u062f\u06af\u0627\u0646\u06cc \u0628\u0627 \u0644\u0628\u0627\u0633\u200c\u0647\u0627\u06cc \u0648\u06cc\u0698\u0647 \u0628\u0627 \u0627\u06cc\u0641\u0627\u06cc \u0646\u0642\u0634 \u0645\u0647\u0631\u0647\u200c\u0647\u0627\u06cc \u0634\u0637\u0631\u0646\u062c\u060c \u0627\u06cc\u0646 \u0628\u0627\u0632\u06cc \u0627\u0633\u062a\u0631\u0627\u062a\u0698\u06cc\u06a9 \u0631\u0627 \u062f\u0631 \u0628\u0631\u0627\u0628\u0631 \u062a\u0645\u0627\u0634\u0627\u06af\u0631\u0627\u0646 \u0648\u0631\u0632\u0634\u06af\u0627\u0647 \u0628\u0647 \u0632\u0646\u062f\u06af\u06cc \u0622\u0648\u0631\u062f\u0646\u062f. \u0627\u06cc\u0646 \u0646\u0645\u0627\u06cc\u0634 \u0628\u0635\u0631\u06cc \u0628\u0647\u200c\u0637\u0631\u0632 \u06cc\u06a9\u067e\u0627\u0631\u0686\u0647\u200c\u0627\u06cc \u0639\u0645\u0642 \u0641\u06a9\u0631\u06cc \u0634\u0637\u0631\u0646\u062c \u0631\u0627 \u0628\u0627 \u0636\u06cc\u0627\u0641\u062a \u0628\u0635\u0631\u06cc \u062c\u0633\u0645\u0627\u0646\u06cc \u0648 \u0641\u0631\u0647\u0646\u06af \u0648\u0631\u0632\u0634\u06cc \u062f\u0631 \u0647\u0645 \u0645\u06cc\u200c\u0622\u0645\u06cc\u0632\u062f. \u0639\u06a9\u0633 \u0622\u062a\u0627\u062a\u0631\u06a9 \u0631\u0627 \u0645\u06cc\u200c\u062a\u0648\u0627\u0646 \u0631\u0648\u06cc \u067e\u0631\u0686\u0645\u06cc \u062f\u0631 \u0648\u0631\u0632\u0634\u06af\u0627\u0647 \u062f\u06cc\u062f.<\/span><\/p><p><b>\u06cc\u0627\u062f\u062f\u0627\u0634\u062a \u0628\u0627\u06cc\u06af\u0627\u0646\u06cc:<\/b><span style=\"font-weight: 400;\"> \u0647\u0645\u0627\u0646\u200c\u0637\u0648\u0631 \u06a9\u0647 \u0631\u0648\u06cc \u0639\u06a9\u0633 \u0627\u0635\u0644\u06cc \u0630\u06a9\u0631 \u0634\u062f\u0647 \u0627\u0633\u062a\u060c \u0627\u06cc\u0646 \u0642\u0637\u0639\u0647 \u0648\u06cc\u0698\u0647 \u0627\u0632 \u062a\u0627\u0631\u06cc\u062e \u0634\u0637\u0631\u0646\u062c \u0627\u0632 \u0622\u0631\u0634\u06cc\u0648 \u0648 \u0645\u062c\u0645\u0648\u0639\u0647 \u0634\u062e\u0635\u06cc \u062f\u0627\u0648\u0631 \u0628\u06cc\u0646\u200c\u0627\u0644\u0645\u0644\u0644\u06cc \u0634\u0637\u0631\u0646\u062c \u0648 \u0646\u0648\u06cc\u0633\u0646\u062f\u0647 \u0641\u06cc\u062f\u0647\u060c, <\/span><b>\u062f\u06a9\u062a\u0631 \u0633\u0631\u062a\u0686 \u062f\u0627\u0644\u06a9\u06cc\u0631\u0627\u0646<\/b><span style=\"font-weight: 400;\">.<\/span><\/p>\t\t\t\t\t\t\t\t<\/div>\n\t\t\t\t<\/div>\n\t\t\t\t<div class=\"elementor-element elementor-element-2284ad2 elementor-widget elementor-widget-image\" data-id=\"2284ad2\" data-element_type=\"widget\" data-e-type=\"widget\" data-widget_type=\"image.default\">\n\t\t\t\t<div class=\"elementor-widget-container\">\n\t\t\t\t\t\t\t\t\t\t\t\t\t\t\t<img loading=\"lazy\" decoding=\"async\" width=\"800\" height=\"557\" src=\"https:\/\/shatranj.art\/wp-content\/uploads\/2026\/02\/Fenerbahce-stadi-bale-1997-1024x713.jpg\" class=\"attachment-large size-large wp-image-1360\" alt=\"\" srcset=\"https:\/\/shatranj.art\/wp-content\/uploads\/2026\/02\/Fenerbahce-stadi-bale-1997-1024x713.jpg 1024w, https:\/\/shatranj.art\/wp-content\/uploads\/2026\/02\/Fenerbahce-stadi-bale-1997-300x209.jpg 300w, https:\/\/shatranj.art\/wp-content\/uploads\/2026\/02\/Fenerbahce-stadi-bale-1997-768x535.jpg 768w, https:\/\/shatranj.art\/wp-content\/uploads\/2026\/02\/Fenerbahce-stadi-bale-1997-1536x1070.jpg 1536w, https:\/\/shatranj.art\/wp-content\/uploads\/2026\/02\/Fenerbahce-stadi-bale-1997-2048x1426.jpg 2048w, https:\/\/shatranj.art\/wp-content\/uploads\/2026\/02\/Fenerbahce-stadi-bale-1997-18x12.jpg 18w\" sizes=\"(max-width: 800px) 100vw, 800px\" \/>\t\t\t\t\t\t\t\t\t\t\t\t\t\t\t<\/div>\n\t\t\t\t<\/div>\n\t\t\t\t<\/div>\n\t\t\t\t\t<\/div>\n\t\t\t\t<\/div>\n\t\t\t\t<\/div>","protected":false},"excerpt":{"rendered":"<p>The chess set of Mustafa Kemal Atat\u00fcrk This section of the exhibit highlights a unique piece of Turkish history: the personal chess set of Mustafa Kemal Atat\u00fcrk, the founder of the Republic of Turkey. The gallery photo shows H. Serta\u00e7 Dalk\u0131ran alongside Atat\u00fcrk&#8217;s adopted daughter, \u00dclk\u00fc Adatepe, proudly presenting the set. This chess set was [&hellip;]<\/p>\n","protected":false},"author":1,"featured_media":0,"parent":743,"menu_order":0,"comment_status":"closed","ping_status":"closed","template":"","meta":{"footnotes":""},"class_list":["post-1355","page","type-page","status-publish","hentry"],"_links":{"self":[{"href":"https:\/\/shatranj.art\/fa\/wp-json\/wp\/v2\/pages\/1355","targetHints":{"allow":["GET"]}}],"collection":[{"href":"https:\/\/shatranj.art\/fa\/wp-json\/wp\/v2\/pages"}],"about":[{"href":"https:\/\/shatranj.art\/fa\/wp-json\/wp\/v2\/types\/page"}],"author":[{"embeddable":true,"href":"https:\/\/shatranj.art\/fa\/wp-json\/wp\/v2\/users\/1"}],"replies":[{"embeddable":true,"href":"https:\/\/shatranj.art\/fa\/wp-json\/wp\/v2\/comments?post=1355"}],"version-history":[{"count":16,"href":"https:\/\/shatranj.art\/fa\/wp-json\/wp\/v2\/pages\/1355\/revisions"}],"predecessor-version":[{"id":1457,"href":"https:\/\/shatranj.art\/fa\/wp-json\/wp\/v2\/pages\/1355\/revisions\/1457"}],"up":[{"embeddable":true,"href":"https:\/\/shatranj.art\/fa\/wp-json\/wp\/v2\/pages\/743"}],"wp:attachment":[{"href":"https:\/\/shatranj.art\/fa\/wp-json\/wp\/v2\/media?parent=1355"}],"curies":[{"name":"wp","href":"https:\/\/api.w.org\/{rel}","templated":true}]}}