{"id":1016,"date":"2026-02-22T16:17:45","date_gmt":"2026-02-22T16:17:45","guid":{"rendered":"https:\/\/shatranj.art\/?page_id=1016"},"modified":"2026-02-24T09:42:49","modified_gmt":"2026-02-24T09:42:49","slug":"poster-24","status":"publish","type":"page","link":"https:\/\/shatranj.art\/fi\/exhibit\/poster-24\/","title":{"rendered":"juliste 24"},"content":{"rendered":"<div data-elementor-type=\"wp-page\" data-elementor-id=\"1016\" class=\"elementor elementor-1016\" data-elementor-post-type=\"page\">\n\t\t\t\t<div class=\"elementor-element elementor-element-cbef851 e-flex e-con-boxed e-con e-parent\" data-id=\"cbef851\" data-element_type=\"container\" data-e-type=\"container\" data-settings=\"{&quot;background_background&quot;:&quot;classic&quot;}\">\n\t\t\t\t\t<div class=\"e-con-inner\">\n\t\t<div class=\"elementor-element elementor-element-919ca16 e-con-full e-flex e-con e-child\" data-id=\"919ca16\" data-element_type=\"container\" data-e-type=\"container\">\n\t\t\t\t<div class=\"elementor-element elementor-element-3a8b40d elementor-widget elementor-widget-image\" data-id=\"3a8b40d\" data-element_type=\"widget\" data-e-type=\"widget\" data-widget_type=\"image.default\">\n\t\t\t\t<div class=\"elementor-widget-container\">\n\t\t\t\t\t\t\t\t\t\t\t\t\t\t\t<img fetchpriority=\"high\" decoding=\"async\" width=\"800\" height=\"534\" src=\"https:\/\/shatranj.art\/wp-content\/uploads\/2026\/02\/21-1024x683.jpg\" class=\"attachment-large size-large wp-image-995\" alt=\"\" srcset=\"https:\/\/shatranj.art\/wp-content\/uploads\/2026\/02\/21-1024x683.jpg 1024w, https:\/\/shatranj.art\/wp-content\/uploads\/2026\/02\/21-300x200.jpg 300w, https:\/\/shatranj.art\/wp-content\/uploads\/2026\/02\/21-768x512.jpg 768w, https:\/\/shatranj.art\/wp-content\/uploads\/2026\/02\/21-1536x1024.jpg 1536w, https:\/\/shatranj.art\/wp-content\/uploads\/2026\/02\/21-2048x1366.jpg 2048w\" sizes=\"(max-width: 800px) 100vw, 800px\" \/>\t\t\t\t\t\t\t\t\t\t\t\t\t\t\t<\/div>\n\t\t\t\t<\/div>\n\t\t\t\t<div class=\"elementor-element elementor-element-07a7613 elementor-widget elementor-widget-text-editor\" data-id=\"07a7613\" data-element_type=\"widget\" data-e-type=\"widget\" data-widget_type=\"text-editor.default\">\n\t\t\t\t<div class=\"elementor-widget-container\">\n\t\t\t\t\t\t\t\t\t<p>\u015eAH\u00ce Shakkisetti on enemm\u00e4n kuin pelkk\u00e4 peli; se on silta kulttuurien, aikakausien ja filosofioiden v\u00e4lill\u00e4. Sarja on suunniteltu her\u00e4tt\u00e4m\u00e4\u00e4n sek\u00e4 keisarillisia ett\u00e4 kuninkaallisia tuntemuksia, ja sen nimi on per\u00e4isin Balkanilla ja monilla slaavilaisilla kielill\u00e4 laajalti k\u00e4ytetyst\u00e4 termist\u00e4, jolla viitataan shakkipeliin.<\/p><p>Sana \u201c\u015eAH\u00ce\u201d itsess\u00e4\u00e4n toimii kuninkaallisena adjektiivina, joka tarkoittaa \u201cshaahille ominaista\u201d, ja sill\u00e4 on kirjallista painoarvoa, joka merkitsee voimaa, mahtavuutta ja strategista syvyytt\u00e4.<\/p><h3><b>Kulttuurin kehityksen mestariteos<\/b><\/h3><p>Kokeneen shakkikouluttajan ja entisen MIT:n ensimm\u00e4isen laudan pelaajan Tamer Karatekinin suunnittelema sarja kiteytt\u00e4\u00e4 tyylikk\u00e4\u00e4sti pelin historian. Jokainen pala on muotoiltu heijastamaan ainutlaatuista historiallista tarinaa:<\/p><ul><li style=\"font-weight: 400;\" aria-level=\"1\"><b>G\u00fcl\u015fah (Kuningas):<\/b><span style=\"font-weight: 400;\"> Edustaa Hagia Sofian ja Pantheonin kaltaisten rakenteiden innoittaman kupolin pyhyytt\u00e4 ja p\u00e4\u00e4hineen henkist\u00e4 perint\u00f6\u00e4.<\/span><\/li><li style=\"font-weight: 400;\" aria-level=\"1\"><b>Sokol (kuningatar\/vartija):<\/b><span style=\"font-weight: 400;\"> Nimetty sotilaallisen symbolin haukan mukaan ja saanut inspiraationsa it\u00e4valtalaisen kahvilan shakkip\u00f6yd\u00e4n sipulikupolisen finaalin ja kyp\u00e4r\u00e4n muotoilusta, se symboloi sotilaallista auktoriteettia ja \u201cvisiirin\u201d viisautta. Sokolovitshissa oli syntym\u00e4kaupunki ottomaanien valtakunnan vaikutusvaltaisimmalle suurvisiirille Sokollu Mehmet Pashalle.<\/span><\/li><li style=\"font-weight: 400;\" aria-level=\"1\"><b>Bukefal (Ritari):<\/b><span style=\"font-weight: 400;\"> Nimetty Aleksanteri Suuren legendaarisen hevosen mukaan, joka symboloi kulttuurin kaksisuuntaista vaihtoa id\u00e4n ja l\u00e4nnen v\u00e4lill\u00e4.<\/span><\/li><li style=\"font-weight: 400;\" aria-level=\"1\"><b>Shahrukh (The Rook):<\/b><span style=\"font-weight: 400;\"> Upea synteesi sotilaallisesta kehityksest\u00e4, joka sis\u00e4lt\u00e4\u00e4 sotavaunun, tornin, tykin ja laivan elementtej\u00e4. Shakkimestari ja sotap\u00e4\u00e4llikk\u00f6 Timur antoi pojalleen nimen Shahrukh, sill\u00e4 uutinen pojan syntym\u00e4st\u00e4 tuli shakkimatsin aikana.<\/span><\/li><li style=\"font-weight: 400;\" aria-level=\"1\"><b>Abul-Abbas (piispa\/elefantti):<\/b><span style=\"font-weight: 400;\"> Peilaa Kaarle Suurelle lahjoitetun norsun ikonista matkaa ja j\u00e4ljitt\u00e4\u00e4 shakin vaellusta kolmen maanosan halki.<\/span><\/li><li style=\"font-weight: 400;\" aria-level=\"1\"><b>R\u00e9gence-Philidor (Pawn):<\/b><span style=\"font-weight: 400;\"> Inspiraationa ovat olleet Pariisin valistusajan kahvilat ja Philidorin kuuluisa lausahdus: \u201cSotilaat ovat shakin sielu\u201d.<\/span><\/li><\/ul>\t\t\t\t\t\t\t\t<\/div>\n\t\t\t\t<\/div>\n\t\t\t\t<div class=\"elementor-element elementor-element-52a94ef elementor-widget elementor-widget-text-editor\" data-id=\"52a94ef\" data-element_type=\"widget\" data-e-type=\"widget\" data-widget_type=\"text-editor.default\">\n\t\t\t\t<div class=\"elementor-widget-container\">\n\t\t\t\t\t\t\t\t\t<h3><b>Suunnittelu ja tarkoitus<\/b><\/h3><p>\u015eAH\u00ce-sarja on huolella valmisteltu toimimaan sek\u00e4 taiteellisena esittelyn\u00e4 ett\u00e4 toiminnallisena v\u00e4lineen\u00e4 opetus- ja turnausk\u00e4ytt\u00f6\u00f6n. Sen suunnittelufilosofia perustuu siihen, ett\u00e4 se on kulttuurisesti ja henkisesti osallistava, mik\u00e4 takaa sen, ett\u00e4 se saa vastakaikua pelaajien keskuudessa kaikkialla maailmassa.<\/p><p><b>Tuen perint\u00f6:<\/b><\/p><p>T\u00e4m\u00e4n sarjan tuottamisen mahdollisti Massachusettsin kulttuurineuvoston ja Euroopan unionin nuoriso-ohjelman tuki.<\/p>\t\t\t\t\t\t\t\t<\/div>\n\t\t\t\t<\/div>\n\t\t\t\t<\/div>\n\t\t\t\t\t<\/div>\n\t\t\t\t<\/div>\n\t\t\t\t<\/div>","protected":false},"excerpt":{"rendered":"<p>The \u015eAH\u00ce Chess Set is more than just a game; it is a bridge between cultures, eras, and philosophies. Designed to evoke both imperial and royal sensations, the set draws its name from a term widely used in the Balkans and many Slavic languages to refer to the game of chess. The word &#8220;\u015eAH\u00ce&#8221; itself [&hellip;]<\/p>\n","protected":false},"author":1,"featured_media":0,"parent":743,"menu_order":0,"comment_status":"closed","ping_status":"closed","template":"","meta":{"footnotes":""},"class_list":["post-1016","page","type-page","status-publish","hentry"],"_links":{"self":[{"href":"https:\/\/shatranj.art\/fi\/wp-json\/wp\/v2\/pages\/1016","targetHints":{"allow":["GET"]}}],"collection":[{"href":"https:\/\/shatranj.art\/fi\/wp-json\/wp\/v2\/pages"}],"about":[{"href":"https:\/\/shatranj.art\/fi\/wp-json\/wp\/v2\/types\/page"}],"author":[{"embeddable":true,"href":"https:\/\/shatranj.art\/fi\/wp-json\/wp\/v2\/users\/1"}],"replies":[{"embeddable":true,"href":"https:\/\/shatranj.art\/fi\/wp-json\/wp\/v2\/comments?post=1016"}],"version-history":[{"count":19,"href":"https:\/\/shatranj.art\/fi\/wp-json\/wp\/v2\/pages\/1016\/revisions"}],"predecessor-version":[{"id":1601,"href":"https:\/\/shatranj.art\/fi\/wp-json\/wp\/v2\/pages\/1016\/revisions\/1601"}],"up":[{"embeddable":true,"href":"https:\/\/shatranj.art\/fi\/wp-json\/wp\/v2\/pages\/743"}],"wp:attachment":[{"href":"https:\/\/shatranj.art\/fi\/wp-json\/wp\/v2\/media?parent=1016"}],"curies":[{"name":"wp","href":"https:\/\/api.w.org\/{rel}","templated":true}]}}