{"id":1021,"date":"2026-02-22T16:28:38","date_gmt":"2026-02-22T16:28:38","guid":{"rendered":"https:\/\/shatranj.art\/?page_id=1021"},"modified":"2026-02-23T05:16:08","modified_gmt":"2026-02-23T05:16:08","slug":"poster-25","status":"publish","type":"page","link":"https:\/\/shatranj.art\/fi\/exhibit\/poster-25\/","title":{"rendered":"juliste 25"},"content":{"rendered":"<div data-elementor-type=\"wp-page\" data-elementor-id=\"1021\" class=\"elementor elementor-1021\" data-elementor-post-type=\"page\">\n\t\t\t\t<div class=\"elementor-element elementor-element-3d217f0 e-flex e-con-boxed e-con e-parent\" data-id=\"3d217f0\" data-element_type=\"container\" data-e-type=\"container\" data-settings=\"{&quot;background_background&quot;:&quot;classic&quot;}\">\n\t\t\t\t\t<div class=\"e-con-inner\">\n\t\t<div class=\"elementor-element elementor-element-a3a2689 e-con-full e-flex e-con e-child\" data-id=\"a3a2689\" data-element_type=\"container\" data-e-type=\"container\">\n\t\t\t\t<div class=\"elementor-element elementor-element-fa1aaae elementor-widget__width-initial elementor-widget elementor-widget-image\" data-id=\"fa1aaae\" data-element_type=\"widget\" data-e-type=\"widget\" data-widget_type=\"image.default\">\n\t\t\t\t<div class=\"elementor-widget-container\">\n\t\t\t\t\t\t\t\t\t\t\t\t\t\t\t<img fetchpriority=\"high\" decoding=\"async\" width=\"800\" height=\"463\" src=\"https:\/\/shatranj.art\/wp-content\/uploads\/2026\/02\/25-1024x592.jpg\" class=\"attachment-large size-large wp-image-1023\" alt=\"\" srcset=\"https:\/\/shatranj.art\/wp-content\/uploads\/2026\/02\/25-1024x592.jpg 1024w, https:\/\/shatranj.art\/wp-content\/uploads\/2026\/02\/25-300x173.jpg 300w, https:\/\/shatranj.art\/wp-content\/uploads\/2026\/02\/25-768x444.jpg 768w, https:\/\/shatranj.art\/wp-content\/uploads\/2026\/02\/25-1536x887.jpg 1536w, https:\/\/shatranj.art\/wp-content\/uploads\/2026\/02\/25-2048x1183.jpg 2048w\" sizes=\"(max-width: 800px) 100vw, 800px\" \/>\t\t\t\t\t\t\t\t\t\t\t\t\t\t\t<\/div>\n\t\t\t\t<\/div>\n\t\t\t\t<div class=\"elementor-element elementor-element-cbddf52 elementor-widget__width-initial elementor-widget elementor-widget-text-editor\" data-id=\"cbddf52\" data-element_type=\"widget\" data-e-type=\"widget\" data-widget_type=\"text-editor.default\">\n\t\t\t\t<div class=\"elementor-widget-container\">\n\t\t\t\t\t\t\t\t\t<p><strong>\u015eAH\u00ce Bucephalus: <\/strong><strong>Strategian ja kulttuurin perint\u00f6<\/strong><\/p><p>T\u00e4m\u00e4 hahmo kantaa Alepposta kotoisin olevan k\u00e4\u00e4nt\u00e4j\u00e4n Philipp Stamman perint\u00f6\u00e4, joka on tunnettu Pariisissa vuonna 1737 julkaistusta teoksestaan Essai sur le jeu des echecs. Ritarin muotoilu, jossa sen harjakiharat ovat ranskalaisia kiharoita, edustaa saumatonta synteesi\u00e4 valistuksen rationaalisen ajattelutavan ja id\u00e4n muinaisen strategisen syv\u00e4llisyyden v\u00e4lill\u00e4. Teoksen muodot luovat kulttuurisen sillan, joka yhdist\u00e4\u00e4 Stamman Alepposta Eurooppaan tuoman \u201cStamma Mate\u201d -hevosen taktisen nerokkuuden ja makedonialaisen hevosen Bucephaloksen sotilaallisen voiman.<\/p>\t\t\t\t\t\t\t\t<\/div>\n\t\t\t\t<\/div>\n\t\t\t\t<div class=\"elementor-element elementor-element-f641ab0 elementor-widget__width-initial elementor-widget elementor-widget-text-editor\" data-id=\"f641ab0\" data-element_type=\"widget\" data-e-type=\"widget\" data-widget_type=\"text-editor.default\">\n\t\t\t\t<div class=\"elementor-widget-container\">\n\t\t\t\t\t\t\t\t\t<p><b>1950 Dubrovnik ja Staunton: <\/b><b style=\"font-family: -apple-system, BlinkMacSystemFont, 'Segoe UI', Roboto, 'Helvetica Neue', Arial, 'Noto Sans', sans-serif, 'Apple Color Emoji', 'Segoe UI Emoji', 'Segoe UI Symbol', 'Noto Color Emoji';\">Identiteetti ja perinteiset rajat muotoilussa<\/b><\/p><p>\u00a0<\/p><p>T\u00e4m\u00e4 visuaalinen esitys asettaa vastakkain kaksi erilaista suunnittelufilosofiaa shakkimaailmassa. Dubrovnikin ratsu vuodelta 1950 on luonteikas pala, jota Bobby Fischer kuvaili \u201cparhaaksi koskaan tehdyksi shakkisuunnitteluksi\u201d ja joka erottuu ter\u00e4vill\u00e4 ja veistoksellisilla linjoillaan. Sen muotoilun dynaamisuus heijastaa shakin strategista henke\u00e4 ainutlaatuisen taiteellisen kielen kautta.<\/p><p>\u00a0<\/p><p>Staunton-malli sen sijaan syntyi 1800-luvun puoliv\u00e4liss\u00e4 p\u00e4\u00e4asiassa massatuotannon yksinkertaistamiseksi ja perinteisiin l\u00e4nsimaisiin muotoihin perustuvan yhdenmukaisuuden varmistamiseksi. Koska Staunton-sarjaan sis\u00e4ltyy uskonnollisia symboleja, kuten piispan mitra ja risti, siit\u00e4 puuttuu maallinen ja kattava identiteetti; sen sijaan se pysyy tietyn perinteisen rakenteen rajoissa. N\u00e4iden kahden siluetin v\u00e4linen ero korostaa eroa shakin ainutlaatuisen luonteen etsimisen ja standardoidun, perinteisen muodon v\u00e4lill\u00e4.<\/p>\t\t\t\t\t\t\t\t<\/div>\n\t\t\t\t<\/div>\n\t\t\t\t<div class=\"elementor-element elementor-element-9b94e22 elementor-widget__width-initial elementor-widget elementor-widget-image\" data-id=\"9b94e22\" data-element_type=\"widget\" data-e-type=\"widget\" data-widget_type=\"image.default\">\n\t\t\t\t<div class=\"elementor-widget-container\">\n\t\t\t\t\t\t\t\t\t\t\t\t\t\t\t<img decoding=\"async\" width=\"800\" height=\"641\" src=\"https:\/\/shatranj.art\/wp-content\/uploads\/2026\/02\/25-1-1024x820.jpg\" class=\"attachment-large size-large wp-image-1024\" alt=\"\" srcset=\"https:\/\/shatranj.art\/wp-content\/uploads\/2026\/02\/25-1-1024x820.jpg 1024w, https:\/\/shatranj.art\/wp-content\/uploads\/2026\/02\/25-1-300x240.jpg 300w, https:\/\/shatranj.art\/wp-content\/uploads\/2026\/02\/25-1-768x615.jpg 768w, https:\/\/shatranj.art\/wp-content\/uploads\/2026\/02\/25-1.jpg 1481w\" sizes=\"(max-width: 800px) 100vw, 800px\" \/>\t\t\t\t\t\t\t\t\t\t\t\t\t\t\t<\/div>\n\t\t\t\t<\/div>\n\t\t\t\t<div class=\"elementor-element elementor-element-7a3f622 elementor-widget__width-initial elementor-widget-tablet__width-inherit elementor-widget elementor-widget-image\" data-id=\"7a3f622\" data-element_type=\"widget\" data-e-type=\"widget\" data-widget_type=\"image.default\">\n\t\t\t\t<div class=\"elementor-widget-container\">\n\t\t\t\t\t\t\t\t\t\t\t\t\t\t\t<img decoding=\"async\" width=\"767\" height=\"1024\" src=\"https:\/\/shatranj.art\/wp-content\/uploads\/2026\/02\/25-2-767x1024.jpg\" class=\"attachment-large size-large wp-image-1025\" alt=\"\" srcset=\"https:\/\/shatranj.art\/wp-content\/uploads\/2026\/02\/25-2-767x1024.jpg 767w, https:\/\/shatranj.art\/wp-content\/uploads\/2026\/02\/25-2-225x300.jpg 225w, https:\/\/shatranj.art\/wp-content\/uploads\/2026\/02\/25-2-768x1025.jpg 768w, https:\/\/shatranj.art\/wp-content\/uploads\/2026\/02\/25-2-1151x1536.jpg 1151w, https:\/\/shatranj.art\/wp-content\/uploads\/2026\/02\/25-2.jpg 1499w\" sizes=\"(max-width: 767px) 100vw, 767px\" \/>\t\t\t\t\t\t\t\t\t\t\t\t\t\t\t<\/div>\n\t\t\t\t<\/div>\n\t\t\t\t<div class=\"elementor-element elementor-element-7e9c0df elementor-widget__width-initial elementor-widget elementor-widget-text-editor\" data-id=\"7e9c0df\" data-element_type=\"widget\" data-e-type=\"widget\" data-widget_type=\"text-editor.default\">\n\t\t\t\t<div class=\"elementor-widget-container\">\n\t\t\t\t\t\t\t\t\t<p><b>Lewis Knight: Lewis Lewis: Pohjoinen perint\u00f6 keskiajalta.<\/b><\/p><p>T\u00e4m\u00e4 1200-luvun skandinaavisen k\u00e4sity\u00f6taidon mestariteos on osa maailmankuulua Lewisin shakkimieskokoelmaa, joka l\u00f6ydettiin Skotlannin Lewisin saarelta vuonna 1831. Mursun norsunluusta huolella veistetty teos dokumentoi shakin esteettist\u00e4 kehityst\u00e4 sen levitt\u00e4ytyess\u00e4 Eurooppaan. Ratsastavan soturin kuvaus symboloi pelin syv\u00e4\u00e4 yhteytt\u00e4 keskiaikaisen yhteiskunnan aatelisuuteen ja sotilashierarkiaan. T\u00e4m\u00e4 ikoninen siluetti on edelleen poikkeuksellinen todiste aikakauden taiteellisesta taidosta ja pelin pysyv\u00e4st\u00e4 asemasta taideteoksena.<\/p>\t\t\t\t\t\t\t\t<\/div>\n\t\t\t\t<\/div>\n\t\t\t\t<div class=\"elementor-element elementor-element-765b6b1 elementor-widget__width-initial elementor-widget elementor-widget-text-editor\" data-id=\"765b6b1\" data-element_type=\"widget\" data-e-type=\"widget\" data-widget_type=\"text-editor.default\">\n\t\t\t\t<div class=\"elementor-widget-container\">\n\t\t\t\t\t\t\t\t\t<p><b>Ritarin kierros: Geometrinen \u00e4lyllinen palapeli<\/b><\/p><p>Ratsun kierros perustuu periaatteeseen, jonka mukaan ratsu k\u00e4y shakkilaudan jokaisessa ruudussa tasan kerran. T\u00e4m\u00e4 ongelma on kiehtonut neroja aina 9. vuosisadan Bagdadissa toimineesta Al-Adlista 18. vuosisadan valistusajan Euroopassa toimineeseen Leonhard Euleriin, sill\u00e4 se on matematiikan ja strategian t\u00e4ydellinen harmonia. T\u00e4ss\u00e4 kuvattu ratkaisu osoittaa, miten ratsun hyppyjen avulla syntyy monimutkainen ja lumoava symmetria, joka paljastaa shakin \u201cgeometrisen runouden\u201d ja universaalin logiikan.<\/p>\t\t\t\t\t\t\t\t<\/div>\n\t\t\t\t<\/div>\n\t\t\t\t<div class=\"elementor-element elementor-element-e34bfdc elementor-widget__width-initial elementor-widget-tablet__width-inherit elementor-widget elementor-widget-image\" data-id=\"e34bfdc\" data-element_type=\"widget\" data-e-type=\"widget\" data-widget_type=\"image.default\">\n\t\t\t\t<div class=\"elementor-widget-container\">\n\t\t\t\t\t\t\t\t\t\t\t\t\t\t\t<img loading=\"lazy\" decoding=\"async\" width=\"800\" height=\"800\" src=\"https:\/\/shatranj.art\/wp-content\/uploads\/2026\/02\/25-3-1024x1024.jpg\" class=\"attachment-large size-large wp-image-1026\" alt=\"\" srcset=\"https:\/\/shatranj.art\/wp-content\/uploads\/2026\/02\/25-3-1024x1024.jpg 1024w, https:\/\/shatranj.art\/wp-content\/uploads\/2026\/02\/25-3-300x300.jpg 300w, https:\/\/shatranj.art\/wp-content\/uploads\/2026\/02\/25-3-150x150.jpg 150w, https:\/\/shatranj.art\/wp-content\/uploads\/2026\/02\/25-3-768x768.jpg 768w, https:\/\/shatranj.art\/wp-content\/uploads\/2026\/02\/25-3.jpg 1486w\" sizes=\"(max-width: 800px) 100vw, 800px\" \/>\t\t\t\t\t\t\t\t\t\t\t\t\t\t\t<\/div>\n\t\t\t\t<\/div>\n\t\t\t\t<div class=\"elementor-element elementor-element-f59bb1a elementor-widget__width-initial elementor-widget elementor-widget-image\" data-id=\"f59bb1a\" data-element_type=\"widget\" data-e-type=\"widget\" data-widget_type=\"image.default\">\n\t\t\t\t<div class=\"elementor-widget-container\">\n\t\t\t\t\t\t\t\t\t\t\t\t\t\t\t<img loading=\"lazy\" decoding=\"async\" width=\"800\" height=\"537\" src=\"https:\/\/shatranj.art\/wp-content\/uploads\/2026\/02\/25-4-1024x687.jpg\" class=\"attachment-large size-large wp-image-1027\" alt=\"\" srcset=\"https:\/\/shatranj.art\/wp-content\/uploads\/2026\/02\/25-4-1024x687.jpg 1024w, https:\/\/shatranj.art\/wp-content\/uploads\/2026\/02\/25-4-300x201.jpg 300w, https:\/\/shatranj.art\/wp-content\/uploads\/2026\/02\/25-4-768x515.jpg 768w, https:\/\/shatranj.art\/wp-content\/uploads\/2026\/02\/25-4.jpg 1107w\" sizes=\"(max-width: 800px) 100vw, 800px\" \/>\t\t\t\t\t\t\t\t\t\t\t\t\t\t\t<\/div>\n\t\t\t\t<\/div>\n\t\t\t\t<div class=\"elementor-element elementor-element-88ba55c elementor-widget__width-initial elementor-widget elementor-widget-text-editor\" data-id=\"88ba55c\" data-element_type=\"widget\" data-e-type=\"widget\" data-widget_type=\"text-editor.default\">\n\t\t\t\t<div class=\"elementor-widget-container\">\n\t\t\t\t\t\t\t\t\t<p><b>Legendaarinen Bucephalus:\u00a0 <\/b><b>Valloituksen ja uskollisuuden symboli<\/b><\/p><p>\u00a0<\/p><p>T\u00e4m\u00e4 mosaiikki kuvaa Bukefalosta, makedonialaista hevosta ja Aleksanteri Suuren l\u00e4heisint\u00e4 kumppania. Bukefalos, joka pysyi Aleksanterin rinnalla koko h\u00e4nen sotaretkens\u00e4 ajan, kuoli nykyisen Pakistanin alueella, jossa shakin historialliset juuret saivat alkunsa. Sen lis\u00e4ksi, ett\u00e4 t\u00e4m\u00e4 ikoninen hahmo edustaa yht\u00e4 historian pysyvimmist\u00e4 ihmisen ja el\u00e4imen v\u00e4lisist\u00e4 siteist\u00e4, se on my\u00f6s id\u00e4n ja l\u00e4nnen kulttuurien risteyskohdan symboli, jonka matka ulottuu Makedoniasta Indusin laaksoon. T\u00e4m\u00e4 tarina, jossa sotilaallinen taitavuus yhdistyy vankkumattomaan uskollisuuteen, s\u00e4ilytt\u00e4\u00e4 muiston eeppisest\u00e4 matkasta, joka p\u00e4\u00e4ttyi shakin kehdossa.<\/p>\t\t\t\t\t\t\t\t<\/div>\n\t\t\t\t<\/div>\n\t\t\t\t<\/div>\n\t\t\t\t\t<\/div>\n\t\t\t\t<\/div>\n\t\t\t\t<\/div>","protected":false},"excerpt":{"rendered":"<p>\u015eAH\u00ce Bucephalus: A Legacy of Strategy and Culture This figure carries the legacy of Philipp Stamma, the translator from Aleppo renowned for his work Essai sur le jeu des echecs, published in Paris in 1737. The design of the knight, featuring French curls in its mane, represents the seamless synthesis between the rational mindset of [&hellip;]<\/p>\n","protected":false},"author":1,"featured_media":0,"parent":743,"menu_order":0,"comment_status":"closed","ping_status":"closed","template":"","meta":{"footnotes":""},"class_list":["post-1021","page","type-page","status-publish","hentry"],"_links":{"self":[{"href":"https:\/\/shatranj.art\/fi\/wp-json\/wp\/v2\/pages\/1021","targetHints":{"allow":["GET"]}}],"collection":[{"href":"https:\/\/shatranj.art\/fi\/wp-json\/wp\/v2\/pages"}],"about":[{"href":"https:\/\/shatranj.art\/fi\/wp-json\/wp\/v2\/types\/page"}],"author":[{"embeddable":true,"href":"https:\/\/shatranj.art\/fi\/wp-json\/wp\/v2\/users\/1"}],"replies":[{"embeddable":true,"href":"https:\/\/shatranj.art\/fi\/wp-json\/wp\/v2\/comments?post=1021"}],"version-history":[{"count":7,"href":"https:\/\/shatranj.art\/fi\/wp-json\/wp\/v2\/pages\/1021\/revisions"}],"predecessor-version":[{"id":1243,"href":"https:\/\/shatranj.art\/fi\/wp-json\/wp\/v2\/pages\/1021\/revisions\/1243"}],"up":[{"embeddable":true,"href":"https:\/\/shatranj.art\/fi\/wp-json\/wp\/v2\/pages\/743"}],"wp:attachment":[{"href":"https:\/\/shatranj.art\/fi\/wp-json\/wp\/v2\/media?parent=1021"}],"curies":[{"name":"wp","href":"https:\/\/api.w.org\/{rel}","templated":true}]}}