{"id":1504,"date":"2026-02-24T07:16:45","date_gmt":"2026-02-24T07:16:45","guid":{"rendered":"https:\/\/shatranj.art\/?page_id=1504"},"modified":"2026-02-24T07:21:26","modified_gmt":"2026-02-24T07:21:26","slug":"juliste-38","status":"publish","type":"page","link":"https:\/\/shatranj.art\/fi\/exhibit\/juliste-38\/","title":{"rendered":"poster-38"},"content":{"rendered":"<div data-elementor-type=\"wp-page\" data-elementor-id=\"1504\" class=\"elementor elementor-1504\" data-elementor-post-type=\"page\">\n\t\t\t\t<div class=\"elementor-element elementor-element-d6ea98c e-flex e-con-boxed e-con e-parent\" data-id=\"d6ea98c\" data-element_type=\"container\" data-e-type=\"container\" data-settings=\"{&quot;background_background&quot;:&quot;classic&quot;}\">\n\t\t\t\t\t<div class=\"e-con-inner\">\n\t\t<div class=\"elementor-element elementor-element-8942b74 e-con-full e-flex e-con e-child\" data-id=\"8942b74\" data-element_type=\"container\" data-e-type=\"container\">\n\t\t\t\t<div class=\"elementor-element elementor-element-f1e4538 elementor-widget elementor-widget-image\" data-id=\"f1e4538\" data-element_type=\"widget\" data-e-type=\"widget\" data-widget_type=\"image.default\">\n\t\t\t\t<div class=\"elementor-widget-container\">\n\t\t\t\t\t\t\t\t\t\t\t\t\t\t\t<img fetchpriority=\"high\" decoding=\"async\" width=\"1893\" height=\"798\" src=\"https:\/\/shatranj.art\/wp-content\/uploads\/2026\/02\/romanian-cafe-house-langer-collection.jpg\" class=\"attachment-full size-full wp-image-1506\" alt=\"\" srcset=\"https:\/\/shatranj.art\/wp-content\/uploads\/2026\/02\/romanian-cafe-house-langer-collection.jpg 1893w, https:\/\/shatranj.art\/wp-content\/uploads\/2026\/02\/romanian-cafe-house-langer-collection-300x126.jpg 300w, https:\/\/shatranj.art\/wp-content\/uploads\/2026\/02\/romanian-cafe-house-langer-collection-1024x432.jpg 1024w, https:\/\/shatranj.art\/wp-content\/uploads\/2026\/02\/romanian-cafe-house-langer-collection-768x324.jpg 768w, https:\/\/shatranj.art\/wp-content\/uploads\/2026\/02\/romanian-cafe-house-langer-collection-1536x648.jpg 1536w, https:\/\/shatranj.art\/wp-content\/uploads\/2026\/02\/romanian-cafe-house-langer-collection-18x8.jpg 18w\" sizes=\"(max-width: 1893px) 100vw, 1893px\" \/>\t\t\t\t\t\t\t\t\t\t\t\t\t\t\t<\/div>\n\t\t\t\t<\/div>\n\t\t\t\t<div class=\"elementor-element elementor-element-dced84d elementor-widget elementor-widget-text-editor\" data-id=\"dced84d\" data-element_type=\"widget\" data-e-type=\"widget\" data-widget_type=\"text-editor.default\">\n\t\t\t\t<div class=\"elementor-widget-container\">\n\t\t\t\t\t\t\t\t\t<div id=\"1440505187\" class=\"u_1440505187 dmNewParagraph\"><h3><strong>Romanialainen kahvilan shakkisarja, n. 1920-1940<\/strong><br \/><br \/><\/h3><div>Ensimm\u00e4iseen maailmansotaan asti osa nykyisest\u00e4 Romaniasta - nimitt\u00e4in Transilvanian alue - kuului Habsburg-dynastian hallitsemaan It\u00e4valta-Unkarin valtakuntaan. Voidaan olettaa, ett\u00e4 t\u00e4m\u00e4n yhteyden kautta it\u00e4valtalainen kahvilakulttuuri ja niin sanotun Wienin kahvilatyylin yleiset shakkisarjat l\u00f6ysiv\u00e4t tiens\u00e4 my\u00f6s Romanian etel\u00e4iseen kuningaskuntaan, jossa t\u00e4t\u00e4 sarjaa k\u00e4ytettiin 1900-luvun alkuvuosina. Sarja on valmistettu sorvatusta puusta, jonka toinen puoli on luonnollinen ja toinen p\u00e4\u00e4llystetty mustalla lakalla. Siin\u00e4 on joitakin edell\u00e4 mainittujen wienil\u00e4isten sarjojen kanssa yhteisi\u00e4 piirteit\u00e4, erityisesti kuningattarien kruunut, jotka ovat hatun muotoisia, piispat, joiden pallonmuotoiset p\u00e4\u00e4t ovat vastakkaisen v\u00e4risi\u00e4, tai tukevat tornit. Erityisen mielenkiintoinen on kuninkaan ep\u00e4tavallinen muoto, jonka kruunu kapenee yl\u00e4puolella pitk\u00e4nomaiseksi p\u00e4\u00e4tteeksi, jonka p\u00e4\u00e4ll\u00e4 on pieni pallo, melkein kuin pieni nappula istuisi kuninkaan kruunun p\u00e4\u00e4ll\u00e4. Sarjassa on joitakin voimakkaan k\u00e4yt\u00f6n merkkej\u00e4. Osa paloista n\u00e4ytt\u00e4\u00e4 olevan vaihdettu, mutta t\u00e4m\u00e4 ei heikenn\u00e4 kokonaisvaikutelmaa. Kuva ja teksti on otettu Langerin kokoelmasta.<\/div><\/div>\t\t\t\t\t\t\t\t<\/div>\n\t\t\t\t<\/div>\n\t\t\t\t<\/div>\n\t\t\t\t\t<\/div>\n\t\t\t\t<\/div>\n\t\t\t\t<\/div>","protected":false},"excerpt":{"rendered":"<p>Romanian Coffee House Chess set, ca. 1920-1940 Until WWI, some parts of today&#8217;s Romania &#8211; namely the region known as Transylvania &#8211; belonged to the Austro-Hungarian Empire ruled by the Habsburg dynasty. It can be assumed that through this connection the Austrian coffee house culture and the common chess sets of the so called Vienna [&hellip;]<\/p>\n","protected":false},"author":1,"featured_media":0,"parent":743,"menu_order":0,"comment_status":"closed","ping_status":"closed","template":"","meta":{"footnotes":""},"class_list":["post-1504","page","type-page","status-publish","hentry"],"_links":{"self":[{"href":"https:\/\/shatranj.art\/fi\/wp-json\/wp\/v2\/pages\/1504","targetHints":{"allow":["GET"]}}],"collection":[{"href":"https:\/\/shatranj.art\/fi\/wp-json\/wp\/v2\/pages"}],"about":[{"href":"https:\/\/shatranj.art\/fi\/wp-json\/wp\/v2\/types\/page"}],"author":[{"embeddable":true,"href":"https:\/\/shatranj.art\/fi\/wp-json\/wp\/v2\/users\/1"}],"replies":[{"embeddable":true,"href":"https:\/\/shatranj.art\/fi\/wp-json\/wp\/v2\/comments?post=1504"}],"version-history":[{"count":4,"href":"https:\/\/shatranj.art\/fi\/wp-json\/wp\/v2\/pages\/1504\/revisions"}],"predecessor-version":[{"id":1509,"href":"https:\/\/shatranj.art\/fi\/wp-json\/wp\/v2\/pages\/1504\/revisions\/1509"}],"up":[{"embeddable":true,"href":"https:\/\/shatranj.art\/fi\/wp-json\/wp\/v2\/pages\/743"}],"wp:attachment":[{"href":"https:\/\/shatranj.art\/fi\/wp-json\/wp\/v2\/media?parent=1504"}],"curies":[{"name":"wp","href":"https:\/\/api.w.org\/{rel}","templated":true}]}}