{"id":1510,"date":"2026-02-24T07:22:35","date_gmt":"2026-02-24T07:22:35","guid":{"rendered":"https:\/\/shatranj.art\/?page_id=1510"},"modified":"2026-02-24T07:36:00","modified_gmt":"2026-02-24T07:36:00","slug":"juliste-39","status":"publish","type":"page","link":"https:\/\/shatranj.art\/fi\/exhibit\/juliste-39\/","title":{"rendered":"poster-39"},"content":{"rendered":"<div data-elementor-type=\"wp-page\" data-elementor-id=\"1510\" class=\"elementor elementor-1510\" data-elementor-post-type=\"page\">\n\t\t\t\t<div class=\"elementor-element elementor-element-1426eb0 e-flex e-con-boxed e-con e-parent\" data-id=\"1426eb0\" data-element_type=\"container\" data-e-type=\"container\" data-settings=\"{&quot;background_background&quot;:&quot;classic&quot;}\">\n\t\t\t\t\t<div class=\"e-con-inner\">\n\t\t<div class=\"elementor-element elementor-element-d76d2b5 e-con-full e-flex e-con e-child\" data-id=\"d76d2b5\" data-element_type=\"container\" data-e-type=\"container\">\n\t\t\t\t<div class=\"elementor-element elementor-element-e675f73 elementor-widget elementor-widget-image\" data-id=\"e675f73\" data-element_type=\"widget\" data-e-type=\"widget\" data-widget_type=\"image.default\">\n\t\t\t\t<div class=\"elementor-widget-container\">\n\t\t\t\t\t\t\t\t\t\t\t\t\t\t\t<img fetchpriority=\"high\" decoding=\"async\" width=\"1200\" height=\"942\" src=\"https:\/\/shatranj.art\/wp-content\/uploads\/2026\/02\/Ben-Franklin-Chess-scaled-1200x942-1.jpeg\" class=\"attachment-full size-full wp-image-1513\" alt=\"\" srcset=\"https:\/\/shatranj.art\/wp-content\/uploads\/2026\/02\/Ben-Franklin-Chess-scaled-1200x942-1.jpeg 1200w, https:\/\/shatranj.art\/wp-content\/uploads\/2026\/02\/Ben-Franklin-Chess-scaled-1200x942-1-300x236.jpeg 300w, https:\/\/shatranj.art\/wp-content\/uploads\/2026\/02\/Ben-Franklin-Chess-scaled-1200x942-1-1024x804.jpeg 1024w, https:\/\/shatranj.art\/wp-content\/uploads\/2026\/02\/Ben-Franklin-Chess-scaled-1200x942-1-768x603.jpeg 768w, https:\/\/shatranj.art\/wp-content\/uploads\/2026\/02\/Ben-Franklin-Chess-scaled-1200x942-1-15x12.jpeg 15w\" sizes=\"(max-width: 1200px) 100vw, 1200px\" \/>\t\t\t\t\t\t\t\t\t\t\t\t\t\t\t<\/div>\n\t\t\t\t<\/div>\n\t\t\t\t<div class=\"elementor-element elementor-element-225c171 elementor-widget elementor-widget-text-editor\" data-id=\"225c171\" data-element_type=\"widget\" data-e-type=\"widget\" data-widget_type=\"text-editor.default\">\n\t\t\t\t<div class=\"elementor-widget-container\">\n\t\t\t\t\t\t\t\t\t<h3 data-path-to-node=\"0\"><span class=\"citation-214 citation-end-214\">\u201cBenjamin Franklinin \u201dShakin moraali\" (The Morals of Chess)<\/span><\/h3><p data-path-to-node=\"0\"><span class=\"citation-214 citation-end-214\"><br \/><br \/>Benjamin Franklinin vuonna 1786 julkaisemassa esseess\u00e4 \u201cThe Morals of Chess\u201d (Shakin moraali) peli m\u00e4\u00e4riteltiin uudelleen henkil\u00f6kohtaisen kehityksen ja henkisen hyveellisyyden t\u00e4rke\u00e4ksi v\u00e4lineeksi.<\/span> <span class=\"citation-213 citation-end-213\">Franklin uskoi, ett\u00e4 shakki oli muutakin kuin ajanvietett\u00e4; se oli harjoitus ennakointia, varovaisuutta ja varovaisuutta - ominaisuuksia, joita h\u00e4n piti v\u00e4ltt\u00e4m\u00e4tt\u00f6min\u00e4 menestyksen kannalta sek\u00e4 yksityisel\u00e4m\u00e4ss\u00e4 ett\u00e4 julkisessa diplomatiassa.<\/span> <span class=\"citation-212 citation-end-212\">Franklin k\u00e4vi valistuksen aikakaudella usein kuuluisissa shakkikahviloissa, kuten Pariisin Caf\u00e9 de la R\u00e9gence -ravintolassa.<\/span> N\u00e4m\u00e4 tilat toimivat aikakauden alkuper\u00e4isin\u00e4 sosiaalisina verkostoina, joissa peli mahdollisti tiukat keskustelut ja vallankumouksellisten ajatusten vaihdon, joka yhdisti tieteen, politiikan ja filosofian maailmat.<\/p><p data-path-to-node=\"0\">\u00a0<\/p><p data-path-to-node=\"0\">Franklinin kiinnostus pelin \u00e4lyllisiin rajoihin johti h\u00e4net historialliseen kohtaamiseen Mechanical Turkin, maailman kuuluisimman shakkia pelaavan automaatin kanssa. Vuonna 1783 Pariisissa k\u00e4ydyss\u00e4 ottelussa Franklin testasi taitojaan konetta vastaan, joka oli esimerkki valistusajan mekaanisen j\u00e4rjen pakkomielteest\u00e4. Turkki matkusti lopulta Yhdysvaltoihin ja l\u00f6ysi lopullisen kotinsa Philadelphian Peale-museosta (ja my\u00f6hemmin Kiinan museosta). Se oli Pennsylvanian tieteellisen kulttuurin peruspilari vuosikymmeni\u00e4 ennen kuin se katosi tulipalossa vuonna 1854. T\u00e4m\u00e4 ihmisen kekseli\u00e4isyyden ja kone\u00e4lyn perint\u00f6 on edelleen perustavanlaatuinen tarina n\u00e4yttelyille, joissa tutkitaan historian, pelien ja \u00e4lykkyyden evoluution risteyskohtia.<br \/><br \/><br \/><\/p><p data-path-to-node=\"0\">Kuvassa Benjamin Franklin pelaa shakkia. Edward Harrison Mayn taideteos, 1867.<\/p>\t\t\t\t\t\t\t\t<\/div>\n\t\t\t\t<\/div>\n\t\t\t\t<\/div>\n\t\t\t\t\t<\/div>\n\t\t\t\t<\/div>\n\t\t\t\t<\/div>","protected":false},"excerpt":{"rendered":"<p>&#8220;The Morals of Chess&#8221; by Benjamin Franklin Benjamin Franklin\u2019s 1786 essay, &#8220;The Morals of Chess,&#8221; redefined the game as a vital tool for personal development and intellectual virtue. Franklin believed that chess was more than a pastime; it was an exercise in foresight, circumspection, and caution\u2014qualities he deemed essential for success in both private life [&hellip;]<\/p>\n","protected":false},"author":1,"featured_media":0,"parent":743,"menu_order":0,"comment_status":"closed","ping_status":"closed","template":"","meta":{"footnotes":""},"class_list":["post-1510","page","type-page","status-publish","hentry"],"_links":{"self":[{"href":"https:\/\/shatranj.art\/fi\/wp-json\/wp\/v2\/pages\/1510","targetHints":{"allow":["GET"]}}],"collection":[{"href":"https:\/\/shatranj.art\/fi\/wp-json\/wp\/v2\/pages"}],"about":[{"href":"https:\/\/shatranj.art\/fi\/wp-json\/wp\/v2\/types\/page"}],"author":[{"embeddable":true,"href":"https:\/\/shatranj.art\/fi\/wp-json\/wp\/v2\/users\/1"}],"replies":[{"embeddable":true,"href":"https:\/\/shatranj.art\/fi\/wp-json\/wp\/v2\/comments?post=1510"}],"version-history":[{"count":4,"href":"https:\/\/shatranj.art\/fi\/wp-json\/wp\/v2\/pages\/1510\/revisions"}],"predecessor-version":[{"id":1516,"href":"https:\/\/shatranj.art\/fi\/wp-json\/wp\/v2\/pages\/1510\/revisions\/1516"}],"up":[{"embeddable":true,"href":"https:\/\/shatranj.art\/fi\/wp-json\/wp\/v2\/pages\/743"}],"wp:attachment":[{"href":"https:\/\/shatranj.art\/fi\/wp-json\/wp\/v2\/media?parent=1510"}],"curies":[{"name":"wp","href":"https:\/\/api.w.org\/{rel}","templated":true}]}}