{"id":1543,"date":"2026-02-24T08:36:27","date_gmt":"2026-02-24T08:36:27","guid":{"rendered":"https:\/\/shatranj.art\/?page_id=1543"},"modified":"2026-02-24T08:53:53","modified_gmt":"2026-02-24T08:53:53","slug":"juliste-41","status":"publish","type":"page","link":"https:\/\/shatranj.art\/fi\/exhibit\/juliste-41\/","title":{"rendered":"juliste-41"},"content":{"rendered":"<div data-elementor-type=\"wp-page\" data-elementor-id=\"1543\" class=\"elementor elementor-1543\" data-elementor-post-type=\"page\">\n\t\t\t\t<div class=\"elementor-element elementor-element-7a8daa7 e-flex e-con-boxed e-con e-parent\" data-id=\"7a8daa7\" data-element_type=\"container\" data-e-type=\"container\" data-settings=\"{&quot;background_background&quot;:&quot;classic&quot;}\">\n\t\t\t\t\t<div class=\"e-con-inner\">\n\t\t<div class=\"elementor-element elementor-element-26be55b e-con-full e-flex e-con e-child\" data-id=\"26be55b\" data-element_type=\"container\" data-e-type=\"container\">\n\t\t\t\t<div class=\"elementor-element elementor-element-3278af1 elementor-widget elementor-widget-image\" data-id=\"3278af1\" data-element_type=\"widget\" data-e-type=\"widget\" data-widget_type=\"image.default\">\n\t\t\t\t<div class=\"elementor-widget-container\">\n\t\t\t\t\t\t\t\t\t\t\t\t\t\t\t<img fetchpriority=\"high\" decoding=\"async\" width=\"1280\" height=\"960\" src=\"https:\/\/shatranj.art\/wp-content\/uploads\/2026\/02\/Sahi_Cannon_at_Fort_Nelson_UK.jpg\" class=\"attachment-full size-full wp-image-1545\" alt=\"\" srcset=\"https:\/\/shatranj.art\/wp-content\/uploads\/2026\/02\/Sahi_Cannon_at_Fort_Nelson_UK.jpg 1280w, https:\/\/shatranj.art\/wp-content\/uploads\/2026\/02\/Sahi_Cannon_at_Fort_Nelson_UK-300x225.jpg 300w, https:\/\/shatranj.art\/wp-content\/uploads\/2026\/02\/Sahi_Cannon_at_Fort_Nelson_UK-1024x768.jpg 1024w, https:\/\/shatranj.art\/wp-content\/uploads\/2026\/02\/Sahi_Cannon_at_Fort_Nelson_UK-768x576.jpg 768w, https:\/\/shatranj.art\/wp-content\/uploads\/2026\/02\/Sahi_Cannon_at_Fort_Nelson_UK-16x12.jpg 16w\" sizes=\"(max-width: 1280px) 100vw, 1280px\" \/>\t\t\t\t\t\t\t\t\t\t\t\t\t\t\t<\/div>\n\t\t\t\t<\/div>\n\t\t\t\t<div class=\"elementor-element elementor-element-6723efb elementor-widget elementor-widget-text-editor\" data-id=\"6723efb\" data-element_type=\"widget\" data-e-type=\"widget\" data-widget_type=\"text-editor.default\">\n\t\t\t\t<div class=\"elementor-widget-container\">\n\t\t\t\t\t\t\t\t\t<h3><b>\u015eAH\u00ce-sanan alkuper\u00e4 ja sen yhteys shakin kehitykseen.\u00a0<\/b><\/h3><p>SHAH (\u015eAH) on termi, jota k\u00e4ytet\u00e4\u00e4n monissa slaavilaisissa kieliss\u00e4 shakista. Saksan sana \u201cschach\u201d, ranskan sana \u201c\u00e9checs\u201d ja englannin sana \u201cchess\u201d ovat kaikki \u00e4\u00e4nteellisesti johdettuja sanasta \u201cshah\u201d. Termi \u201c\u015eAH\u00ce\u201d tarkoittaa adjektiivina kuninkaallista tai shahille ominaista. Sit\u00e4 k\u00e4ytet\u00e4\u00e4n my\u00f6s kirjallisissa teksteiss\u00e4 tarkoittamaan vahvaa ja mahtavaa.<\/p><p>\u00a0<\/p><p>Unkarilaisen insin\u00f6\u00f6ri Orbanin suunnittelemalla \u015eAH\u00ce-tykill\u00e4 oli keskeinen rooli Konstantinopolin massiivisten muurien ja tornien murtamisessa Fatih-sulttaani Mehmedin johtaman vuoden 1453 piirityksen aikana, ja se symboloi vallankumouksellista muutosta piirityssodank\u00e4ynniss\u00e4.<\/p><p>\u00a0<\/p><p>Kolme vuosisataa Istanbulin valloituksen j\u00e4lkeen, Dardanellien operaation aikana vuonna 1807, toinen vuosisatoja vanha \u015eAH\u00ce-tykki ammuttiin brittil\u00e4isi\u00e4 aluksia kohti, mik\u00e4 aiheutti huomattavia tappioita. Osmanien sulttaani Abd\u00fclaziz lahjoitti t\u00e4m\u00e4n tykin kuningatar Victorialle vuonna 1866. Yll\u00e4 oleva \u015eAH\u00ce-tykin kuva on Fort Nelsonista Yhdistyneess\u00e4 kuningaskunnassa.<\/p><p>\u00a0<\/p><p>Nimi \u015eAH\u00ce symboloi tornin kehittymist\u00e4 eri kielill\u00e4 sotavaunusta torniksi, tykist\u00e4 laivaksi, mik\u00e4 kuvastaa shakin kehityst\u00e4.<\/p><p>\u00a0<\/p><p>\u015eAH\u00ce-sakin on suunnitellut Tamer Karatekin, Massachusetts Institute of Technologyn shakkiryhm\u00e4n entinen ykk\u00f6spelaaja ja kokenut shakkikouluttaja. Se edustaa tyylikk\u00e4\u00e4sti shakin historiaa ja kehityst\u00e4, ja se on suunniteltu sek\u00e4 opetus- ett\u00e4 turnausk\u00e4ytt\u00f6\u00f6n. Se on suunniteltu kulttuurisesti ja henkisesti osallistavaksi. Tuotantoa on tuettu Massachusettsin kulttuurineuvoston ja Euroopan unionin Erasmus+ Youth -ohjelman apurahoilla.<\/p><p>\u00a0<\/p><p>Lue lis\u00e4\u00e4 \u015eAH\u00ce:n suunnittelutarinasta osoitteessa:\u00a0 \u00a0<a href=\"http:\/\/www.shahimasterset.com\/\">www.shahimasterset.com<\/a><\/p><p>Tutustu my\u00f6s aiheeseen liittyviin projekteihimme:<br \/>Shakkipohjainen teko\u00e4lyn opetussuunnitelma: <a href=\"http:\/\/www.shatranj.ai\/\">shatranj.ai<\/a><\/p><p>Historiallinen mielikuvitusn\u00e4yttely: <a href=\"https:\/\/shatranj.art\/fi\/\">shatranj.art<\/a><\/p>\t\t\t\t\t\t\t\t<\/div>\n\t\t\t\t<\/div>\n\t\t\t\t<div class=\"elementor-element elementor-element-7946825 elementor-widget elementor-widget-image\" data-id=\"7946825\" data-element_type=\"widget\" data-e-type=\"widget\" data-widget_type=\"image.default\">\n\t\t\t\t<div class=\"elementor-widget-container\">\n\t\t\t\t\t\t\t\t\t\t\t\t\t\t\t<img decoding=\"async\" width=\"559\" height=\"397\" src=\"https:\/\/shatranj.art\/wp-content\/uploads\/2026\/02\/shahi-engish-brochure-A6-page1.png\" class=\"attachment-full size-full wp-image-1548\" alt=\"\" srcset=\"https:\/\/shatranj.art\/wp-content\/uploads\/2026\/02\/shahi-engish-brochure-A6-page1.png 559w, https:\/\/shatranj.art\/wp-content\/uploads\/2026\/02\/shahi-engish-brochure-A6-page1-300x213.png 300w, https:\/\/shatranj.art\/wp-content\/uploads\/2026\/02\/shahi-engish-brochure-A6-page1-18x12.png 18w\" sizes=\"(max-width: 559px) 100vw, 559px\" \/>\t\t\t\t\t\t\t\t\t\t\t\t\t\t\t<\/div>\n\t\t\t\t<\/div>\n\t\t\t\t<\/div>\n\t\t\t\t\t<\/div>\n\t\t\t\t<\/div>\n\t\t\t\t<\/div>","protected":false},"excerpt":{"rendered":"<p>The origins of the \u015eAH\u00ce\u00a0 word and its connection to the evolution of chess\u00a0 SHAH (\u015eAH) is a term used in many Slavic languages for chess. The German word &#8220;schach,&#8221; French &#8220;\u00e9checs,&#8221; and English &#8220;chess&#8221; are all phonetically derived from the word &#8220;shah.&#8221; The term &#8220;\u015eAH\u00ce&#8221; as an adjective means royal or specific to the [&hellip;]<\/p>\n","protected":false},"author":1,"featured_media":0,"parent":743,"menu_order":0,"comment_status":"closed","ping_status":"closed","template":"","meta":{"footnotes":""},"class_list":["post-1543","page","type-page","status-publish","hentry"],"_links":{"self":[{"href":"https:\/\/shatranj.art\/fi\/wp-json\/wp\/v2\/pages\/1543","targetHints":{"allow":["GET"]}}],"collection":[{"href":"https:\/\/shatranj.art\/fi\/wp-json\/wp\/v2\/pages"}],"about":[{"href":"https:\/\/shatranj.art\/fi\/wp-json\/wp\/v2\/types\/page"}],"author":[{"embeddable":true,"href":"https:\/\/shatranj.art\/fi\/wp-json\/wp\/v2\/users\/1"}],"replies":[{"embeddable":true,"href":"https:\/\/shatranj.art\/fi\/wp-json\/wp\/v2\/comments?post=1543"}],"version-history":[{"count":10,"href":"https:\/\/shatranj.art\/fi\/wp-json\/wp\/v2\/pages\/1543\/revisions"}],"predecessor-version":[{"id":1557,"href":"https:\/\/shatranj.art\/fi\/wp-json\/wp\/v2\/pages\/1543\/revisions\/1557"}],"up":[{"embeddable":true,"href":"https:\/\/shatranj.art\/fi\/wp-json\/wp\/v2\/pages\/743"}],"wp:attachment":[{"href":"https:\/\/shatranj.art\/fi\/wp-json\/wp\/v2\/media?parent=1543"}],"curies":[{"name":"wp","href":"https:\/\/api.w.org\/{rel}","templated":true}]}}