{"id":905,"date":"2026-02-22T08:43:28","date_gmt":"2026-02-22T08:43:28","guid":{"rendered":"https:\/\/shatranj.art\/?page_id=905"},"modified":"2026-02-23T04:44:13","modified_gmt":"2026-02-23T04:44:13","slug":"poster-11","status":"publish","type":"page","link":"https:\/\/shatranj.art\/fi\/exhibit\/poster-11\/","title":{"rendered":"juliste 11"},"content":{"rendered":"<div data-elementor-type=\"wp-page\" data-elementor-id=\"905\" class=\"elementor elementor-905\" data-elementor-post-type=\"page\">\n\t\t\t\t<div class=\"elementor-element elementor-element-38091ce e-flex e-con-boxed e-con e-parent\" data-id=\"38091ce\" data-element_type=\"container\" data-e-type=\"container\" data-settings=\"{&quot;background_background&quot;:&quot;classic&quot;}\">\n\t\t\t\t\t<div class=\"e-con-inner\">\n\t\t<div class=\"elementor-element elementor-element-49333d8 e-con-full e-flex e-con e-child\" data-id=\"49333d8\" data-element_type=\"container\" data-e-type=\"container\">\n\t\t\t\t<div class=\"elementor-element elementor-element-ebeb97d elementor-widget__width-initial elementor-widget elementor-widget-image\" data-id=\"ebeb97d\" data-element_type=\"widget\" data-e-type=\"widget\" data-widget_type=\"image.default\">\n\t\t\t\t<div class=\"elementor-widget-container\">\n\t\t\t\t\t\t\t\t\t\t\t\t\t\t\t<img fetchpriority=\"high\" decoding=\"async\" width=\"736\" height=\"1024\" src=\"https:\/\/shatranj.art\/wp-content\/uploads\/2026\/02\/11-736x1024.jpg\" class=\"attachment-large size-large wp-image-908\" alt=\"\" srcset=\"https:\/\/shatranj.art\/wp-content\/uploads\/2026\/02\/11-736x1024.jpg 736w, https:\/\/shatranj.art\/wp-content\/uploads\/2026\/02\/11-216x300.jpg 216w, https:\/\/shatranj.art\/wp-content\/uploads\/2026\/02\/11-768x1069.jpg 768w, https:\/\/shatranj.art\/wp-content\/uploads\/2026\/02\/11.jpg 1101w\" sizes=\"(max-width: 736px) 100vw, 736px\" \/>\t\t\t\t\t\t\t\t\t\t\t\t\t\t\t<\/div>\n\t\t\t\t<\/div>\n\t\t\t\t<div class=\"elementor-element elementor-element-05bbc5f elementor-widget__width-initial elementor-widget elementor-widget-text-editor\" data-id=\"05bbc5f\" data-element_type=\"widget\" data-e-type=\"widget\" data-widget_type=\"text-editor.default\">\n\t\t\t\t<div class=\"elementor-widget-container\">\n\t\t\t\t\t\t\t\t\t<p><b>A Cross-Cultural Gateway: <\/b><b style=\"font-family: -apple-system, BlinkMacSystemFont, 'Segoe UI', Roboto, 'Helvetica Neue', Arial, 'Noto Sans', sans-serif, 'Apple Color Emoji', 'Segoe UI Emoji', 'Segoe UI Symbol', 'Noto Color Emoji';\">Lucena kodifioi vallankumouksen<\/b><\/p><p>\u00a0<\/p><p>Vuonna 1497 julkaistu teos on vanhin s\u00e4ilynyt painettu asiakirja, joka kuvaa shakin siirtymist\u00e4 nykyaikaan. Kirjoittajan is\u00e4 Juan Ram\u00edrez de Lucena oli merkitt\u00e4v\u00e4 diplomaatti ja \u201cconverso\u201d (juutalaista syntyper\u00e4\u00e4 oleva henkil\u00f6) katolisten hallitsijoiden palveluksessa. T\u00e4m\u00e4 monikulttuurinen perhetausta toimi elint\u00e4rke\u00e4n\u00e4 \u00e4lyllisen\u00e4 kanavana, joka helpotti tiedon kulkua V\u00e4limeren, Pohjois-Afrikan ja L\u00e4hi-id\u00e4n altaista Eurooppaan.<\/p><p>T\u00e4ss\u00e4 teoksessa Lucena ei toimi keksij\u00e4n\u00e4 vaan mestarillisena kokoajana ja koodaajana. Neuvonantajan (kuningattaren) muuttuminen rajoitetusta hahmosta laudan mahtavimmaksi voimaksi oli jo kauan ennen Lucenaakin kukoistanut rakkauden vertauskuvana runoissa, kuten vuonna 1475 ilmestyneess\u00e4 Scachs d'amorissa. Lucena k\u00e4ytti todenn\u00e4k\u00f6isesti Francesch Vicentin vuonna 1495 kadonneista teksteist\u00e4 (ja kopioi ne) ja hy\u00f6dynsi painokoneen voimaa yleist\u00e4\u00e4kseen n\u00e4m\u00e4 \u201cuuden pelin\u201d s\u00e4\u00e4nn\u00f6t, jotka jo kaikuivat kaduilla ja runoudessa. T\u00e4m\u00e4 kirja on ensimm\u00e4inen perustuslaki, joka kuvaa siirtymist\u00e4 muinaisen Shatranjin hitaasta temposta modernin shakin dynaamisuuteen.<\/p>\t\t\t\t\t\t\t\t<\/div>\n\t\t\t\t<\/div>\n\t\t\t\t<div class=\"elementor-element elementor-element-8cf5756 elementor-widget elementor-widget-image\" data-id=\"8cf5756\" data-element_type=\"widget\" data-e-type=\"widget\" data-widget_type=\"image.default\">\n\t\t\t\t<div class=\"elementor-widget-container\">\n\t\t\t\t\t\t\t\t\t\t\t\t\t\t\t<img decoding=\"async\" width=\"800\" height=\"441\" src=\"https:\/\/shatranj.art\/wp-content\/uploads\/2026\/02\/11-1-1024x564.jpg\" class=\"attachment-large size-large wp-image-909\" alt=\"\" srcset=\"https:\/\/shatranj.art\/wp-content\/uploads\/2026\/02\/11-1-1024x564.jpg 1024w, https:\/\/shatranj.art\/wp-content\/uploads\/2026\/02\/11-1-300x165.jpg 300w, https:\/\/shatranj.art\/wp-content\/uploads\/2026\/02\/11-1-768x423.jpg 768w, https:\/\/shatranj.art\/wp-content\/uploads\/2026\/02\/11-1-1536x845.jpg 1536w, https:\/\/shatranj.art\/wp-content\/uploads\/2026\/02\/11-1.jpg 1844w\" sizes=\"(max-width: 800px) 100vw, 800px\" \/>\t\t\t\t\t\t\t\t\t\t\t\t\t\t\t<\/div>\n\t\t\t\t<\/div>\n\t\t\t\t<div class=\"elementor-element elementor-element-0101a54 elementor-widget__width-initial elementor-widget elementor-widget-text-editor\" data-id=\"0101a54\" data-element_type=\"widget\" data-e-type=\"widget\" data-widget_type=\"text-editor.default\">\n\t\t\t\t<div class=\"elementor-widget-container\">\n\t\t\t\t\t\t\t\t\t<p><b>Valtakunnan yhteinen \u00e4lykkyys: <\/b><b>Euroopan ensimm\u00e4inen pelien tietosanakirja<\/b><\/p><p>\u00a0<\/p><p>Vuodelta 1283 per\u00e4isin oleva Libro de los Juegos (Pelikirja) on Euroopan ensimm\u00e4inen ja kattavin pelikulttuurin tietosanakirja. T\u00e4m\u00e4 Kastilian kuningas Alfonso X:n tilaama k\u00e4sikirjoitus on mahtavin dokumentti shakin vuosituhansia kest\u00e4neest\u00e4 matkasta Persiasta V\u00e4limeren, Pohjois-Afrikan ja L\u00e4hi-id\u00e4n altaiden kautta Eurooppaan. Kirjassa shakki ei esitet\u00e4 pelkk\u00e4n\u00e4 harrastuksena vaan maailmankaikkeuden simulaationa, joka kietoutuu yhteen astrologian ja matematiikan kanssa. Sen yli 150 miniatyyri\u00e4 ikuistavat sivistyneen vuoropuhelun, jossa eri uskontokuntiin kuuluvat ihmiset, naiset ja oppineet kokoontuvat saman p\u00f6yd\u00e4n \u00e4\u00e4reen ja k\u00e4ytt\u00e4v\u00e4t maallisia ja abstrakteja nappuloita. T\u00e4m\u00e4 teos on loistavin todiste keskiajalta siit\u00e4, ett\u00e4 \u00e4ly on kaikkien uskomusten ylitt\u00e4v\u00e4 silta.<\/p>\t\t\t\t\t\t\t\t<\/div>\n\t\t\t\t<\/div>\n\t\t\t\t<\/div>\n\t\t\t\t\t<\/div>\n\t\t\t\t<\/div>\n\t\t\t\t<\/div>","protected":false},"excerpt":{"rendered":"<p>A Cross-Cultural Gateway: The Revolution Codified by Lucena \u00a0 Published in 1497, this work is the oldest surviving printed document marking the transition of chess into the modern era. The author\u2019s father, Juan Ram\u00edrez de Lucena, was a prominent diplomat and a &#8220;converso&#8221; (a person of Jewish descent) in the service of the Catholic Monarchs. [&hellip;]<\/p>\n","protected":false},"author":1,"featured_media":0,"parent":743,"menu_order":0,"comment_status":"closed","ping_status":"closed","template":"","meta":{"footnotes":""},"class_list":["post-905","page","type-page","status-publish","hentry"],"_links":{"self":[{"href":"https:\/\/shatranj.art\/fi\/wp-json\/wp\/v2\/pages\/905","targetHints":{"allow":["GET"]}}],"collection":[{"href":"https:\/\/shatranj.art\/fi\/wp-json\/wp\/v2\/pages"}],"about":[{"href":"https:\/\/shatranj.art\/fi\/wp-json\/wp\/v2\/types\/page"}],"author":[{"embeddable":true,"href":"https:\/\/shatranj.art\/fi\/wp-json\/wp\/v2\/users\/1"}],"replies":[{"embeddable":true,"href":"https:\/\/shatranj.art\/fi\/wp-json\/wp\/v2\/comments?post=905"}],"version-history":[{"count":7,"href":"https:\/\/shatranj.art\/fi\/wp-json\/wp\/v2\/pages\/905\/revisions"}],"predecessor-version":[{"id":1201,"href":"https:\/\/shatranj.art\/fi\/wp-json\/wp\/v2\/pages\/905\/revisions\/1201"}],"up":[{"embeddable":true,"href":"https:\/\/shatranj.art\/fi\/wp-json\/wp\/v2\/pages\/743"}],"wp:attachment":[{"href":"https:\/\/shatranj.art\/fi\/wp-json\/wp\/v2\/media?parent=905"}],"curies":[{"name":"wp","href":"https:\/\/api.w.org\/{rel}","templated":true}]}}