{"id":913,"date":"2026-02-22T09:00:47","date_gmt":"2026-02-22T09:00:47","guid":{"rendered":"https:\/\/shatranj.art\/?page_id=913"},"modified":"2026-02-23T04:46:23","modified_gmt":"2026-02-23T04:46:23","slug":"poster-12","status":"publish","type":"page","link":"https:\/\/shatranj.art\/fi\/exhibit\/poster-12\/","title":{"rendered":"juliste 12"},"content":{"rendered":"<div data-elementor-type=\"wp-page\" data-elementor-id=\"913\" class=\"elementor elementor-913\" data-elementor-post-type=\"page\">\n\t\t\t\t<div class=\"elementor-element elementor-element-b0bced6 e-flex e-con-boxed e-con e-parent\" data-id=\"b0bced6\" data-element_type=\"container\" data-e-type=\"container\" data-settings=\"{&quot;background_background&quot;:&quot;classic&quot;}\">\n\t\t\t\t\t<div class=\"e-con-inner\">\n\t\t<div class=\"elementor-element elementor-element-3dc34e8 e-con-full e-flex e-con e-child\" data-id=\"3dc34e8\" data-element_type=\"container\" data-e-type=\"container\">\n\t\t\t\t<div class=\"elementor-element elementor-element-e0f92c5 elementor-widget__width-initial elementor-widget-mobile__width-inherit elementor-widget elementor-widget-image\" data-id=\"e0f92c5\" data-element_type=\"widget\" data-e-type=\"widget\" data-widget_type=\"image.default\">\n\t\t\t\t<div class=\"elementor-widget-container\">\n\t\t\t\t\t\t\t\t\t\t\t\t\t\t\t<img fetchpriority=\"high\" decoding=\"async\" width=\"800\" height=\"573\" src=\"https:\/\/shatranj.art\/wp-content\/uploads\/2026\/02\/12-1024x733.jpg\" class=\"attachment-large size-large wp-image-919\" alt=\"\" srcset=\"https:\/\/shatranj.art\/wp-content\/uploads\/2026\/02\/12-1024x733.jpg 1024w, https:\/\/shatranj.art\/wp-content\/uploads\/2026\/02\/12-300x215.jpg 300w, https:\/\/shatranj.art\/wp-content\/uploads\/2026\/02\/12-768x550.jpg 768w, https:\/\/shatranj.art\/wp-content\/uploads\/2026\/02\/12-1536x1100.jpg 1536w, https:\/\/shatranj.art\/wp-content\/uploads\/2026\/02\/12.jpg 1577w\" sizes=\"(max-width: 800px) 100vw, 800px\" \/>\t\t\t\t\t\t\t\t\t\t\t\t\t\t\t<\/div>\n\t\t\t\t<\/div>\n\t\t\t\t<div class=\"elementor-element elementor-element-21f07cf elementor-widget__width-initial elementor-widget elementor-widget-text-editor\" data-id=\"21f07cf\" data-element_type=\"widget\" data-e-type=\"widget\" data-widget_type=\"text-editor.default\">\n\t\t\t\t<div class=\"elementor-widget-container\">\n\t\t\t\t\t\t\t\t\t<p><strong>Katujen geometria: Yenikap\u0131n muinainen perint\u00f6.<\/strong><br \/><br \/>Nine Men's Morrisin juuret ulottuvat vuosituhansien taakse, ja se on yksi vanhimmista strategiapeleist\u00e4, joka on suodatettu V\u00e4limeren, Pohjois-Afrikan ja L\u00e4hi-id\u00e4n yhten\u00e4isen kulttuurialtaan l\u00e4pi. T\u00e4m\u00e4 Istanbulin Yenikap\u0131sta kaivausten yhteydess\u00e4 l\u00f6ydetty Bysantin ajan marmorifragmentti todistaa, ett\u00e4 peli oli erottamaton osa muinaisten satamien vilkasta sosiaalista el\u00e4m\u00e4\u00e4. Sen t\u00e4ysin maallinen, abstrakti ja geometrinen muoto, jossa ei ole uskonnollista ikonografiaa, teki siit\u00e4 universaalin foorumin, jossa eri uskontokuntiin kuuluvat ihmiset kohtasivat yhteisten s\u00e4\u00e4nt\u00f6jen avulla vuosisatojen ajan. T\u00e4m\u00e4 satamaty\u00f6l\u00e4isen tai merimiehen kiveen kaiverrettu \u201csosiaalinen allekirjoitus\u201d on konkreettinen todiste siit\u00e4, ett\u00e4 \u00e4ly ja strategia eiv\u00e4t el\u00e4neet vain kirjoissa vaan aivan jokap\u00e4iv\u00e4isen el\u00e4m\u00e4n ytimess\u00e4.<\/p>\t\t\t\t\t\t\t\t<\/div>\n\t\t\t\t<\/div>\n\t\t\t\t<div class=\"elementor-element elementor-element-9486cbd elementor-widget__width-initial elementor-widget-mobile__width-inherit elementor-widget elementor-widget-image\" data-id=\"9486cbd\" data-element_type=\"widget\" data-e-type=\"widget\" data-widget_type=\"image.default\">\n\t\t\t\t<div class=\"elementor-widget-container\">\n\t\t\t\t\t\t\t\t\t\t\t\t\t\t\t<img decoding=\"async\" width=\"800\" height=\"845\" src=\"https:\/\/shatranj.art\/wp-content\/uploads\/2026\/02\/12-1-969x1024.jpg\" class=\"attachment-large size-large wp-image-920\" alt=\"\" srcset=\"https:\/\/shatranj.art\/wp-content\/uploads\/2026\/02\/12-1-969x1024.jpg 969w, https:\/\/shatranj.art\/wp-content\/uploads\/2026\/02\/12-1-284x300.jpg 284w, https:\/\/shatranj.art\/wp-content\/uploads\/2026\/02\/12-1-768x812.jpg 768w, https:\/\/shatranj.art\/wp-content\/uploads\/2026\/02\/12-1-1453x1536.jpg 1453w, https:\/\/shatranj.art\/wp-content\/uploads\/2026\/02\/12-1.jpg 1792w\" sizes=\"(max-width: 800px) 100vw, 800px\" \/>\t\t\t\t\t\t\t\t\t\t\t\t\t\t\t<\/div>\n\t\t\t\t<\/div>\n\t\t\t\t<div class=\"elementor-element elementor-element-c5185bd elementor-widget__width-initial elementor-widget elementor-widget-text-editor\" data-id=\"c5185bd\" data-element_type=\"widget\" data-e-type=\"widget\" data-widget_type=\"text-editor.default\">\n\t\t\t\t<div class=\"elementor-widget-container\">\n\t\t\t\t\t\t\t\t\t<p><b>Ensimm\u00e4inen \u00e4lyllisen pelin teoria: <\/b><b>Al-Adli Ar-Rumin perint\u00f6<\/b><\/p><p>Al-Adli Ar-Rumina tunnetun shakkimestarin 9. vuosisadalla kirjoittama Kitab al-Shatranj on historian ensimm\u00e4inen merkitt\u00e4v\u00e4 teos, jossa systematisoidaan pelin strateginen syvyys. Ar-Rumi\u201c symboloi shakin monikerroksista matkaa V\u00e4limeren, Pohjois-Afrikan ja L\u00e4hi-id\u00e4n alueella ja korostaa sen historiallisia yhteyksi\u00e4 Bysantin maailmaan. T\u00e4ss\u00e4 uraauurtavassa teoksessaan Al-Adli ei ainoastaan luokitellut avausasetelmia (tabiyas) ja loppupeliongelmia (mansubas), vaan my\u00f6s loi perustan nykyaikaiselle shakkiteorialle t\u00e4m\u00e4n valtavan alueen kollektiivisen \u00e4lykkyyden avulla. T\u00e4t\u00e4 muinaista peli\u00e4 pelattiin maallisilla ja abstrakteilla nappuloilla ilman uskonnollista ikonografiaa, ja se sai matemaattista syvyytt\u00e4 Al-Adlin kirjoitusten kautta, ja siit\u00e4 tuli modernin strategisen kulttuurin uranuurtaja.<\/p>\t\t\t\t\t\t\t\t<\/div>\n\t\t\t\t<\/div>\n\t\t<div class=\"elementor-element elementor-element-efd81f7 e-con-full e-flex e-con e-child\" data-id=\"efd81f7\" data-element_type=\"container\" data-e-type=\"container\">\n\t\t\t\t<div class=\"elementor-element elementor-element-4f2ca1a elementor-widget elementor-widget-image\" data-id=\"4f2ca1a\" data-element_type=\"widget\" data-e-type=\"widget\" data-widget_type=\"image.default\">\n\t\t\t\t<div class=\"elementor-widget-container\">\n\t\t\t\t\t\t\t\t\t\t\t\t\t\t\t<img decoding=\"async\" width=\"751\" height=\"1024\" src=\"https:\/\/shatranj.art\/wp-content\/uploads\/2026\/02\/12-2-751x1024.jpg\" class=\"attachment-large size-large wp-image-921\" alt=\"\" srcset=\"https:\/\/shatranj.art\/wp-content\/uploads\/2026\/02\/12-2-751x1024.jpg 751w, https:\/\/shatranj.art\/wp-content\/uploads\/2026\/02\/12-2-220x300.jpg 220w, https:\/\/shatranj.art\/wp-content\/uploads\/2026\/02\/12-2-768x1047.jpg 768w, https:\/\/shatranj.art\/wp-content\/uploads\/2026\/02\/12-2-1127x1536.jpg 1127w, https:\/\/shatranj.art\/wp-content\/uploads\/2026\/02\/12-2.jpg 1388w\" sizes=\"(max-width: 751px) 100vw, 751px\" \/>\t\t\t\t\t\t\t\t\t\t\t\t\t\t\t<\/div>\n\t\t\t\t<\/div>\n\t\t\t\t<div class=\"elementor-element elementor-element-ede5dac elementor-widget elementor-widget-image\" data-id=\"ede5dac\" data-element_type=\"widget\" data-e-type=\"widget\" data-widget_type=\"image.default\">\n\t\t\t\t<div class=\"elementor-widget-container\">\n\t\t\t\t\t\t\t\t\t\t\t\t\t\t\t<img loading=\"lazy\" decoding=\"async\" width=\"792\" height=\"1024\" src=\"https:\/\/shatranj.art\/wp-content\/uploads\/2026\/02\/12-3-792x1024.jpg\" class=\"attachment-large size-large wp-image-922\" alt=\"\" srcset=\"https:\/\/shatranj.art\/wp-content\/uploads\/2026\/02\/12-3-792x1024.jpg 792w, https:\/\/shatranj.art\/wp-content\/uploads\/2026\/02\/12-3-232x300.jpg 232w, https:\/\/shatranj.art\/wp-content\/uploads\/2026\/02\/12-3-768x993.jpg 768w, https:\/\/shatranj.art\/wp-content\/uploads\/2026\/02\/12-3-1188x1536.jpg 1188w, https:\/\/shatranj.art\/wp-content\/uploads\/2026\/02\/12-3.jpg 1459w\" sizes=\"(max-width: 792px) 100vw, 792px\" \/>\t\t\t\t\t\t\t\t\t\t\t\t\t\t\t<\/div>\n\t\t\t\t<\/div>\n\t\t\t\t<\/div>\n\t\t\t\t<\/div>\n\t\t\t\t\t<\/div>\n\t\t\t\t<\/div>\n\t\t\t\t<\/div>","protected":false},"excerpt":{"rendered":"<p>Geometry of the Streets: The Ancient Heritage of Yenikap\u0131 With roots stretching back millennia, Nine Men\u2019s Morris is one of the most ancient strategy games filtered through the unified cultural basin of the Mediterranean, North Africa, and the Middle East. This Byzantine-era marble fragment, discovered during excavations in Yenikap\u0131, Istanbul, proves that the game was [&hellip;]<\/p>\n","protected":false},"author":1,"featured_media":0,"parent":743,"menu_order":0,"comment_status":"closed","ping_status":"closed","template":"","meta":{"footnotes":""},"class_list":["post-913","page","type-page","status-publish","hentry"],"_links":{"self":[{"href":"https:\/\/shatranj.art\/fi\/wp-json\/wp\/v2\/pages\/913","targetHints":{"allow":["GET"]}}],"collection":[{"href":"https:\/\/shatranj.art\/fi\/wp-json\/wp\/v2\/pages"}],"about":[{"href":"https:\/\/shatranj.art\/fi\/wp-json\/wp\/v2\/types\/page"}],"author":[{"embeddable":true,"href":"https:\/\/shatranj.art\/fi\/wp-json\/wp\/v2\/users\/1"}],"replies":[{"embeddable":true,"href":"https:\/\/shatranj.art\/fi\/wp-json\/wp\/v2\/comments?post=913"}],"version-history":[{"count":10,"href":"https:\/\/shatranj.art\/fi\/wp-json\/wp\/v2\/pages\/913\/revisions"}],"predecessor-version":[{"id":1207,"href":"https:\/\/shatranj.art\/fi\/wp-json\/wp\/v2\/pages\/913\/revisions\/1207"}],"up":[{"embeddable":true,"href":"https:\/\/shatranj.art\/fi\/wp-json\/wp\/v2\/pages\/743"}],"wp:attachment":[{"href":"https:\/\/shatranj.art\/fi\/wp-json\/wp\/v2\/media?parent=913"}],"curies":[{"name":"wp","href":"https:\/\/api.w.org\/{rel}","templated":true}]}}