{"id":936,"date":"2026-02-22T10:03:32","date_gmt":"2026-02-22T10:03:32","guid":{"rendered":"https:\/\/shatranj.art\/?page_id=936"},"modified":"2026-02-23T08:46:38","modified_gmt":"2026-02-23T08:46:38","slug":"poster-14","status":"publish","type":"page","link":"https:\/\/shatranj.art\/fi\/exhibit\/poster-14\/","title":{"rendered":"juliste 14"},"content":{"rendered":"<div data-elementor-type=\"wp-page\" data-elementor-id=\"936\" class=\"elementor elementor-936\" data-elementor-post-type=\"page\">\n\t\t\t\t<div class=\"elementor-element elementor-element-c355192 e-flex e-con-boxed e-con e-parent\" data-id=\"c355192\" data-element_type=\"container\" data-e-type=\"container\" data-settings=\"{&quot;background_background&quot;:&quot;classic&quot;}\">\n\t\t\t\t\t<div class=\"e-con-inner\">\n\t\t<div class=\"elementor-element elementor-element-5bf7f96 e-con-full e-flex e-con e-child\" data-id=\"5bf7f96\" data-element_type=\"container\" data-e-type=\"container\">\n\t\t\t\t<div class=\"elementor-element elementor-element-82eab3c elementor-widget__width-initial elementor-widget-mobile__width-inherit elementor-widget elementor-widget-image\" data-id=\"82eab3c\" data-element_type=\"widget\" data-e-type=\"widget\" data-widget_type=\"image.default\">\n\t\t\t\t<div class=\"elementor-widget-container\">\n\t\t\t\t\t\t\t\t\t\t\t\t\t\t\t<img fetchpriority=\"high\" decoding=\"async\" width=\"768\" height=\"1024\" src=\"https:\/\/shatranj.art\/wp-content\/uploads\/2026\/02\/14-768x1024.jpg\" class=\"attachment-large size-large wp-image-939\" alt=\"\" srcset=\"https:\/\/shatranj.art\/wp-content\/uploads\/2026\/02\/14-768x1024.jpg 768w, https:\/\/shatranj.art\/wp-content\/uploads\/2026\/02\/14-225x300.jpg 225w, https:\/\/shatranj.art\/wp-content\/uploads\/2026\/02\/14-1152x1536.jpg 1152w, https:\/\/shatranj.art\/wp-content\/uploads\/2026\/02\/14-1536x2048.jpg 1536w, https:\/\/shatranj.art\/wp-content\/uploads\/2026\/02\/14-scaled.jpg 1920w\" sizes=\"(max-width: 768px) 100vw, 768px\" \/>\t\t\t\t\t\t\t\t\t\t\t\t\t\t\t<\/div>\n\t\t\t\t<\/div>\n\t\t\t\t<div class=\"elementor-element elementor-element-f30dc26 elementor-widget__width-initial elementor-widget elementor-widget-text-editor\" data-id=\"f30dc26\" data-element_type=\"widget\" data-e-type=\"widget\" data-widget_type=\"text-editor.default\">\n\t\t\t\t<div class=\"elementor-widget-container\">\n\t\t\t\t\t\t\t\t\t<p><strong>Gorganilaisen aristokraatin henkinen perint\u00f6<\/strong><\/p><p>\u00a0<\/p><p>Al-Suli ei ollut pelk\u00e4st\u00e4\u00e4n aikakautensa merkitt\u00e4vin shakkimestari, vaan h\u00e4n oli my\u00f6s abbasidikalifien \u201cnadim\u201d (hoviseuralainen), palatsin historioitsija ja ter\u00e4v\u00e4silm\u00e4inen runoilija. H\u00e4n syntyi Gorganissa noin vuonna 870 jKr., ja h\u00e4nen sukujuurensa juontavat juurensa Dehistanin aroilla sijaitsevaan Sulin linnoitukseen, jossa h\u00e4nen isois\u00e4ns\u00e4, turkkilainen ruhtinas Sul tekin, aikoinaan hallitsi. T\u00e4m\u00e4n jalon perinn\u00f6n muistoksi on nyky\u00e4\u00e4n pystytetty patsas Ashgabatin itsen\u00e4isyysmuistomerkille Turkmenistanissa.<\/p><p>\u00a0<\/p><p>Al-Suli, jolla oli shakin korkein saavutettavissa oleva arvonimi \u201cAliya\u201d, muutti pelin j\u00e4sennellyksi tieteelliseksi arkkitehtuuriksi. Keskeisess\u00e4 teoksessaan Kitab al-Shatranj h\u00e4n dokumentoi ensimm\u00e4isen\u00e4 systemaattisesti avausmuodostelmat (tabiyas) ja loppupelistrategiat (mansubas). H\u00e4nen laatimansa teoreettinen kehys oli vuosisatojen ajan mestaruuden ehdoton vertailukohta ja ensisijainen l\u00e4hde, joka s\u00e4ilyi aina nykyaikaisten shakkis\u00e4\u00e4nt\u00f6jen syntyyn asti.<\/p>\t\t\t\t\t\t\t\t<\/div>\n\t\t\t\t<\/div>\n\t\t<div class=\"elementor-element elementor-element-8f27e89 e-con-full e-flex e-con e-child\" data-id=\"8f27e89\" data-element_type=\"container\" data-e-type=\"container\">\n\t\t\t\t<div class=\"elementor-element elementor-element-374a727 elementor-widget-mobile__width-inherit elementor-widget elementor-widget-image\" data-id=\"374a727\" data-element_type=\"widget\" data-e-type=\"widget\" data-widget_type=\"image.default\">\n\t\t\t\t<div class=\"elementor-widget-container\">\n\t\t\t\t\t\t\t\t\t\t\t\t\t\t\t<img decoding=\"async\" width=\"800\" height=\"457\" src=\"https:\/\/shatranj.art\/wp-content\/uploads\/2026\/02\/14-1-1024x585.jpg\" class=\"attachment-large size-large wp-image-940\" alt=\"\" srcset=\"https:\/\/shatranj.art\/wp-content\/uploads\/2026\/02\/14-1-1024x585.jpg 1024w, https:\/\/shatranj.art\/wp-content\/uploads\/2026\/02\/14-1-300x171.jpg 300w, https:\/\/shatranj.art\/wp-content\/uploads\/2026\/02\/14-1-768x439.jpg 768w, https:\/\/shatranj.art\/wp-content\/uploads\/2026\/02\/14-1-1536x877.jpg 1536w, https:\/\/shatranj.art\/wp-content\/uploads\/2026\/02\/14-1-2048x1170.jpg 2048w\" sizes=\"(max-width: 800px) 100vw, 800px\" \/>\t\t\t\t\t\t\t\t\t\t\t\t\t\t\t<\/div>\n\t\t\t\t<\/div>\n\t\t\t\t<div class=\"elementor-element elementor-element-118c953 elementor-widget-mobile__width-inherit elementor-widget elementor-widget-image\" data-id=\"118c953\" data-element_type=\"widget\" data-e-type=\"widget\" data-widget_type=\"image.default\">\n\t\t\t\t<div class=\"elementor-widget-container\">\n\t\t\t\t\t\t\t\t\t\t\t\t\t\t\t<img decoding=\"async\" width=\"800\" height=\"488\" src=\"https:\/\/shatranj.art\/wp-content\/uploads\/2026\/02\/14-2-1024x624.jpg\" class=\"attachment-large size-large wp-image-941\" alt=\"\" srcset=\"https:\/\/shatranj.art\/wp-content\/uploads\/2026\/02\/14-2-1024x624.jpg 1024w, https:\/\/shatranj.art\/wp-content\/uploads\/2026\/02\/14-2-300x183.jpg 300w, https:\/\/shatranj.art\/wp-content\/uploads\/2026\/02\/14-2-768x468.jpg 768w, https:\/\/shatranj.art\/wp-content\/uploads\/2026\/02\/14-2-1536x936.jpg 1536w, https:\/\/shatranj.art\/wp-content\/uploads\/2026\/02\/14-2-2048x1249.jpg 2048w\" sizes=\"(max-width: 800px) 100vw, 800px\" \/>\t\t\t\t\t\t\t\t\t\t\t\t\t\t\t<\/div>\n\t\t\t\t<\/div>\n\t\t\t\t<\/div>\n\t\t\t\t<div class=\"elementor-element elementor-element-bbcc28f elementor-widget__width-initial elementor-widget elementor-widget-text-editor\" data-id=\"bbcc28f\" data-element_type=\"widget\" data-e-type=\"widget\" data-widget_type=\"text-editor.default\">\n\t\t\t\t<div class=\"elementor-widget-container\">\n\t\t\t\t\t\t\t\t\t<p><b>Sulin timantti: Strategian vuosituhannen mittainen \u201cratkaisematon\u201d huippu.<\/b><\/p><p>\u00a0<\/p><p>Gorganilaisen mestarin Abu Bakr bin Yahya al-Sulin 10. vuosisadalla laatima \u201cTimantti\u201d on shakkihistorian legendaarisin ja eniten keskustelua her\u00e4tt\u00e4nyt arvoitus. Vaikka loppupeli on ulkoisesti t\u00e4ysin yksinkertainen ja kummallakin osapuolella on vain kuningas ja Ferz (kuningattaren historiallinen edelt\u00e4j\u00e4), se pysyi shakkimaailman \u201cratkaisemattomana\u201d Everestin\u00e4 tuhannen vuoden ajan. T\u00e4m\u00e4 Al-Sulin nerokas luomus on ylivertaista man\u00f6\u00f6veritaidetta, joka ylitt\u00e4\u00e4 historiallisen shakin rajat.<\/p><p>\u00a0<\/p><p><strong>S\u00fcleymaniye-k\u00e4sikirjoituksen salaisuus<\/strong><\/p><p>\u00a0<\/p><p>T\u00e4m\u00e4n arvoituksen elint\u00e4rkein todiste l\u00f6ytyy Istanbulin S\u00fcleymaniye-kirjastossa s\u00e4ilytett\u00e4v\u00e4st\u00e4 Kitab Ash-Shatranjin kopiosta. Vaikka t\u00e4m\u00e4n k\u00e4sikirjoituksen sivut ovat ehji\u00e4, on selv\u00e4\u00e4, ett\u00e4 tietyt asemat ja siirrot on siirretty virheellisesti tai puutteellisesti alkuper\u00e4isest\u00e4 l\u00e4hteest\u00e4. N\u00e4ist\u00e4 historiallisista kirjoitusvirheist\u00e4 huolimatta tekstiss\u00e4 esitetty osaratkaisu vastaa kuitenkin t\u00e4ydellisesti suurmestari Juri Averbahin 1900-luvulla tekem\u00e4\u00e4 syv\u00e4llist\u00e4 analyyttist\u00e4 ty\u00f6t\u00e4. Al-Suli ikuisti mestaruutensa yksinoikeuden t\u00e4ll\u00e4 uhmakkaalla v\u00e4itteell\u00e4:<\/p><p>\u201cKukaan ei saa ratkaista sit\u00e4, paitsi ne, jotka olen opettanut\u201d<\/p><p>\u00a0<\/p><p><strong>Algoritmien voitto:<\/strong> <strong>shatranj.ai<\/strong><\/p><p>\u00a0<\/p><p>\u201cTimantti\u201d, joka j\u00e4tti ihmismielen kunnioituksen valtaan vuosituhannen ajaksi, on nyt valaistu t\u00e4ysin digitaalisen aikakauden voimalla. Shatranj.ai-hankkeen puitteissa, k\u00e4ytt\u00e4m\u00e4ll\u00e4 dynaamisen ohjelmoinnin menetelmi\u00e4 ja nykyaikaisia algoritmeja, joissa on \u201chash\u201d-ominaisuudet (transpositiotaulukko), t\u00e4m\u00e4n nerokkaan s\u00e4vellyksen jokainen variaatio on ratkaistu matemaattisesti. T\u00e4m\u00e4 matka, joka ulottuu S\u00fcleymaniye-k\u00e4sikirjoitusten riveilt\u00e4 nykyaikaiseen koodiin, on lopullinen todistus Al-Sulin ajattomasta strategisesta nerokkuudesta, joka osoittaa, ett\u00e4 se, mik\u00e4 oli aikoinaan varattu mestarin valituille oppilaille, voidaan nyt ymm\u00e4rt\u00e4\u00e4 puhtaan logiikan kielell\u00e4.<\/p>\t\t\t\t\t\t\t\t<\/div>\n\t\t\t\t<\/div>\n\t\t\t\t<\/div>\n\t\t\t\t\t<\/div>\n\t\t\t\t<\/div>\n\t\t\t\t<\/div>","protected":false},"excerpt":{"rendered":"<p>The Intellectual Legacy of a Gorganite Aristocrat \u00a0 Al-Suli was not merely the preeminent chess master of his age; he was a &#8220;nadim&#8221; (court companion) to Abbasid Caliphs, a palace historian, and a sharp-witted poet. Born in Gorgan around 870 AD, his lineage traces back to the fortified Fortress of Sul in the Dehistan steppes, [&hellip;]<\/p>\n","protected":false},"author":1,"featured_media":0,"parent":743,"menu_order":0,"comment_status":"closed","ping_status":"closed","template":"","meta":{"footnotes":""},"class_list":["post-936","page","type-page","status-publish","hentry"],"_links":{"self":[{"href":"https:\/\/shatranj.art\/fi\/wp-json\/wp\/v2\/pages\/936","targetHints":{"allow":["GET"]}}],"collection":[{"href":"https:\/\/shatranj.art\/fi\/wp-json\/wp\/v2\/pages"}],"about":[{"href":"https:\/\/shatranj.art\/fi\/wp-json\/wp\/v2\/types\/page"}],"author":[{"embeddable":true,"href":"https:\/\/shatranj.art\/fi\/wp-json\/wp\/v2\/users\/1"}],"replies":[{"embeddable":true,"href":"https:\/\/shatranj.art\/fi\/wp-json\/wp\/v2\/comments?post=936"}],"version-history":[{"count":31,"href":"https:\/\/shatranj.art\/fi\/wp-json\/wp\/v2\/pages\/936\/revisions"}],"predecessor-version":[{"id":1351,"href":"https:\/\/shatranj.art\/fi\/wp-json\/wp\/v2\/pages\/936\/revisions\/1351"}],"up":[{"embeddable":true,"href":"https:\/\/shatranj.art\/fi\/wp-json\/wp\/v2\/pages\/743"}],"wp:attachment":[{"href":"https:\/\/shatranj.art\/fi\/wp-json\/wp\/v2\/media?parent=936"}],"curies":[{"name":"wp","href":"https:\/\/api.w.org\/{rel}","templated":true}]}}