{"id":954,"date":"2026-02-22T15:10:21","date_gmt":"2026-02-22T15:10:21","guid":{"rendered":"https:\/\/shatranj.art\/?page_id=954"},"modified":"2026-02-24T09:18:28","modified_gmt":"2026-02-24T09:18:28","slug":"poster-16","status":"publish","type":"page","link":"https:\/\/shatranj.art\/fi\/exhibit\/poster-16\/","title":{"rendered":"juliste 16"},"content":{"rendered":"<div data-elementor-type=\"wp-page\" data-elementor-id=\"954\" class=\"elementor elementor-954\" data-elementor-post-type=\"page\">\n\t\t\t\t<div class=\"elementor-element elementor-element-05751de e-flex e-con-boxed e-con e-parent\" data-id=\"05751de\" data-element_type=\"container\" data-e-type=\"container\" data-settings=\"{&quot;background_background&quot;:&quot;classic&quot;}\">\n\t\t\t\t\t<div class=\"e-con-inner\">\n\t\t<div class=\"elementor-element elementor-element-415f3f4 e-con-full e-flex e-con e-child\" data-id=\"415f3f4\" data-element_type=\"container\" data-e-type=\"container\">\n\t\t\t\t<div class=\"elementor-element elementor-element-ee52ef0 elementor-widget__width-initial elementor-widget elementor-widget-image\" data-id=\"ee52ef0\" data-element_type=\"widget\" data-e-type=\"widget\" data-widget_type=\"image.default\">\n\t\t\t\t<div class=\"elementor-widget-container\">\n\t\t\t\t\t\t\t\t\t\t\t\t\t\t\t<img fetchpriority=\"high\" decoding=\"async\" width=\"723\" height=\"1024\" src=\"https:\/\/shatranj.art\/wp-content\/uploads\/2026\/02\/16-723x1024.jpg\" class=\"attachment-large size-large wp-image-959\" alt=\"\" srcset=\"https:\/\/shatranj.art\/wp-content\/uploads\/2026\/02\/16-723x1024.jpg 723w, https:\/\/shatranj.art\/wp-content\/uploads\/2026\/02\/16-212x300.jpg 212w, https:\/\/shatranj.art\/wp-content\/uploads\/2026\/02\/16-768x1087.jpg 768w, https:\/\/shatranj.art\/wp-content\/uploads\/2026\/02\/16-1085x1536.jpg 1085w, https:\/\/shatranj.art\/wp-content\/uploads\/2026\/02\/16-1447x2048.jpg 1447w, https:\/\/shatranj.art\/wp-content\/uploads\/2026\/02\/16.jpg 1557w\" sizes=\"(max-width: 723px) 100vw, 723px\" \/>\t\t\t\t\t\t\t\t\t\t\t\t\t\t\t<\/div>\n\t\t\t\t<\/div>\n\t\t\t\t<div class=\"elementor-element elementor-element-bc51b4f elementor-widget__width-initial elementor-widget elementor-widget-text-editor\" data-id=\"bc51b4f\" data-element_type=\"widget\" data-e-type=\"widget\" data-widget_type=\"text-editor.default\">\n\t\t\t\t<div class=\"elementor-widget-container\">\n\t\t\t\t\t\t\t\t\t<h3><b>Bucephalus: Steppien ja valloitusten legendaarinen henki<\/b><\/h3><p>Muinaiskreikaksi \u201ch\u00e4rk\u00e4p\u00e4inen\u201d (Boukephalos), mik\u00e4 johtui todenn\u00e4k\u00f6isesti sen leve\u00e4st\u00e4 otsasta tai olkap\u00e4\u00e4h\u00e4n tehdyst\u00e4 leimasta, on historian ikonisin sotaratsu. Legendan mukaan Filonikos Thessalialainen tarjosi sit\u00e4 kuningas Filip II:lle huikeasta 13 talentin summasta, mutta kukaan ei kyennyt kesytt\u00e4m\u00e4\u00e4n sen villi\u00e4 henke\u00e4. Nuori Aleksanteri huomasi, ett\u00e4 hevonen pelk\u00e4si vain omaa varjoaan, ja k\u00e4\u00e4nsi sen aurinkoa kohti rauhoittaakseen sen. T\u00e4m\u00e4n n\u00e4hty\u00e4\u00e4n kuningas Filippus julisti tunnetusti: \u201cOi poikani, etsi itsellesi yht\u00e4 suuri ja arvokas valtakunta, sill\u00e4 Makedonia on sinulle liian pieni!\u201d H\u00e4n sanoi: \"Oi poikani, etsi itsellesi yht\u00e4 suuri ja arvokas valtakunta, sill\u00e4 Makedonia on sinulle liian pieni!\"<\/p><p>\u00a0<\/p><p>Taistelukentilt\u00e4 kuolemattomuuteen<\/p><p>\u00a0<\/p><p>Bukefalos seurasi Aleksanteria koko h\u00e4nen sotaretkens\u00e4 ajan Kreikasta Intian syd\u00e4meen. H\u00e4n kantoi is\u00e4nt\u00e4\u00e4ns\u00e4 l\u00e4pi verisimpien yhteenottojen Granikuksesta ja Issuksesta Gaugamelaan ja Hydaspesin taisteluun. Vuonna 326 eaa., Intian sotaretken aikana, h\u00e4n menehtyi joko taisteluvammoihin tai vanhuuteen (l\u00e4hes 30-vuotiaana). H\u00e4nen kunniakseen Aleksanteri perusti Aleksanteri Bucephalan kaupungin Jhelum-joen rannalle nykyisess\u00e4 Pakistanissa.<\/p><p>\u00a0<\/p><p>Kulttuuriperint\u00f6<\/p><p>\u00a0<\/p><p>Taiteen ja kirjallisuuden historiassa Bucephalus on voiman, uskollisuuden ja ter\u00e4v\u00e4n vaiston symboli. It\u00e4maisissa perinteiss\u00e4, joissa Aleksanteri on usein samaistettu \u201cIskandariin\u201d, Bucephalos kuvataan uskollisena kumppanina, jolla on yliluonnollisia ominaisuuksia. H\u00e4n on edelleen historian suurimman valloittajan todellinen \u201chenki\u201d, joka edustaa taistelukent\u00e4n ylitt\u00e4v\u00e4\u00e4 sidett\u00e4.<\/p>\t\t\t\t\t\t\t\t<\/div>\n\t\t\t\t<\/div>\n\t\t\t\t<\/div>\n\t\t\t\t\t<\/div>\n\t\t\t\t<\/div>\n\t\t\t\t<\/div>","protected":false},"excerpt":{"rendered":"<p>Bucephalus: The Legendary Spirit of the Steppes and Conquests Meaning &#8220;Ox-headed&#8221; (Boukephalos) in Ancient Greek likely due to his broad brow or a branding on his shoulder Bucephalus is the most iconic warhorse in history. Legend tells that he was offered to King Philip II by Philonicus the Thessalian for the staggering sum of 13 [&hellip;]<\/p>\n","protected":false},"author":1,"featured_media":0,"parent":743,"menu_order":0,"comment_status":"closed","ping_status":"closed","template":"","meta":{"footnotes":""},"class_list":["post-954","page","type-page","status-publish","hentry"],"_links":{"self":[{"href":"https:\/\/shatranj.art\/fi\/wp-json\/wp\/v2\/pages\/954","targetHints":{"allow":["GET"]}}],"collection":[{"href":"https:\/\/shatranj.art\/fi\/wp-json\/wp\/v2\/pages"}],"about":[{"href":"https:\/\/shatranj.art\/fi\/wp-json\/wp\/v2\/types\/page"}],"author":[{"embeddable":true,"href":"https:\/\/shatranj.art\/fi\/wp-json\/wp\/v2\/users\/1"}],"replies":[{"embeddable":true,"href":"https:\/\/shatranj.art\/fi\/wp-json\/wp\/v2\/comments?post=954"}],"version-history":[{"count":13,"href":"https:\/\/shatranj.art\/fi\/wp-json\/wp\/v2\/pages\/954\/revisions"}],"predecessor-version":[{"id":1579,"href":"https:\/\/shatranj.art\/fi\/wp-json\/wp\/v2\/pages\/954\/revisions\/1579"}],"up":[{"embeddable":true,"href":"https:\/\/shatranj.art\/fi\/wp-json\/wp\/v2\/pages\/743"}],"wp:attachment":[{"href":"https:\/\/shatranj.art\/fi\/wp-json\/wp\/v2\/media?parent=954"}],"curies":[{"name":"wp","href":"https:\/\/api.w.org\/{rel}","templated":true}]}}