{"id":976,"date":"2026-02-22T15:26:41","date_gmt":"2026-02-22T15:26:41","guid":{"rendered":"https:\/\/shatranj.art\/?page_id=976"},"modified":"2026-02-23T04:57:59","modified_gmt":"2026-02-23T04:57:59","slug":"poster-19","status":"publish","type":"page","link":"https:\/\/shatranj.art\/fi\/exhibit\/poster-19\/","title":{"rendered":"juliste 19"},"content":{"rendered":"<div data-elementor-type=\"wp-page\" data-elementor-id=\"976\" class=\"elementor elementor-976\" data-elementor-post-type=\"page\">\n\t\t\t\t<div class=\"elementor-element elementor-element-bd53a03 e-flex e-con-boxed e-con e-parent\" data-id=\"bd53a03\" data-element_type=\"container\" data-e-type=\"container\" data-settings=\"{&quot;background_background&quot;:&quot;classic&quot;}\">\n\t\t\t\t\t<div class=\"e-con-inner\">\n\t\t<div class=\"elementor-element elementor-element-258a2d8 e-con-full e-flex e-con e-child\" data-id=\"258a2d8\" data-element_type=\"container\" data-e-type=\"container\">\n\t\t\t\t<div class=\"elementor-element elementor-element-54379e5 elementor-widget__width-initial elementor-widget elementor-widget-image\" data-id=\"54379e5\" data-element_type=\"widget\" data-e-type=\"widget\" data-widget_type=\"image.default\">\n\t\t\t\t<div class=\"elementor-widget-container\">\n\t\t\t\t\t\t\t\t\t\t\t\t\t\t\t<img fetchpriority=\"high\" decoding=\"async\" width=\"800\" height=\"842\" src=\"https:\/\/shatranj.art\/wp-content\/uploads\/2026\/02\/19-973x1024.jpg\" class=\"attachment-large size-large wp-image-979\" alt=\"\" srcset=\"https:\/\/shatranj.art\/wp-content\/uploads\/2026\/02\/19-973x1024.jpg 973w, https:\/\/shatranj.art\/wp-content\/uploads\/2026\/02\/19-285x300.jpg 285w, https:\/\/shatranj.art\/wp-content\/uploads\/2026\/02\/19-768x808.jpg 768w, https:\/\/shatranj.art\/wp-content\/uploads\/2026\/02\/19.jpg 1121w\" sizes=\"(max-width: 800px) 100vw, 800px\" \/>\t\t\t\t\t\t\t\t\t\t\t\t\t\t\t<\/div>\n\t\t\t\t<\/div>\n\t\t\t\t<div class=\"elementor-element elementor-element-38b79a5 elementor-widget__width-initial elementor-widget elementor-widget-text-editor\" data-id=\"38b79a5\" data-element_type=\"widget\" data-e-type=\"widget\" data-widget_type=\"text-editor.default\">\n\t\t\t\t<div class=\"elementor-widget-container\">\n\t\t\t\t\t\t\t\t\t<p><strong>Deep Blue vs. Kasparov: Kaspov: Koneen ylivoiman aamunkoitto<\/strong><\/p><p>\u00a0<\/p><p><span style=\"font-weight: 400;\">Vuonna 1997 maailma n\u00e4ki historiallisen k\u00e4\u00e4nnekohdan ihmisen ja koneen v\u00e4lisess\u00e4 suhteessa. IBM:n kehitt\u00e4m\u00e4 supertietokone, supercomputer <\/span>Deep Blue<span style=\"font-weight: 400;\"> voitti hallitsevan maailmanmestarin, <\/span>Garri Kasparov<span style=\"font-weight: 400;\">, kuuden ottelun sarjassa. T\u00e4m\u00e4 oli ensimm\u00e4inen kerta, kun tietokone oli voittanut maailmanmestarin turnausmuotoisessa ottelussa tavanomaisissa aikas\u00e4\u00e4nn\u00f6iss\u00e4.<\/span><\/p><p>\u00a0<\/p><p><b>Raakaa voimaa:<\/b><span style=\"font-weight: 400;\"> Deep Blue oli erikoistuneen laitteiston mestariteos, joka kykeni laskemaan 200 miljoonaa asemaa sekunnissa.<\/span><\/p><p>\u00a0<\/p><p><b>Symbolinen voitto:<\/b><span style=\"font-weight: 400;\"> T\u00e4m\u00e4 ottelu muutti maailmanlaajuista k\u00e4sityst\u00e4 teko\u00e4lyst\u00e4. Se osoitti, ett\u00e4 vaikka ihmisen intuitio on syv\u00e4llist\u00e4, koneen pelkk\u00e4 laskentanopeus voi voittaa aikakauden suurimman strategisen mielen.<\/span><\/p>\t\t\t\t\t\t\t\t<\/div>\n\t\t\t\t<\/div>\n\t\t\t\t<div class=\"elementor-element elementor-element-d1ad4e6 elementor-widget__width-initial elementor-widget elementor-widget-image\" data-id=\"d1ad4e6\" data-element_type=\"widget\" data-e-type=\"widget\" data-widget_type=\"image.default\">\n\t\t\t\t<div class=\"elementor-widget-container\">\n\t\t\t\t\t\t\t\t\t\t\t\t\t\t\t<img decoding=\"async\" width=\"800\" height=\"600\" src=\"https:\/\/shatranj.art\/wp-content\/uploads\/2026\/02\/19-1-1024x768.jpg\" class=\"attachment-large size-large wp-image-980\" alt=\"\" srcset=\"https:\/\/shatranj.art\/wp-content\/uploads\/2026\/02\/19-1-1024x768.jpg 1024w, https:\/\/shatranj.art\/wp-content\/uploads\/2026\/02\/19-1-300x225.jpg 300w, https:\/\/shatranj.art\/wp-content\/uploads\/2026\/02\/19-1-768x576.jpg 768w, https:\/\/shatranj.art\/wp-content\/uploads\/2026\/02\/19-1.jpg 1250w\" sizes=\"(max-width: 800px) 100vw, 800px\" \/>\t\t\t\t\t\t\t\t\t\t\t\t\t\t\t<\/div>\n\t\t\t\t<\/div>\n\t\t\t\t<div class=\"elementor-element elementor-element-e238e58 elementor-widget__width-initial elementor-widget elementor-widget-image\" data-id=\"e238e58\" data-element_type=\"widget\" data-e-type=\"widget\" data-widget_type=\"image.default\">\n\t\t\t\t<div class=\"elementor-widget-container\">\n\t\t\t\t\t\t\t\t\t\t\t\t\t\t\t<img decoding=\"async\" width=\"682\" height=\"1024\" src=\"https:\/\/shatranj.art\/wp-content\/uploads\/2026\/02\/19-2-682x1024.jpg\" class=\"attachment-large size-large wp-image-981\" alt=\"\" srcset=\"https:\/\/shatranj.art\/wp-content\/uploads\/2026\/02\/19-2-682x1024.jpg 682w, https:\/\/shatranj.art\/wp-content\/uploads\/2026\/02\/19-2-200x300.jpg 200w, https:\/\/shatranj.art\/wp-content\/uploads\/2026\/02\/19-2-768x1154.jpg 768w, https:\/\/shatranj.art\/wp-content\/uploads\/2026\/02\/19-2-1023x1536.jpg 1023w, https:\/\/shatranj.art\/wp-content\/uploads\/2026\/02\/19-2-1363x2048.jpg 1363w, https:\/\/shatranj.art\/wp-content\/uploads\/2026\/02\/19-2.jpg 1667w\" sizes=\"(max-width: 682px) 100vw, 682px\" \/>\t\t\t\t\t\t\t\t\t\t\t\t\t\t\t<\/div>\n\t\t\t\t<\/div>\n\t\t\t\t<div class=\"elementor-element elementor-element-a12f1b5 elementor-widget__width-inherit elementor-widget elementor-widget-text-editor\" data-id=\"a12f1b5\" data-element_type=\"widget\" data-e-type=\"widget\" data-widget_type=\"text-editor.default\">\n\t\t\t\t<div class=\"elementor-widget-container\">\n\t\t\t\t\t\t\t\t\t<h3><b>Konnakalaa: Grandmaster-analyysin demokratisointi<\/b><\/h3><p>Stockfish<span style=\"font-weight: 400;\"> on maailman tehokkain avoimen l\u00e4hdekoodin shakkimoottori. Toisin kuin entisaikojen eksklusiiviset supertietokoneet, Stockfish on ilmainen ja kaikkien saatavilla, harrastelijoista maailmanluokan suurmestareihin.<\/span><\/p><ul><li style=\"font-weight: 400;\" aria-level=\"1\"><b>Maailmanlaajuinen standardi:<\/b><span style=\"font-weight: 400;\"> Stockfish on jatkuvasti moottoreiden tulostaulukoiden k\u00e4rjess\u00e4, ja se on \u00e4\u00e4rimm\u00e4inen ty\u00f6kalu pelianalyysiin ja strategian kehitt\u00e4miseen.<\/span><\/li><li style=\"font-weight: 400;\" aria-level=\"1\"><b>Neuraalinen evoluutio:<\/b><span style=\"font-weight: 400;\"> Alun perin klassisiin \u201cetsi ja arvioi\u201d -algoritmeihin perustuneet Stockfishin nykyaikaiset versiot hy\u00f6dynt\u00e4v\u00e4t nyky\u00e4\u00e4n <\/span>NNUE (Tehokkaasti p\u00e4ivitett\u00e4v\u00e4t neuroverkot)<span style=\"font-weight: 400;\">. T\u00e4m\u00e4n fuusion ansiosta se pystyy yhdist\u00e4m\u00e4\u00e4n massiivisen laskentanopeuden ja syvemm\u00e4n, l\u00e4hes ihmism\u00e4isen \u201cymm\u00e4rryksen\u201d monimutkaisista asemista, jolloin ELO-luokitus on huomattavasti yli... <\/span>3500<span style=\"font-weight: 400;\">.<\/span><\/li><\/ul>\t\t\t\t\t\t\t\t<\/div>\n\t\t\t\t<\/div>\n\t\t\t\t<div class=\"elementor-element elementor-element-5ec8752 elementor-widget__width-initial elementor-widget elementor-widget-image\" data-id=\"5ec8752\" data-element_type=\"widget\" data-e-type=\"widget\" data-widget_type=\"image.default\">\n\t\t\t\t<div class=\"elementor-widget-container\">\n\t\t\t\t\t\t\t\t\t\t\t\t\t\t\t<img loading=\"lazy\" decoding=\"async\" width=\"800\" height=\"800\" src=\"https:\/\/shatranj.art\/wp-content\/uploads\/2026\/02\/19-1024x1024.png\" class=\"attachment-large size-large wp-image-982\" alt=\"\" srcset=\"https:\/\/shatranj.art\/wp-content\/uploads\/2026\/02\/19-1024x1024.png 1024w, https:\/\/shatranj.art\/wp-content\/uploads\/2026\/02\/19-300x300.png 300w, https:\/\/shatranj.art\/wp-content\/uploads\/2026\/02\/19-150x150.png 150w, https:\/\/shatranj.art\/wp-content\/uploads\/2026\/02\/19-768x768.png 768w, https:\/\/shatranj.art\/wp-content\/uploads\/2026\/02\/19.png 1056w\" sizes=\"(max-width: 800px) 100vw, 800px\" \/>\t\t\t\t\t\t\t\t\t\t\t\t\t\t\t<\/div>\n\t\t\t\t<\/div>\n\t\t\t\t<div class=\"elementor-element elementor-element-f657508 elementor-widget__width-initial elementor-widget-tablet__width-inherit elementor-widget elementor-widget-text-editor\" data-id=\"f657508\" data-element_type=\"widget\" data-e-type=\"widget\" data-widget_type=\"text-editor.default\">\n\t\t\t\t<div class=\"elementor-widget-container\">\n\t\t\t\t\t\t\t\t\t<h3><b>AlphaZero: Koneellisen intuition ja luovuuden aikakausi<\/b><\/h3><p>Googlen DeepMind-yksik\u00f6n kehitt\u00e4m\u00e4 AlphaZero mullisti k\u00e4sityksemme teko\u00e4lyst\u00e4. Aiemmat moottorit olivat ihmisten \u201copettamia\u201d ohjelmoitujen s\u00e4\u00e4nt\u00f6jen avulla, mutta AlphaZero oli itseoppiva j\u00e4rjestelm\u00e4.<\/p><ul><li style=\"font-weight: 400;\" aria-level=\"1\"><b>Tabula Rasa (tyhj\u00e4st\u00e4):<\/b><span style=\"font-weight: 400;\"> AlphaZerolle annettiin vain shakin peruss\u00e4\u00e4nn\u00f6t. Pelaamalla miljoonia pelej\u00e4 itse\u00e4\u00e4n vastaan vahvistusoppimisen avulla se saavutti yli-inhimillisen mestaruuden vain nelj\u00e4ss\u00e4 tunnissa.<\/span><\/li><li style=\"font-weight: 400;\" aria-level=\"1\"><b>Luova vallankumous:<\/b><span style=\"font-weight: 400;\"> AlphaZero ei pelannut kuin tyypillinen \u201claskin\u201d. Se esitteli eritt\u00e4in aggressiivisen, luovan ja intuitiivisen pelityylin, jossa usein uhrataan materiaalia pitk\u00e4n aikav\u00e4lin asemapaineelle. Se osoitti, ett\u00e4 koneet pystyiv\u00e4t paitsi laskemaan nopeammin kuin ihmiset, my\u00f6s \u201ckeksim\u00e4\u00e4n\u201d uudelleen itse pelin taiteen ja luovuuden.<\/span><\/li><\/ul>\t\t\t\t\t\t\t\t<\/div>\n\t\t\t\t<\/div>\n\t\t\t\t<\/div>\n\t\t\t\t\t<\/div>\n\t\t\t\t<\/div>\n\t\t\t\t<\/div>","protected":false},"excerpt":{"rendered":"<p>Deep Blue vs. Kasparov: The Dawn of Machine Dominance \u00a0 In 1997, the world witnessed a historic turning point in the relationship between man and machine. Developed by IBM, the supercomputer Deep Blue defeated the reigning World Champion, Garry Kasparov, in a six-match series. This was the first time a computer had beaten a world [&hellip;]<\/p>\n","protected":false},"author":1,"featured_media":0,"parent":743,"menu_order":0,"comment_status":"closed","ping_status":"closed","template":"","meta":{"footnotes":""},"class_list":["post-976","page","type-page","status-publish","hentry"],"_links":{"self":[{"href":"https:\/\/shatranj.art\/fi\/wp-json\/wp\/v2\/pages\/976","targetHints":{"allow":["GET"]}}],"collection":[{"href":"https:\/\/shatranj.art\/fi\/wp-json\/wp\/v2\/pages"}],"about":[{"href":"https:\/\/shatranj.art\/fi\/wp-json\/wp\/v2\/types\/page"}],"author":[{"embeddable":true,"href":"https:\/\/shatranj.art\/fi\/wp-json\/wp\/v2\/users\/1"}],"replies":[{"embeddable":true,"href":"https:\/\/shatranj.art\/fi\/wp-json\/wp\/v2\/comments?post=976"}],"version-history":[{"count":7,"href":"https:\/\/shatranj.art\/fi\/wp-json\/wp\/v2\/pages\/976\/revisions"}],"predecessor-version":[{"id":1228,"href":"https:\/\/shatranj.art\/fi\/wp-json\/wp\/v2\/pages\/976\/revisions\/1228"}],"up":[{"embeddable":true,"href":"https:\/\/shatranj.art\/fi\/wp-json\/wp\/v2\/pages\/743"}],"wp:attachment":[{"href":"https:\/\/shatranj.art\/fi\/wp-json\/wp\/v2\/media?parent=976"}],"curies":[{"name":"wp","href":"https:\/\/api.w.org\/{rel}","templated":true}]}}