{"id":986,"date":"2026-02-22T15:44:16","date_gmt":"2026-02-22T15:44:16","guid":{"rendered":"https:\/\/shatranj.art\/?page_id=986"},"modified":"2026-02-23T04:58:50","modified_gmt":"2026-02-23T04:58:50","slug":"poster-20","status":"publish","type":"page","link":"https:\/\/shatranj.art\/fi\/exhibit\/poster-20\/","title":{"rendered":"juliste 20"},"content":{"rendered":"<div data-elementor-type=\"wp-page\" data-elementor-id=\"986\" class=\"elementor elementor-986\" data-elementor-post-type=\"page\">\n\t\t\t\t<div class=\"elementor-element elementor-element-12aafbd e-flex e-con-boxed e-con e-parent\" data-id=\"12aafbd\" data-element_type=\"container\" data-e-type=\"container\" data-settings=\"{&quot;background_background&quot;:&quot;classic&quot;}\">\n\t\t\t\t\t<div class=\"e-con-inner\">\n\t\t<div class=\"elementor-element elementor-element-63eb695 e-con-full e-flex e-con e-child\" data-id=\"63eb695\" data-element_type=\"container\" data-e-type=\"container\">\n\t\t\t\t<div class=\"elementor-element elementor-element-c65f0f2 elementor-widget elementor-widget-image\" data-id=\"c65f0f2\" data-element_type=\"widget\" data-e-type=\"widget\" data-widget_type=\"image.default\">\n\t\t\t\t<div class=\"elementor-widget-container\">\n\t\t\t\t\t\t\t\t\t\t\t\t\t\t\t<img fetchpriority=\"high\" decoding=\"async\" width=\"800\" height=\"563\" src=\"https:\/\/shatranj.art\/wp-content\/uploads\/2026\/02\/20-1024x720.jpg\" class=\"attachment-large size-large wp-image-989\" alt=\"\" srcset=\"https:\/\/shatranj.art\/wp-content\/uploads\/2026\/02\/20-1024x720.jpg 1024w, https:\/\/shatranj.art\/wp-content\/uploads\/2026\/02\/20-300x211.jpg 300w, https:\/\/shatranj.art\/wp-content\/uploads\/2026\/02\/20-768x540.jpg 768w, https:\/\/shatranj.art\/wp-content\/uploads\/2026\/02\/20-1536x1080.jpg 1536w, https:\/\/shatranj.art\/wp-content\/uploads\/2026\/02\/20-2048x1440.jpg 2048w\" sizes=\"(max-width: 800px) 100vw, 800px\" \/>\t\t\t\t\t\t\t\t\t\t\t\t\t\t\t<\/div>\n\t\t\t\t<\/div>\n\t\t\t\t<div class=\"elementor-element elementor-element-c898b64 elementor-widget elementor-widget-text-editor\" data-id=\"c898b64\" data-element_type=\"widget\" data-e-type=\"widget\" data-widget_type=\"text-editor.default\">\n\t\t\t\t<div class=\"elementor-widget-container\">\n\t\t\t\t\t\t\t\t\t<h3><b>Alquerque: Alfonson perint\u00f6: Alquerquen muinainen esi-is\u00e4 ja Alfonson perint\u00f6.<\/b><\/h3><p><b>Strategia, joka ulottuu Castilesta nykyp\u00e4iv\u00e4\u00e4n asti<\/b> <span style=\"font-weight: 400;\"><br \/><\/span>Kastilian kuningas Alfonso X:n (Alfons Viisas) vuonna 1283 teett\u00e4m\u00e4 Libro de los Juegos (Pelikirja) on edelleen keskiajan Euroopan kattavin pelikulttuuria kuvaava teos. Alquerque, joka esitell\u00e4\u00e4n yksityiskohtaisesti kirjan sivuilla, on eurooppalainen evoluutio muinaisesta strategiapelist\u00e4, joka tunnettiin arabimaailmassa nimell\u00e4 \u201cEl-Qirkat\u201d ja jonka juuret juontavat juurensa muinaiseen Egyptiin. Alquerque oli 1200-luvun Espanjassa todiste siit\u00e4, miten kristityt, muslimit ja juutalaiset oppineet tekiv\u00e4t yhteisty\u00f6t\u00e4 id\u00e4n ja l\u00e4nnen tiedon yhdist\u00e4miseksi.<\/p><p><b>Polku Draftiin<\/b> <span style=\"font-weight: 400;\"><br \/><\/span>Alquerquessa pelataan 12 nappulalla 5\u00d75-ruudukossa, ja siin\u00e4 on syntynyt \u201chyppykaappaus\u201d-mekaniikka, joka on nykyaikaisen Draughtsin keskeinen s\u00e4\u00e4nt\u00f6. Kun n\u00e4m\u00e4 dynaamiset s\u00e4\u00e4nn\u00f6t siirrettiin 15. vuosisadan loppupuolella 8\u00d78 shakkilaudalle, syntyi nykyisin tuntemamme tampauspeli (Draughts). T\u00e4m\u00e4 kuvaus on todiste siit\u00e4, ett\u00e4 pelit eiv\u00e4t ole pelkk\u00e4 harrastus, vaan universaali kieli, joka yhdist\u00e4\u00e4 maantieteellisi\u00e4 alueita, kieli\u00e4 ja uskontoja.<\/p>\t\t\t\t\t\t\t\t<\/div>\n\t\t\t\t<\/div>\n\t\t\t\t<\/div>\n\t\t\t\t\t<\/div>\n\t\t\t\t<\/div>\n\t\t\t\t<\/div>","protected":false},"excerpt":{"rendered":"<p>Alquerque: The Ancient Ancestor of Draughts and the Legacy of Alfonso A Strategy Stretching from Castile to the Present Commissioned in 1283 by King Alfonso X of Castile (Alfonso the Wise), the Libro de los Juegos (The Book of Games) remains the most comprehensive record of gaming culture in Medieval Europe. Alquerque, detailed within its [&hellip;]<\/p>\n","protected":false},"author":1,"featured_media":0,"parent":743,"menu_order":0,"comment_status":"closed","ping_status":"closed","template":"","meta":{"footnotes":""},"class_list":["post-986","page","type-page","status-publish","hentry"],"_links":{"self":[{"href":"https:\/\/shatranj.art\/fi\/wp-json\/wp\/v2\/pages\/986","targetHints":{"allow":["GET"]}}],"collection":[{"href":"https:\/\/shatranj.art\/fi\/wp-json\/wp\/v2\/pages"}],"about":[{"href":"https:\/\/shatranj.art\/fi\/wp-json\/wp\/v2\/types\/page"}],"author":[{"embeddable":true,"href":"https:\/\/shatranj.art\/fi\/wp-json\/wp\/v2\/users\/1"}],"replies":[{"embeddable":true,"href":"https:\/\/shatranj.art\/fi\/wp-json\/wp\/v2\/comments?post=986"}],"version-history":[{"count":7,"href":"https:\/\/shatranj.art\/fi\/wp-json\/wp\/v2\/pages\/986\/revisions"}],"predecessor-version":[{"id":1231,"href":"https:\/\/shatranj.art\/fi\/wp-json\/wp\/v2\/pages\/986\/revisions\/1231"}],"up":[{"embeddable":true,"href":"https:\/\/shatranj.art\/fi\/wp-json\/wp\/v2\/pages\/743"}],"wp:attachment":[{"href":"https:\/\/shatranj.art\/fi\/wp-json\/wp\/v2\/media?parent=986"}],"curies":[{"name":"wp","href":"https:\/\/api.w.org\/{rel}","templated":true}]}}