{"id":1016,"date":"2026-02-22T16:17:45","date_gmt":"2026-02-22T16:17:45","guid":{"rendered":"https:\/\/shatranj.art\/?page_id=1016"},"modified":"2026-02-24T09:42:49","modified_gmt":"2026-02-24T09:42:49","slug":"poster-24","status":"publish","type":"page","link":"https:\/\/shatranj.art\/fr\/exhibit\/poster-24\/","title":{"rendered":"affiche 24"},"content":{"rendered":"<div data-elementor-type=\"wp-page\" data-elementor-id=\"1016\" class=\"elementor elementor-1016\" data-elementor-post-type=\"page\">\n\t\t\t\t<div class=\"elementor-element elementor-element-cbef851 e-flex e-con-boxed e-con e-parent\" data-id=\"cbef851\" data-element_type=\"container\" data-e-type=\"container\" data-settings=\"{&quot;background_background&quot;:&quot;classic&quot;}\">\n\t\t\t\t\t<div class=\"e-con-inner\">\n\t\t<div class=\"elementor-element elementor-element-919ca16 e-con-full e-flex e-con e-child\" data-id=\"919ca16\" data-element_type=\"container\" data-e-type=\"container\">\n\t\t\t\t<div class=\"elementor-element elementor-element-3a8b40d elementor-widget elementor-widget-image\" data-id=\"3a8b40d\" data-element_type=\"widget\" data-e-type=\"widget\" data-widget_type=\"image.default\">\n\t\t\t\t<div class=\"elementor-widget-container\">\n\t\t\t\t\t\t\t\t\t\t\t\t\t\t\t<img fetchpriority=\"high\" decoding=\"async\" width=\"800\" height=\"534\" src=\"https:\/\/shatranj.art\/wp-content\/uploads\/2026\/02\/21-1024x683.jpg\" class=\"attachment-large size-large wp-image-995\" alt=\"\" srcset=\"https:\/\/shatranj.art\/wp-content\/uploads\/2026\/02\/21-1024x683.jpg 1024w, https:\/\/shatranj.art\/wp-content\/uploads\/2026\/02\/21-300x200.jpg 300w, https:\/\/shatranj.art\/wp-content\/uploads\/2026\/02\/21-768x512.jpg 768w, https:\/\/shatranj.art\/wp-content\/uploads\/2026\/02\/21-1536x1024.jpg 1536w, https:\/\/shatranj.art\/wp-content\/uploads\/2026\/02\/21-2048x1366.jpg 2048w\" sizes=\"(max-width: 800px) 100vw, 800px\" \/>\t\t\t\t\t\t\t\t\t\t\t\t\t\t\t<\/div>\n\t\t\t\t<\/div>\n\t\t\t\t<div class=\"elementor-element elementor-element-07a7613 elementor-widget elementor-widget-text-editor\" data-id=\"07a7613\" data-element_type=\"widget\" data-e-type=\"widget\" data-widget_type=\"text-editor.default\">\n\t\t\t\t<div class=\"elementor-widget-container\">\n\t\t\t\t\t\t\t\t\t<p>Le jeu d'\u00e9checs \u015eAH\u00ce est plus qu'un simple jeu, c'est un pont entre les cultures, les \u00e9poques et les philosophies. Con\u00e7u pour \u00e9voquer des sensations imp\u00e9riales et royales, le jeu tire son nom d'un terme largement utilis\u00e9 dans les Balkans et dans de nombreuses langues slaves pour d\u00e9signer le jeu d'\u00e9checs.<\/p><p>Le mot \u201c\u015eAH\u00ce\u201d lui-m\u00eame fonctionne comme un adjectif royal signifiant \u201cpropre au Shah\u201d, ayant un poids litt\u00e9raire qui signifie la force, la magnificence et la profondeur strat\u00e9gique.<\/p><h3><b>Un chef-d'\u0153uvre d'\u00e9volution culturelle<\/b><\/h3><p>Con\u00e7u par Tamer Karatekin, \u00e9ducateur exp\u00e9riment\u00e9 en mati\u00e8re d'\u00e9checs et ancien joueur de premier \u00e9chiquier du MIT, cet ensemble retrace avec \u00e9l\u00e9gance l'histoire du jeu. Chaque pi\u00e8ce est con\u00e7ue pour refl\u00e9ter un r\u00e9cit historique unique :<\/p><ul><li style=\"font-weight: 400;\" aria-level=\"1\"><b>G\u00fcl\u015fah (Le Roi) :<\/b><span style=\"font-weight: 400;\"> Repr\u00e9sente le caract\u00e8re sacr\u00e9 du d\u00f4me inspir\u00e9 de structures telles que Sainte-Sophie et le Panth\u00e9on, ainsi que l'h\u00e9ritage intellectuel du couvre-chef.<\/span><\/li><li style=\"font-weight: 400;\" aria-level=\"1\"><b>Sokol (La Reine\/Vizir) :<\/b><span style=\"font-weight: 400;\"> Nomm\u00e9 d'apr\u00e8s le symbole militaire du faucon et inspir\u00e9 par la finale en forme de d\u00f4me d'oignon et le design du casque du jeu d'\u00e9checs autrichien, il symbolise l'autorit\u00e9 militaire et la sagesse du \u201cvizir\u201d. Sokolovichi est la ville natale du grand vizir le plus influent de l'Empire ottoman, Sokollu Mehmet Pacha.<\/span><\/li><li style=\"font-weight: 400;\" aria-level=\"1\"><b>Bukefal (Le Chevalier) :<\/b><span style=\"font-weight: 400;\"> Nomm\u00e9 d'apr\u00e8s le cheval l\u00e9gendaire d'Alexandre le Grand, symbolisant l'\u00e9change bidirectionnel de culture entre l'Est et l'Ouest.<\/span><\/li><li style=\"font-weight: 400;\" aria-level=\"1\"><b>Shahrukh (La Tour) :<\/b><span style=\"font-weight: 400;\"> Une magnifique synth\u00e8se de l'\u00e9volution militaire, incorporant des \u00e9l\u00e9ments du char de guerre, de la tour, du canon et du navire. Timur, ma\u00eetre d'\u00e9checs et commandant, a donn\u00e9 \u00e0 son fils le nom de Shahrukh, car la nouvelle de sa naissance est arriv\u00e9e au cours d'une partie d'\u00e9checs.<\/span><\/li><li style=\"font-weight: 400;\" aria-level=\"1\"><b>Abul-Abbas (l'\u00e9v\u00eaque\/l'\u00e9l\u00e9phant) :<\/b><span style=\"font-weight: 400;\"> Il refl\u00e8te le voyage embl\u00e9matique de l'\u00e9l\u00e9phant offert \u00e0 Charlemagne et retrace la migration des \u00e9checs \u00e0 travers trois continents.<\/span><\/li><li style=\"font-weight: 400;\" aria-level=\"1\"><b>R\u00e9gence-Philidor (Le pion) :<\/b><span style=\"font-weight: 400;\"> Inspir\u00e9 des caf\u00e9s parisiens de l'\u00e9poque des Lumi\u00e8res et de la c\u00e9l\u00e8bre maxime de Philidor : \u201cLes pions sont l'\u00e2me du jeu d'\u00e9checs\u201d.<\/span><\/li><\/ul>\t\t\t\t\t\t\t\t<\/div>\n\t\t\t\t<\/div>\n\t\t\t\t<div class=\"elementor-element elementor-element-52a94ef elementor-widget elementor-widget-text-editor\" data-id=\"52a94ef\" data-element_type=\"widget\" data-e-type=\"widget\" data-widget_type=\"text-editor.default\">\n\t\t\t\t<div class=\"elementor-widget-container\">\n\t\t\t\t\t\t\t\t\t<h3><b>Conception et objectif<\/b><\/h3><p>Le set \u015eAH\u00ce est m\u00e9ticuleusement pr\u00e9par\u00e9 pour servir \u00e0 la fois d'exposition artistique et d'outil fonctionnel pour l'\u00e9ducation et les tournois. Sa philosophie de conception est ancr\u00e9e dans l'inclusion culturelle et spirituelle, ce qui lui permet de trouver un \u00e9cho aupr\u00e8s des joueurs du monde entier.<\/p><p><b>Un h\u00e9ritage de soutien :<\/b><\/p><p>La production de ce coffret a \u00e9t\u00e9 rendue possible gr\u00e2ce au soutien du Massachusetts Cultural Council et du programme Jeunesse de l'Union europ\u00e9enne.<\/p>\t\t\t\t\t\t\t\t<\/div>\n\t\t\t\t<\/div>\n\t\t\t\t<\/div>\n\t\t\t\t\t<\/div>\n\t\t\t\t<\/div>\n\t\t\t\t<\/div>","protected":false},"excerpt":{"rendered":"<p>The \u015eAH\u00ce Chess Set is more than just a game; it is a bridge between cultures, eras, and philosophies. Designed to evoke both imperial and royal sensations, the set draws its name from a term widely used in the Balkans and many Slavic languages to refer to the game of chess. The word &#8220;\u015eAH\u00ce&#8221; itself [&hellip;]<\/p>\n","protected":false},"author":1,"featured_media":0,"parent":743,"menu_order":0,"comment_status":"closed","ping_status":"closed","template":"","meta":{"footnotes":""},"class_list":["post-1016","page","type-page","status-publish","hentry"],"_links":{"self":[{"href":"https:\/\/shatranj.art\/fr\/wp-json\/wp\/v2\/pages\/1016","targetHints":{"allow":["GET"]}}],"collection":[{"href":"https:\/\/shatranj.art\/fr\/wp-json\/wp\/v2\/pages"}],"about":[{"href":"https:\/\/shatranj.art\/fr\/wp-json\/wp\/v2\/types\/page"}],"author":[{"embeddable":true,"href":"https:\/\/shatranj.art\/fr\/wp-json\/wp\/v2\/users\/1"}],"replies":[{"embeddable":true,"href":"https:\/\/shatranj.art\/fr\/wp-json\/wp\/v2\/comments?post=1016"}],"version-history":[{"count":19,"href":"https:\/\/shatranj.art\/fr\/wp-json\/wp\/v2\/pages\/1016\/revisions"}],"predecessor-version":[{"id":1601,"href":"https:\/\/shatranj.art\/fr\/wp-json\/wp\/v2\/pages\/1016\/revisions\/1601"}],"up":[{"embeddable":true,"href":"https:\/\/shatranj.art\/fr\/wp-json\/wp\/v2\/pages\/743"}],"wp:attachment":[{"href":"https:\/\/shatranj.art\/fr\/wp-json\/wp\/v2\/media?parent=1016"}],"curies":[{"name":"wp","href":"https:\/\/api.w.org\/{rel}","templated":true}]}}