{"id":1032,"date":"2026-02-22T17:38:33","date_gmt":"2026-02-22T17:38:33","guid":{"rendered":"https:\/\/shatranj.art\/?page_id=1032"},"modified":"2026-02-24T09:08:36","modified_gmt":"2026-02-24T09:08:36","slug":"poster-26","status":"publish","type":"page","link":"https:\/\/shatranj.art\/fr\/exhibit\/poster-26\/","title":{"rendered":"affiche 26"},"content":{"rendered":"<div data-elementor-type=\"wp-page\" data-elementor-id=\"1032\" class=\"elementor elementor-1032\" data-elementor-post-type=\"page\">\n\t\t\t\t<div class=\"elementor-element elementor-element-7573e53 e-flex e-con-boxed e-con e-parent\" data-id=\"7573e53\" data-element_type=\"container\" data-e-type=\"container\" data-settings=\"{&quot;background_background&quot;:&quot;classic&quot;}\">\n\t\t\t\t\t<div class=\"e-con-inner\">\n\t\t<div class=\"elementor-element elementor-element-bc8e8e5 e-con-full e-flex e-con e-child\" data-id=\"bc8e8e5\" data-element_type=\"container\" data-e-type=\"container\">\n\t\t\t\t<div class=\"elementor-element elementor-element-8e1f086 elementor-widget__width-initial elementor-widget elementor-widget-image\" data-id=\"8e1f086\" data-element_type=\"widget\" data-e-type=\"widget\" data-widget_type=\"image.default\">\n\t\t\t\t<div class=\"elementor-widget-container\">\n\t\t\t\t\t\t\t\t\t\t\t\t\t\t\t<img fetchpriority=\"high\" decoding=\"async\" width=\"683\" height=\"1024\" src=\"https:\/\/shatranj.art\/wp-content\/uploads\/2026\/02\/26-683x1024.jpg\" class=\"attachment-large size-large wp-image-1035\" alt=\"\" srcset=\"https:\/\/shatranj.art\/wp-content\/uploads\/2026\/02\/26-683x1024.jpg 683w, https:\/\/shatranj.art\/wp-content\/uploads\/2026\/02\/26-200x300.jpg 200w, https:\/\/shatranj.art\/wp-content\/uploads\/2026\/02\/26-768x1152.jpg 768w, https:\/\/shatranj.art\/wp-content\/uploads\/2026\/02\/26.jpg 970w\" sizes=\"(max-width: 683px) 100vw, 683px\" \/>\t\t\t\t\t\t\t\t\t\t\t\t\t\t\t<\/div>\n\t\t\t\t<\/div>\n\t\t\t\t<div class=\"elementor-element elementor-element-e5968dd elementor-widget__width-initial elementor-widget elementor-widget-text-editor\" data-id=\"e5968dd\" data-element_type=\"widget\" data-e-type=\"widget\" data-widget_type=\"text-editor.default\">\n\t\t\t\t<div class=\"elementor-widget-container\">\n\t\t\t\t\t\t\t\t\t<p><b>\u015eAH\u00ce <\/b><b>Abul-Abbas : Le voyage d'un \u00e9l\u00e9phant \u00e0 travers trois continents<\/b><\/p><p>\u00a0<\/p><p>Cette figurine tire son nom du l\u00e9gendaire \u00e9l\u00e9phant blanc, Abul-Abbas, offert par le calife abbasside Harun al-Rashid \u00e0 l'empereur romain Charlemagne au IXe si\u00e8cle. Ce voyage historique symbolise la migration des \u00e9checs de l'Inde et du Moyen-Orient vers l'Europe, marquant l'un des premiers \u00e9changes culturels majeurs de l'histoire. Incarnant l'\u00e9volution de la pi\u00e8ce connue dans le jeu d'\u00e9checs moderne sous le nom de \u201cunlimited diagonal mover\u201d, ce dessin offre une synth\u00e8se homog\u00e8ne de l'Orient et de l'Occident, fusionnant l'iconographie orientale ancienne avec l'h\u00e9ritage strat\u00e9gique occidental. Autrefois une pi\u00e8ce limit\u00e9e \u00e0 un saut de deux cases en diagonale, l'\"\u00e9l\u00e9phant\" est ici r\u00e9imagin\u00e9 pour honorer ses racines historiques tout en embrassant son r\u00f4le moderne sur l'\u00e9chiquier.<\/p><p>\u00a0<\/p><p>Au cours de l'histoire des \u00e9checs, cette pi\u00e8ce a \u00e9t\u00e9 nomm\u00e9e \u00e9l\u00e9phant, crocodile, tortue, chameau, porte-\u00e9tendard, coursier, officier, lance, coureur, chasseur, archer, bouffon, passeur de diagonale et fou. Dans le jeu d'\u00e9checs moderne, il a g\u00e9n\u00e9ralement la forme d'une mitre d'\u00e9v\u00eaque.<\/p>\t\t\t\t\t\t\t\t<\/div>\n\t\t\t\t<\/div>\n\t\t\t\t<div class=\"elementor-element elementor-element-0eee556 elementor-widget__width-initial elementor-widget elementor-widget-image\" data-id=\"0eee556\" data-element_type=\"widget\" data-e-type=\"widget\" data-widget_type=\"image.default\">\n\t\t\t\t<div class=\"elementor-widget-container\">\n\t\t\t\t\t\t\t\t\t\t\t\t\t\t\t<img decoding=\"async\" width=\"707\" height=\"1024\" src=\"https:\/\/shatranj.art\/wp-content\/uploads\/2026\/02\/26-1-707x1024.jpg\" class=\"attachment-large size-large wp-image-1036\" alt=\"\" srcset=\"https:\/\/shatranj.art\/wp-content\/uploads\/2026\/02\/26-1-707x1024.jpg 707w, https:\/\/shatranj.art\/wp-content\/uploads\/2026\/02\/26-1-207x300.jpg 207w, https:\/\/shatranj.art\/wp-content\/uploads\/2026\/02\/26-1-768x1112.jpg 768w, https:\/\/shatranj.art\/wp-content\/uploads\/2026\/02\/26-1.jpg 990w\" sizes=\"(max-width: 707px) 100vw, 707px\" \/>\t\t\t\t\t\t\t\t\t\t\t\t\t\t\t<\/div>\n\t\t\t\t<\/div>\n\t\t\t\t<\/div>\n\t\t<div class=\"elementor-element elementor-element-8d4ae5d e-con-full e-flex e-con e-child\" data-id=\"8d4ae5d\" data-element_type=\"container\" data-e-type=\"container\">\n\t\t\t\t<div class=\"elementor-element elementor-element-68b6ede elementor-widget__width-initial elementor-widget elementor-widget-image\" data-id=\"68b6ede\" data-element_type=\"widget\" data-e-type=\"widget\" data-widget_type=\"image.default\">\n\t\t\t\t<div class=\"elementor-widget-container\">\n\t\t\t\t\t\t\t\t\t\t\t\t\t\t\t<img decoding=\"async\" width=\"739\" height=\"1024\" src=\"https:\/\/shatranj.art\/wp-content\/uploads\/2026\/02\/26-2-739x1024.jpg\" class=\"attachment-large size-large wp-image-1037\" alt=\"\" srcset=\"https:\/\/shatranj.art\/wp-content\/uploads\/2026\/02\/26-2-739x1024.jpg 739w, https:\/\/shatranj.art\/wp-content\/uploads\/2026\/02\/26-2-216x300.jpg 216w, https:\/\/shatranj.art\/wp-content\/uploads\/2026\/02\/26-2-768x1065.jpg 768w, https:\/\/shatranj.art\/wp-content\/uploads\/2026\/02\/26-2.jpg 976w\" sizes=\"(max-width: 739px) 100vw, 739px\" \/>\t\t\t\t\t\t\t\t\t\t\t\t\t\t\t<\/div>\n\t\t\t\t<\/div>\n\t\t\t\t<div class=\"elementor-element elementor-element-f6ee51c elementor-widget__width-initial elementor-widget elementor-widget-text-editor\" data-id=\"f6ee51c\" data-element_type=\"widget\" data-e-type=\"widget\" data-widget_type=\"text-editor.default\">\n\t\t\t\t<div class=\"elementor-widget-container\">\n\t\t\t\t\t\t\t\t\t<p><b>L'\u00e9l\u00e9phant de Charlemagne : Un h\u00e9ritage m\u00e9di\u00e9val majestueux<\/b><\/p><p>\u00a0<\/p><p><span style=\"font-weight: 400;\">Datant du XIe si\u00e8cle et provenant vraisemblablement du sud de l'Italie ou de l'Espagne, cette collection renomm\u00e9e repr\u00e9sente le summum de l'artisanat de l'ivoire. Faisant partie des c\u00e9l\u00e8bres \u201c\u00e9checs de Charlemagne\u201d, cette figure d'\u00e9l\u00e9phant se distingue par ses sculptures complexes qui refl\u00e8tent les v\u00eatements aristocratiques et les \u00e9l\u00e9ments symboliques de l'\u00e9poque. Documentant la transformation esth\u00e9tique du jeu d'\u00e9checs lors de sa migration du monde islamique vers les cours europ\u00e9ennes, cette pi\u00e8ce prouve que ce jeu n'\u00e9tait pas seulement un outil de strat\u00e9gie, mais aussi un puissant symbole de pouvoir diplomatique et culturel.<\/span><\/p>\t\t\t\t\t\t\t\t<\/div>\n\t\t\t\t<\/div>\n\t\t\t\t<div class=\"elementor-element elementor-element-40a994a elementor-widget__width-initial elementor-widget elementor-widget-image\" data-id=\"40a994a\" data-element_type=\"widget\" data-e-type=\"widget\" data-widget_type=\"image.default\">\n\t\t\t\t<div class=\"elementor-widget-container\">\n\t\t\t\t\t\t\t\t\t\t\t\t\t\t\t<img loading=\"lazy\" decoding=\"async\" width=\"800\" height=\"1010\" src=\"https:\/\/shatranj.art\/wp-content\/uploads\/2026\/02\/26-3-811x1024.jpg\" class=\"attachment-large size-large wp-image-1038\" alt=\"\" srcset=\"https:\/\/shatranj.art\/wp-content\/uploads\/2026\/02\/26-3-811x1024.jpg 811w, https:\/\/shatranj.art\/wp-content\/uploads\/2026\/02\/26-3-238x300.jpg 238w, https:\/\/shatranj.art\/wp-content\/uploads\/2026\/02\/26-3-768x970.jpg 768w, https:\/\/shatranj.art\/wp-content\/uploads\/2026\/02\/26-3.jpg 1024w\" sizes=\"(max-width: 800px) 100vw, 800px\" \/>\t\t\t\t\t\t\t\t\t\t\t\t\t\t\t<\/div>\n\t\t\t\t<\/div>\n\t\t\t\t<\/div>\n\t\t<div class=\"elementor-element elementor-element-0f85a0b e-con-full e-flex e-con e-child\" data-id=\"0f85a0b\" data-element_type=\"container\" data-e-type=\"container\">\n\t\t<div class=\"elementor-element elementor-element-0dc5372 e-con-full e-flex e-con e-child\" data-id=\"0dc5372\" data-element_type=\"container\" data-e-type=\"container\">\n\t\t\t\t<div class=\"elementor-element elementor-element-3afacdc elementor-widget elementor-widget-image\" data-id=\"3afacdc\" data-element_type=\"widget\" data-e-type=\"widget\" data-widget_type=\"image.default\">\n\t\t\t\t<div class=\"elementor-widget-container\">\n\t\t\t\t\t\t\t\t\t\t\t\t\t\t\t<img loading=\"lazy\" decoding=\"async\" width=\"800\" height=\"641\" src=\"https:\/\/shatranj.art\/wp-content\/uploads\/2026\/02\/26-4-1024x820.jpg\" class=\"attachment-large size-large wp-image-1039\" alt=\"\" srcset=\"https:\/\/shatranj.art\/wp-content\/uploads\/2026\/02\/26-4-1024x820.jpg 1024w, https:\/\/shatranj.art\/wp-content\/uploads\/2026\/02\/26-4-300x240.jpg 300w, https:\/\/shatranj.art\/wp-content\/uploads\/2026\/02\/26-4-768x615.jpg 768w, https:\/\/shatranj.art\/wp-content\/uploads\/2026\/02\/26-4.jpg 1307w\" sizes=\"(max-width: 800px) 100vw, 800px\" \/>\t\t\t\t\t\t\t\t\t\t\t\t\t\t\t<\/div>\n\t\t\t\t<\/div>\n\t\t\t\t<div class=\"elementor-element elementor-element-aab0574 elementor-widget elementor-widget-text-editor\" data-id=\"aab0574\" data-element_type=\"widget\" data-e-type=\"widget\" data-widget_type=\"text-editor.default\">\n\t\t\t\t<div class=\"elementor-widget-container\">\n\t\t\t\t\t\t\t\t\t<p><b>1950 \u00c9v\u00eaques de Dubrovnik et de Staunton : Forme et symbolisme<\/b><\/p><p>\u00a0<\/p><p><span style=\"font-weight: 400;\">Ce visuel montre comment deux philosophies diff\u00e9rentes se refl\u00e8tent dans les pi\u00e8ces de l'\u00e9v\u00eaque (les premi\u00e8re et troisi\u00e8me pi\u00e8ces en partant de la gauche appartiennent \u00e0 l'ensemble Dubrovnik). L'\u00e9v\u00eaque de Dubrovnik de 1950 offre une esth\u00e9tique plus s\u00e9culi\u00e8re et moderne, d\u00e9finie par sa silhouette \u00e9l\u00e9gante et ses d\u00e9tails raffin\u00e9s, sans symboles religieux. En revanche, l'\u00e9v\u00eaque de Staunton suit les formes chr\u00e9tiennes traditionnelles, avec une mitre pro\u00e9minente qui coupe un symbole religieux dans une structure plus rigide et plus robuste. La distinction entre le design dynamique et inclusif de Dubrovnik et les limites traditionnelles de Staunton montre comment les pi\u00e8ces d'\u00e9checs sont des repr\u00e9sentations de l'identit\u00e9 culturelle.<\/span><\/p>\t\t\t\t\t\t\t\t<\/div>\n\t\t\t\t<\/div>\n\t\t\t\t<\/div>\n\t\t<div class=\"elementor-element elementor-element-b8ec708 e-con-full e-flex e-con e-child\" data-id=\"b8ec708\" data-element_type=\"container\" data-e-type=\"container\">\n\t\t\t\t<div class=\"elementor-element elementor-element-3d9231a elementor-widget elementor-widget-image\" data-id=\"3d9231a\" data-element_type=\"widget\" data-e-type=\"widget\" data-widget_type=\"image.default\">\n\t\t\t\t<div class=\"elementor-widget-container\">\n\t\t\t\t\t\t\t\t\t\t\t\t\t\t\t<img loading=\"lazy\" decoding=\"async\" width=\"696\" height=\"1024\" src=\"https:\/\/shatranj.art\/wp-content\/uploads\/2026\/02\/26-5-696x1024.jpg\" class=\"attachment-large size-large wp-image-1040\" alt=\"\" srcset=\"https:\/\/shatranj.art\/wp-content\/uploads\/2026\/02\/26-5-696x1024.jpg 696w, https:\/\/shatranj.art\/wp-content\/uploads\/2026\/02\/26-5-204x300.jpg 204w, https:\/\/shatranj.art\/wp-content\/uploads\/2026\/02\/26-5-768x1130.jpg 768w, https:\/\/shatranj.art\/wp-content\/uploads\/2026\/02\/26-5-1044x1536.jpg 1044w, https:\/\/shatranj.art\/wp-content\/uploads\/2026\/02\/26-5.jpg 1113w\" sizes=\"(max-width: 696px) 100vw, 696px\" \/>\t\t\t\t\t\t\t\t\t\t\t\t\t\t\t<\/div>\n\t\t\t\t<\/div>\n\t\t\t\t<div class=\"elementor-element elementor-element-556ae15 elementor-widget elementor-widget-text-editor\" data-id=\"556ae15\" data-element_type=\"widget\" data-e-type=\"widget\" data-widget_type=\"text-editor.default\">\n\t\t\t\t<div class=\"elementor-widget-container\">\n\t\t\t\t\t\t\t\t\t<p><b>L'\u00e9v\u00eaque Dominic Snow : Une forme strat\u00e9gique contemporaine<\/b><\/p><p>\u00a0<\/p><p><span style=\"font-weight: 400;\">Refl\u00e9tant la vision cr\u00e9ative de l'artiste Dominic Snow, cette pi\u00e8ce insuffle une vie moderne et sculpturale aux figures traditionnelles du jeu d'\u00e9checs. Sa forme fluide et ses extraordinaires transitions de couleurs transcendent les limites conventionnelles du fou, red\u00e9finissant les \u00e9l\u00e9ments classiques du jeu par le biais de l'expression artistique. Cette figure t\u00e9moigne du fait que les \u00e9checs ne sont pas simplement une bataille d'esprit, mais une exp\u00e9rience esth\u00e9tique avec des couches visuelles et intellectuelles profondes.<\/span><\/p>\t\t\t\t\t\t\t\t<\/div>\n\t\t\t\t<\/div>\n\t\t\t\t<\/div>\n\t\t<div class=\"elementor-element elementor-element-f39a3b4 e-con-full e-flex e-con e-child\" data-id=\"f39a3b4\" data-element_type=\"container\" data-e-type=\"container\">\n\t\t\t\t<div class=\"elementor-element elementor-element-8a9ba6b elementor-widget elementor-widget-image\" data-id=\"8a9ba6b\" data-element_type=\"widget\" data-e-type=\"widget\" data-widget_type=\"image.default\">\n\t\t\t\t<div class=\"elementor-widget-container\">\n\t\t\t\t\t\t\t\t\t\t\t\t\t\t\t<img loading=\"lazy\" decoding=\"async\" width=\"800\" height=\"520\" src=\"https:\/\/shatranj.art\/wp-content\/uploads\/2026\/02\/26-6-1024x665.jpg\" class=\"attachment-large size-large wp-image-1041\" alt=\"\" srcset=\"https:\/\/shatranj.art\/wp-content\/uploads\/2026\/02\/26-6-1024x665.jpg 1024w, https:\/\/shatranj.art\/wp-content\/uploads\/2026\/02\/26-6-300x195.jpg 300w, https:\/\/shatranj.art\/wp-content\/uploads\/2026\/02\/26-6-768x499.jpg 768w, https:\/\/shatranj.art\/wp-content\/uploads\/2026\/02\/26-6.jpg 1491w\" sizes=\"(max-width: 800px) 100vw, 800px\" \/>\t\t\t\t\t\t\t\t\t\t\t\t\t\t\t<\/div>\n\t\t\t\t<\/div>\n\t\t\t\t<div class=\"elementor-element elementor-element-ae04c33 elementor-widget elementor-widget-text-editor\" data-id=\"ae04c33\" data-element_type=\"widget\" data-e-type=\"widget\" data-widget_type=\"text-editor.default\">\n\t\t\t\t<div class=\"elementor-widget-container\">\n\t\t\t\t\t\t\t\t\t<p><b>\u00c9l\u00e9phant d'\u00e9checs de l'\u00e9poque timouride<\/b> <span style=\"font-weight: 400;\"><br \/><\/span><span style=\"font-weight: 400;\"><br \/><\/span>Cette pi\u00e8ce en pierre sculpt\u00e9e \u00e0 la main illustre la transition historique entre le r\u00e9alisme figuratif et l'abstraction islamique. La forme distincte \u201c\u00e0 deux cornes\u201d est une repr\u00e9sentation symbolique des d\u00e9fenses d'un \u00e9l\u00e9phant, un motif qui s'est r\u00e9pandu \u00e0 travers le Moyen-Orient et la M\u00e9diterran\u00e9e. Alors que les Anglais ont adopt\u00e9 plus tard le nom \u201cBishop\u201d, les Espagnols ont conserv\u00e9 la racine arabe originale Alfil (l'\u00e9l\u00e9phant), et les Fran\u00e7ais ont fait \u00e9voluer phon\u00e9tiquement le terme pour en faire Le Fou. Cette pi\u00e8ce t\u00e9moigne de l'h\u00e9ritage durable du personnage original de l'\u00e9l\u00e9phant et de l'esprit universel du jeu.<\/p>\t\t\t\t\t\t\t\t<\/div>\n\t\t\t\t<\/div>\n\t\t\t\t<div class=\"elementor-element elementor-element-909cf0f elementor-widget elementor-widget-image\" data-id=\"909cf0f\" data-element_type=\"widget\" data-e-type=\"widget\" data-widget_type=\"image.default\">\n\t\t\t\t<div class=\"elementor-widget-container\">\n\t\t\t\t\t\t\t\t\t\t\t\t\t\t\t<img loading=\"lazy\" decoding=\"async\" width=\"116\" height=\"90\" src=\"https:\/\/shatranj.art\/wp-content\/uploads\/2026\/02\/nishapur-elephant-piece.jpg\" class=\"attachment-large size-large wp-image-1570\" alt=\"\" srcset=\"https:\/\/shatranj.art\/wp-content\/uploads\/2026\/02\/nishapur-elephant-piece.jpg 116w, https:\/\/shatranj.art\/wp-content\/uploads\/2026\/02\/nishapur-elephant-piece-15x12.jpg 15w\" sizes=\"(max-width: 116px) 100vw, 116px\" \/>\t\t\t\t\t\t\t\t\t\t\t\t\t\t\t<\/div>\n\t\t\t\t<\/div>\n\t\t\t\t<div class=\"elementor-element elementor-element-36cfba7 elementor-widget elementor-widget-text-editor\" data-id=\"36cfba7\" data-element_type=\"widget\" data-e-type=\"widget\" data-widget_type=\"text-editor.default\">\n\t\t\t\t<div class=\"elementor-widget-container\">\n\t\t\t\t\t\t\t\t\t<p><b>Pi\u00e8ce d'\u00e9l\u00e9phant de Nishapur, IXe si\u00e8cle<br \/><br \/><\/b>Des \u00e9l\u00e9phants de forme similaire \u00e9taient utilis\u00e9s en Espagne et figurent comme ic\u00f4nes d'\u00e9checs dans le Libro del Acedrez, \u00e9crit au XIIIe si\u00e8cle en Espagne.<\/p>\t\t\t\t\t\t\t\t<\/div>\n\t\t\t\t<\/div>\n\t\t\t\t<\/div>\n\t\t\t\t<\/div>\n\t\t\t\t\t<\/div>\n\t\t\t\t<\/div>\n\t\t\t\t<\/div>","protected":false},"excerpt":{"rendered":"<p>\u015eAH\u00ce Abul-Abbas: The Elephant\u2019s Journey Across Three Continents \u00a0 This figure takes its name from the legendary white elephant, Abul-Abbas, gifted by the Abbasid Caliph Harun al-Rashid to the Holy Roman Emperor Charlemagne in the 9th century. This historical voyage symbolizes the migration of chess from India and the Middle East to Europe, marking one [&hellip;]<\/p>\n","protected":false},"author":1,"featured_media":0,"parent":743,"menu_order":0,"comment_status":"closed","ping_status":"closed","template":"","meta":{"footnotes":""},"class_list":["post-1032","page","type-page","status-publish","hentry"],"_links":{"self":[{"href":"https:\/\/shatranj.art\/fr\/wp-json\/wp\/v2\/pages\/1032","targetHints":{"allow":["GET"]}}],"collection":[{"href":"https:\/\/shatranj.art\/fr\/wp-json\/wp\/v2\/pages"}],"about":[{"href":"https:\/\/shatranj.art\/fr\/wp-json\/wp\/v2\/types\/page"}],"author":[{"embeddable":true,"href":"https:\/\/shatranj.art\/fr\/wp-json\/wp\/v2\/users\/1"}],"replies":[{"embeddable":true,"href":"https:\/\/shatranj.art\/fr\/wp-json\/wp\/v2\/comments?post=1032"}],"version-history":[{"count":22,"href":"https:\/\/shatranj.art\/fr\/wp-json\/wp\/v2\/pages\/1032\/revisions"}],"predecessor-version":[{"id":1576,"href":"https:\/\/shatranj.art\/fr\/wp-json\/wp\/v2\/pages\/1032\/revisions\/1576"}],"up":[{"embeddable":true,"href":"https:\/\/shatranj.art\/fr\/wp-json\/wp\/v2\/pages\/743"}],"wp:attachment":[{"href":"https:\/\/shatranj.art\/fr\/wp-json\/wp\/v2\/media?parent=1032"}],"curies":[{"name":"wp","href":"https:\/\/api.w.org\/{rel}","templated":true}]}}