{"id":1053,"date":"2026-02-22T18:09:29","date_gmt":"2026-02-22T18:09:29","guid":{"rendered":"https:\/\/shatranj.art\/?page_id=1053"},"modified":"2026-02-23T05:20:05","modified_gmt":"2026-02-23T05:20:05","slug":"poster-28","status":"publish","type":"page","link":"https:\/\/shatranj.art\/fr\/exhibit\/poster-28\/","title":{"rendered":"affiche 28"},"content":{"rendered":"<div data-elementor-type=\"wp-page\" data-elementor-id=\"1053\" class=\"elementor elementor-1053\" data-elementor-post-type=\"page\">\n\t\t\t\t<div class=\"elementor-element elementor-element-0bbd3b8 e-flex e-con-boxed e-con e-parent\" data-id=\"0bbd3b8\" data-element_type=\"container\" data-e-type=\"container\" data-settings=\"{&quot;background_background&quot;:&quot;classic&quot;}\">\n\t\t\t\t\t<div class=\"e-con-inner\">\n\t\t<div class=\"elementor-element elementor-element-c1f4b02 e-con-full e-flex e-con e-child\" data-id=\"c1f4b02\" data-element_type=\"container\" data-e-type=\"container\">\n\t\t\t\t<div class=\"elementor-element elementor-element-be9a805 elementor-widget__width-initial elementor-widget elementor-widget-image\" data-id=\"be9a805\" data-element_type=\"widget\" data-e-type=\"widget\" data-widget_type=\"image.default\">\n\t\t\t\t<div class=\"elementor-widget-container\">\n\t\t\t\t\t\t\t\t\t\t\t\t\t\t\t<img fetchpriority=\"high\" decoding=\"async\" width=\"683\" height=\"1024\" src=\"https:\/\/shatranj.art\/wp-content\/uploads\/2026\/02\/28-683x1024.jpg\" class=\"attachment-large size-large wp-image-1059\" alt=\"\" srcset=\"https:\/\/shatranj.art\/wp-content\/uploads\/2026\/02\/28-683x1024.jpg 683w, https:\/\/shatranj.art\/wp-content\/uploads\/2026\/02\/28-200x300.jpg 200w, https:\/\/shatranj.art\/wp-content\/uploads\/2026\/02\/28-768x1152.jpg 768w, https:\/\/shatranj.art\/wp-content\/uploads\/2026\/02\/28-1024x1536.jpg 1024w, https:\/\/shatranj.art\/wp-content\/uploads\/2026\/02\/28.jpg 1249w\" sizes=\"(max-width: 683px) 100vw, 683px\" \/>\t\t\t\t\t\t\t\t\t\t\t\t\t\t\t<\/div>\n\t\t\t\t<\/div>\n\t\t\t\t<div class=\"elementor-element elementor-element-b42301a elementor-widget__width-initial elementor-widget-tablet__width-inherit elementor-widget elementor-widget-text-editor\" data-id=\"b42301a\" data-element_type=\"widget\" data-e-type=\"widget\" data-widget_type=\"text-editor.default\">\n\t\t\t\t<div class=\"elementor-widget-container\">\n\t\t\t\t\t\t\t\t\t<p><b>L'ensemble \u015eah\u00ee : Regency Philidor Pawn<\/b><\/p><p>\u00a0<\/p><p>La diffusion du caf\u00e9 et des caf\u00e9s est li\u00e9e \u00e0 l'\u00e9volution du jeu d'\u00e9checs. Le pion R\u00e9gence Philidor s'inspire du jeu d'\u00e9checs authentique du caf\u00e9 Paris-R\u00e9gence au si\u00e8cle des Lumi\u00e8res et de la c\u00e9l\u00e8bre phrase du meilleur joueur de l'\u00e9poque, Philidor : \u201cLes pions sont l'\u00e2me des \u00e9checs.<\/p><p>\u00a0<\/p><p>La structure des pions est l'un des crit\u00e8res les plus importants pour d\u00e9terminer le d\u00e9roulement d'une partie d'\u00e9checs, et de nombreuses positions sont class\u00e9es en fonction de la structure des pions. Philidor, compositeur d'op\u00e9ra et l'un des rares joueurs \u00e0 avoir vaincu le Turc, un c\u00e9l\u00e8bre automate d'\u00e9checs, a soulign\u00e9 que les citoyens ordinaires \u00e9taient le fondement et l'\u00e2me de la soci\u00e9t\u00e9.<\/p>\t\t\t\t\t\t\t\t<\/div>\n\t\t\t\t<\/div>\n\t\t\t\t<div class=\"elementor-element elementor-element-080136b elementor-widget__width-initial elementor-widget elementor-widget-image\" data-id=\"080136b\" data-element_type=\"widget\" data-e-type=\"widget\" data-widget_type=\"image.default\">\n\t\t\t\t<div class=\"elementor-widget-container\">\n\t\t\t\t\t\t\t\t\t\t\t\t\t\t\t<img decoding=\"async\" width=\"683\" height=\"1024\" src=\"https:\/\/shatranj.art\/wp-content\/uploads\/2026\/02\/28-1-683x1024.jpg\" class=\"attachment-large size-large wp-image-1060\" alt=\"\" srcset=\"https:\/\/shatranj.art\/wp-content\/uploads\/2026\/02\/28-1-683x1024.jpg 683w, https:\/\/shatranj.art\/wp-content\/uploads\/2026\/02\/28-1-200x300.jpg 200w, https:\/\/shatranj.art\/wp-content\/uploads\/2026\/02\/28-1-768x1152.jpg 768w, https:\/\/shatranj.art\/wp-content\/uploads\/2026\/02\/28-1-1024x1536.jpg 1024w, https:\/\/shatranj.art\/wp-content\/uploads\/2026\/02\/28-1.jpg 1262w\" sizes=\"(max-width: 683px) 100vw, 683px\" \/>\t\t\t\t\t\t\t\t\t\t\t\t\t\t\t<\/div>\n\t\t\t\t<\/div>\n\t\t\t\t<\/div>\n\t\t<div class=\"elementor-element elementor-element-94f3877 e-con-full e-flex e-con e-child\" data-id=\"94f3877\" data-element_type=\"container\" data-e-type=\"container\">\n\t\t<div class=\"elementor-element elementor-element-da14b56 e-con-full e-flex e-con e-child\" data-id=\"da14b56\" data-element_type=\"container\" data-e-type=\"container\">\n\t\t\t\t<div class=\"elementor-element elementor-element-3478291 elementor-widget elementor-widget-image\" data-id=\"3478291\" data-element_type=\"widget\" data-e-type=\"widget\" data-widget_type=\"image.default\">\n\t\t\t\t<div class=\"elementor-widget-container\">\n\t\t\t\t\t\t\t\t\t\t\t\t\t\t\t<img decoding=\"async\" width=\"800\" height=\"648\" src=\"https:\/\/shatranj.art\/wp-content\/uploads\/2026\/02\/28-2-1024x829.jpg\" class=\"attachment-large size-large wp-image-1064\" alt=\"\" srcset=\"https:\/\/shatranj.art\/wp-content\/uploads\/2026\/02\/28-2-1024x829.jpg 1024w, https:\/\/shatranj.art\/wp-content\/uploads\/2026\/02\/28-2-300x243.jpg 300w, https:\/\/shatranj.art\/wp-content\/uploads\/2026\/02\/28-2-768x622.jpg 768w, https:\/\/shatranj.art\/wp-content\/uploads\/2026\/02\/28-2-1536x1244.jpg 1536w, https:\/\/shatranj.art\/wp-content\/uploads\/2026\/02\/28-2.jpg 1973w\" sizes=\"(max-width: 800px) 100vw, 800px\" \/>\t\t\t\t\t\t\t\t\t\t\t\t\t\t\t<\/div>\n\t\t\t\t<\/div>\n\t\t\t\t<div class=\"elementor-element elementor-element-3621f13 elementor-widget-tablet__width-inherit elementor-widget elementor-widget-text-editor\" data-id=\"3621f13\" data-element_type=\"widget\" data-e-type=\"widget\" data-widget_type=\"text-editor.default\">\n\t\t\t\t<div class=\"elementor-widget-container\">\n\t\t\t\t\t\t\t\t\t<p><span style=\"font-weight: 400;\">Pion d'\u00e9checs de Bagdad datant de l'\u00e9poque abbasside, pr\u00e9sentant une forme g\u00e9om\u00e9trique distinctive et de fines gravures en surface. Cette pi\u00e8ce refl\u00e8te le raffinement de l'artisanat de l'\u00e9poque et souligne l'importance strat\u00e9gique du pion gr\u00e2ce \u00e0 sa conception unique et d\u00e9taill\u00e9e.<\/span><\/p>\t\t\t\t\t\t\t\t<\/div>\n\t\t\t\t<\/div>\n\t\t\t\t<\/div>\n\t\t<div class=\"elementor-element elementor-element-3a10b69 e-con-full e-flex e-con e-child\" data-id=\"3a10b69\" data-element_type=\"container\" data-e-type=\"container\">\n\t\t\t\t<div class=\"elementor-element elementor-element-9fad6d9 elementor-widget elementor-widget-image\" data-id=\"9fad6d9\" data-element_type=\"widget\" data-e-type=\"widget\" data-widget_type=\"image.default\">\n\t\t\t\t<div class=\"elementor-widget-container\">\n\t\t\t\t\t\t\t\t\t\t\t\t\t\t\t<img loading=\"lazy\" decoding=\"async\" width=\"768\" height=\"1024\" src=\"https:\/\/shatranj.art\/wp-content\/uploads\/2026\/02\/28-3-768x1024.jpg\" class=\"attachment-large size-large wp-image-1061\" alt=\"\" srcset=\"https:\/\/shatranj.art\/wp-content\/uploads\/2026\/02\/28-3-768x1024.jpg 768w, https:\/\/shatranj.art\/wp-content\/uploads\/2026\/02\/28-3-225x300.jpg 225w, https:\/\/shatranj.art\/wp-content\/uploads\/2026\/02\/28-3-1152x1536.jpg 1152w, https:\/\/shatranj.art\/wp-content\/uploads\/2026\/02\/28-3.jpg 1195w\" sizes=\"(max-width: 768px) 100vw, 768px\" \/>\t\t\t\t\t\t\t\t\t\t\t\t\t\t\t<\/div>\n\t\t\t\t<\/div>\n\t\t\t\t<div class=\"elementor-element elementor-element-7ad603d elementor-widget-tablet__width-inherit elementor-widget elementor-widget-text-editor\" data-id=\"7ad603d\" data-element_type=\"widget\" data-e-type=\"widget\" data-widget_type=\"text-editor.default\">\n\t\t\t\t<div class=\"elementor-widget-container\">\n\t\t\t\t\t\t\t\t\t<p><b>1820 Hindistan Piyon Ta\u015f\u0131<\/b> <span style=\"font-weight: 400;\"><br \/><\/span><span style=\"font-weight: 400;\"><br \/><\/span><span style=\"font-weight: 400;\">Geleneksel Hint k\u0131yafetleri ve aksesuarlar\u0131yla betimlenmi\u015f, 1820 y\u0131l\u0131na ait fig\u00fcratif satran\u00e7 piyonu. Bu par\u00e7a, 19. y\u00fczy\u0131l Hindistan'\u0131ndaki k\u00fclt\u00fcrel unsurlar\u0131 ve o d\u00f6nem satran\u00e7 tak\u0131mlar\u0131nda yayg\u0131n olan ger\u00e7ek\u00e7i tasar\u0131m anlay\u0131\u015f\u0131n\u0131 yans\u0131t\u0131r.<\/span><\/p>\t\t\t\t\t\t\t\t<\/div>\n\t\t\t\t<\/div>\n\t\t\t\t<\/div>\n\t\t<div class=\"elementor-element elementor-element-926e3bd e-con-full e-flex e-con e-child\" data-id=\"926e3bd\" data-element_type=\"container\" data-e-type=\"container\">\n\t\t\t\t<div class=\"elementor-element elementor-element-8fc6637 elementor-widget elementor-widget-image\" data-id=\"8fc6637\" data-element_type=\"widget\" data-e-type=\"widget\" data-widget_type=\"image.default\">\n\t\t\t\t<div class=\"elementor-widget-container\">\n\t\t\t\t\t\t\t\t\t\t\t\t\t\t\t<img loading=\"lazy\" decoding=\"async\" width=\"800\" height=\"498\" src=\"https:\/\/shatranj.art\/wp-content\/uploads\/2026\/02\/28-5-1024x637.jpg\" class=\"attachment-large size-large wp-image-1062\" alt=\"\" srcset=\"https:\/\/shatranj.art\/wp-content\/uploads\/2026\/02\/28-5-1024x637.jpg 1024w, https:\/\/shatranj.art\/wp-content\/uploads\/2026\/02\/28-5-300x187.jpg 300w, https:\/\/shatranj.art\/wp-content\/uploads\/2026\/02\/28-5-768x478.jpg 768w, https:\/\/shatranj.art\/wp-content\/uploads\/2026\/02\/28-5-1536x955.jpg 1536w, https:\/\/shatranj.art\/wp-content\/uploads\/2026\/02\/28-5.jpg 1835w\" sizes=\"(max-width: 800px) 100vw, 800px\" \/>\t\t\t\t\t\t\t\t\t\t\t\t\t\t\t<\/div>\n\t\t\t\t<\/div>\n\t\t\t\t<div class=\"elementor-element elementor-element-ea860c4 elementor-widget-tablet__width-inherit elementor-widget elementor-widget-text-editor\" data-id=\"ea860c4\" data-element_type=\"widget\" data-e-type=\"widget\" data-widget_type=\"text-editor.default\">\n\t\t\t\t<div class=\"elementor-widget-container\">\n\t\t\t\t\t\t\t\t\t<p><b>Pion de la R\u00e9gence fran\u00e7aise<\/b> <span style=\"font-weight: 400;\"><br \/><\/span><span style=\"font-weight: 400;\"><br \/><\/span><span style=\"font-weight: 400;\">Refl\u00e9tant l'esth\u00e9tique \u00e9l\u00e9gante du XVIIIe si\u00e8cle, le pion de la R\u00e9gence fran\u00e7aise incarne le c\u00e9l\u00e8bre principe de Philidor selon lequel \u201cles pions sont l'\u00e2me du jeu d'\u00e9checs\u201d. Philidor, qui a contribu\u00e9 \u00e0 populariser ce style, est \u00e9galement connu pour avoir vaincu l'automate \u201cTurc m\u00e9canique\u201d, prouvant ainsi sa ma\u00eetrise du jeu et des c\u00e9l\u00e8bres illusions de l'\u00e9poque.<\/span><\/p>\t\t\t\t\t\t\t\t<\/div>\n\t\t\t\t<\/div>\n\t\t\t\t<\/div>\n\t\t\t\t<\/div>\n\t\t\t\t\t<\/div>\n\t\t\t\t<\/div>\n\t\t\t\t<\/div>","protected":false},"excerpt":{"rendered":"<p>The \u015eah\u00ee Set: Regency Philidor Pawn \u00a0 The spread of coffee and caf\u00e9s intertwines with the evolution of chess. The R\u00e9gence Philidor pawn is inspired by the authentic chess set from Paris-R\u00e9gence caf\u00e9 during the Age of Enlightenment and the famous phrase by the era&#8217;s strongest player, Philidor: &#8220;Pawns are the soul of chess. \u00a0 [&hellip;]<\/p>\n","protected":false},"author":1,"featured_media":0,"parent":743,"menu_order":0,"comment_status":"closed","ping_status":"closed","template":"","meta":{"footnotes":""},"class_list":["post-1053","page","type-page","status-publish","hentry"],"_links":{"self":[{"href":"https:\/\/shatranj.art\/fr\/wp-json\/wp\/v2\/pages\/1053","targetHints":{"allow":["GET"]}}],"collection":[{"href":"https:\/\/shatranj.art\/fr\/wp-json\/wp\/v2\/pages"}],"about":[{"href":"https:\/\/shatranj.art\/fr\/wp-json\/wp\/v2\/types\/page"}],"author":[{"embeddable":true,"href":"https:\/\/shatranj.art\/fr\/wp-json\/wp\/v2\/users\/1"}],"replies":[{"embeddable":true,"href":"https:\/\/shatranj.art\/fr\/wp-json\/wp\/v2\/comments?post=1053"}],"version-history":[{"count":10,"href":"https:\/\/shatranj.art\/fr\/wp-json\/wp\/v2\/pages\/1053\/revisions"}],"predecessor-version":[{"id":1252,"href":"https:\/\/shatranj.art\/fr\/wp-json\/wp\/v2\/pages\/1053\/revisions\/1252"}],"up":[{"embeddable":true,"href":"https:\/\/shatranj.art\/fr\/wp-json\/wp\/v2\/pages\/743"}],"wp:attachment":[{"href":"https:\/\/shatranj.art\/fr\/wp-json\/wp\/v2\/media?parent=1053"}],"curies":[{"name":"wp","href":"https:\/\/api.w.org\/{rel}","templated":true}]}}