{"id":754,"date":"2026-02-21T09:09:31","date_gmt":"2026-02-21T09:09:31","guid":{"rendered":"https:\/\/shatranj.art\/?page_id=754"},"modified":"2026-02-24T09:41:40","modified_gmt":"2026-02-24T09:41:40","slug":"poster-3","status":"publish","type":"page","link":"https:\/\/shatranj.art\/fr\/exhibit\/poster-3\/","title":{"rendered":"affiche 3"},"content":{"rendered":"<div data-elementor-type=\"wp-page\" data-elementor-id=\"754\" class=\"elementor elementor-754\" data-elementor-post-type=\"page\">\n\t\t\t\t<div class=\"elementor-element elementor-element-9b83603 e-flex e-con-boxed e-con e-parent\" data-id=\"9b83603\" data-element_type=\"container\" data-e-type=\"container\" data-settings=\"{&quot;background_background&quot;:&quot;classic&quot;}\">\n\t\t\t\t\t<div class=\"e-con-inner\">\n\t\t\t\t<div class=\"elementor-element elementor-element-bd25ad4 elementor-widget__width-initial elementor-widget elementor-widget-heading\" data-id=\"bd25ad4\" data-element_type=\"widget\" data-e-type=\"widget\" data-widget_type=\"heading.default\">\n\t\t\t\t<div class=\"elementor-widget-container\">\n\t\t\t\t\t<h1 class=\"elementor-heading-title elementor-size-default\">Les carrefours de la culture : Un h\u00e9ritage g\u00e9om\u00e9trique de l'Orient \u00e0 Al-Andalus<\/h1>\t\t\t\t<\/div>\n\t\t\t\t<\/div>\n\t\t\t\t<div class=\"elementor-element elementor-element-5240965 elementor-widget elementor-widget-text-editor\" data-id=\"5240965\" data-element_type=\"widget\" data-e-type=\"widget\" data-widget_type=\"text-editor.default\">\n\t\t\t\t<div class=\"elementor-widget-container\">\n\t\t\t\t\t\t\t\t\t<p>Refl\u00e9tant l'esth\u00e9tique islamique du XIIe si\u00e8cle, ces pi\u00e8ces de Shatranj sont des t\u00e9moins tangibles du voyage mill\u00e9naire des \u00e9checs d'Orient en Occident. \u00c0 cette \u00e9poque, des formes abstraites influenc\u00e9es par les styles abbasside et fatimide ont migr\u00e9 \u00e0 travers Al-Andalus vers l'Espagne et l'Europe. La d\u00e9couverte de pi\u00e8ces presque identiques dans des sites arch\u00e9ologiques espagnols prouve que ce langage g\u00e9om\u00e9trique est devenu un langage artistique universel qui a transcend\u00e9 les fronti\u00e8res. Cet ensemble raconte l'histoire d'un partage inclusif de l'histoire o\u00f9 diverses civilisations se sont rencontr\u00e9es \u00e0 travers une esth\u00e9tique et une recherche intellectuelle communes.<\/p>\t\t\t\t\t\t\t\t<\/div>\n\t\t\t\t<\/div>\n\t\t\t\t<div class=\"elementor-element elementor-element-f05b288 elementor-widget elementor-widget-image\" data-id=\"f05b288\" data-element_type=\"widget\" data-e-type=\"widget\" data-widget_type=\"image.default\">\n\t\t\t\t<div class=\"elementor-widget-container\">\n\t\t\t\t\t\t\t\t\t\t\t\t\t\t\t<img fetchpriority=\"high\" decoding=\"async\" width=\"2560\" height=\"1949\" src=\"https:\/\/shatranj.art\/wp-content\/uploads\/2026\/02\/2-scaled.jpg\" class=\"attachment-full size-full wp-image-750\" alt=\"\" srcset=\"https:\/\/shatranj.art\/wp-content\/uploads\/2026\/02\/2-scaled.jpg 2560w, https:\/\/shatranj.art\/wp-content\/uploads\/2026\/02\/2-300x228.jpg 300w, https:\/\/shatranj.art\/wp-content\/uploads\/2026\/02\/2-1024x780.jpg 1024w, https:\/\/shatranj.art\/wp-content\/uploads\/2026\/02\/2-768x585.jpg 768w, https:\/\/shatranj.art\/wp-content\/uploads\/2026\/02\/2-1536x1169.jpg 1536w, https:\/\/shatranj.art\/wp-content\/uploads\/2026\/02\/2-2048x1559.jpg 2048w\" sizes=\"(max-width: 2560px) 100vw, 2560px\" \/>\t\t\t\t\t\t\t\t\t\t\t\t\t\t\t<\/div>\n\t\t\t\t<\/div>\n\t\t\t\t\t<\/div>\n\t\t\t\t<\/div>\n\t\t\t\t<\/div>","protected":false},"excerpt":{"rendered":"<p>Crossroads of Culture: A Geometric Legacy from the East to Al-Andalus Reflecting the 12th-century Islamic aesthetic, these Shatranj pieces are tangible witnesses to the millennium-long journey of chess from East to West. During this era, abstract forms influenced by Abbasid and Fatimid styles migrated through Al-Andalus into Spain and across Europe. The discovery of nearly [&hellip;]<\/p>\n","protected":false},"author":1,"featured_media":0,"parent":743,"menu_order":0,"comment_status":"closed","ping_status":"closed","template":"","meta":{"footnotes":""},"class_list":["post-754","page","type-page","status-publish","hentry"],"_links":{"self":[{"href":"https:\/\/shatranj.art\/fr\/wp-json\/wp\/v2\/pages\/754","targetHints":{"allow":["GET"]}}],"collection":[{"href":"https:\/\/shatranj.art\/fr\/wp-json\/wp\/v2\/pages"}],"about":[{"href":"https:\/\/shatranj.art\/fr\/wp-json\/wp\/v2\/types\/page"}],"author":[{"embeddable":true,"href":"https:\/\/shatranj.art\/fr\/wp-json\/wp\/v2\/users\/1"}],"replies":[{"embeddable":true,"href":"https:\/\/shatranj.art\/fr\/wp-json\/wp\/v2\/comments?post=754"}],"version-history":[{"count":17,"href":"https:\/\/shatranj.art\/fr\/wp-json\/wp\/v2\/pages\/754\/revisions"}],"predecessor-version":[{"id":1598,"href":"https:\/\/shatranj.art\/fr\/wp-json\/wp\/v2\/pages\/754\/revisions\/1598"}],"up":[{"embeddable":true,"href":"https:\/\/shatranj.art\/fr\/wp-json\/wp\/v2\/pages\/743"}],"wp:attachment":[{"href":"https:\/\/shatranj.art\/fr\/wp-json\/wp\/v2\/media?parent=754"}],"curies":[{"name":"wp","href":"https:\/\/api.w.org\/{rel}","templated":true}]}}