{"id":799,"date":"2026-02-21T19:35:38","date_gmt":"2026-02-21T19:35:38","guid":{"rendered":"https:\/\/shatranj.art\/?page_id=799"},"modified":"2026-02-23T04:34:49","modified_gmt":"2026-02-23T04:34:49","slug":"poster-6","status":"publish","type":"page","link":"https:\/\/shatranj.art\/fr\/exhibit\/poster-6\/","title":{"rendered":"affiche 6"},"content":{"rendered":"<div data-elementor-type=\"wp-page\" data-elementor-id=\"799\" class=\"elementor elementor-799\" data-elementor-post-type=\"page\">\n\t\t\t\t<div class=\"elementor-element elementor-element-4cae77b e-flex e-con-boxed e-con e-parent\" data-id=\"4cae77b\" data-element_type=\"container\" data-e-type=\"container\" data-settings=\"{&quot;background_background&quot;:&quot;classic&quot;}\">\n\t\t\t\t\t<div class=\"e-con-inner\">\n\t\t\t\t<div class=\"elementor-element elementor-element-4273e1e elementor-widget elementor-widget-image\" data-id=\"4273e1e\" data-element_type=\"widget\" data-e-type=\"widget\" data-widget_type=\"image.default\">\n\t\t\t\t<div class=\"elementor-widget-container\">\n\t\t\t\t\t\t\t\t\t\t\t\t\t\t\t<img fetchpriority=\"high\" decoding=\"async\" width=\"1826\" height=\"1162\" src=\"https:\/\/shatranj.art\/wp-content\/uploads\/2026\/02\/6.jpg\" class=\"attachment-full size-full wp-image-801\" alt=\"\" srcset=\"https:\/\/shatranj.art\/wp-content\/uploads\/2026\/02\/6.jpg 1826w, https:\/\/shatranj.art\/wp-content\/uploads\/2026\/02\/6-300x191.jpg 300w, https:\/\/shatranj.art\/wp-content\/uploads\/2026\/02\/6-1024x652.jpg 1024w, https:\/\/shatranj.art\/wp-content\/uploads\/2026\/02\/6-768x489.jpg 768w, https:\/\/shatranj.art\/wp-content\/uploads\/2026\/02\/6-1536x977.jpg 1536w\" sizes=\"(max-width: 1826px) 100vw, 1826px\" \/>\t\t\t\t\t\t\t\t\t\t\t\t\t\t\t<\/div>\n\t\t\t\t<\/div>\n\t\t\t\t<div class=\"elementor-element elementor-element-a901a4c elementor-widget elementor-widget-text-editor\" data-id=\"a901a4c\" data-element_type=\"widget\" data-e-type=\"widget\" data-widget_type=\"text-editor.default\">\n\t\t\t\t<div class=\"elementor-widget-container\">\n\t\t\t\t\t\t\t\t\t<p><b>L'\u00e9l\u00e9gance au sommet : L'h\u00e9ritage de Lasker et Schlechter<\/b><\/p><p>\u00a0<\/p><p><span style=\"font-weight: 400;\">La tension du championnat du monde d'\u00e9checs de 1910 prend vie dans les lignes simples et dignes de ce coffret. T\u00e9moin de la lutte l\u00e9gendaire entre Emanuel Lasker et Carl Schlechter, ce mod\u00e8le est une expression esth\u00e9tique de l'artisanat europ\u00e9en du d\u00e9but du XXe si\u00e8cle. Ces pi\u00e8ces ne sont plus seulement des outils de jeu, elles sont devenues des instruments o\u00f9 la discipline sportive moderne rencontre l'art classique, symbolisant l'\u00e9volution des \u00e9checs en une sc\u00e8ne mondiale de rivalit\u00e9 intellectuelle.<\/span><\/p>\t\t\t\t\t\t\t\t<\/div>\n\t\t\t\t<\/div>\n\t\t<div class=\"elementor-element elementor-element-bf9c282 e-con-full e-flex e-con e-child\" data-id=\"bf9c282\" data-element_type=\"container\" data-e-type=\"container\">\n\t\t\t\t<div class=\"elementor-element elementor-element-771f573 elementor-widget elementor-widget-image\" data-id=\"771f573\" data-element_type=\"widget\" data-e-type=\"widget\" data-widget_type=\"image.default\">\n\t\t\t\t<div class=\"elementor-widget-container\">\n\t\t\t\t\t\t\t\t\t\t\t\t\t\t\t<img decoding=\"async\" width=\"1047\" height=\"441\" src=\"https:\/\/shatranj.art\/wp-content\/uploads\/2026\/02\/6.png\" class=\"attachment-full size-full wp-image-805\" alt=\"\" srcset=\"https:\/\/shatranj.art\/wp-content\/uploads\/2026\/02\/6.png 1047w, https:\/\/shatranj.art\/wp-content\/uploads\/2026\/02\/6-300x126.png 300w, https:\/\/shatranj.art\/wp-content\/uploads\/2026\/02\/6-1024x431.png 1024w, https:\/\/shatranj.art\/wp-content\/uploads\/2026\/02\/6-768x323.png 768w\" sizes=\"(max-width: 1047px) 100vw, 1047px\" \/>\t\t\t\t\t\t\t\t\t\t\t\t\t\t\t<\/div>\n\t\t\t\t<\/div>\n\t\t\t\t<div class=\"elementor-element elementor-element-c3cde6f elementor-widget elementor-widget-image\" data-id=\"c3cde6f\" data-element_type=\"widget\" data-e-type=\"widget\" data-widget_type=\"image.default\">\n\t\t\t\t<div class=\"elementor-widget-container\">\n\t\t\t\t\t\t\t\t\t\t\t\t\t\t\t<img decoding=\"async\" width=\"995\" height=\"427\" src=\"https:\/\/shatranj.art\/wp-content\/uploads\/2026\/02\/6-1.png\" class=\"attachment-full size-full wp-image-802\" alt=\"\" srcset=\"https:\/\/shatranj.art\/wp-content\/uploads\/2026\/02\/6-1.png 995w, https:\/\/shatranj.art\/wp-content\/uploads\/2026\/02\/6-1-300x129.png 300w, https:\/\/shatranj.art\/wp-content\/uploads\/2026\/02\/6-1-768x330.png 768w\" sizes=\"(max-width: 995px) 100vw, 995px\" \/>\t\t\t\t\t\t\t\t\t\t\t\t\t\t\t<\/div>\n\t\t\t\t<\/div>\n\t\t\t\t<\/div>\n\t\t\t\t<div class=\"elementor-element elementor-element-bf16949 elementor-widget elementor-widget-text-editor\" data-id=\"bf16949\" data-element_type=\"widget\" data-e-type=\"widget\" data-widget_type=\"text-editor.default\">\n\t\t\t\t<div class=\"elementor-widget-container\">\n\t\t\t\t\t\t\t\t\t<p><b>Esth\u00e9tique d\u00e9mocratique : Les \u00e9checs dans les caf\u00e9s viennois<\/b><\/p><p>Dans l'Europe des ann\u00e9es 1880, les \u00e9checs sont pass\u00e9s des couloirs royaux \u00e0 l'atmosph\u00e8re enfum\u00e9e et intellectuelle des caf\u00e9s publics gr\u00e2ce \u00e0 des jeux comme celui-ci. Sculpt\u00e9 dans du bois de fruitier, ce jeu est un excellent exemple du style \u201ccaf\u00e9 viennois\u201d (Kaffeehaus), qui se distingue par ses cavaliers et ses fous stylis\u00e9s. Ces pi\u00e8ces racontent comment le jeu a franchi les classes sociales, devenant une merveille d'artisanat d\u00e9mocratique accessible \u00e0 tous.<\/p>\t\t\t\t\t\t\t\t<\/div>\n\t\t\t\t<\/div>\n\t\t\t\t<div class=\"elementor-element elementor-element-40b8a07 elementor-widget elementor-widget-image\" data-id=\"40b8a07\" data-element_type=\"widget\" data-e-type=\"widget\" data-widget_type=\"image.default\">\n\t\t\t\t<div class=\"elementor-widget-container\">\n\t\t\t\t\t\t\t\t\t\t\t\t\t\t\t<img loading=\"lazy\" decoding=\"async\" width=\"724\" height=\"450\" src=\"https:\/\/shatranj.art\/wp-content\/uploads\/2026\/02\/6-3.png\" class=\"attachment-large size-large wp-image-803\" alt=\"\" srcset=\"https:\/\/shatranj.art\/wp-content\/uploads\/2026\/02\/6-3.png 724w, https:\/\/shatranj.art\/wp-content\/uploads\/2026\/02\/6-3-300x186.png 300w\" sizes=\"(max-width: 724px) 100vw, 724px\" \/>\t\t\t\t\t\t\t\t\t\t\t\t\t\t\t<\/div>\n\t\t\t\t<\/div>\n\t\t\t\t\t<\/div>\n\t\t\t\t<\/div>\n\t\t\t\t<\/div>","protected":false},"excerpt":{"rendered":"<p>Elegance at the Summit: The Legacy of Lasker and Schlechter \u00a0 The tension of the 1910 World Chess Championship comes to life in the simple yet dignified lines of this set. Witness to the legendary struggle between Emanuel Lasker and Carl Schlechter, this design is an aesthetic expression of early 20th-century European craftsmanship. No longer [&hellip;]<\/p>\n","protected":false},"author":1,"featured_media":0,"parent":743,"menu_order":0,"comment_status":"closed","ping_status":"closed","template":"","meta":{"footnotes":""},"class_list":["post-799","page","type-page","status-publish","hentry"],"_links":{"self":[{"href":"https:\/\/shatranj.art\/fr\/wp-json\/wp\/v2\/pages\/799","targetHints":{"allow":["GET"]}}],"collection":[{"href":"https:\/\/shatranj.art\/fr\/wp-json\/wp\/v2\/pages"}],"about":[{"href":"https:\/\/shatranj.art\/fr\/wp-json\/wp\/v2\/types\/page"}],"author":[{"embeddable":true,"href":"https:\/\/shatranj.art\/fr\/wp-json\/wp\/v2\/users\/1"}],"replies":[{"embeddable":true,"href":"https:\/\/shatranj.art\/fr\/wp-json\/wp\/v2\/comments?post=799"}],"version-history":[{"count":10,"href":"https:\/\/shatranj.art\/fr\/wp-json\/wp\/v2\/pages\/799\/revisions"}],"predecessor-version":[{"id":1186,"href":"https:\/\/shatranj.art\/fr\/wp-json\/wp\/v2\/pages\/799\/revisions\/1186"}],"up":[{"embeddable":true,"href":"https:\/\/shatranj.art\/fr\/wp-json\/wp\/v2\/pages\/743"}],"wp:attachment":[{"href":"https:\/\/shatranj.art\/fr\/wp-json\/wp\/v2\/media?parent=799"}],"curies":[{"name":"wp","href":"https:\/\/api.w.org\/{rel}","templated":true}]}}