{"id":926,"date":"2026-02-22T09:22:56","date_gmt":"2026-02-22T09:22:56","guid":{"rendered":"https:\/\/shatranj.art\/?page_id=926"},"modified":"2026-02-24T06:48:32","modified_gmt":"2026-02-24T06:48:32","slug":"poster-13","status":"publish","type":"page","link":"https:\/\/shatranj.art\/fr\/exhibit\/poster-13\/","title":{"rendered":"affiche 13"},"content":{"rendered":"<div data-elementor-type=\"wp-page\" data-elementor-id=\"926\" class=\"elementor elementor-926\" data-elementor-post-type=\"page\">\n\t\t\t\t<div class=\"elementor-element elementor-element-59c55bb e-flex e-con-boxed e-con e-parent\" data-id=\"59c55bb\" data-element_type=\"container\" data-e-type=\"container\" data-settings=\"{&quot;background_background&quot;:&quot;classic&quot;}\">\n\t\t\t\t\t<div class=\"e-con-inner\">\n\t\t<div class=\"elementor-element elementor-element-3c2b3e8 e-con-full e-flex e-con e-child\" data-id=\"3c2b3e8\" data-element_type=\"container\" data-e-type=\"container\">\n\t\t\t\t<div class=\"elementor-element elementor-element-6632aa9 elementor-widget__width-initial elementor-widget elementor-widget-text-editor\" data-id=\"6632aa9\" data-element_type=\"widget\" data-e-type=\"widget\" data-widget_type=\"text-editor.default\">\n\t\t\t\t<div class=\"elementor-widget-container\">\n\t\t\t\t\t\t\t\t\t<h3><b><span title=\"Texte en espagnol\"><i lang=\"es\">Le livre des jeux<\/i><\/span><\/b>\u00a0(espagnol : \u201cLivre des jeux\u201d), ou\u00a0<b><span title=\"Ancien texte en espagnol\"><i lang=\"osp\">Livre d'axedrez, dados e tablas<\/i><\/span><\/b>\u00a0(\u201cLivre d'\u00e9checs, de d\u00e9s et de tables\u201d, en vieil espagnol)<\/h3><p>\u00a0<\/p><p>Command\u00e9 par le roi Alphonse X de Castille en 1283, le Libro de los Juegos (Livre des jeux) est consid\u00e9r\u00e9 comme le plus important trait\u00e9 m\u00e9di\u00e9val europ\u00e9en sur les jeux. Le manuscrit est un document historique essentiel, qui d\u00e9crit les r\u00e8gles et l'esth\u00e9tique du jeu d'\u00e9checs par le biais d'illustrations d\u00e9taill\u00e9es de pi\u00e8ces abstraites. En pr\u00e9sentant les \u00e9checs comme un d\u00e9fi intellectuel commun, l'\u0153uvre d'Alfonso met en \u00e9vidence le plateau comme une ar\u00e8ne universelle de logique et un pont crucial dans l'histoire internationale du jeu.<\/p>\t\t\t\t\t\t\t\t<\/div>\n\t\t\t\t<\/div>\n\t\t<div class=\"elementor-element elementor-element-e51b10e e-con-full e-flex e-con e-child\" data-id=\"e51b10e\" data-element_type=\"container\" data-e-type=\"container\">\n\t\t\t\t<div class=\"elementor-element elementor-element-de14a4b elementor-widget-mobile__width-inherit elementor-widget elementor-widget-image\" data-id=\"de14a4b\" data-element_type=\"widget\" data-e-type=\"widget\" data-widget_type=\"image.default\">\n\t\t\t\t<div class=\"elementor-widget-container\">\n\t\t\t\t\t\t\t\t\t\t\t\t\t\t\t<img fetchpriority=\"high\" decoding=\"async\" width=\"800\" height=\"534\" src=\"https:\/\/shatranj.art\/wp-content\/uploads\/2026\/02\/13-2-1024x683.jpg\" class=\"attachment-large size-large wp-image-931\" alt=\"\" srcset=\"https:\/\/shatranj.art\/wp-content\/uploads\/2026\/02\/13-2-1024x683.jpg 1024w, https:\/\/shatranj.art\/wp-content\/uploads\/2026\/02\/13-2-300x200.jpg 300w, https:\/\/shatranj.art\/wp-content\/uploads\/2026\/02\/13-2-768x512.jpg 768w, https:\/\/shatranj.art\/wp-content\/uploads\/2026\/02\/13-2-1536x1024.jpg 1536w, https:\/\/shatranj.art\/wp-content\/uploads\/2026\/02\/13-2.jpg 2008w\" sizes=\"(max-width: 800px) 100vw, 800px\" \/>\t\t\t\t\t\t\t\t\t\t\t\t\t\t\t<\/div>\n\t\t\t\t<\/div>\n\t\t\t\t<div class=\"elementor-element elementor-element-5e3ddb2 elementor-widget-mobile__width-inherit elementor-widget elementor-widget-image\" data-id=\"5e3ddb2\" data-element_type=\"widget\" data-e-type=\"widget\" data-widget_type=\"image.default\">\n\t\t\t\t<div class=\"elementor-widget-container\">\n\t\t\t\t\t\t\t\t\t\t\t\t\t\t\t<img decoding=\"async\" width=\"800\" height=\"509\" src=\"https:\/\/shatranj.art\/wp-content\/uploads\/2026\/02\/13-3-1024x652.jpg\" class=\"attachment-large size-large wp-image-932\" alt=\"\" srcset=\"https:\/\/shatranj.art\/wp-content\/uploads\/2026\/02\/13-3-1024x652.jpg 1024w, https:\/\/shatranj.art\/wp-content\/uploads\/2026\/02\/13-3-300x191.jpg 300w, https:\/\/shatranj.art\/wp-content\/uploads\/2026\/02\/13-3-768x489.jpg 768w, https:\/\/shatranj.art\/wp-content\/uploads\/2026\/02\/13-3.jpg 1205w\" sizes=\"(max-width: 800px) 100vw, 800px\" \/>\t\t\t\t\t\t\t\t\t\t\t\t\t\t\t<\/div>\n\t\t\t\t<\/div>\n\t\t\t\t<\/div>\n\t\t\t\t<div class=\"elementor-element elementor-element-ce25d0f elementor-widget__width-initial elementor-widget elementor-widget-text-editor\" data-id=\"ce25d0f\" data-element_type=\"widget\" data-e-type=\"widget\" data-widget_type=\"text-editor.default\">\n\t\t\t\t<div class=\"elementor-widget-container\">\n\t\t\t\t\t\t\t\t\t<p>Le trait\u00e9 contient plus de 100 probl\u00e8mes d'\u00e9checs et de fins de parties, m\u00e9ticuleusement illustr\u00e9s pour montrer aux joueurs l'analyse de man\u0153uvres tactiques complexes. Au-del\u00e0 du jeu d'\u00e9checs standard, le livre d\u00e9crit des variantes rares telles que les \u00e9checs astronomiques et les grands \u00e9checs, qui se jouaient sur une grille de 12\u00d712 avec des pi\u00e8ces suppl\u00e9mentaires. Il comprend \u00e9galement des sections sur les d\u00e9s et les tables, les anc\u00eatres m\u00e9di\u00e9vaux du backgammon moderne, ce qui en fait une encyclop\u00e9die compl\u00e8te de la strat\u00e9gie et de la culture sociale du XIIIe si\u00e8cle.<\/p>\t\t\t\t\t\t\t\t<\/div>\n\t\t\t\t<\/div>\n\t\t\t\t<div class=\"elementor-element elementor-element-a8f4139 elementor-widget__width-initial elementor-widget elementor-widget-text-editor\" data-id=\"a8f4139\" data-element_type=\"widget\" data-e-type=\"widget\" data-widget_type=\"text-editor.default\">\n\t\t\t\t<div class=\"elementor-widget-container\">\n\t\t\t\t\t\t\t\t\t<p><b>Le compagnon de Dilaram : Une saga de sacrifice et de sauvetage<br \/><\/b><b><\/b><br \/>Selon la l\u00e9gende, un noble et joueur d'\u00e9checs passionn\u00e9 a tout perdu lors d'un match de haut niveau et, en d\u00e9sespoir de cause, a pari\u00e9 avec sa femme pr\u00e9f\u00e9r\u00e9e, Dilaram, sur la derni\u00e8re partie. Alors que le match atteignait son apog\u00e9e, le noble tomba dans une position apparemment sans espoir. Cependant, Dilaram, qui observait la partie, rep\u00e9ra une combinaison brillante que personne d'autre n'avait vue et chuchota \u00e0 son mari : \u201cSacrifiez vos deux Tours : \u201dSacrifiez vos deux Tours, mais ne me sacrifiez pas ! Revigor\u00e9 par sa perspicacit\u00e9, le noble sacrifia ses deux tours l'une apr\u00e8s l'autre pour r\u00e9aliser un \u00e9chec et mat \u00e9poustouflant en utilisant un cavalier et un fou (l'historique Alfil).<\/p><p>\u00a0<\/p><p><b>Brillance strat\u00e9gique<\/b><\/p><p><br \/>Le mat Dilaram est l'un des exemples les plus anciens et les plus esth\u00e9tiques du \u201cdouble sacrifice de la tour\u201d dans l'histoire des \u00e9checs. Cette mansuba (probl\u00e8me) montre comment le sacrifice d'un mat\u00e9riel lourd (les tours) peut conduire \u00e0 une victoire absolue gr\u00e2ce \u00e0 la coordination parfaite de pi\u00e8ces mineures (le cavalier et le fou). Le nom Dilaram signifie \u201cfacilit\u00e9 du c\u0153ur\u201d en persan et, depuis des si\u00e8cles, ce mat est la preuve que les \u00e9checs ne sont pas seulement un jeu de calcul, mais aussi un jeu d'art, d'\u00e9motion et d'intuition profonde.<\/p>\t\t\t\t\t\t\t\t<\/div>\n\t\t\t\t<\/div>\n\t\t\t\t<\/div>\n\t\t<div class=\"elementor-element elementor-element-2711119 e-con-full e-flex e-con e-child\" data-id=\"2711119\" data-element_type=\"container\" data-e-type=\"container\">\n\t\t\t\t<div class=\"elementor-element elementor-element-89623f5 elementor-widget-mobile__width-inherit elementor-widget elementor-widget-image\" data-id=\"89623f5\" data-element_type=\"widget\" data-e-type=\"widget\" data-widget_type=\"image.default\">\n\t\t\t\t<div class=\"elementor-widget-container\">\n\t\t\t\t\t\t\t\t\t\t\t\t\t\t\t<img decoding=\"async\" width=\"800\" height=\"903\" src=\"https:\/\/shatranj.art\/wp-content\/uploads\/2026\/02\/13-907x1024.jpg\" class=\"attachment-large size-large wp-image-929\" alt=\"\" srcset=\"https:\/\/shatranj.art\/wp-content\/uploads\/2026\/02\/13-907x1024.jpg 907w, https:\/\/shatranj.art\/wp-content\/uploads\/2026\/02\/13-266x300.jpg 266w, https:\/\/shatranj.art\/wp-content\/uploads\/2026\/02\/13-768x867.jpg 768w, https:\/\/shatranj.art\/wp-content\/uploads\/2026\/02\/13.jpg 1186w\" sizes=\"(max-width: 800px) 100vw, 800px\" \/>\t\t\t\t\t\t\t\t\t\t\t\t\t\t\t<\/div>\n\t\t\t\t<\/div>\n\t\t\t\t<div class=\"elementor-element elementor-element-8baa56c elementor-widget-mobile__width-inherit elementor-widget elementor-widget-image\" data-id=\"8baa56c\" data-element_type=\"widget\" data-e-type=\"widget\" data-widget_type=\"image.default\">\n\t\t\t\t<div class=\"elementor-widget-container\">\n\t\t\t\t\t\t\t\t\t\t\t\t\t\t\t<img loading=\"lazy\" decoding=\"async\" width=\"800\" height=\"624\" src=\"https:\/\/shatranj.art\/wp-content\/uploads\/2026\/02\/13-1-1024x799.jpg\" class=\"attachment-large size-large wp-image-930\" alt=\"\" srcset=\"https:\/\/shatranj.art\/wp-content\/uploads\/2026\/02\/13-1-1024x799.jpg 1024w, https:\/\/shatranj.art\/wp-content\/uploads\/2026\/02\/13-1-300x234.jpg 300w, https:\/\/shatranj.art\/wp-content\/uploads\/2026\/02\/13-1-768x599.jpg 768w, https:\/\/shatranj.art\/wp-content\/uploads\/2026\/02\/13-1-1536x1199.jpg 1536w, https:\/\/shatranj.art\/wp-content\/uploads\/2026\/02\/13-1-2048x1598.jpg 2048w\" sizes=\"(max-width: 800px) 100vw, 800px\" \/>\t\t\t\t\t\t\t\t\t\t\t\t\t\t\t<\/div>\n\t\t\t\t<\/div>\n\t\t\t\t<div class=\"elementor-element elementor-element-1cf3c24 elementor-widget-mobile__width-inherit elementor-widget elementor-widget-image\" data-id=\"1cf3c24\" data-element_type=\"widget\" data-e-type=\"widget\" data-widget_type=\"image.default\">\n\t\t\t\t<div class=\"elementor-widget-container\">\n\t\t\t\t\t\t\t\t\t\t\t\t\t\t\t<img loading=\"lazy\" decoding=\"async\" width=\"800\" height=\"558\" src=\"https:\/\/shatranj.art\/wp-content\/uploads\/2026\/02\/dilaram-mate-alfoso-libro-acedrez.jpg\" class=\"attachment-large size-large wp-image-1282\" alt=\"\" srcset=\"https:\/\/shatranj.art\/wp-content\/uploads\/2026\/02\/dilaram-mate-alfoso-libro-acedrez.jpg 1024w, https:\/\/shatranj.art\/wp-content\/uploads\/2026\/02\/dilaram-mate-alfoso-libro-acedrez-300x209.jpg 300w, https:\/\/shatranj.art\/wp-content\/uploads\/2026\/02\/dilaram-mate-alfoso-libro-acedrez-768x536.jpg 768w, https:\/\/shatranj.art\/wp-content\/uploads\/2026\/02\/dilaram-mate-alfoso-libro-acedrez-18x12.jpg 18w\" sizes=\"(max-width: 800px) 100vw, 800px\" \/>\t\t\t\t\t\t\t\t\t\t\t\t\t\t\t<\/div>\n\t\t\t\t<\/div>\n\t\t\t\t<div class=\"elementor-element elementor-element-02d8218 elementor-widget-mobile__width-inherit elementor-widget elementor-widget-image\" data-id=\"02d8218\" data-element_type=\"widget\" data-e-type=\"widget\" data-widget_type=\"image.default\">\n\t\t\t\t<div class=\"elementor-widget-container\">\n\t\t\t\t\t\t\t\t\t\t\t\t\t\t\t<img loading=\"lazy\" decoding=\"async\" width=\"800\" height=\"817\" src=\"https:\/\/shatranj.art\/wp-content\/uploads\/2026\/02\/dilaram-mate-alfonso-font.jpg\" class=\"attachment-large size-large wp-image-1283\" alt=\"\" srcset=\"https:\/\/shatranj.art\/wp-content\/uploads\/2026\/02\/dilaram-mate-alfonso-font.jpg 1003w, https:\/\/shatranj.art\/wp-content\/uploads\/2026\/02\/dilaram-mate-alfonso-font-294x300.jpg 294w, https:\/\/shatranj.art\/wp-content\/uploads\/2026\/02\/dilaram-mate-alfonso-font-768x784.jpg 768w, https:\/\/shatranj.art\/wp-content\/uploads\/2026\/02\/dilaram-mate-alfonso-font-12x12.jpg 12w\" sizes=\"(max-width: 800px) 100vw, 800px\" \/>\t\t\t\t\t\t\t\t\t\t\t\t\t\t\t<\/div>\n\t\t\t\t<\/div>\n\t\t\t\t<\/div>\n\t\t\t\t\t<\/div>\n\t\t\t\t<\/div>\n\t\t\t\t<\/div>","protected":false},"excerpt":{"rendered":"<p>Libro de los juegos\u00a0(Spanish: &#8220;Book of games&#8221;), or\u00a0Libro de axedrez, dados e tablas\u00a0(&#8220;Book of chess, dice and tables&#8221;, in Old Spanish) \u00a0 Commissioned by King Alfonso X of Castile in 1283, the Libro de los Juegos (Book of Games) is considered the most significant medieval European treatise on games. The manuscript serves as a vital [&hellip;]<\/p>\n","protected":false},"author":1,"featured_media":0,"parent":743,"menu_order":0,"comment_status":"closed","ping_status":"closed","template":"","meta":{"footnotes":""},"class_list":["post-926","page","type-page","status-publish","hentry"],"_links":{"self":[{"href":"https:\/\/shatranj.art\/fr\/wp-json\/wp\/v2\/pages\/926","targetHints":{"allow":["GET"]}}],"collection":[{"href":"https:\/\/shatranj.art\/fr\/wp-json\/wp\/v2\/pages"}],"about":[{"href":"https:\/\/shatranj.art\/fr\/wp-json\/wp\/v2\/types\/page"}],"author":[{"embeddable":true,"href":"https:\/\/shatranj.art\/fr\/wp-json\/wp\/v2\/users\/1"}],"replies":[{"embeddable":true,"href":"https:\/\/shatranj.art\/fr\/wp-json\/wp\/v2\/comments?post=926"}],"version-history":[{"count":16,"href":"https:\/\/shatranj.art\/fr\/wp-json\/wp\/v2\/pages\/926\/revisions"}],"predecessor-version":[{"id":1487,"href":"https:\/\/shatranj.art\/fr\/wp-json\/wp\/v2\/pages\/926\/revisions\/1487"}],"up":[{"embeddable":true,"href":"https:\/\/shatranj.art\/fr\/wp-json\/wp\/v2\/pages\/743"}],"wp:attachment":[{"href":"https:\/\/shatranj.art\/fr\/wp-json\/wp\/v2\/media?parent=926"}],"curies":[{"name":"wp","href":"https:\/\/api.w.org\/{rel}","templated":true}]}}