{"id":936,"date":"2026-02-22T10:03:32","date_gmt":"2026-02-22T10:03:32","guid":{"rendered":"https:\/\/shatranj.art\/?page_id=936"},"modified":"2026-02-23T08:46:38","modified_gmt":"2026-02-23T08:46:38","slug":"poster-14","status":"publish","type":"page","link":"https:\/\/shatranj.art\/fr\/exhibit\/poster-14\/","title":{"rendered":"affiche 14"},"content":{"rendered":"<div data-elementor-type=\"wp-page\" data-elementor-id=\"936\" class=\"elementor elementor-936\" data-elementor-post-type=\"page\">\n\t\t\t\t<div class=\"elementor-element elementor-element-c355192 e-flex e-con-boxed e-con e-parent\" data-id=\"c355192\" data-element_type=\"container\" data-e-type=\"container\" data-settings=\"{&quot;background_background&quot;:&quot;classic&quot;}\">\n\t\t\t\t\t<div class=\"e-con-inner\">\n\t\t<div class=\"elementor-element elementor-element-5bf7f96 e-con-full e-flex e-con e-child\" data-id=\"5bf7f96\" data-element_type=\"container\" data-e-type=\"container\">\n\t\t\t\t<div class=\"elementor-element elementor-element-82eab3c elementor-widget__width-initial elementor-widget-mobile__width-inherit elementor-widget elementor-widget-image\" data-id=\"82eab3c\" data-element_type=\"widget\" data-e-type=\"widget\" data-widget_type=\"image.default\">\n\t\t\t\t<div class=\"elementor-widget-container\">\n\t\t\t\t\t\t\t\t\t\t\t\t\t\t\t<img fetchpriority=\"high\" decoding=\"async\" width=\"768\" height=\"1024\" src=\"https:\/\/shatranj.art\/wp-content\/uploads\/2026\/02\/14-768x1024.jpg\" class=\"attachment-large size-large wp-image-939\" alt=\"\" srcset=\"https:\/\/shatranj.art\/wp-content\/uploads\/2026\/02\/14-768x1024.jpg 768w, https:\/\/shatranj.art\/wp-content\/uploads\/2026\/02\/14-225x300.jpg 225w, https:\/\/shatranj.art\/wp-content\/uploads\/2026\/02\/14-1152x1536.jpg 1152w, https:\/\/shatranj.art\/wp-content\/uploads\/2026\/02\/14-1536x2048.jpg 1536w, https:\/\/shatranj.art\/wp-content\/uploads\/2026\/02\/14-scaled.jpg 1920w\" sizes=\"(max-width: 768px) 100vw, 768px\" \/>\t\t\t\t\t\t\t\t\t\t\t\t\t\t\t<\/div>\n\t\t\t\t<\/div>\n\t\t\t\t<div class=\"elementor-element elementor-element-f30dc26 elementor-widget__width-initial elementor-widget elementor-widget-text-editor\" data-id=\"f30dc26\" data-element_type=\"widget\" data-e-type=\"widget\" data-widget_type=\"text-editor.default\">\n\t\t\t\t<div class=\"elementor-widget-container\">\n\t\t\t\t\t\t\t\t\t<p><strong>L'h\u00e9ritage intellectuel d'un aristocrate gorganien<\/strong><\/p><p>\u00a0<\/p><p>Al-Suli n'\u00e9tait pas seulement le plus grand ma\u00eetre d'\u00e9checs de son \u00e9poque ; il \u00e9tait aussi un \u201cnadim\u201d (compagnon de cour) des califes abbassides, un historien du palais et un po\u00e8te \u00e0 l'esprit vif. N\u00e9 \u00e0 Gorgan vers 870, sa lign\u00e9e remonte \u00e0 la forteresse de Sul, dans les steppes du Dehistan, o\u00f9 r\u00e9gnait son grand-p\u00e8re, le prince turc Sul tekin. Ce noble h\u00e9ritage est aujourd'hui comm\u00e9mor\u00e9 par une statue au monument de l'ind\u00e9pendance \u00e0 Ashgabat, au Turkm\u00e9nistan.<\/p><p>\u00a0<\/p><p>Ayant le rang d\u201c\u201dAliya\", le titre le plus \u00e9lev\u00e9 aux \u00e9checs, Al-Suli a transform\u00e9 le jeu en une architecture scientifique structur\u00e9e. Dans son ouvrage fondamental Kitab al-Shatranj, il a \u00e9t\u00e9 le premier \u00e0 documenter syst\u00e9matiquement les formations d'ouverture (tabiyas) et les strat\u00e9gies de fin de partie (mansubas). Le cadre th\u00e9orique qu'il a \u00e9tabli est rest\u00e9 la r\u00e9f\u00e9rence d\u00e9finitive pour la ma\u00eetrise du jeu et la principale source de r\u00e9f\u00e9rence pendant des si\u00e8cles, jusqu'\u00e0 l'\u00e9mergence des r\u00e8gles modernes du jeu d'\u00e9checs.<\/p>\t\t\t\t\t\t\t\t<\/div>\n\t\t\t\t<\/div>\n\t\t<div class=\"elementor-element elementor-element-8f27e89 e-con-full e-flex e-con e-child\" data-id=\"8f27e89\" data-element_type=\"container\" data-e-type=\"container\">\n\t\t\t\t<div class=\"elementor-element elementor-element-374a727 elementor-widget-mobile__width-inherit elementor-widget elementor-widget-image\" data-id=\"374a727\" data-element_type=\"widget\" data-e-type=\"widget\" data-widget_type=\"image.default\">\n\t\t\t\t<div class=\"elementor-widget-container\">\n\t\t\t\t\t\t\t\t\t\t\t\t\t\t\t<img decoding=\"async\" width=\"800\" height=\"457\" src=\"https:\/\/shatranj.art\/wp-content\/uploads\/2026\/02\/14-1-1024x585.jpg\" class=\"attachment-large size-large wp-image-940\" alt=\"\" srcset=\"https:\/\/shatranj.art\/wp-content\/uploads\/2026\/02\/14-1-1024x585.jpg 1024w, https:\/\/shatranj.art\/wp-content\/uploads\/2026\/02\/14-1-300x171.jpg 300w, https:\/\/shatranj.art\/wp-content\/uploads\/2026\/02\/14-1-768x439.jpg 768w, https:\/\/shatranj.art\/wp-content\/uploads\/2026\/02\/14-1-1536x877.jpg 1536w, https:\/\/shatranj.art\/wp-content\/uploads\/2026\/02\/14-1-2048x1170.jpg 2048w\" sizes=\"(max-width: 800px) 100vw, 800px\" \/>\t\t\t\t\t\t\t\t\t\t\t\t\t\t\t<\/div>\n\t\t\t\t<\/div>\n\t\t\t\t<div class=\"elementor-element elementor-element-118c953 elementor-widget-mobile__width-inherit elementor-widget elementor-widget-image\" data-id=\"118c953\" data-element_type=\"widget\" data-e-type=\"widget\" data-widget_type=\"image.default\">\n\t\t\t\t<div class=\"elementor-widget-container\">\n\t\t\t\t\t\t\t\t\t\t\t\t\t\t\t<img decoding=\"async\" width=\"800\" height=\"488\" src=\"https:\/\/shatranj.art\/wp-content\/uploads\/2026\/02\/14-2-1024x624.jpg\" class=\"attachment-large size-large wp-image-941\" alt=\"\" srcset=\"https:\/\/shatranj.art\/wp-content\/uploads\/2026\/02\/14-2-1024x624.jpg 1024w, https:\/\/shatranj.art\/wp-content\/uploads\/2026\/02\/14-2-300x183.jpg 300w, https:\/\/shatranj.art\/wp-content\/uploads\/2026\/02\/14-2-768x468.jpg 768w, https:\/\/shatranj.art\/wp-content\/uploads\/2026\/02\/14-2-1536x936.jpg 1536w, https:\/\/shatranj.art\/wp-content\/uploads\/2026\/02\/14-2-2048x1249.jpg 2048w\" sizes=\"(max-width: 800px) 100vw, 800px\" \/>\t\t\t\t\t\t\t\t\t\t\t\t\t\t\t<\/div>\n\t\t\t\t<\/div>\n\t\t\t\t<\/div>\n\t\t\t\t<div class=\"elementor-element elementor-element-bbcc28f elementor-widget__width-initial elementor-widget elementor-widget-text-editor\" data-id=\"bbcc28f\" data-element_type=\"widget\" data-e-type=\"widget\" data-widget_type=\"text-editor.default\">\n\t\t\t\t<div class=\"elementor-widget-container\">\n\t\t\t\t\t\t\t\t\t<p><b>Le diamant de Suli : Le pic strat\u00e9gique \u201cinsoluble\u201d du mill\u00e9naire<\/b><\/p><p>\u00a0<\/p><p>Compos\u00e9 au Xe si\u00e8cle par le ma\u00eetre gorganien Abu Bakr bin Yahya al-Suli, le \u201cDiamant\u201d est l'\u00e9nigme la plus l\u00e9gendaire et la plus discut\u00e9e de l'histoire des \u00e9checs. Malgr\u00e9 sa simplicit\u00e9 apparente, une fin de partie ne comportant qu'un roi et un ferz (le pr\u00e9d\u00e9cesseur historique de la reine) pour chaque camp, cette composition est rest\u00e9e l'Everest \u201cinsoluble\u201d du monde des \u00e9checs pendant un millier d'ann\u00e9es. Cette brillante cr\u00e9ation d'Al-Suli est un art supr\u00eame de la man\u0153uvre qui repousse les limites du jeu d'\u00e9checs historique.<\/p><p>\u00a0<\/p><p><strong>Le secret du manuscrit S\u00fcleymaniye<\/strong><\/p><p>\u00a0<\/p><p>Le document le plus important de cette \u00e9nigme se trouve dans la copie du Kitab Ash-Shatranj conserv\u00e9e \u00e0 la biblioth\u00e8que S\u00fcleymaniye d'Istanbul. Bien que les pages de ce manuscrit soient intactes, il est \u00e9vident que certaines positions et certains coups ont \u00e9t\u00e9 transcrits de mani\u00e8re incorrecte ou incompl\u00e8te \u00e0 partir de la source originale. Cependant, m\u00eame avec ces erreurs historiques de scribe, la solution partielle fournie dans le texte s'aligne parfaitement sur le travail analytique approfondi men\u00e9 par le grand ma\u00eetre Yuri Averbakh au 20e si\u00e8cle. Al-Suli a immortalis\u00e9 l'exclusivit\u00e9 de sa ma\u00eetrise par cette affirmation provocatrice :<\/p><p>\u201cPersonne ne la r\u00e9soudra, sauf ceux que j'ai instruits.\u201d<\/p><p>\u00a0<\/p><p><strong>Le triomphe des algorithmes :<\/strong> <strong>shatranj.ai<\/strong><\/p><p>\u00a0<\/p><p>Le \u201cDiamant\u201d, qui a \u00e9merveill\u00e9 les esprits humains pendant un mill\u00e9naire, a \u00e9t\u00e9 enti\u00e8rement illumin\u00e9 par la puissance de l'\u00e8re num\u00e9rique. Dans le cadre du projet shatranj.ai, \u00e0 l'aide de m\u00e9thodes de programmation dynamique et d'algorithmes modernes dot\u00e9s de fonctions de \u201chachage\u201d (table de transposition), chaque variation de cette composition ing\u00e9nieuse a \u00e9t\u00e9 math\u00e9matiquement r\u00e9solue. Ce voyage, qui s'\u00e9tend des lignes des manuscrits de S\u00fcleymaniye au code moderne, est l'ultime v\u00e9rification du g\u00e9nie strat\u00e9gique intemporel d'Al-Suli, prouvant que ce qui \u00e9tait autrefois r\u00e9serv\u00e9 aux \u00e9l\u00e8ves choisis par le ma\u00eetre peut maintenant \u00eatre compris par le langage de la logique pure.<\/p>\t\t\t\t\t\t\t\t<\/div>\n\t\t\t\t<\/div>\n\t\t\t\t<\/div>\n\t\t\t\t\t<\/div>\n\t\t\t\t<\/div>\n\t\t\t\t<\/div>","protected":false},"excerpt":{"rendered":"<p>The Intellectual Legacy of a Gorganite Aristocrat \u00a0 Al-Suli was not merely the preeminent chess master of his age; he was a &#8220;nadim&#8221; (court companion) to Abbasid Caliphs, a palace historian, and a sharp-witted poet. Born in Gorgan around 870 AD, his lineage traces back to the fortified Fortress of Sul in the Dehistan steppes, [&hellip;]<\/p>\n","protected":false},"author":1,"featured_media":0,"parent":743,"menu_order":0,"comment_status":"closed","ping_status":"closed","template":"","meta":{"footnotes":""},"class_list":["post-936","page","type-page","status-publish","hentry"],"_links":{"self":[{"href":"https:\/\/shatranj.art\/fr\/wp-json\/wp\/v2\/pages\/936","targetHints":{"allow":["GET"]}}],"collection":[{"href":"https:\/\/shatranj.art\/fr\/wp-json\/wp\/v2\/pages"}],"about":[{"href":"https:\/\/shatranj.art\/fr\/wp-json\/wp\/v2\/types\/page"}],"author":[{"embeddable":true,"href":"https:\/\/shatranj.art\/fr\/wp-json\/wp\/v2\/users\/1"}],"replies":[{"embeddable":true,"href":"https:\/\/shatranj.art\/fr\/wp-json\/wp\/v2\/comments?post=936"}],"version-history":[{"count":31,"href":"https:\/\/shatranj.art\/fr\/wp-json\/wp\/v2\/pages\/936\/revisions"}],"predecessor-version":[{"id":1351,"href":"https:\/\/shatranj.art\/fr\/wp-json\/wp\/v2\/pages\/936\/revisions\/1351"}],"up":[{"embeddable":true,"href":"https:\/\/shatranj.art\/fr\/wp-json\/wp\/v2\/pages\/743"}],"wp:attachment":[{"href":"https:\/\/shatranj.art\/fr\/wp-json\/wp\/v2\/media?parent=936"}],"curies":[{"name":"wp","href":"https:\/\/api.w.org\/{rel}","templated":true}]}}