{"id":976,"date":"2026-02-22T15:26:41","date_gmt":"2026-02-22T15:26:41","guid":{"rendered":"https:\/\/shatranj.art\/?page_id=976"},"modified":"2026-02-23T04:57:59","modified_gmt":"2026-02-23T04:57:59","slug":"poster-19","status":"publish","type":"page","link":"https:\/\/shatranj.art\/fr\/exhibit\/poster-19\/","title":{"rendered":"affiche 19"},"content":{"rendered":"<div data-elementor-type=\"wp-page\" data-elementor-id=\"976\" class=\"elementor elementor-976\" data-elementor-post-type=\"page\">\n\t\t\t\t<div class=\"elementor-element elementor-element-bd53a03 e-flex e-con-boxed e-con e-parent\" data-id=\"bd53a03\" data-element_type=\"container\" data-e-type=\"container\" data-settings=\"{&quot;background_background&quot;:&quot;classic&quot;}\">\n\t\t\t\t\t<div class=\"e-con-inner\">\n\t\t<div class=\"elementor-element elementor-element-258a2d8 e-con-full e-flex e-con e-child\" data-id=\"258a2d8\" data-element_type=\"container\" data-e-type=\"container\">\n\t\t\t\t<div class=\"elementor-element elementor-element-54379e5 elementor-widget__width-initial elementor-widget elementor-widget-image\" data-id=\"54379e5\" data-element_type=\"widget\" data-e-type=\"widget\" data-widget_type=\"image.default\">\n\t\t\t\t<div class=\"elementor-widget-container\">\n\t\t\t\t\t\t\t\t\t\t\t\t\t\t\t<img fetchpriority=\"high\" decoding=\"async\" width=\"800\" height=\"842\" src=\"https:\/\/shatranj.art\/wp-content\/uploads\/2026\/02\/19-973x1024.jpg\" class=\"attachment-large size-large wp-image-979\" alt=\"\" srcset=\"https:\/\/shatranj.art\/wp-content\/uploads\/2026\/02\/19-973x1024.jpg 973w, https:\/\/shatranj.art\/wp-content\/uploads\/2026\/02\/19-285x300.jpg 285w, https:\/\/shatranj.art\/wp-content\/uploads\/2026\/02\/19-768x808.jpg 768w, https:\/\/shatranj.art\/wp-content\/uploads\/2026\/02\/19.jpg 1121w\" sizes=\"(max-width: 800px) 100vw, 800px\" \/>\t\t\t\t\t\t\t\t\t\t\t\t\t\t\t<\/div>\n\t\t\t\t<\/div>\n\t\t\t\t<div class=\"elementor-element elementor-element-38b79a5 elementor-widget__width-initial elementor-widget elementor-widget-text-editor\" data-id=\"38b79a5\" data-element_type=\"widget\" data-e-type=\"widget\" data-widget_type=\"text-editor.default\">\n\t\t\t\t<div class=\"elementor-widget-container\">\n\t\t\t\t\t\t\t\t\t<p><strong>Deep Blue contre Kasparov : L'aube de la domination des machines<\/strong><\/p><p>\u00a0<\/p><p><span style=\"font-weight: 400;\">En 1997, le monde a connu un tournant historique dans la relation entre l'homme et la machine. D\u00e9velopp\u00e9 par IBM, le supercalculateur <\/span>Bleu fonc\u00e9<span style=\"font-weight: 400;\"> a battu le champion du monde en titre, <\/span>Garry Kasparov<span style=\"font-weight: 400;\">, dans une s\u00e9rie de six matchs. C'\u00e9tait la premi\u00e8re fois qu'un ordinateur battait un champion du monde dans un tournoi en temps r\u00e9el.<\/span><\/p><p>\u00a0<\/p><p><b>La force brute :<\/b><span style=\"font-weight: 400;\"> Deep Blue \u00e9tait un chef-d'\u0153uvre de mat\u00e9riel sp\u00e9cialis\u00e9, capable de calculer 200 millions de positions par seconde.<\/span><\/p><p>\u00a0<\/p><p><b>Une victoire symbolique :<\/b><span style=\"font-weight: 400;\"> Ce match a boulevers\u00e9 la perception mondiale de l'intelligence artificielle. Il a prouv\u00e9 que si l'intuition humaine est profonde, la simple vitesse de calcul d'une machine peut venir \u00e0 bout du plus grand esprit strat\u00e9gique de l'\u00e9poque.<\/span><\/p>\t\t\t\t\t\t\t\t<\/div>\n\t\t\t\t<\/div>\n\t\t\t\t<div class=\"elementor-element elementor-element-d1ad4e6 elementor-widget__width-initial elementor-widget elementor-widget-image\" data-id=\"d1ad4e6\" data-element_type=\"widget\" data-e-type=\"widget\" data-widget_type=\"image.default\">\n\t\t\t\t<div class=\"elementor-widget-container\">\n\t\t\t\t\t\t\t\t\t\t\t\t\t\t\t<img decoding=\"async\" width=\"800\" height=\"600\" src=\"https:\/\/shatranj.art\/wp-content\/uploads\/2026\/02\/19-1-1024x768.jpg\" class=\"attachment-large size-large wp-image-980\" alt=\"\" srcset=\"https:\/\/shatranj.art\/wp-content\/uploads\/2026\/02\/19-1-1024x768.jpg 1024w, https:\/\/shatranj.art\/wp-content\/uploads\/2026\/02\/19-1-300x225.jpg 300w, https:\/\/shatranj.art\/wp-content\/uploads\/2026\/02\/19-1-768x576.jpg 768w, https:\/\/shatranj.art\/wp-content\/uploads\/2026\/02\/19-1.jpg 1250w\" sizes=\"(max-width: 800px) 100vw, 800px\" \/>\t\t\t\t\t\t\t\t\t\t\t\t\t\t\t<\/div>\n\t\t\t\t<\/div>\n\t\t\t\t<div class=\"elementor-element elementor-element-e238e58 elementor-widget__width-initial elementor-widget elementor-widget-image\" data-id=\"e238e58\" data-element_type=\"widget\" data-e-type=\"widget\" data-widget_type=\"image.default\">\n\t\t\t\t<div class=\"elementor-widget-container\">\n\t\t\t\t\t\t\t\t\t\t\t\t\t\t\t<img decoding=\"async\" width=\"682\" height=\"1024\" src=\"https:\/\/shatranj.art\/wp-content\/uploads\/2026\/02\/19-2-682x1024.jpg\" class=\"attachment-large size-large wp-image-981\" alt=\"\" srcset=\"https:\/\/shatranj.art\/wp-content\/uploads\/2026\/02\/19-2-682x1024.jpg 682w, https:\/\/shatranj.art\/wp-content\/uploads\/2026\/02\/19-2-200x300.jpg 200w, https:\/\/shatranj.art\/wp-content\/uploads\/2026\/02\/19-2-768x1154.jpg 768w, https:\/\/shatranj.art\/wp-content\/uploads\/2026\/02\/19-2-1023x1536.jpg 1023w, https:\/\/shatranj.art\/wp-content\/uploads\/2026\/02\/19-2-1363x2048.jpg 1363w, https:\/\/shatranj.art\/wp-content\/uploads\/2026\/02\/19-2.jpg 1667w\" sizes=\"(max-width: 682px) 100vw, 682px\" \/>\t\t\t\t\t\t\t\t\t\t\t\t\t\t\t<\/div>\n\t\t\t\t<\/div>\n\t\t\t\t<div class=\"elementor-element elementor-element-a12f1b5 elementor-widget__width-inherit elementor-widget elementor-widget-text-editor\" data-id=\"a12f1b5\" data-element_type=\"widget\" data-e-type=\"widget\" data-widget_type=\"text-editor.default\">\n\t\t\t\t<div class=\"elementor-widget-container\">\n\t\t\t\t\t\t\t\t\t<h3><b>L'espadon : La d\u00e9mocratisation de l'analyse des grands ma\u00eetres<\/b><\/h3><p>Stockfish<span style=\"font-weight: 400;\"> est le moteur d'\u00e9checs open source le plus puissant au monde. Contrairement aux superordinateurs exclusifs du pass\u00e9, Stockfish est gratuit et accessible \u00e0 tous, des amateurs aux grands ma\u00eetres du monde.<\/span><\/p><ul><li style=\"font-weight: 400;\" aria-level=\"1\"><b>La norme mondiale :<\/b><span style=\"font-weight: 400;\"> Constamment en t\u00eate des classements des moteurs de recherche, Stockfish est l'outil ultime pour l'analyse des jeux et le d\u00e9veloppement de strat\u00e9gies.<\/span><\/li><li style=\"font-weight: 400;\" aria-level=\"1\"><b>L'\u00e9volution neuronale :<\/b><span style=\"font-weight: 400;\"> Bas\u00e9es \u00e0 l'origine sur des algorithmes classiques de \u201crecherche et d'\u00e9valuation\u201d, les versions modernes de Stockfish utilisent d\u00e9sormais les \u00e9l\u00e9ments suivants <\/span>NNUE (r\u00e9seaux neuronaux efficacement actualisables)<span style=\"font-weight: 400;\">. Cette fusion lui permet de combiner des vitesses de calcul massives avec une \u201ccompr\u00e9hension\u201d plus profonde, presque humaine, des positions complexes, atteignant ainsi un niveau ELO bien sup\u00e9rieur \u00e0 celui de l'Europe de l'Est. <\/span>3500<span style=\"font-weight: 400;\">.<\/span><\/li><\/ul>\t\t\t\t\t\t\t\t<\/div>\n\t\t\t\t<\/div>\n\t\t\t\t<div class=\"elementor-element elementor-element-5ec8752 elementor-widget__width-initial elementor-widget elementor-widget-image\" data-id=\"5ec8752\" data-element_type=\"widget\" data-e-type=\"widget\" data-widget_type=\"image.default\">\n\t\t\t\t<div class=\"elementor-widget-container\">\n\t\t\t\t\t\t\t\t\t\t\t\t\t\t\t<img loading=\"lazy\" decoding=\"async\" width=\"800\" height=\"800\" src=\"https:\/\/shatranj.art\/wp-content\/uploads\/2026\/02\/19-1024x1024.png\" class=\"attachment-large size-large wp-image-982\" alt=\"\" srcset=\"https:\/\/shatranj.art\/wp-content\/uploads\/2026\/02\/19-1024x1024.png 1024w, https:\/\/shatranj.art\/wp-content\/uploads\/2026\/02\/19-300x300.png 300w, https:\/\/shatranj.art\/wp-content\/uploads\/2026\/02\/19-150x150.png 150w, https:\/\/shatranj.art\/wp-content\/uploads\/2026\/02\/19-768x768.png 768w, https:\/\/shatranj.art\/wp-content\/uploads\/2026\/02\/19.png 1056w\" sizes=\"(max-width: 800px) 100vw, 800px\" \/>\t\t\t\t\t\t\t\t\t\t\t\t\t\t\t<\/div>\n\t\t\t\t<\/div>\n\t\t\t\t<div class=\"elementor-element elementor-element-f657508 elementor-widget__width-initial elementor-widget-tablet__width-inherit elementor-widget elementor-widget-text-editor\" data-id=\"f657508\" data-element_type=\"widget\" data-e-type=\"widget\" data-widget_type=\"text-editor.default\">\n\t\t\t\t<div class=\"elementor-widget-container\">\n\t\t\t\t\t\t\t\t\t<h3><b>AlphaZero : l'\u00e8re de l'intuition et de la cr\u00e9ativit\u00e9 des machines<\/b><\/h3><p>D\u00e9velopp\u00e9 par DeepMind de Google, AlphaZero a r\u00e9volutionn\u00e9 notre conception de l'intelligence artificielle. Alors que les moteurs pr\u00e9c\u00e9dents \u00e9taient \u201censeign\u00e9s\u201d par des humains \u00e0 l'aide de r\u00e8gles programm\u00e9es, AlphaZero \u00e9tait un syst\u00e8me d'auto-apprentissage.<\/p><ul><li style=\"font-weight: 400;\" aria-level=\"1\"><b>Tabula Rasa (\u00e0 partir de z\u00e9ro) :<\/b><span style=\"font-weight: 400;\"> AlphaZero n'a re\u00e7u que les r\u00e8gles de base du jeu d'\u00e9checs. En jouant des millions de parties contre lui-m\u00eame gr\u00e2ce \u00e0 l'apprentissage par renforcement, il a atteint un niveau de ma\u00eetrise surhumain en seulement quatre heures.<\/span><\/li><li style=\"font-weight: 400;\" aria-level=\"1\"><b>Une r\u00e9volution cr\u00e9ative :<\/b><span style=\"font-weight: 400;\"> AlphaZero ne jouait pas comme un \u201ccalculateur\u201d typique. Il a introduit un style tr\u00e8s agressif, cr\u00e9atif et intuitif, sacrifiant souvent le mat\u00e9riel pour une pression positionnelle \u00e0 long terme. Il a prouv\u00e9 que les machines pouvaient non seulement calculer plus vite que les humains, mais aussi \u201cr\u00e9inventer\u201d l'art et la cr\u00e9ativit\u00e9 du jeu lui-m\u00eame.<\/span><\/li><\/ul>\t\t\t\t\t\t\t\t<\/div>\n\t\t\t\t<\/div>\n\t\t\t\t<\/div>\n\t\t\t\t\t<\/div>\n\t\t\t\t<\/div>\n\t\t\t\t<\/div>","protected":false},"excerpt":{"rendered":"<p>Deep Blue vs. Kasparov: The Dawn of Machine Dominance \u00a0 In 1997, the world witnessed a historic turning point in the relationship between man and machine. Developed by IBM, the supercomputer Deep Blue defeated the reigning World Champion, Garry Kasparov, in a six-match series. This was the first time a computer had beaten a world [&hellip;]<\/p>\n","protected":false},"author":1,"featured_media":0,"parent":743,"menu_order":0,"comment_status":"closed","ping_status":"closed","template":"","meta":{"footnotes":""},"class_list":["post-976","page","type-page","status-publish","hentry"],"_links":{"self":[{"href":"https:\/\/shatranj.art\/fr\/wp-json\/wp\/v2\/pages\/976","targetHints":{"allow":["GET"]}}],"collection":[{"href":"https:\/\/shatranj.art\/fr\/wp-json\/wp\/v2\/pages"}],"about":[{"href":"https:\/\/shatranj.art\/fr\/wp-json\/wp\/v2\/types\/page"}],"author":[{"embeddable":true,"href":"https:\/\/shatranj.art\/fr\/wp-json\/wp\/v2\/users\/1"}],"replies":[{"embeddable":true,"href":"https:\/\/shatranj.art\/fr\/wp-json\/wp\/v2\/comments?post=976"}],"version-history":[{"count":7,"href":"https:\/\/shatranj.art\/fr\/wp-json\/wp\/v2\/pages\/976\/revisions"}],"predecessor-version":[{"id":1228,"href":"https:\/\/shatranj.art\/fr\/wp-json\/wp\/v2\/pages\/976\/revisions\/1228"}],"up":[{"embeddable":true,"href":"https:\/\/shatranj.art\/fr\/wp-json\/wp\/v2\/pages\/743"}],"wp:attachment":[{"href":"https:\/\/shatranj.art\/fr\/wp-json\/wp\/v2\/media?parent=976"}],"curies":[{"name":"wp","href":"https:\/\/api.w.org\/{rel}","templated":true}]}}