{"id":986,"date":"2026-02-22T15:44:16","date_gmt":"2026-02-22T15:44:16","guid":{"rendered":"https:\/\/shatranj.art\/?page_id=986"},"modified":"2026-02-23T04:58:50","modified_gmt":"2026-02-23T04:58:50","slug":"poster-20","status":"publish","type":"page","link":"https:\/\/shatranj.art\/fr\/exhibit\/poster-20\/","title":{"rendered":"affiche 20"},"content":{"rendered":"<div data-elementor-type=\"wp-page\" data-elementor-id=\"986\" class=\"elementor elementor-986\" data-elementor-post-type=\"page\">\n\t\t\t\t<div class=\"elementor-element elementor-element-12aafbd e-flex e-con-boxed e-con e-parent\" data-id=\"12aafbd\" data-element_type=\"container\" data-e-type=\"container\" data-settings=\"{&quot;background_background&quot;:&quot;classic&quot;}\">\n\t\t\t\t\t<div class=\"e-con-inner\">\n\t\t<div class=\"elementor-element elementor-element-63eb695 e-con-full e-flex e-con e-child\" data-id=\"63eb695\" data-element_type=\"container\" data-e-type=\"container\">\n\t\t\t\t<div class=\"elementor-element elementor-element-c65f0f2 elementor-widget elementor-widget-image\" data-id=\"c65f0f2\" data-element_type=\"widget\" data-e-type=\"widget\" data-widget_type=\"image.default\">\n\t\t\t\t<div class=\"elementor-widget-container\">\n\t\t\t\t\t\t\t\t\t\t\t\t\t\t\t<img fetchpriority=\"high\" decoding=\"async\" width=\"800\" height=\"563\" src=\"https:\/\/shatranj.art\/wp-content\/uploads\/2026\/02\/20-1024x720.jpg\" class=\"attachment-large size-large wp-image-989\" alt=\"\" srcset=\"https:\/\/shatranj.art\/wp-content\/uploads\/2026\/02\/20-1024x720.jpg 1024w, https:\/\/shatranj.art\/wp-content\/uploads\/2026\/02\/20-300x211.jpg 300w, https:\/\/shatranj.art\/wp-content\/uploads\/2026\/02\/20-768x540.jpg 768w, https:\/\/shatranj.art\/wp-content\/uploads\/2026\/02\/20-1536x1080.jpg 1536w, https:\/\/shatranj.art\/wp-content\/uploads\/2026\/02\/20-2048x1440.jpg 2048w\" sizes=\"(max-width: 800px) 100vw, 800px\" \/>\t\t\t\t\t\t\t\t\t\t\t\t\t\t\t<\/div>\n\t\t\t\t<\/div>\n\t\t\t\t<div class=\"elementor-element elementor-element-c898b64 elementor-widget elementor-widget-text-editor\" data-id=\"c898b64\" data-element_type=\"widget\" data-e-type=\"widget\" data-widget_type=\"text-editor.default\">\n\t\t\t\t<div class=\"elementor-widget-container\">\n\t\t\t\t\t\t\t\t\t<h3><b>Alquerque : L'anc\u00eatre du jeu de dames et l'h\u00e9ritage d'Alfonso<\/b><\/h3><p><b>Une strat\u00e9gie qui s'\u00e9tend de Castille \u00e0 nos jours<\/b> <span style=\"font-weight: 400;\"><br \/><\/span>Command\u00e9 en 1283 par le roi Alphonse X de Castille (Alphonse le Sage), le Libro de los Juegos (le livre des jeux) reste le document le plus complet sur la culture du jeu dans l'Europe m\u00e9di\u00e9vale. Alquerque, d\u00e9crit dans ses pages, est l'\u00e9volution europ\u00e9enne d'un ancien jeu de strat\u00e9gie connu dans le monde arabe sous le nom de \u201cEl-Qirkat\u201d, dont les racines remontent \u00e0 l'\u00c9gypte ancienne. Dans l'Espagne du XIIIe si\u00e8cle, Alquerque t\u00e9moigne de la mani\u00e8re dont les \u00e9rudits chr\u00e9tiens, musulmans et juifs ont collabor\u00e9 pour jeter un pont entre les connaissances de l'Orient et celles de l'Occident.<\/p><p><b>Le chemin des dames<\/b> <span style=\"font-weight: 400;\"><br \/><\/span>Jou\u00e9 avec 12 pi\u00e8ces sur une grille de 5\u00d75, Alquerque est le lieu de naissance du m\u00e9canisme de \u201ccapture par saut\u201d, qui est la r\u00e8gle de base du jeu de dames moderne. \u00c0 la fin du XVe si\u00e8cle, lorsque ces r\u00e8gles dynamiques ont \u00e9t\u00e9 transpos\u00e9es sur un \u00e9chiquier de 8\u00d78, le jeu de \u201cdames\u201d tel que nous le connaissons aujourd'hui a vu le jour. Cette repr\u00e9sentation prouve que les jeux ne sont pas seulement des passe-temps, mais un langage universel qui relie les g\u00e9ographies, les langues et les croyances.<\/p>\t\t\t\t\t\t\t\t<\/div>\n\t\t\t\t<\/div>\n\t\t\t\t<\/div>\n\t\t\t\t\t<\/div>\n\t\t\t\t<\/div>\n\t\t\t\t<\/div>","protected":false},"excerpt":{"rendered":"<p>Alquerque: The Ancient Ancestor of Draughts and the Legacy of Alfonso A Strategy Stretching from Castile to the Present Commissioned in 1283 by King Alfonso X of Castile (Alfonso the Wise), the Libro de los Juegos (The Book of Games) remains the most comprehensive record of gaming culture in Medieval Europe. Alquerque, detailed within its [&hellip;]<\/p>\n","protected":false},"author":1,"featured_media":0,"parent":743,"menu_order":0,"comment_status":"closed","ping_status":"closed","template":"","meta":{"footnotes":""},"class_list":["post-986","page","type-page","status-publish","hentry"],"_links":{"self":[{"href":"https:\/\/shatranj.art\/fr\/wp-json\/wp\/v2\/pages\/986","targetHints":{"allow":["GET"]}}],"collection":[{"href":"https:\/\/shatranj.art\/fr\/wp-json\/wp\/v2\/pages"}],"about":[{"href":"https:\/\/shatranj.art\/fr\/wp-json\/wp\/v2\/types\/page"}],"author":[{"embeddable":true,"href":"https:\/\/shatranj.art\/fr\/wp-json\/wp\/v2\/users\/1"}],"replies":[{"embeddable":true,"href":"https:\/\/shatranj.art\/fr\/wp-json\/wp\/v2\/comments?post=986"}],"version-history":[{"count":7,"href":"https:\/\/shatranj.art\/fr\/wp-json\/wp\/v2\/pages\/986\/revisions"}],"predecessor-version":[{"id":1231,"href":"https:\/\/shatranj.art\/fr\/wp-json\/wp\/v2\/pages\/986\/revisions\/1231"}],"up":[{"embeddable":true,"href":"https:\/\/shatranj.art\/fr\/wp-json\/wp\/v2\/pages\/743"}],"wp:attachment":[{"href":"https:\/\/shatranj.art\/fr\/wp-json\/wp\/v2\/media?parent=986"}],"curies":[{"name":"wp","href":"https:\/\/api.w.org\/{rel}","templated":true}]}}