{"id":1016,"date":"2026-02-22T16:17:45","date_gmt":"2026-02-22T16:17:45","guid":{"rendered":"https:\/\/shatranj.art\/?page_id=1016"},"modified":"2026-02-24T09:42:49","modified_gmt":"2026-02-24T09:42:49","slug":"poster-24","status":"publish","type":"page","link":"https:\/\/shatranj.art\/gl\/exhibit\/poster-24\/","title":{"rendered":"cartaz 24"},"content":{"rendered":"<div data-elementor-type=\"wp-page\" data-elementor-id=\"1016\" class=\"elementor elementor-1016\" data-elementor-post-type=\"page\">\n\t\t\t\t<div class=\"elementor-element elementor-element-cbef851 e-flex e-con-boxed e-con e-parent\" data-id=\"cbef851\" data-element_type=\"container\" data-e-type=\"container\" data-settings=\"{&quot;background_background&quot;:&quot;classic&quot;}\">\n\t\t\t\t\t<div class=\"e-con-inner\">\n\t\t<div class=\"elementor-element elementor-element-919ca16 e-con-full e-flex e-con e-child\" data-id=\"919ca16\" data-element_type=\"container\" data-e-type=\"container\">\n\t\t\t\t<div class=\"elementor-element elementor-element-3a8b40d elementor-widget elementor-widget-image\" data-id=\"3a8b40d\" data-element_type=\"widget\" data-e-type=\"widget\" data-widget_type=\"image.default\">\n\t\t\t\t<div class=\"elementor-widget-container\">\n\t\t\t\t\t\t\t\t\t\t\t\t\t\t\t<img fetchpriority=\"high\" decoding=\"async\" width=\"800\" height=\"534\" src=\"https:\/\/shatranj.art\/wp-content\/uploads\/2026\/02\/21-1024x683.jpg\" class=\"attachment-large size-large wp-image-995\" alt=\"\" srcset=\"https:\/\/shatranj.art\/wp-content\/uploads\/2026\/02\/21-1024x683.jpg 1024w, https:\/\/shatranj.art\/wp-content\/uploads\/2026\/02\/21-300x200.jpg 300w, https:\/\/shatranj.art\/wp-content\/uploads\/2026\/02\/21-768x512.jpg 768w, https:\/\/shatranj.art\/wp-content\/uploads\/2026\/02\/21-1536x1024.jpg 1536w, https:\/\/shatranj.art\/wp-content\/uploads\/2026\/02\/21-2048x1366.jpg 2048w\" sizes=\"(max-width: 800px) 100vw, 800px\" \/>\t\t\t\t\t\t\t\t\t\t\t\t\t\t\t<\/div>\n\t\t\t\t<\/div>\n\t\t\t\t<div class=\"elementor-element elementor-element-07a7613 elementor-widget elementor-widget-text-editor\" data-id=\"07a7613\" data-element_type=\"widget\" data-e-type=\"widget\" data-widget_type=\"text-editor.default\">\n\t\t\t\t<div class=\"elementor-widget-container\">\n\t\t\t\t\t\t\t\t\t<p>O xogo de xadrez \u015eAH\u00ce \u00e9 m\u00e1is que un simple xogo; \u00e9 unha ponte entre culturas, eras e filosof\u00edas. Dese\u00f1ado para evocar tanto sensaci\u00f3ns imperiais como reais, o conxunto toma o seu nome dun termo amplamente empregado nos Balc\u00e1ns e en moitas linguas eslavas para referirse ao xogo do xadrez.<\/p><p>A palabra \u201c\u015eAH\u00ce\u201d en si mesma funciona como un adxectivo real que significa \u201cespec\u00edfico ao Shah\u201d, levando un peso literario que simboliza forza, magnificencia e profundidade estrat\u00e9xica.<\/p><h3><b>Unha obra mestra da evoluci\u00f3n cultural<\/b><\/h3><p>Dese\u00f1ado polo experimentado educador de xadrez e antigo xogador de primeira mesa do MIT, Tamer Karatekin, este conxunto encapsula con elegancia a historia do xogo. Cada peza est\u00e1 elaborada para reflectir unha narrativa hist\u00f3rica \u00fanica:<\/p><ul><li style=\"font-weight: 400;\" aria-level=\"1\"><b>G\u00fcl\u015fah (O Rei):<\/b><span style=\"font-weight: 400;\"> Representa a santidade da c\u00fapula inspirada en estruturas como a Hagia Sophia e o Pante\u00f3n, e o legado intelectual do velo.<\/span><\/li><li style=\"font-weight: 400;\" aria-level=\"1\"><b>Sokol (A Ra\u00ed\u00f1a\/Viziro):<\/b><span style=\"font-weight: 400;\"> Chamado as\u00ed polo s\u00edmbolo militar falc\u00f3n e inspirado no remate en c\u00fapula de cebola e no dese\u00f1o de casco do xogo de xadrez de caf\u00e9s vieneses, simboliza a autoridade militar e a sabedor\u00eda do \u201cvizir\u201d. Sokolovichi foi a vila natal do gran visir m\u00e1is influ\u00ednte do Imperio Otom\u00e1n, Sokollu Mehmet Pasha.<\/span><\/li><li style=\"font-weight: 400;\" aria-level=\"1\"><b>Bukefal (O Cabaleiro):<\/b><span style=\"font-weight: 400;\"> Chamado as\u00ed polo cabalo lendario de Alexandre Magno, simbolizando o intercambio bidireccional de cultura entre o Leste e o Oeste.<\/span><\/li><li style=\"font-weight: 400;\" aria-level=\"1\"><b>Shahrukh (O Recruta):<\/b><span style=\"font-weight: 400;\"> Unha magn\u00edfica s\u00edntese da evoluci\u00f3n militar, incorporando elementos do carro de guerra, da torre, do can\u00f3n e do barco. O mestre do xadrez e comandante Timur puxo ao seu fillo o nome de Shahrukh, xa que a noticia do seu nacemento chegou durante unha partida de xadrez.<\/span><\/li><li style=\"font-weight: 400;\" aria-level=\"1\"><b>Abul-Abbas (O Bispo\/Elefante):<\/b><span style=\"font-weight: 400;\"> Reflicte a viaxe ic\u00f3nica do elefante agasallado a Carlomagno, tra\u00e7ando a migraci\u00f3n dos xogos de xadrez a trav\u00e9s de tres continentes.<\/span><\/li><li style=\"font-weight: 400;\" aria-level=\"1\"><b>R\u00e9gence-Philidor (O pe\u00f3n):<\/b><span style=\"font-weight: 400;\"> Inspirado polos caf\u00e9s da \u00e9poca da Ilustraci\u00f3n en Par\u00eds e pola famosa m\u00e1xima de Philidor: \u201cAs pezas son a alma dos xadrez\u201d.<\/span><\/li><\/ul>\t\t\t\t\t\t\t\t<\/div>\n\t\t\t\t<\/div>\n\t\t\t\t<div class=\"elementor-element elementor-element-52a94ef elementor-widget elementor-widget-text-editor\" data-id=\"52a94ef\" data-element_type=\"widget\" data-e-type=\"widget\" data-widget_type=\"text-editor.default\">\n\t\t\t\t<div class=\"elementor-widget-container\">\n\t\t\t\t\t\t\t\t\t<h3><b>Dese\u00f1o e prop\u00f3sito<\/b><\/h3><p>O conxunto \u015eAH\u00ce est\u00e1 meticulosamente preparado para servir tanto como exhibici\u00f3n art\u00edstica como ferramenta funcional para uso educativo e en torneos. A s\u00faa filosof\u00eda de dese\u00f1o est\u00e1 enraizada na inclusi\u00f3n cultural e espiritual, garantindo que resoe cos xogadores de todo o mundo.<\/p><p><b>Un legado de apoio:<\/b><\/p><p>A produci\u00f3n deste conxunto foi posible grazas ao apoio do Consello Cultural de Massachusetts e do programa xuvenil da Uni\u00f3n Europea.<\/p>\t\t\t\t\t\t\t\t<\/div>\n\t\t\t\t<\/div>\n\t\t\t\t<\/div>\n\t\t\t\t\t<\/div>\n\t\t\t\t<\/div>\n\t\t\t\t<\/div>","protected":false},"excerpt":{"rendered":"<p>The \u015eAH\u00ce Chess Set is more than just a game; it is a bridge between cultures, eras, and philosophies. Designed to evoke both imperial and royal sensations, the set draws its name from a term widely used in the Balkans and many Slavic languages to refer to the game of chess. The word &#8220;\u015eAH\u00ce&#8221; itself [&hellip;]<\/p>\n","protected":false},"author":1,"featured_media":0,"parent":743,"menu_order":0,"comment_status":"closed","ping_status":"closed","template":"","meta":{"footnotes":""},"class_list":["post-1016","page","type-page","status-publish","hentry"],"_links":{"self":[{"href":"https:\/\/shatranj.art\/gl\/wp-json\/wp\/v2\/pages\/1016","targetHints":{"allow":["GET"]}}],"collection":[{"href":"https:\/\/shatranj.art\/gl\/wp-json\/wp\/v2\/pages"}],"about":[{"href":"https:\/\/shatranj.art\/gl\/wp-json\/wp\/v2\/types\/page"}],"author":[{"embeddable":true,"href":"https:\/\/shatranj.art\/gl\/wp-json\/wp\/v2\/users\/1"}],"replies":[{"embeddable":true,"href":"https:\/\/shatranj.art\/gl\/wp-json\/wp\/v2\/comments?post=1016"}],"version-history":[{"count":19,"href":"https:\/\/shatranj.art\/gl\/wp-json\/wp\/v2\/pages\/1016\/revisions"}],"predecessor-version":[{"id":1601,"href":"https:\/\/shatranj.art\/gl\/wp-json\/wp\/v2\/pages\/1016\/revisions\/1601"}],"up":[{"embeddable":true,"href":"https:\/\/shatranj.art\/gl\/wp-json\/wp\/v2\/pages\/743"}],"wp:attachment":[{"href":"https:\/\/shatranj.art\/gl\/wp-json\/wp\/v2\/media?parent=1016"}],"curies":[{"name":"wp","href":"https:\/\/api.w.org\/{rel}","templated":true}]}}