{"id":1115,"date":"2026-02-22T19:38:33","date_gmt":"2026-02-22T19:38:33","guid":{"rendered":"https:\/\/shatranj.art\/?page_id=1115"},"modified":"2026-02-23T05:23:39","modified_gmt":"2026-02-23T05:23:39","slug":"poster-30","status":"publish","type":"page","link":"https:\/\/shatranj.art\/gl\/exhibit\/poster-30\/","title":{"rendered":"cartaz 30"},"content":{"rendered":"<div data-elementor-type=\"wp-page\" data-elementor-id=\"1115\" class=\"elementor elementor-1115\" data-elementor-post-type=\"page\">\n\t\t\t\t<div class=\"elementor-element elementor-element-98c0e8e e-flex e-con-boxed e-con e-parent\" data-id=\"98c0e8e\" data-element_type=\"container\" data-e-type=\"container\" data-settings=\"{&quot;background_background&quot;:&quot;classic&quot;}\">\n\t\t\t\t\t<div class=\"e-con-inner\">\n\t\t<div class=\"elementor-element elementor-element-ab167a6 e-con-full e-flex e-con e-child\" data-id=\"ab167a6\" data-element_type=\"container\" data-e-type=\"container\">\n\t\t\t\t<div class=\"elementor-element elementor-element-37084a7 elementor-widget__width-initial elementor-widget elementor-widget-image\" data-id=\"37084a7\" data-element_type=\"widget\" data-e-type=\"widget\" data-widget_type=\"image.default\">\n\t\t\t\t<div class=\"elementor-widget-container\">\n\t\t\t\t\t\t\t\t\t\t\t\t\t\t\t<img fetchpriority=\"high\" decoding=\"async\" width=\"683\" height=\"1024\" src=\"https:\/\/shatranj.art\/wp-content\/uploads\/2026\/02\/30-683x1024.jpg\" class=\"attachment-large size-large wp-image-1118\" alt=\"\" srcset=\"https:\/\/shatranj.art\/wp-content\/uploads\/2026\/02\/30-683x1024.jpg 683w, https:\/\/shatranj.art\/wp-content\/uploads\/2026\/02\/30-200x300.jpg 200w, https:\/\/shatranj.art\/wp-content\/uploads\/2026\/02\/30-768x1152.jpg 768w, https:\/\/shatranj.art\/wp-content\/uploads\/2026\/02\/30-1024x1536.jpg 1024w, https:\/\/shatranj.art\/wp-content\/uploads\/2026\/02\/30-8x12.jpg 8w, https:\/\/shatranj.art\/wp-content\/uploads\/2026\/02\/30.jpg 1085w\" sizes=\"(max-width: 683px) 100vw, 683px\" \/>\t\t\t\t\t\t\t\t\t\t\t\t\t\t\t<\/div>\n\t\t\t\t<\/div>\n\t\t\t\t<div class=\"elementor-element elementor-element-c04f36b elementor-widget__width-initial elementor-widget-tablet__width-inherit elementor-widget elementor-widget-text-editor\" data-id=\"c04f36b\" data-element_type=\"widget\" data-e-type=\"widget\" data-widget_type=\"text-editor.default\">\n\t\t\t\t<div class=\"elementor-widget-container\">\n\t\t\t\t\t\t\t\t\t<p><b>\u015eAH\u00ce peza de visir\/ra\u00ed\u00f1a:<\/b><span style=\"font-weight: 400;\"><br \/><\/span><span style=\"font-weight: 400;\"><br \/><\/span><\/p><p>Sokol, que significa \u201cfalc\u00f3n\u201d nas linguas eslavas, simboliza o poder militar co seu nome e co dese\u00f1o do seu casco espiral timurida. \u201cSokolovichi\u201d, que significa \u201caldea de falc\u00f3ns\u201d, foi o berce de Sokollu Mehmed Pasha, un dos visires m\u00e1is renomeados que configuraron tanto o Oriente como o Occidente.<\/p><p><br \/>A s\u00faa forma alta, semellante a unha agulla, e o dese\u00f1o de pluma invertida significan a autoridade e a sabedor\u00eda do visir. O disco octogonal representa os movementos modernos desta peza. Historicamente, o firz\/visir s\u00f3 pod\u00eda moverse un cadro en diagonal.<\/p><p><br \/>Co paso do tempo, esta peza de xadrez foi co\u00f1ecida como Mantri, Firz, Vizier, Advisor, Minister, General, Leader, Vierge, Dame, Donna, Lady e Queen.<\/p>\t\t\t\t\t\t\t\t<\/div>\n\t\t\t\t<\/div>\n\t\t\t\t<div class=\"elementor-element elementor-element-cd19c67 elementor-widget__width-initial elementor-widget elementor-widget-image\" data-id=\"cd19c67\" data-element_type=\"widget\" data-e-type=\"widget\" data-widget_type=\"image.default\">\n\t\t\t\t<div class=\"elementor-widget-container\">\n\t\t\t\t\t\t\t\t\t\t\t\t\t\t\t<img decoding=\"async\" width=\"683\" height=\"1024\" src=\"https:\/\/shatranj.art\/wp-content\/uploads\/2026\/02\/30-1-683x1024.jpg\" class=\"attachment-large size-large wp-image-1119\" alt=\"\" srcset=\"https:\/\/shatranj.art\/wp-content\/uploads\/2026\/02\/30-1-683x1024.jpg 683w, https:\/\/shatranj.art\/wp-content\/uploads\/2026\/02\/30-1-200x300.jpg 200w, https:\/\/shatranj.art\/wp-content\/uploads\/2026\/02\/30-1-768x1152.jpg 768w, https:\/\/shatranj.art\/wp-content\/uploads\/2026\/02\/30-1-1024x1536.jpg 1024w, https:\/\/shatranj.art\/wp-content\/uploads\/2026\/02\/30-1-8x12.jpg 8w, https:\/\/shatranj.art\/wp-content\/uploads\/2026\/02\/30-1.jpg 1090w\" sizes=\"(max-width: 683px) 100vw, 683px\" \/>\t\t\t\t\t\t\t\t\t\t\t\t\t\t\t<\/div>\n\t\t\t\t<\/div>\n\t\t\t\t<\/div>\n\t\t<div class=\"elementor-element elementor-element-cdc39f8 e-con-full e-flex e-con e-child\" data-id=\"cdc39f8\" data-element_type=\"container\" data-e-type=\"container\">\n\t\t<div class=\"elementor-element elementor-element-88c4f8e e-con-full e-flex e-con e-child\" data-id=\"88c4f8e\" data-element_type=\"container\" data-e-type=\"container\">\n\t\t\t\t<div class=\"elementor-element elementor-element-715b2a6 elementor-widget elementor-widget-image\" data-id=\"715b2a6\" data-element_type=\"widget\" data-e-type=\"widget\" data-widget_type=\"image.default\">\n\t\t\t\t<div class=\"elementor-widget-container\">\n\t\t\t\t\t\t\t\t\t\t\t\t\t\t\t<img decoding=\"async\" width=\"655\" height=\"1024\" src=\"https:\/\/shatranj.art\/wp-content\/uploads\/2026\/02\/30-4-655x1024.jpg\" class=\"attachment-large size-large wp-image-1122\" alt=\"\" srcset=\"https:\/\/shatranj.art\/wp-content\/uploads\/2026\/02\/30-4-655x1024.jpg 655w, https:\/\/shatranj.art\/wp-content\/uploads\/2026\/02\/30-4-192x300.jpg 192w, https:\/\/shatranj.art\/wp-content\/uploads\/2026\/02\/30-4-768x1201.jpg 768w, https:\/\/shatranj.art\/wp-content\/uploads\/2026\/02\/30-4-982x1536.jpg 982w, https:\/\/shatranj.art\/wp-content\/uploads\/2026\/02\/30-4-8x12.jpg 8w, https:\/\/shatranj.art\/wp-content\/uploads\/2026\/02\/30-4.jpg 1027w\" sizes=\"(max-width: 655px) 100vw, 655px\" \/>\t\t\t\t\t\t\t\t\t\t\t\t\t\t\t<\/div>\n\t\t\t\t<\/div>\n\t\t\t\t<div class=\"elementor-element elementor-element-02f6e81 elementor-widget-tablet__width-inherit elementor-widget elementor-widget-text-editor\" data-id=\"02f6e81\" data-element_type=\"widget\" data-e-type=\"widget\" data-widget_type=\"text-editor.default\">\n\t\t\t\t<div class=\"elementor-widget-container\">\n\t\t\t\t\t\t\t\t\t<p><b>Viziro do sur de Italia do s\u00e9culo XII<\/b> <span style=\"font-weight: 400;\"><br \/><\/span><span style=\"font-weight: 400;\"><br \/><\/span><span style=\"font-weight: 400;\">Esta peza de marfil do s\u00e9culo XII representa un conselleiro masculino (vizir) sentado nun trono, en lugar dunha ra\u00ed\u00f1a. Reflicte o papel hist\u00f3rico da peza como conselleiro real e o simbolismo mon\u00e1rquico da \u00e9poca, antes de que m\u00e1is tarde pasase a representar unha figura feminina en Europa.\u00a0<\/span><\/p>\t\t\t\t\t\t\t\t<\/div>\n\t\t\t\t<\/div>\n\t\t\t\t<\/div>\n\t\t<div class=\"elementor-element elementor-element-79c00e3 e-con-full e-flex e-con e-child\" data-id=\"79c00e3\" data-element_type=\"container\" data-e-type=\"container\">\n\t\t\t\t<div class=\"elementor-element elementor-element-6a3ee3e elementor-widget elementor-widget-image\" data-id=\"6a3ee3e\" data-element_type=\"widget\" data-e-type=\"widget\" data-widget_type=\"image.default\">\n\t\t\t\t<div class=\"elementor-widget-container\">\n\t\t\t\t\t\t\t\t\t\t\t\t\t\t\t<img loading=\"lazy\" decoding=\"async\" width=\"674\" height=\"1024\" src=\"https:\/\/shatranj.art\/wp-content\/uploads\/2026\/02\/30-5-674x1024.jpg\" class=\"attachment-large size-large wp-image-1123\" alt=\"\" srcset=\"https:\/\/shatranj.art\/wp-content\/uploads\/2026\/02\/30-5-674x1024.jpg 674w, https:\/\/shatranj.art\/wp-content\/uploads\/2026\/02\/30-5-198x300.jpg 198w, https:\/\/shatranj.art\/wp-content\/uploads\/2026\/02\/30-5-768x1166.jpg 768w, https:\/\/shatranj.art\/wp-content\/uploads\/2026\/02\/30-5-1012x1536.jpg 1012w, https:\/\/shatranj.art\/wp-content\/uploads\/2026\/02\/30-5-8x12.jpg 8w, https:\/\/shatranj.art\/wp-content\/uploads\/2026\/02\/30-5.jpg 1026w\" sizes=\"(max-width: 674px) 100vw, 674px\" \/>\t\t\t\t\t\t\t\t\t\t\t\t\t\t\t<\/div>\n\t\t\t\t<\/div>\n\t\t\t\t<div class=\"elementor-element elementor-element-eca811b elementor-widget-tablet__width-inherit elementor-widget elementor-widget-text-editor\" data-id=\"eca811b\" data-element_type=\"widget\" data-e-type=\"widget\" data-widget_type=\"text-editor.default\">\n\t\t\t\t<div class=\"elementor-widget-container\">\n\t\t\t\t\t\t\t\t\t<p><b>O visir iraniano: Bozorgmehr<\/b> <span style=\"font-weight: 400;\"><br \/><\/span><span style=\"font-weight: 400;\"><br \/><\/span><span style=\"font-weight: 400;\">Esta estatua representa a Bozorgmehr, o lendario Gran Visir do Imperio Sas\u00e1nida. Celebrado no <\/span><i><span style=\"font-weight: 400;\">Libro dos Reis<\/span><\/i><span style=\"font-weight: 400;\"> Pola s\u00faa extraordinaria sabedor\u00eda, atrib\u00faeselle a autor\u00eda do primeiro tratado co\u00f1ecido sobre xadrez despois de descifrar a l\u00f3xica do xogo. Esta figura encarna a herdanza persa da estratexia e a grandeza intelectual da era sas\u00e1nida.\u00a0<\/span><\/p>\t\t\t\t\t\t\t\t<\/div>\n\t\t\t\t<\/div>\n\t\t\t\t<\/div>\n\t\t<div class=\"elementor-element elementor-element-640763c e-con-full e-flex e-con e-child\" data-id=\"640763c\" data-element_type=\"container\" data-e-type=\"container\">\n\t\t\t\t<div class=\"elementor-element elementor-element-72b86e1 elementor-widget elementor-widget-image\" data-id=\"72b86e1\" data-element_type=\"widget\" data-e-type=\"widget\" data-widget_type=\"image.default\">\n\t\t\t\t<div class=\"elementor-widget-container\">\n\t\t\t\t\t\t\t\t\t\t\t\t\t\t\t<img loading=\"lazy\" decoding=\"async\" width=\"649\" height=\"1024\" src=\"https:\/\/shatranj.art\/wp-content\/uploads\/2026\/02\/30-6-649x1024.jpg\" class=\"attachment-large size-large wp-image-1124\" alt=\"\" srcset=\"https:\/\/shatranj.art\/wp-content\/uploads\/2026\/02\/30-6-649x1024.jpg 649w, https:\/\/shatranj.art\/wp-content\/uploads\/2026\/02\/30-6-190x300.jpg 190w, https:\/\/shatranj.art\/wp-content\/uploads\/2026\/02\/30-6-768x1211.jpg 768w, https:\/\/shatranj.art\/wp-content\/uploads\/2026\/02\/30-6-974x1536.jpg 974w, https:\/\/shatranj.art\/wp-content\/uploads\/2026\/02\/30-6-8x12.jpg 8w, https:\/\/shatranj.art\/wp-content\/uploads\/2026\/02\/30-6.jpg 1027w\" sizes=\"(max-width: 649px) 100vw, 649px\" \/>\t\t\t\t\t\t\t\t\t\t\t\t\t\t\t<\/div>\n\t\t\t\t<\/div>\n\t\t\t\t<div class=\"elementor-element elementor-element-0d091a5 elementor-widget-tablet__width-inherit elementor-widget elementor-widget-text-editor\" data-id=\"0d091a5\" data-element_type=\"widget\" data-e-type=\"widget\" data-widget_type=\"text-editor.default\">\n\t\t\t\t<div class=\"elementor-widget-container\">\n\t\t\t\t\t\t\t\t\t<p><b>Viziro de shatranj en marfil do s\u00e9culo IX<\/b> <span style=\"font-weight: 400;\"><br \/><\/span><span style=\"font-weight: 400;\"><br \/><\/span>Este raro artefacto de marfil representa o \u201cVezir\u201d (Fers) do Shatranj, o antepasado medieval do xadrez moderno. O seu dese\u00f1o reflicte unha linguaxe visual com\u00fan en todo o Mediterr\u00e1neo durante esta \u00e9poca. Ao contrario da ra\u00ed\u00f1a moderna, este visir ti\u00f1a mobilidade limitada, mov\u00e9ndose s\u00f3 unha casa en diagonal, o que configuraba o ritmo m\u00e1is lento e t\u00e1ctico do xogo daquela \u00e9poca.<\/p>\t\t\t\t\t\t\t\t<\/div>\n\t\t\t\t<\/div>\n\t\t\t\t<\/div>\n\t\t<div class=\"elementor-element elementor-element-7d0682e e-con-full e-flex e-con e-child\" data-id=\"7d0682e\" data-element_type=\"container\" data-e-type=\"container\">\n\t\t\t\t<div class=\"elementor-element elementor-element-09add86 elementor-widget elementor-widget-image\" data-id=\"09add86\" data-element_type=\"widget\" data-e-type=\"widget\" data-widget_type=\"image.default\">\n\t\t\t\t<div class=\"elementor-widget-container\">\n\t\t\t\t\t\t\t\t\t\t\t\t\t\t\t<img loading=\"lazy\" decoding=\"async\" width=\"788\" height=\"1024\" src=\"https:\/\/shatranj.art\/wp-content\/uploads\/2026\/02\/30-7-788x1024.jpg\" class=\"attachment-large size-large wp-image-1125\" alt=\"\" srcset=\"https:\/\/shatranj.art\/wp-content\/uploads\/2026\/02\/30-7-788x1024.jpg 788w, https:\/\/shatranj.art\/wp-content\/uploads\/2026\/02\/30-7-231x300.jpg 231w, https:\/\/shatranj.art\/wp-content\/uploads\/2026\/02\/30-7-768x998.jpg 768w, https:\/\/shatranj.art\/wp-content\/uploads\/2026\/02\/30-7-1182x1536.jpg 1182w, https:\/\/shatranj.art\/wp-content\/uploads\/2026\/02\/30-7-9x12.jpg 9w, https:\/\/shatranj.art\/wp-content\/uploads\/2026\/02\/30-7.jpg 1197w\" sizes=\"(max-width: 788px) 100vw, 788px\" \/>\t\t\t\t\t\t\t\t\t\t\t\t\t\t\t<\/div>\n\t\t\t\t<\/div>\n\t\t\t\t<div class=\"elementor-element elementor-element-7f84f01 elementor-widget-tablet__width-inherit elementor-widget elementor-widget-text-editor\" data-id=\"7f84f01\" data-element_type=\"widget\" data-e-type=\"widget\" data-widget_type=\"text-editor.default\">\n\t\t\t\t<div class=\"elementor-widget-container\">\n\t\t\t\t\t\t\t\t\t<p><b>Viziro espa\u00f1ol do s\u00e9culo XII<\/b> <span style=\"font-weight: 400;\"><br \/><\/span><span style=\"font-weight: 400;\"><br \/><\/span>Este visir espa\u00f1ol do s\u00e9culo XII (Fers) est\u00e1 intricadamente tallado con motivos arquitect\u00f3nicos e dese\u00f1ado de xeito \u00fanico en forma de castelo. Os finos detalles, inclu\u00edndo as caracter\u00edsticas faciais e o peiteado, enfatizan que esta peza poder\u00eda terse chamado figura feminina moito antes do libro de Lucena en 1497. Como artefacto clave da Espa\u00f1a medieval, reflicte os valores art\u00edsticos da \u00e9poca e a identidade tradicional da peza como conselleiro masculino.<\/p>\t\t\t\t\t\t\t\t<\/div>\n\t\t\t\t<\/div>\n\t\t\t\t<\/div>\n\t\t\t\t<\/div>\n\t\t<div class=\"elementor-element elementor-element-c3fa9df e-con-full e-flex e-con e-child\" data-id=\"c3fa9df\" data-element_type=\"container\" data-e-type=\"container\">\n\t\t\t\t<div class=\"elementor-element elementor-element-7179e97 elementor-widget__width-initial elementor-widget elementor-widget-image\" data-id=\"7179e97\" data-element_type=\"widget\" data-e-type=\"widget\" data-widget_type=\"image.default\">\n\t\t\t\t<div class=\"elementor-widget-container\">\n\t\t\t\t\t\t\t\t\t\t\t\t\t\t\t<img loading=\"lazy\" decoding=\"async\" width=\"469\" height=\"1024\" src=\"https:\/\/shatranj.art\/wp-content\/uploads\/2026\/02\/30-2-469x1024.jpg\" class=\"attachment-large size-large wp-image-1120\" alt=\"\" srcset=\"https:\/\/shatranj.art\/wp-content\/uploads\/2026\/02\/30-2-469x1024.jpg 469w, https:\/\/shatranj.art\/wp-content\/uploads\/2026\/02\/30-2-137x300.jpg 137w, https:\/\/shatranj.art\/wp-content\/uploads\/2026\/02\/30-2-5x12.jpg 5w, https:\/\/shatranj.art\/wp-content\/uploads\/2026\/02\/30-2.jpg 591w\" sizes=\"(max-width: 469px) 100vw, 469px\" \/>\t\t\t\t\t\t\t\t\t\t\t\t\t\t\t<\/div>\n\t\t\t\t<\/div>\n\t\t\t\t<div class=\"elementor-element elementor-element-f5a2496 elementor-widget__width-initial elementor-widget-tablet__width-inherit elementor-widget elementor-widget-text-editor\" data-id=\"f5a2496\" data-element_type=\"widget\" data-e-type=\"widget\" data-widget_type=\"text-editor.default\">\n\t\t\t\t<div class=\"elementor-widget-container\">\n\t\t\t\t\t\t\t\t\t<p><b>Reina da Casa de Caf\u00e9 Austr\u00edaca \u201cC\u00fapula de Cebola\u201d<\/b> <span style=\"font-weight: 400;\"><br \/><\/span><span style=\"font-weight: 400;\"><br \/><\/span><span style=\"font-weight: 400;\">Esta peza de ra\u00ed\u00f1a destaca prominentemente o remate en c\u00fapula de cebola, un distintivo de dese\u00f1o que se fixo especialmente popular nos conxuntos de caf\u00e9s de Europa Central a mediados do s\u00e9culo XX. O uso da madeira cl\u00e1sica de cor palla confire \u00e1 figura unha sensaci\u00f3n c\u00e1lida e natural. Este estilo en particular honra a profunda historia do xogo ao tempo que introduce un toque m\u00e1is depurado e moderno, t\u00edpico da artesan\u00eda funcional pero art\u00edstica desa \u00e9poca.\u00a0<\/span><\/p>\t\t\t\t\t\t\t\t<\/div>\n\t\t\t\t<\/div>\n\t\t\t\t<div class=\"elementor-element elementor-element-bd35636 elementor-widget__width-initial elementor-widget elementor-widget-image\" data-id=\"bd35636\" data-element_type=\"widget\" data-e-type=\"widget\" data-widget_type=\"image.default\">\n\t\t\t\t<div class=\"elementor-widget-container\">\n\t\t\t\t\t\t\t\t\t\t\t\t\t\t\t<img loading=\"lazy\" decoding=\"async\" width=\"495\" height=\"1024\" src=\"https:\/\/shatranj.art\/wp-content\/uploads\/2026\/02\/30-3-495x1024.jpg\" class=\"attachment-large size-large wp-image-1121\" alt=\"\" srcset=\"https:\/\/shatranj.art\/wp-content\/uploads\/2026\/02\/30-3-495x1024.jpg 495w, https:\/\/shatranj.art\/wp-content\/uploads\/2026\/02\/30-3-145x300.jpg 145w, https:\/\/shatranj.art\/wp-content\/uploads\/2026\/02\/30-3-6x12.jpg 6w, https:\/\/shatranj.art\/wp-content\/uploads\/2026\/02\/30-3.jpg 618w\" sizes=\"(max-width: 495px) 100vw, 495px\" \/>\t\t\t\t\t\t\t\t\t\t\t\t\t\t\t<\/div>\n\t\t\t\t<\/div>\n\t\t\t\t<\/div>\n\t\t\t\t\t<\/div>\n\t\t\t\t<\/div>\n\t\t\t\t<\/div>","protected":false},"excerpt":{"rendered":"<p>\u015eAH\u00ce vizier\/queen piece: Sokol, meaning &#8220;falcon&#8221; in Slavic languages, symbolizes military power with its name and Timurid spiral helmet design. &#8220;Sokolovichi,&#8221; meaning &#8220;village of falcons,&#8221; was the birthplace of Sokollu Mehmed Pasha, one of the most renowned viziers shaping both East and West. Its tall, spire-like shape and inverted pen design signify the vizier&#8217;s authority [&hellip;]<\/p>\n","protected":false},"author":1,"featured_media":0,"parent":743,"menu_order":0,"comment_status":"closed","ping_status":"closed","template":"","meta":{"footnotes":""},"class_list":["post-1115","page","type-page","status-publish","hentry"],"_links":{"self":[{"href":"https:\/\/shatranj.art\/gl\/wp-json\/wp\/v2\/pages\/1115","targetHints":{"allow":["GET"]}}],"collection":[{"href":"https:\/\/shatranj.art\/gl\/wp-json\/wp\/v2\/pages"}],"about":[{"href":"https:\/\/shatranj.art\/gl\/wp-json\/wp\/v2\/types\/page"}],"author":[{"embeddable":true,"href":"https:\/\/shatranj.art\/gl\/wp-json\/wp\/v2\/users\/1"}],"replies":[{"embeddable":true,"href":"https:\/\/shatranj.art\/gl\/wp-json\/wp\/v2\/comments?post=1115"}],"version-history":[{"count":7,"href":"https:\/\/shatranj.art\/gl\/wp-json\/wp\/v2\/pages\/1115\/revisions"}],"predecessor-version":[{"id":1258,"href":"https:\/\/shatranj.art\/gl\/wp-json\/wp\/v2\/pages\/1115\/revisions\/1258"}],"up":[{"embeddable":true,"href":"https:\/\/shatranj.art\/gl\/wp-json\/wp\/v2\/pages\/743"}],"wp:attachment":[{"href":"https:\/\/shatranj.art\/gl\/wp-json\/wp\/v2\/media?parent=1115"}],"curies":[{"name":"wp","href":"https:\/\/api.w.org\/{rel}","templated":true}]}}